{"id":11138,"date":"2025-01-16T10:02:59","date_gmt":"2025-01-16T10:02:59","guid":{"rendered":"https:\/\/maisonmpi.com\/shop\/?post_type=product&#038;p=11138"},"modified":"2025-12-04T07:07:04","modified_gmt":"2025-12-04T07:07:04","slug":"copieur-canon-ir-2425i-mfp-multifonction-monochrome-a3-a4-recto-verso-automatique","status":"publish","type":"product","link":"https:\/\/maisonmpi.com\/shop\/produit\/copieur-canon-ir-2425i-mfp-multifonction-monochrome-a3-a4-recto-verso-automatique\/","title":{"rendered":"CANON IR 2425i + Socle"},"content":{"rendered":"<h3 class=\"page-subheading\">FICHE TECHNIQUE<\/h3>\n<table class=\"table-data-sheet\">\n<tbody>\n<tr class=\"odd\">\n<td>TYPE D&rsquo;IMPRIMANTE<\/td>\n<td>Multifonction : impression, copie, num\u00e9risation<\/td>\n<\/tr>\n<tr class=\"even\">\n<td>TECHNOLOGIE D&rsquo;IMPRESSION<\/td>\n<td>Laser NB<\/td>\n<\/tr>\n<tr class=\"odd\">\n<td>PROCESSEUR<\/td>\n<td>double c\u0153ur 1 GHz<\/td>\n<\/tr>\n<tr class=\"even\">\n<td>M\u00c9MOIRE<\/td>\n<td>2 Go<\/td>\n<\/tr>\n<tr class=\"odd\">\n<td>R\u00c9SOLUTION DE L\u2019IMPRESSION<\/td>\n<td>600 \u00d7 600<\/td>\n<\/tr>\n<tr class=\"even\">\n<td>VITESSE D&rsquo;IMPRESSION<\/td>\n<td>Jusqu&rsquo;\u00e0 25 ppm (A4), jusqu&rsquo;\u00e0 12 ppm (A3), jusqu&rsquo;\u00e0 11 ppm (A4R)<\/td>\n<\/tr>\n<tr class=\"odd\">\n<td>PLUSIEURS COPIES<\/td>\n<td>Jusqu&rsquo;\u00e0 9999 copies<\/td>\n<\/tr>\n<tr class=\"even\">\n<td>VITESSE DE NUM\u00c9RISATION<\/td>\n<td>Num\u00e9risation recto : 35\/25 (300 ppp, envoi), 25\/13 (600 ppp, copie) Num\u00e9risation recto verso : 12\/8 (300 ppp, envoi), 8\/4 (600 ppp, copie)<\/td>\n<\/tr>\n<tr class=\"odd\">\n<td>R\u00c9SOLUTION DE LA NUM\u00c9RISATION<\/td>\n<td>Copie : jusqu&rsquo;\u00e0 600 \u00d7 600 Envoi : jusqu&rsquo;\u00e0 600 \u00d7 600 (Push, noir et blanc), jusqu&rsquo;\u00e0 600 \u00d7 600 (Pull, noir et blanc) jusqu&rsquo;\u00e0 300 \u00d7 300 (Push, couleur), jusqu&rsquo;\u00e0 300 \u00d7 300 (Pull, couleur) T\u00e9l\u00e9copie : jusqu&rsquo;\u00e0 600 \u00d7 600<\/td>\n<\/tr>\n<tr class=\"even\">\n<td>CONSOMMABLE<\/td>\n<td>TN-CEXV60 Autonomie : 10.200 impressions (A4)<\/td>\n<\/tr>\n<tr class=\"odd\">\n<td>CONNECTIVIT\u00c9<\/td>\n<td>USB &#8211; Ethernet<\/td>\n<\/tr>\n<\/tbody>\n<\/table>\n","protected":false},"excerpt":{"rendered":"<p><strong>CARACT\u00c9RISTIQUES TECHNIQUES<\/strong><br \/>\n\u2013 Impression, copie, num\u00e9risation, envoi et t\u00e9l\u00e9copie en option<br \/>\n\u2013 \u00c9cran tactile couleur WVGA de 17,8 cm<br \/>\n\u2013 Vitesse d\u2019impression : 25 ppm (A4)<br \/>\n\u2013 Impression recto verso automatique<br \/>\n\u2013 Plateau standard \u2013 Connectivit\u00e9 r\u00e9seau, Wi-Fi, USB et par code QR<br \/>\n\u2013 Capacit\u00e9 d\u2019alimentation papier maximum : 580 feuilles<br \/>\n\u2013 Impression, copie, num\u00e9risation, envoi et t\u00e9l\u00e9copie en option<br \/>\n\u2013 \u00c9cran tactile couleur WVGA de 17,8 cm<br \/>\n\u2013 Vitesse d\u2019impression : 25 ppm (A4)<br \/>\n\u2013 Impression recto verso automatique<br \/>\n\u2013 Connectivit\u00e9 r\u00e9seau, Wi-Fi, USB et par code QR<br \/>\n\u2013 Chargeur de document DADF Capacit\u00e9 d\u2019alimentation papier maximum : 580 feuilles<\/p>\n<p>Brochure :\u00a0<a href=\"https:\/\/canon.a.bigcontent.io\/v1\/static\/imageRUNNER%202425_imageRUNNER%202425i_Benefit-Datasheet_FR_Final_DIGI\" target=\"_blank\" rel=\"noopener\">T\u00e9l\u00e9charger<\/a><br \/>\nFiche Technique :\u00a0\u00a0<a href=\"https:\/\/canon.a.bigcontent.io\/v1\/static\/imageRUNNER%202425_imageRUNNER%202425i_Datasheet_FR_FINAL_DIGI\" target=\"_blank\" rel=\"noopener\">T\u00e9l\u00e9charger<br \/>\n<\/a><\/p>\n","protected":false},"featured_media":11142,"template":"","meta":[],"product_brand":[],"product_cat":[298],"product_tag":[],"class_list":{"0":"post-11138","1":"product","2":"type-product","3":"status-publish","4":"has-post-thumbnail","6":"product_cat-copieurs","8":"first","9":"instock","10":"taxable","11":"shipping-taxable","12":"purchasable","13":"product-type-simple"},"_links":{"self":[{"href":"https:\/\/maisonmpi.com\/shop\/wp-json\/wp\/v2\/product\/11138","targetHints":{"allow":["GET"]}}],"collection":[{"href":"https:\/\/maisonmpi.com\/shop\/wp-json\/wp\/v2\/product"}],"about":[{"href":"https:\/\/maisonmpi.com\/shop\/wp-json\/wp\/v2\/types\/product"}],"version-history":[{"count":9,"href":"https:\/\/maisonmpi.com\/shop\/wp-json\/wp\/v2\/product\/11138\/revisions"}],"predecessor-version":[{"id":11702,"href":"https:\/\/maisonmpi.com\/shop\/wp-json\/wp\/v2\/product\/11138\/revisions\/11702"}],"wp:featuredmedia":[{"embeddable":true,"href":"https:\/\/maisonmpi.com\/shop\/wp-json\/wp\/v2\/media\/11142"}],"wp:attachment":[{"href":"https:\/\/maisonmpi.com\/shop\/wp-json\/wp\/v2\/media?parent=11138"}],"wp:term":[{"taxonomy":"product_brand","embeddable":true,"href":"https:\/\/maisonmpi.com\/shop\/wp-json\/wp\/v2\/product_brand?post=11138"},{"taxonomy":"product_cat","embeddable":true,"href":"https:\/\/maisonmpi.com\/shop\/wp-json\/wp\/v2\/product_cat?post=11138"},{"taxonomy":"product_tag","embeddable":true,"href":"https:\/\/maisonmpi.com\/shop\/wp-json\/wp\/v2\/product_tag?post=11138"}],"curies":[{"name":"wp","href":"https:\/\/api.w.org\/{rel}","templated":true}]}}