{"id":11204,"date":"2025-01-16T17:46:49","date_gmt":"2025-01-16T17:46:49","guid":{"rendered":"https:\/\/maisonmpi.com\/shop\/?post_type=product&#038;p=11204"},"modified":"2025-01-17T08:58:05","modified_gmt":"2025-01-17T08:58:05","slug":"copieur-canon-imagerunner-c3326i-multifonction-laser-couleur-a3-a4-26-ppm-70-ipm","status":"publish","type":"product","link":"https:\/\/maisonmpi.com\/shop\/produit\/copieur-canon-imagerunner-c3326i-multifonction-laser-couleur-a3-a4-26-ppm-70-ipm\/","title":{"rendered":"Canon imageRUNNER C3326i"},"content":{"rendered":"<h2 class=\"h1 productpage_title\">Photocopieur Canon imageRUNNER C3226i Multifonction Laser Couleur<\/h2>\n<p>Fonctions<\/p>\n<p><strong>\u00a0Impression, copie, num\u00e9risation,\u00a0 envoi et t\u00e9l\u00e9copie<\/strong><\/p>\n<p>Technologie d\u2019impression<strong>\u00a0Laser<\/strong><\/p>\n<p>Consommables :\u00a0 Toner C-EXV 54 Noir : 15.500 pages<br \/>\nToner C-EXV 54 C\/M\/J : 8.500 pages , Cartouches d\u2019impression\u00a04 Cartouches ( Noir, Cyan, Magenta, Jaune)<\/p>\n<p>Vitesse d\u2019impression noir:\u00a0 Jusqu\u2019\u00e0 26 ppm (A4, A5, A5R, A6R), jusqu\u2019\u00e0 20 ppm (A4R), jusqu\u2019\u00e0 15 ppm (A3)<\/p>\n<p>Vitesse d\u2019impression couleur Jusqu\u2019\u00e0 26 ppm (A4, A5, A5R, A6R), jusqu\u2019\u00e0 20 ppm (A4R), jusqu\u2019\u00e0 15 ppm (A3)<\/p>\n<p>Qualit\u00e9 d\u2019impression noire Jusqu\u2019\u00e0 1200 \u00d7 1200 (ppp) Qualit\u00e9 d\u2019impression couleur Jusqu\u2019\u00e0 1200 \u00d7 1200 (ppp)<\/p>\n<p>\u00c9cran:\u00a0 \u00c9cran tactile couleur WVGA TFT LCD 17,8 cm (7 pouces)<\/p>\n<p>Connectivit\u00e9 2 ports USB 2.0 (h\u00f4te), 1 port USB 2.0 (p\u00e9riph\u00e9rique) \u2013 Standard : 1000Base-T\/100Base-TX\/10Base-T, sans fil LAN (IEEE 802.11 b\/g\/n) Impression recto\/verso Automatique Capacit\u00e9 bac papier 2 bacs de 550 feuilles (1100 feuilles)<\/p>\n<p>Formats de supports pris en charge: Cassette sup\u00e9rieure: Format standard : A4, A5, A5R, A6R, B5, Format personnalis\u00e9: 105,0 \u00d7 148,0 mm \u00e0 297,0 \u00d7 215,9 mm, Enveloppe : ISO-C5 \u2013 Cassette inf\u00e9rieure: Format standard : A3, A4, A4R, A5, A5R, A6R, B4, B5, B5R, Format personnalis\u00e9: 105,0 \u00d7 148,0 mm \u00e0 304,8 \u00d7 457,2 mm, Enveloppes : COM10 (No.10), Monarch, DL \u2013 Plateau d\u2019alimentation multifonctions: Format standard : SRA3, A3, A4, A4R, A5, A5R, A6R, B4, B5, B5R, Format personnalis\u00e9 : 98,4 \u00d7 139,7 mm \u00e0 320 \u00d7 457,2 mm, Enveloppes : COM10 N\u00b0 10, Monarch, ISO-C5, DL, Format personnalis\u00e9 d\u2019enveloppe : 98,0 \u00d7 98,0 mm \u00e0 320,0 \u00d7 457,2 mm<\/p>\n<p>Types de support pris en charge: Bac multifonction: Fin, ordinaire, \u00e9pais*, recycl\u00e9, couch\u00e9, couleur, calque, machine, transparent, \u00e9tiquette, pr\u00e9-perfor\u00e9, en-t\u00eate, enveloppe \u2013 Cassette sup\u00e9rieure: Fin, ordinaire, recycl\u00e9, couleur, \u00e9pais, machine, transparent, pr\u00e9-perfor\u00e9, en-t\u00eate, enveloppe \u2013 Cassette inf\u00e9rieure: Fin, ordinaire, \u00e9pais, recycl\u00e9, couleur, machine, transparent, pr\u00e9-perfor\u00e9, en-t\u00eate, enveloppe<\/p>\n","protected":false},"excerpt":{"rendered":"<p>Impression, copie, num\u00e9risation, envoi et t\u00e9l\u00e9copie<br \/>\nVitesse d\u2019impression noir: Jusqu\u2019\u00e0 26 ppm (A4, A5, A5R, A6R), jusqu\u2019\u00e0 20 ppm (A4R), jusqu\u2019\u00e0 15 ppm (A3)<br \/>\nVitesse d\u2019impression couleur: Jusqu\u2019\u00e0 26 ppm (A4, A5, A5R, A6R), jusqu\u2019\u00e0 20 ppm (A4R), jusqu\u2019\u00e0 15 ppm (A3)<br \/>\nQualit\u00e9 d\u2019impression noire: Jusqu\u2019\u00e0 1200 \u00d7 1200 (ppp)<br \/>\nQualit\u00e9 d\u2019impression couleur: Jusqu\u2019\u00e0 1200 \u00d7 1200 (ppp)<br \/>\nImpression recto\/verso: Automatique<\/p>\n","protected":false},"featured_media":11225,"template":"","meta":[],"product_brand":[],"product_cat":[298],"product_tag":[],"class_list":{"0":"post-11204","1":"product","2":"type-product","3":"status-publish","4":"has-post-thumbnail","6":"product_cat-copieurs","8":"first","9":"instock","10":"taxable","11":"shipping-taxable","12":"purchasable","13":"product-type-simple"},"_links":{"self":[{"href":"https:\/\/maisonmpi.com\/shop\/wp-json\/wp\/v2\/product\/11204","targetHints":{"allow":["GET"]}}],"collection":[{"href":"https:\/\/maisonmpi.com\/shop\/wp-json\/wp\/v2\/product"}],"about":[{"href":"https:\/\/maisonmpi.com\/shop\/wp-json\/wp\/v2\/types\/product"}],"version-history":[{"count":3,"href":"https:\/\/maisonmpi.com\/shop\/wp-json\/wp\/v2\/product\/11204\/revisions"}],"predecessor-version":[{"id":11245,"href":"https:\/\/maisonmpi.com\/shop\/wp-json\/wp\/v2\/product\/11204\/revisions\/11245"}],"wp:featuredmedia":[{"embeddable":true,"href":"https:\/\/maisonmpi.com\/shop\/wp-json\/wp\/v2\/media\/11225"}],"wp:attachment":[{"href":"https:\/\/maisonmpi.com\/shop\/wp-json\/wp\/v2\/media?parent=11204"}],"wp:term":[{"taxonomy":"product_brand","embeddable":true,"href":"https:\/\/maisonmpi.com\/shop\/wp-json\/wp\/v2\/product_brand?post=11204"},{"taxonomy":"product_cat","embeddable":true,"href":"https:\/\/maisonmpi.com\/shop\/wp-json\/wp\/v2\/product_cat?post=11204"},{"taxonomy":"product_tag","embeddable":true,"href":"https:\/\/maisonmpi.com\/shop\/wp-json\/wp\/v2\/product_tag?post=11204"}],"curies":[{"name":"wp","href":"https:\/\/api.w.org\/{rel}","templated":true}]}}