{"id":11240,"date":"2025-01-16T18:08:09","date_gmt":"2025-01-16T18:08:09","guid":{"rendered":"https:\/\/maisonmpi.com\/shop\/?post_type=product&#038;p=11240"},"modified":"2025-01-17T08:57:01","modified_gmt":"2025-01-17T08:57:01","slug":"imprimante-a3-multifonction-laser-monochrome-canon-imagerunner-2745i","status":"publish","type":"product","link":"https:\/\/maisonmpi.com\/shop\/produit\/imprimante-a3-multifonction-laser-monochrome-canon-imagerunner-2745i\/","title":{"rendered":"Canon imageRUNNER 2745i"},"content":{"rendered":"<p>Imprimante Canon imageRUNNER 2745i A3 Multifonction Laser Monochrome (5527C002AA)<\/p>\n<p>&nbsp;<\/p>\n<p>Fonctions: Impression, copie et scan<\/p>\n<p>Cartouches d&rsquo;impression: 1 Cartouche de toner (noire)<\/p>\n<p>Vitesse d&rsquo;impression noir: Recto : 1 jusqu&rsquo;\u00e0 45 ppm (A4, A5, A5R, A6R), jusqu&rsquo;\u00e0 22 ppm (A3), jusqu&rsquo;\u00e0 32 ppm (A4R)<\/p>\n<p>Qualit\u00e9 d&rsquo;impression noire: Jusqu&rsquo;\u00e0 1200 \u00d7 1200<\/p>\n<p>\u00c9cran: Tactile LCD couleur WVGA TFT 7 pouces<\/p>\n<p>Connectivit\u00e9: Standard r\u00e9seau : 1000Base-T \/ 100Base-TX \/ 10-Base-T, LAN sans fil (IEEE 802.11 b\/g\/n), connexion directe Wi-FiStandard (AUTRES) : 2 ports USB 2.0 (h\u00f4te), 1 port USB 2.0 (p\u00e9riph\u00e9rique)\u00a0 \u00a0Impression recto\/verso: Automatique<\/p>\n<p>Capacit\u00e9 bac papier: Standard : 1200 feuillesMaximum : 2300 feuilles (avec unit\u00e9 d&rsquo;alimentation de la cassette AW1)<\/p>\n<p>Dimensions (l x p x h): 877 x 693 x 565 mm<\/p>\n<p>Poids net: 64 kg<\/p>\n","protected":false},"excerpt":{"rendered":"<p>Impression, copie et scan<br \/>\nVitesse d\u2019impression noir: Recto : jusqu\u2019\u00e0 45 ppm (A4, A5, A5R, A6R), jusqu\u2019\u00e0 22 ppm (A3), jusqu\u2019\u00e0 32 ppm (A4R)<br \/>\nQualit\u00e9 d\u2019impression noire: Jusqu\u2019\u00e0 1200 \u00d7 1200<br \/>\nImpression recto\/verso: Automatique<br \/>\nFonctionne avec: 1 Cartouche de\u00a0toner\u00a0(noire)<br \/>\nConnectivit\u00e9: WI-FI, Standard r\u00e9seau : 1000Base-T \/ 100Base-TX \/ 10-Base-T, connexion directe Wi-FiStandard (AUTRES) : 2 ports USB 2.0 (h\u00f4te), 1 port USB 2.0 (p\u00e9riph\u00e9rique)<br \/>\nPlain piedestal et toners non inclus, \u00e0 acheter s\u00e9par\u00e9ment<\/p>\n","protected":false},"featured_media":11242,"template":"","meta":[],"product_brand":[],"product_cat":[298],"product_tag":[],"class_list":{"0":"post-11240","1":"product","2":"type-product","3":"status-publish","4":"has-post-thumbnail","6":"product_cat-copieurs","8":"first","9":"instock","10":"taxable","11":"shipping-taxable","12":"purchasable","13":"product-type-simple"},"_links":{"self":[{"href":"https:\/\/maisonmpi.com\/shop\/wp-json\/wp\/v2\/product\/11240","targetHints":{"allow":["GET"]}}],"collection":[{"href":"https:\/\/maisonmpi.com\/shop\/wp-json\/wp\/v2\/product"}],"about":[{"href":"https:\/\/maisonmpi.com\/shop\/wp-json\/wp\/v2\/types\/product"}],"version-history":[{"count":2,"href":"https:\/\/maisonmpi.com\/shop\/wp-json\/wp\/v2\/product\/11240\/revisions"}],"predecessor-version":[{"id":11244,"href":"https:\/\/maisonmpi.com\/shop\/wp-json\/wp\/v2\/product\/11240\/revisions\/11244"}],"wp:featuredmedia":[{"embeddable":true,"href":"https:\/\/maisonmpi.com\/shop\/wp-json\/wp\/v2\/media\/11242"}],"wp:attachment":[{"href":"https:\/\/maisonmpi.com\/shop\/wp-json\/wp\/v2\/media?parent=11240"}],"wp:term":[{"taxonomy":"product_brand","embeddable":true,"href":"https:\/\/maisonmpi.com\/shop\/wp-json\/wp\/v2\/product_brand?post=11240"},{"taxonomy":"product_cat","embeddable":true,"href":"https:\/\/maisonmpi.com\/shop\/wp-json\/wp\/v2\/product_cat?post=11240"},{"taxonomy":"product_tag","embeddable":true,"href":"https:\/\/maisonmpi.com\/shop\/wp-json\/wp\/v2\/product_tag?post=11240"}],"curies":[{"name":"wp","href":"https:\/\/api.w.org\/{rel}","templated":true}]}}