{"id":11264,"date":"2025-01-17T08:00:08","date_gmt":"2025-01-17T08:00:08","guid":{"rendered":"https:\/\/maisonmpi.com\/shop\/?post_type=product&#038;p=11264"},"modified":"2025-01-17T08:54:22","modified_gmt":"2025-01-17T08:54:22","slug":"canon-imagerunner-2930i","status":"publish","type":"product","link":"https:\/\/maisonmpi.com\/shop\/produit\/canon-imagerunner-2930i\/","title":{"rendered":"Canon imageRUNNER 2930i"},"content":{"rendered":"<h1>MULTIFONCTION MONOCHROME PROFESSIONNEL CANON IR 2930i &#8211; 5975C005<\/h1>\n<h3><strong>CHARGEUR DE DOCUMENT RECTO\/VERSO 2 PASSES, SOCLE ET TONER CEXV 66 INCLUS<\/strong><\/h3>\n<p><strong>WIFI ET WIFI DIRECT INCLUS<\/strong><\/p>\n<p>&nbsp;<\/p>\n<p>&nbsp;<\/p>\n<ul>\n<li><strong>TYPE TECHNOLOGIE<\/strong><strong>:<\/strong> Laser<\/li>\n<li><strong>Formats:<\/strong>\u00a0du A5R au A3<\/li>\n<li><b>Vitesse d&rsquo;impression (A4) de 30 ppm (noir et blanc)<\/b><\/li>\n<li><b>Vitesse de num\u00e9risation (A4) jusqu&rsquo;a 30 ipm (recto)<\/b><\/li>\n<li><b>Ecran Tactile Couleur :\u00a0<\/b>7&Prime;<\/li>\n<li><strong>Alimentation papier en standard : 2 x 550 feuilles de 80g\/m\u00b2 (A5 au A3)<\/strong><\/li>\n<\/ul>\n<p>&nbsp;<\/p>\n<p><strong>EXEMPLE D&rsquo;OPTIONS DISPONIBLES (Nous contacter):<\/strong><\/p>\n<p>&#8211; Socle Double Cassettes (2 x 550 feuilles A4, 80 g\/m2)<\/p>\n<p>&#8211; Carte Fax Super G3<\/p>\n<p>&#8211; Module de finition interne agrafage,<\/p>\n<p>&#8211; Bac s\u00e9parateur interne<\/p>\n<p><strong>Fonctionnalit\u00e9s incluses en standard:<\/strong><\/p>\n<p>Langage : UFRII\/PCL<\/p>\n<p>Copie\/Impression\/Scan\/Envoi\/Stockage, Lecteur en standard,<\/p>\n<p>Alimentation papier: 2 cassettes papier en standard de 550 feuilles<\/p>\n<p>2Go RAM, Ethernet\/WLAN, 2 ports USB 2.0 , WIFI,<\/p>\n<h2>CARACTERISTIQUES DETAILLES :<\/h2>\n<h2><a href=\"https:\/\/rs-systems.fr\/index.php?controller=attachment&amp;id_attachment=165\" target=\"_blank\" rel=\"noopener\">TELECHARGEZ LA DOCUMENTATION AU FORMAT PDF<\/a><\/h2>\n","protected":false},"excerpt":{"rendered":"<ul>\n<li>&#8211;\u00a0Professionnel Laser Impression mono<\/li>\n<li>&#8211;\u00a01200 x 1200 DPI<\/li>\n<li>&#8211;\u00a0Couleurs d&rsquo;impression: Noir<\/li>\n<li>&#8211;\u00a0A4 30 ppm<\/li>\n<li>&#8211;\u00a0Copie simple Num\u00e9risation couleur T\u00e9l\u00e9copie simple<\/li>\n<li>&#8211;\u00a0Apple AirPrint, Canon PRINT Business, Mopria Print Service<\/li>\n<li>&#8211;\u00a0Impression directe<\/li>\n<li>&#8211;\u00a0Port USB Wifi Ethernet\/LAN<\/li>\n<li>&#8211;\u00a0M\u00e9moire interne: 2000 Mo Int\u00e9gr\u00e9 dans le processeur 1600 MHz<\/li>\n<li>&#8211;\u00a065 kg<\/li>\n<\/ul>\n","protected":false},"featured_media":11270,"template":"","meta":[],"product_brand":[],"product_cat":[298],"product_tag":[],"class_list":{"0":"post-11264","1":"product","2":"type-product","3":"status-publish","4":"has-post-thumbnail","6":"product_cat-copieurs","8":"first","9":"instock","10":"taxable","11":"shipping-taxable","12":"purchasable","13":"product-type-simple"},"_links":{"self":[{"href":"https:\/\/maisonmpi.com\/shop\/wp-json\/wp\/v2\/product\/11264","targetHints":{"allow":["GET"]}}],"collection":[{"href":"https:\/\/maisonmpi.com\/shop\/wp-json\/wp\/v2\/product"}],"about":[{"href":"https:\/\/maisonmpi.com\/shop\/wp-json\/wp\/v2\/types\/product"}],"version-history":[{"count":1,"href":"https:\/\/maisonmpi.com\/shop\/wp-json\/wp\/v2\/product\/11264\/revisions"}],"predecessor-version":[{"id":11271,"href":"https:\/\/maisonmpi.com\/shop\/wp-json\/wp\/v2\/product\/11264\/revisions\/11271"}],"wp:featuredmedia":[{"embeddable":true,"href":"https:\/\/maisonmpi.com\/shop\/wp-json\/wp\/v2\/media\/11270"}],"wp:attachment":[{"href":"https:\/\/maisonmpi.com\/shop\/wp-json\/wp\/v2\/media?parent=11264"}],"wp:term":[{"taxonomy":"product_brand","embeddable":true,"href":"https:\/\/maisonmpi.com\/shop\/wp-json\/wp\/v2\/product_brand?post=11264"},{"taxonomy":"product_cat","embeddable":true,"href":"https:\/\/maisonmpi.com\/shop\/wp-json\/wp\/v2\/product_cat?post=11264"},{"taxonomy":"product_tag","embeddable":true,"href":"https:\/\/maisonmpi.com\/shop\/wp-json\/wp\/v2\/product_tag?post=11264"}],"curies":[{"name":"wp","href":"https:\/\/api.w.org\/{rel}","templated":true}]}}