{"id":11392,"date":"2025-01-17T12:41:47","date_gmt":"2025-01-17T12:41:47","guid":{"rendered":"https:\/\/maisonmpi.com\/shop\/?post_type=product&#038;p=11392"},"modified":"2025-12-04T07:06:41","modified_gmt":"2025-12-04T07:06:41","slug":"ordinateur-portable-hp-250-g10-85c82ea","status":"publish","type":"product","link":"https:\/\/maisonmpi.com\/shop\/produit\/ordinateur-portable-hp-250-g10-85c82ea\/","title":{"rendered":"HP 250G10 I5 -1335U FHD 8GB  512GB"},"content":{"rendered":"<h1 class=\"c-product-all-details-table__title h3 m-text-rtl-symbols\">Ordinateur portable HP 250 15,6 pouces G10 (85C82EA)<\/h1>\n<table class=\"c-product-all-details-table__table\" role=\"table\">\n<caption class=\"c-product-all-details-table__caption\">Ordinateur portable HP 250 15,6 pouces G10 (85C82EA) Toutes les caract\u00e9ristiques techniques<\/caption>\n<tbody>\n<tr class=\"c-product-all-details-table__tr\" role=\"row\">\n<th class=\"c-product-all-details-table__th\" role=\"rowheader\">Syst\u00e8me d&rsquo;exploitation<\/th>\n<td class=\"c-product-all-details-table__td m-text-rte\" role=\"cell\">FreeDOS 3.0<\/td>\n<\/tr>\n<tr class=\"c-product-all-details-table__tr\" role=\"row\">\n<th class=\"c-product-all-details-table__th\" role=\"rowheader\">Famille de processeurs<\/th>\n<td class=\"c-product-all-details-table__td m-text-rte\" role=\"cell\">Processeur Intel\u00ae Core\u2122 i5 de 13e g\u00e9n\u00e9ration<\/td>\n<\/tr>\n<tr class=\"c-product-all-details-table__tr\" role=\"row\">\n<th class=\"c-product-all-details-table__th\" role=\"rowheader\">Processeur<\/th>\n<td class=\"c-product-all-details-table__td m-text-rte\" role=\"cell\">Processeur Intel\u00ae Core\u2122 i5-1334U (jusqu\u2019\u00e0 4,6 GHz avec la technologie Intel\u00ae Turbo Boost, 12 Mo de m\u00e9moire cache L3, 10 c\u0153urs, 12\u00a0<span class=\"m-text-nowrap\">threads)<span class=\"c-footnote-container\">\u00a0<sup><span class=\"footnote__number\">1<\/span><\/sup>\u00a0<sup><span class=\"footnote__number\">2<\/span><\/sup><\/span><\/span><\/td>\n<\/tr>\n<tr class=\"c-product-all-details-table__tr\" role=\"row\">\n<th class=\"c-product-all-details-table__th\" role=\"rowheader\">Graphiques<\/th>\n<td class=\"c-product-all-details-table__td m-text-rte\" role=\"cell\">Int\u00e9gr\u00e9,<\/p>\n<p>Carte graphique Intel\u00ae Iris\u00ae X\u1d49<span class=\"footnotes\">(Les fonctions graphiques Intel\u00ae Iris\u00ae X\u1d49 requi\u00e8rent une configuration du syst\u00e8me avec les processeurs Intel\u00ae Core\u2122 i5 ou i7 et une m\u00e9moire double canal. Les cartes graphiques Intel\u00ae Iris\u00ae X\u1db1 avec les processeurs Intel\u00ae Core\u2122 i5 ou i7 et la m\u00e9moire \u00e0 canal unique fonctionnent uniquement comme une carte graphique UHD Intel\u00ae.)<\/span><\/td>\n<\/tr>\n<tr class=\"c-product-all-details-table__tr\" role=\"row\">\n<th class=\"c-product-all-details-table__th\" role=\"rowheader\">M\u00e9moire<\/th>\n<td class=\"c-product-all-details-table__td m-text-rte\" role=\"cell\">8 Go de m\u00e9moire DDR4-3200 MT\/s (1 x 8 Go)<\/p>\n<p>&nbsp;<\/td>\n<\/tr>\n<tr class=\"c-product-all-details-table__tr\" role=\"row\">\n<th class=\"c-product-all-details-table__th\" role=\"rowheader\">Logements pour m\u00e9moire<\/th>\n<td class=\"c-product-all-details-table__td m-text-rte\" role=\"cell\">2 SODIMM<\/td>\n<\/tr>\n<tr class=\"c-product-all-details-table__tr\" role=\"row\">\n<th class=\"c-product-all-details-table__th\" role=\"rowheader\">M\u00e9moire interne<\/th>\n<td class=\"c-product-all-details-table__td m-text-rte\" role=\"cell\">Disque SSD NVMe\u2122 PCIe\u00ae 512 Go<\/p>\n<p>&nbsp;<\/td>\n<\/tr>\n<tr class=\"c-product-all-details-table__tr\" role=\"row\">\n<th class=\"c-product-all-details-table__th\" role=\"rowheader\">Ecran<\/th>\n<td class=\"c-product-all-details-table__td m-text-rte\" role=\"cell\">15.6&Prime; diagonal, FHD (1920 x 1080), IPS, anti-glare, 250 nits, 45%\u00a0<span class=\"m-text-nowrap\">NTSC<span class=\"c-footnote-container\">\u00a0<sup><span class=\"footnote__number\">3<\/span><\/sup>\u00a0<sup><span class=\"footnote__number\">4<\/span><\/sup>\u00a0<sup><span class=\"footnote__number\">5<\/span><\/sup><\/span><\/span><\/td>\n<\/tr>\n<tr class=\"c-product-all-details-table__tr\" role=\"row\">\n<th class=\"c-product-all-details-table__th\" role=\"rowheader\">Ecran<\/th>\n<td class=\"c-product-all-details-table__td m-text-rte\" role=\"cell\">\u00c9cran Full HD d\u2019une diagonale de 39,6 cm (15,6 pouces) (1920 x 1080), IPS, anti-reflet, 250 nits, 45 %\u00a0<span class=\"m-text-nowrap\">NTSC<span class=\"c-footnote-container\">\u00a0<sup><span class=\"footnote__number\">3<\/span><\/sup>\u00a0<sup><span class=\"footnote__number\">4<\/span><\/sup>\u00a0<sup><span class=\"footnote__number\">5<\/span><\/sup><\/span><\/span><\/td>\n<\/tr>\n<tr class=\"c-product-all-details-table__tr\" role=\"row\">\n<th class=\"c-product-all-details-table__th\" role=\"rowheader\">\u00c9cran tactile<\/th>\n<td class=\"c-product-all-details-table__td m-text-rte\" role=\"cell\">Non<\/td>\n<\/tr>\n<tr class=\"c-product-all-details-table__tr\" role=\"row\">\n<th class=\"c-product-all-details-table__th\" role=\"rowheader\">Gamme de couleurs<\/th>\n<td class=\"c-product-all-details-table__td m-text-rte\" role=\"cell\">45% NTSC<\/td>\n<\/tr>\n<tr class=\"c-product-all-details-table__tr\" role=\"row\">\n<th class=\"c-product-all-details-table__th\" role=\"rowheader\">Luminosit\u00e9<\/th>\n<td class=\"c-product-all-details-table__td m-text-rte\" role=\"cell\">250 nits<\/td>\n<\/tr>\n<tr class=\"c-product-all-details-table__tr\" role=\"row\">\n<th class=\"c-product-all-details-table__th\" role=\"rowheader\">Dimensions minimales (L x P x H)<\/th>\n<td class=\"c-product-all-details-table__td m-text-rte\" role=\"cell\">36 x 23,6 x 1,86 cm<\/td>\n<\/tr>\n<tr class=\"c-product-all-details-table__tr\" role=\"row\">\n<th class=\"c-product-all-details-table__th\" role=\"rowheader\">Poids<\/th>\n<td class=\"c-product-all-details-table__td m-text-rte\" role=\"cell\">\u00c0 partir de 1,52\u00a0kg\u00a0<span class=\"footnotes\">(Le poids varie selon la configuration. N\u2019inclut pas d\u2019adaptateur secteur.)<\/span><\/td>\n<\/tr>\n<tr class=\"c-product-all-details-table__tr\" role=\"row\">\n<th class=\"c-product-all-details-table__th\" role=\"rowheader\">Fonctions d&rsquo;administration<\/th>\n<td class=\"c-product-all-details-table__td m-text-rte\" role=\"cell\">HP SSRM; R\u00e9cup\u00e9ration de r\u00e9initialisation par bouton poussoir Windows<\/td>\n<\/tr>\n<tr class=\"c-product-all-details-table__tr\" role=\"row\">\n<th class=\"c-product-all-details-table__th\" role=\"rowheader\">Type de batterie<\/th>\n<td class=\"c-product-all-details-table__td m-text-rte\" role=\"cell\">Batterie Li-Ion HP longue dur\u00e9e 3 cellules, 41 Wh<\/td>\n<\/tr>\n<tr class=\"c-product-all-details-table__tr\" role=\"row\">\n<th class=\"c-product-all-details-table__th\" role=\"rowheader\">Autonomie de la batterie<\/th>\n<td class=\"c-product-all-details-table__td m-text-rte\" role=\"cell\"><span class=\"footnotes\">(La batterie est interne et ne peut pas \u00eatre remplac\u00e9e par le client. Maintenance sous garantie.)<\/span><\/td>\n<\/tr>\n<tr class=\"c-product-all-details-table__tr\" role=\"row\">\n<th class=\"c-product-all-details-table__th\" role=\"rowheader\">Sans fil<\/th>\n<td class=\"c-product-all-details-table__td m-text-rte\" role=\"cell\">Carte sans fil Realtek Wi-Fi 6 (2&#215;2) et Bluetooth\u00ae 5.3<\/td>\n<\/tr>\n<tr class=\"c-product-all-details-table__tr\" role=\"row\">\n<th class=\"c-product-all-details-table__th\" role=\"rowheader\">Couleur produit<\/th>\n<td class=\"c-product-all-details-table__td m-text-rte\" role=\"cell\">Argent cendr\u00e9 fonc\u00e9<\/td>\n<\/tr>\n<tr class=\"c-product-all-details-table__tr\" role=\"row\">\n<th class=\"c-product-all-details-table__th\" role=\"rowheader\">Clavier<\/th>\n<td class=\"c-product-all-details-table__td m-text-rte\" role=\"cell\">Clavier grande taille avec pav\u00e9 num\u00e9rique<\/td>\n<\/tr>\n<tr class=\"c-product-all-details-table__tr\" role=\"row\">\n<th class=\"c-product-all-details-table__th\" role=\"rowheader\">Appareil photo<\/th>\n<td class=\"c-product-all-details-table__td m-text-rte\" role=\"cell\">Appareil photo HD 720p<\/td>\n<\/tr>\n<tr class=\"c-product-all-details-table__tr\" role=\"row\">\n<th class=\"c-product-all-details-table__th\" role=\"rowheader\">Audio<\/th>\n<td class=\"c-product-all-details-table__td m-text-rte\" role=\"cell\">Haut-parleurs st\u00e9r\u00e9o, microphone num\u00e9rique int\u00e9gr\u00e9<\/td>\n<\/tr>\n<tr class=\"c-product-all-details-table__tr\" role=\"row\">\n<th class=\"c-product-all-details-table__th\" role=\"rowheader\">P\u00e9riph\u00e9rique de pointage<\/th>\n<td class=\"c-product-all-details-table__td m-text-rte\" role=\"cell\">Pav\u00e9 tactile avec prise en charge des gestes multipoints, pressions activ\u00e9es par d\u00e9faut<\/td>\n<\/tr>\n<tr class=\"c-product-all-details-table__tr\" role=\"row\">\n<th class=\"c-product-all-details-table__th\" role=\"rowheader\">Ports<\/th>\n<td class=\"c-product-all-details-table__td m-text-rte\" role=\"cell\">1 port USB Type-C\u00ae, vitesse de transfert 5 Gbit\/s; 2 ports USB Type-A, vitesse de transfert 5 Gbit\/s; 1 prise d\u2019alimentation secteur; 1 port HDMI 1.4b; 1 prise combin\u00e9e casque\/microphone st\u00e9r\u00e9o<\/p>\n<p>&nbsp;<\/p>\n<p>&nbsp;<\/p>\n<p>&nbsp;<\/p>\n<p>&nbsp;<\/td>\n<\/tr>\n<tr class=\"c-product-all-details-table__tr\" role=\"row\">\n<th class=\"c-product-all-details-table__th\" role=\"rowheader\">Alimentation<\/th>\n<td class=\"c-product-all-details-table__td m-text-rte\" role=\"cell\">Adaptateur pour alimentation secteur externe 45\u00a0W HP\u00a0<span class=\"m-text-nowrap\">Smart<span class=\"c-footnote-container\">\u00a0<sup><span class=\"footnote__number\">6<\/span><\/sup><\/span><\/span><\/td>\n<\/tr>\n<tr class=\"c-product-all-details-table__tr\" role=\"row\">\n<th class=\"c-product-all-details-table__th\" role=\"rowheader\">Gestion de la s\u00e9curit\u00e9<\/th>\n<td class=\"c-product-all-details-table__td m-text-rte\" role=\"cell\">McAfee Security (30 jours d\u2019essai\u00a0<span class=\"m-text-nowrap\">gratuit);<span class=\"c-footnote-container\">\u00a0<sup><span class=\"footnote__number\">7<\/span><\/sup><\/span><\/span><\/td>\n<\/tr>\n<tr class=\"c-product-all-details-table__tr\" role=\"row\">\n<th class=\"c-product-all-details-table__th\" role=\"rowheader\">Sp\u00e9cifications relatives \u00e0 l\u2019impact sur le d\u00e9veloppement durable<\/th>\n<td class=\"c-product-all-details-table__td m-text-rte\" role=\"cell\">Faible teneur en halog\u00e8ne; Conditionnement en vrac disponible; Le mat\u00e9riau d\u2019emballage en p\u00e2te \u00e0 papier moul\u00e9e \u00e0 l\u2019int\u00e9rieur de la bo\u00eete est produit \u00e0 100 % de mani\u00e8re durable et recyclable ; La caisse ext\u00e9rieure et les cales en carton ondul\u00e9 sont produites \u00e0 100 % de mani\u00e8re durable et recyclable; 10 % de plastique recycl\u00e9 post-consommation; Bo\u00eetier(s) de haut-parleurs en plastique recycl\u00e9 issus de d\u00e9chets r\u00e9cup\u00e9r\u00e9s dans\u00a0<span class=\"m-text-nowrap\">l\u2019environnement<span class=\"c-footnote-container\">\u00a0<sup><span class=\"footnote__number\">8<\/span><\/sup>\u00a0<sup><span class=\"footnote__number\">9<\/span><\/sup>\u00a0<sup><span class=\"footnote__number\">10<\/span><\/sup>\u00a0<sup><span class=\"footnote__number\">11<\/span><\/sup>\u00a0<sup><span class=\"footnote__number\">12<\/span><\/sup><\/span><\/span><\/td>\n<\/tr>\n<tr class=\"c-product-all-details-table__tr\" role=\"row\">\n<th class=\"c-product-all-details-table__th\" role=\"rowheader\">Garantie fabricant<\/th>\n<td class=\"c-product-all-details-table__td m-text-rte\" role=\"cell\">Cette garantie limit\u00e9e valable 1 an (1\/1\/0) couvre les pi\u00e8ces et la main d\u2019\u0153uvre pendant 1 an. Pas de r\u00e9paration sur site. Les conditions g\u00e9n\u00e9rales varient selon le pays. Certaines restrictions et exclusions\u00a0<span class=\"m-text-nowrap\">s\u2019appliquent.<span class=\"c-footnote-container\">\u00a0<sup><span class=\"footnote__number\">13<\/span><\/sup><\/span><\/span><\/td>\n<\/tr>\n<\/tbody>\n<\/table>\n<h1 class=\"c-product-all-details-table__title h3 m-text-rtl-symbols\"><\/h1>\n","protected":false},"excerpt":{"rendered":"<div class=\"product-reference\"><label class=\"label\">R\u00e9f\u00e9rence<\/label>\u00a085C82EA<\/div>\n<div class=\"product-information\">\n<div id=\"product-description-short-76\">\n<p>Taille de l&rsquo;\u00e9cran :\u00a0<strong>\u00a015,6&Prime;<\/strong>\u00a0| R\u00e9solution :\u00a0<strong>1920 x 1080 px<\/strong><\/p>\n<p>CPU :\u00a0<strong>i5 1335U<\/strong>\u00a0| G\u00e9n\u00e9ration :<strong>\u00a013eme\u00a0<\/strong>|\u00a0<strong>3,4\u00a0<\/strong><strong>Ghz\u00a0<\/strong>Up to :\u00a0<strong>4,6 Ghz\u00a0<\/strong><\/p>\n<p>GPU :\u00a0<b>Intel HD<\/b><\/p>\n<p>Ram :<strong>\u00a08 GB DDR4<\/strong>\u00a0 | Rom :<strong>\u00a0512 GB SSD<\/strong><\/p>\n<p>M\u00e9moire Cache :\u00a0<strong>\u00a012 Mb<\/strong>\u00a0| C\u0153ur :\u00a0<strong>10<\/strong>\u00a0| Threads\u00a0 :\u00a0<strong>12<\/strong><\/p>\n<p>Connectivit\u00e9 :\u00a0<strong>Wifi 6.0 | Bluetooth 5.3\u00a0<\/strong><\/p>\n<p>Ports :<strong>\u00a02 USB A | 1 USB C | 1 HMDI<\/strong><\/p>\n<p>syst\u00e8me d&rsquo;exploitation :\u00a0<strong>Freedos<\/strong>\u00a0|\u00a0 Garantie :<strong>\u00a01 an<\/strong><\/p>\n<\/div>\n<\/div>\n","protected":false},"featured_media":11397,"template":"","meta":[],"product_brand":[],"product_cat":[299],"product_tag":[],"class_list":{"0":"post-11392","1":"product","2":"type-product","3":"status-publish","4":"has-post-thumbnail","6":"product_cat-ordinateurs-portables","8":"first","9":"instock","10":"taxable","11":"shipping-taxable","12":"purchasable","13":"product-type-simple"},"_links":{"self":[{"href":"https:\/\/maisonmpi.com\/shop\/wp-json\/wp\/v2\/product\/11392","targetHints":{"allow":["GET"]}}],"collection":[{"href":"https:\/\/maisonmpi.com\/shop\/wp-json\/wp\/v2\/product"}],"about":[{"href":"https:\/\/maisonmpi.com\/shop\/wp-json\/wp\/v2\/types\/product"}],"version-history":[{"count":6,"href":"https:\/\/maisonmpi.com\/shop\/wp-json\/wp\/v2\/product\/11392\/revisions"}],"predecessor-version":[{"id":11415,"href":"https:\/\/maisonmpi.com\/shop\/wp-json\/wp\/v2\/product\/11392\/revisions\/11415"}],"wp:featuredmedia":[{"embeddable":true,"href":"https:\/\/maisonmpi.com\/shop\/wp-json\/wp\/v2\/media\/11397"}],"wp:attachment":[{"href":"https:\/\/maisonmpi.com\/shop\/wp-json\/wp\/v2\/media?parent=11392"}],"wp:term":[{"taxonomy":"product_brand","embeddable":true,"href":"https:\/\/maisonmpi.com\/shop\/wp-json\/wp\/v2\/product_brand?post=11392"},{"taxonomy":"product_cat","embeddable":true,"href":"https:\/\/maisonmpi.com\/shop\/wp-json\/wp\/v2\/product_cat?post=11392"},{"taxonomy":"product_tag","embeddable":true,"href":"https:\/\/maisonmpi.com\/shop\/wp-json\/wp\/v2\/product_tag?post=11392"}],"curies":[{"name":"wp","href":"https:\/\/api.w.org\/{rel}","templated":true}]}}