{"id":11424,"date":"2025-01-17T16:58:31","date_gmt":"2025-01-17T16:58:31","guid":{"rendered":"https:\/\/maisonmpi.com\/shop\/?post_type=product&#038;p=11424"},"modified":"2025-01-17T16:58:31","modified_gmt":"2025-01-17T16:58:31","slug":"hp-probook-450-g10-ci7-16gb-512ssd","status":"publish","type":"product","link":"https:\/\/maisonmpi.com\/shop\/produit\/hp-probook-450-g10-ci7-16gb-512ssd\/","title":{"rendered":"HP PROBOOK 450 G10 Ci7 16GB  512SSD"},"content":{"rendered":"<h1 class=\"c-product-all-details-table__title h3 m-text-rtl-symbols\">rdinateur portable HP ProBook 450 15,6 pouces G10 (968W5ET)<\/h1>\n<table class=\"c-product-all-details-table__table\" role=\"table\">\n<caption class=\"c-product-all-details-table__caption\">Ordinateur portable HP ProBook 450 15,6 pouces G10 (968W5ET) Toutes les caract\u00e9ristiques techniques<\/caption>\n<tbody>\n<tr class=\"c-product-all-details-table__tr\" role=\"row\">\n<th class=\"c-product-all-details-table__th\" role=\"rowheader\">Syst\u00e8me d&rsquo;exploitation<\/th>\n<td class=\"c-product-all-details-table__td m-text-rte\" role=\"cell\">FreeDOS<\/td>\n<\/tr>\n<tr class=\"c-product-all-details-table__tr\" role=\"row\">\n<th class=\"c-product-all-details-table__th\" role=\"rowheader\">Famille de processeurs<\/th>\n<td class=\"c-product-all-details-table__td m-text-rte\" role=\"cell\">Processeur Intel\u00ae Core\u2122 i7 de 13\u00e8me g\u00e9n\u00e9ration<\/td>\n<\/tr>\n<tr class=\"c-product-all-details-table__tr\" role=\"row\">\n<th class=\"c-product-all-details-table__th\" role=\"rowheader\">Processeur<\/th>\n<td class=\"c-product-all-details-table__td m-text-rte\" role=\"cell\">Processeur Intel\u00ae Core\u2122 i7-1355U (jusqu\u2019\u00e0 5,0 GHz avec la technologie Intel\u00ae Turbo Boost, 12 Mo de m\u00e9moire cache L3, 10 c\u0153urs, 12\u00a0<span class=\"m-text-nowrap\">threads)<span class=\"c-footnote-container\">\u00a0<sup><span class=\"footnote__number\">1<\/span><\/sup>\u00a0<sup><span class=\"footnote__number\">2<\/span><\/sup><\/span><\/span><\/td>\n<\/tr>\n<tr class=\"c-product-all-details-table__tr\" role=\"row\">\n<th class=\"c-product-all-details-table__th\" role=\"rowheader\">Graphiques<\/th>\n<td class=\"c-product-all-details-table__td m-text-rte\" role=\"cell\">Int\u00e9gr\u00e9,<\/p>\n<p>Carte graphique Intel\u00ae Iris\u00ae X\u1d49<span class=\"footnotes\">(Les fonctions graphiques Intel\u00ae Iris\u00ae X\u1d49 requi\u00e8rent une configuration du syst\u00e8me avec les processeurs Intel\u00ae Core\u2122 i5 ou i7 et une m\u00e9moire double canal. Les cartes graphiques Intel\u00ae Iris\u00ae X\u1db1 avec les processeurs Intel\u00ae Core\u2122 i5 ou i7 et la m\u00e9moire \u00e0 canal unique fonctionnent uniquement comme une carte graphique UHD Intel\u00ae.)<\/span><\/td>\n<\/tr>\n<tr class=\"c-product-all-details-table__tr\" role=\"row\">\n<th class=\"c-product-all-details-table__th\" role=\"rowheader\">M\u00e9moire<\/th>\n<td class=\"c-product-all-details-table__td m-text-rte\" role=\"cell\">16 Go de m\u00e9moire DDR4-3200 MT\/s (1 x 16 Go)<\/p>\n<p>&nbsp;<\/td>\n<\/tr>\n<tr class=\"c-product-all-details-table__tr\" role=\"row\">\n<th class=\"c-product-all-details-table__th\" role=\"rowheader\">Logements pour m\u00e9moire<\/th>\n<td class=\"c-product-all-details-table__td m-text-rte\" role=\"cell\">2 SODIMM<\/td>\n<\/tr>\n<tr class=\"c-product-all-details-table__tr\" role=\"row\">\n<th class=\"c-product-all-details-table__th\" role=\"rowheader\">M\u00e9moire interne<\/th>\n<td class=\"c-product-all-details-table__td m-text-rte\" role=\"cell\">Disque SSD NVMe\u2122 PCIe\u00ae 512 Go<\/p>\n<p>&nbsp;<\/td>\n<\/tr>\n<tr class=\"c-product-all-details-table__tr\" role=\"row\">\n<th class=\"c-product-all-details-table__th\" role=\"rowheader\">Ecran<\/th>\n<td class=\"c-product-all-details-table__td m-text-rte\" role=\"cell\">15.6&Prime; diagonal, FHD (1920 x 1080), IPS, narrow bezel, anti-glare, 250 nits, 45%\u00a0<span class=\"m-text-nowrap\">NTSC<span class=\"c-footnote-container\">\u00a0<sup><span class=\"footnote__number\">3<\/span><\/sup>\u00a0<sup><span class=\"footnote__number\">4<\/span><\/sup>\u00a0<sup><span class=\"footnote__number\">5<\/span><\/sup><\/span><\/span><\/td>\n<\/tr>\n<tr class=\"c-product-all-details-table__tr\" role=\"row\">\n<th class=\"c-product-all-details-table__th\" role=\"rowheader\">Ecran<\/th>\n<td class=\"c-product-all-details-table__td m-text-rte\" role=\"cell\">\u00c9cran Full HD de 39,6 cm (15,6 pouces) de diagonale (1920 x 1080), IPS, micro-bords, antireflet, 250 nits, 45 %\u00a0<span class=\"m-text-nowrap\">NTSC<span class=\"c-footnote-container\">\u00a0<sup><span class=\"footnote__number\">3<\/span><\/sup>\u00a0<sup><span class=\"footnote__number\">4<\/span><\/sup>\u00a0<sup><span class=\"footnote__number\">5<\/span><\/sup><\/span><\/span><\/td>\n<\/tr>\n<tr class=\"c-product-all-details-table__tr\" role=\"row\">\n<th class=\"c-product-all-details-table__th\" role=\"rowheader\">\u00c9cran tactile<\/th>\n<td class=\"c-product-all-details-table__td m-text-rte\" role=\"cell\">Non<\/td>\n<\/tr>\n<tr class=\"c-product-all-details-table__tr\" role=\"row\">\n<th class=\"c-product-all-details-table__th\" role=\"rowheader\">Gamme de couleurs<\/th>\n<td class=\"c-product-all-details-table__td m-text-rte\" role=\"cell\">45% NTSC<\/td>\n<\/tr>\n<tr class=\"c-product-all-details-table__tr\" role=\"row\">\n<th class=\"c-product-all-details-table__th\" role=\"rowheader\">Luminosit\u00e9<\/th>\n<td class=\"c-product-all-details-table__td m-text-rte\" role=\"cell\">250 nits<\/td>\n<\/tr>\n<tr class=\"c-product-all-details-table__tr\" role=\"row\">\n<th class=\"c-product-all-details-table__th\" role=\"rowheader\">Dimensions minimales (L x P x H)<\/th>\n<td class=\"c-product-all-details-table__td m-text-rte\" role=\"cell\">35,94 x 23,39 x 1,99 cm<\/td>\n<\/tr>\n<tr class=\"c-product-all-details-table__tr\" role=\"row\">\n<th class=\"c-product-all-details-table__th\" role=\"rowheader\">Poids<\/th>\n<td class=\"c-product-all-details-table__td m-text-rte\" role=\"cell\">\u00c0 partir de 1,79 kg\u00a0<span class=\"footnotes\">(Le poids varie selon la configuration. N\u2019inclut pas d\u2019adaptateur secteur.)<\/span><\/td>\n<\/tr>\n<tr class=\"c-product-all-details-table__tr\" role=\"row\">\n<th class=\"c-product-all-details-table__th\" role=\"rowheader\">Logiciels fournis<\/th>\n<td class=\"c-product-all-details-table__td m-text-rte\" role=\"cell\">HP Connection Optimizer; HP Hotkey Support; HP Support Assistant; HP Power Manager; myHP; HP Privacy Settings; HP Notifications; HP QuickDrop; HP PC Hardware Diagnostics Windows; HP Services Scan; HP Smart Support (t\u00e9l\u00e9chargement)<\/td>\n<\/tr>\n<tr class=\"c-product-all-details-table__tr\" role=\"row\">\n<th class=\"c-product-all-details-table__th\" role=\"rowheader\">Fonctions d&rsquo;administration<\/th>\n<td class=\"c-product-all-details-table__td m-text-rte\" role=\"cell\">HP Client Management Script Library (t\u00e9l\u00e9chargement); Packs de pilotes HP (t\u00e9l\u00e9chargement); HP Client Catalog (t\u00e9l\u00e9chargement); Module HP Manageability Integration Kit 4e g\u00e9n\u00e9ration (t\u00e9l\u00e9chargement); HP Image Assistant 5e g\u00e9n\u00e9ration (t\u00e9l\u00e9chargement); HP Cloud\u00a0<span class=\"m-text-nowrap\">Recovery<span class=\"c-footnote-container\">\u00a0<sup><span class=\"footnote__number\">6<\/span><\/sup>\u00a0<sup><span class=\"footnote__number\">7<\/span><\/sup><\/span><\/span><\/td>\n<\/tr>\n<tr class=\"c-product-all-details-table__tr\" role=\"row\">\n<th class=\"c-product-all-details-table__th\" role=\"rowheader\">Type de batterie<\/th>\n<td class=\"c-product-all-details-table__td m-text-rte\" role=\"cell\">Batterie Li-Ion HP longue dur\u00e9e 3 cellules, 42 Wh<\/td>\n<\/tr>\n<tr class=\"c-product-all-details-table__tr\" role=\"row\">\n<th class=\"c-product-all-details-table__th\" role=\"rowheader\">Autonomie de la batterie<\/th>\n<td class=\"c-product-all-details-table__td m-text-rte\" role=\"cell\"><span class=\"footnotes\">(La batterie est interne et ne peut pas \u00eatre remplac\u00e9e par le client. Maintenance sous garantie.)<\/span><\/td>\n<\/tr>\n<tr class=\"c-product-all-details-table__tr\" role=\"row\">\n<th class=\"c-product-all-details-table__th\" role=\"rowheader\">Sans fil<\/th>\n<td class=\"c-product-all-details-table__td m-text-rte\" role=\"cell\">Carte sans fil Realtek Wi-Fi 6E RTL8852CE (2&#215;2) et Bluetooth\u00ae 5.3<\/td>\n<\/tr>\n<tr class=\"c-product-all-details-table__tr\" role=\"row\">\n<th class=\"c-product-all-details-table__th\" role=\"rowheader\">Couleur produit<\/th>\n<td class=\"c-product-all-details-table__td m-text-rte\" role=\"cell\">Argent vif<\/td>\n<\/tr>\n<tr class=\"c-product-all-details-table__tr\" role=\"row\">\n<th class=\"c-product-all-details-table__th\" role=\"rowheader\">Clavier<\/th>\n<td class=\"c-product-all-details-table__td m-text-rte\" role=\"cell\">Clavier HP Premium \u2013 avec pav\u00e9 num\u00e9rique, r\u00e9tro\u00e9clair\u00e9, \u00e9tanche<\/td>\n<\/tr>\n<tr class=\"c-product-all-details-table__tr\" role=\"row\">\n<th class=\"c-product-all-details-table__th\" role=\"rowheader\">Appareil photo<\/th>\n<td class=\"c-product-all-details-table__td m-text-rte\" role=\"cell\">Appareil photo HD 720p<\/td>\n<\/tr>\n<tr class=\"c-product-all-details-table__tr\" role=\"row\">\n<th class=\"c-product-all-details-table__th\" role=\"rowheader\">Audio<\/th>\n<td class=\"c-product-all-details-table__td m-text-rte\" role=\"cell\">Deux haut-parleurs st\u00e9r\u00e9o, microphones \u00e0 double entr\u00e9e<\/td>\n<\/tr>\n<tr class=\"c-product-all-details-table__tr\" role=\"row\">\n<th class=\"c-product-all-details-table__th\" role=\"rowheader\">P\u00e9riph\u00e9rique de pointage<\/th>\n<td class=\"c-product-all-details-table__td m-text-rte\" role=\"cell\">Pav\u00e9 tactile avec prise en charge des gestes multipoints, pressions activ\u00e9es par d\u00e9faut<\/td>\n<\/tr>\n<tr class=\"c-product-all-details-table__tr\" role=\"row\">\n<th class=\"c-product-all-details-table__th\" role=\"rowheader\">Ports<\/th>\n<td class=\"c-product-all-details-table__td m-text-rte\" role=\"cell\">2 ports USB Type-A, vitesse de transfert de 5 Gbit\/s (1 port de charge et 1 port d\u2019alimentation); 1 prise d\u2019alimentation secteur; 1 port HDMI 2.1 ; 1 prise st\u00e9r\u00e9o combin\u00e9e casque\/microphone; 1 port RJ-45; 2 ports USB Type-C\u00ae, vitesse de transfert 10 Gbit\/s (alimentation USB, DisplayPort\u2122 2.1)<\/p>\n<p>&nbsp;<\/p>\n<p>&nbsp;<\/p>\n<p>&nbsp;<\/p>\n<p>&nbsp;<\/td>\n<\/tr>\n<tr class=\"c-product-all-details-table__tr\" role=\"row\">\n<th class=\"c-product-all-details-table__th\" role=\"rowheader\">Alimentation<\/th>\n<td class=\"c-product-all-details-table__td m-text-rte\" role=\"cell\">Adaptateur HP Smart pour alimentation CA externe 65\u00a0<span class=\"m-text-nowrap\">W<span class=\"c-footnote-container\">\u00a0<sup><span class=\"footnote__number\">8<\/span><\/sup><\/span><\/span><\/td>\n<\/tr>\n<tr class=\"c-product-all-details-table__tr\" role=\"row\">\n<th class=\"c-product-all-details-table__th\" role=\"rowheader\">Gestion de la s\u00e9curit\u00e9<\/th>\n<td class=\"c-product-all-details-table__td m-text-rte\" role=\"cell\">Module Absolute Persistence; HP DriveLock et HP Automatic DriveLock; HP Secure Erase; HP Sure Click; HP Sure Sense; Mise \u00e0 jour du BIOS via le r\u00e9seau; HP Sure Admin; HP BIOSphere Gen6; HP Client Security Manager Gen7; Puce de s\u00e9curit\u00e9 embarqu\u00e9e TPM 2.0 (certifi\u00e9 crit\u00e8res communs EAL4+ et FIPS 140-2 niveau 2); HP Sure Start Gen7; HP Wake on WLAN; HP Tamper Lock; HP Sure Run Gen5; Activation Secured-Core\u00a0<span class=\"m-text-nowrap\">PC<span class=\"c-footnote-container\">\u00a0<sup><span class=\"footnote__number\">9<\/span><\/sup>\u00a0<sup><span class=\"footnote__number\">10<\/span><\/sup>\u00a0<sup><span class=\"footnote__number\">11<\/span><\/sup>\u00a0<sup><span class=\"footnote__number\">12<\/span><\/sup>\u00a0<sup><span class=\"footnote__number\">13<\/span><\/sup>\u00a0<sup><span class=\"footnote__number\">14<\/span><\/sup>\u00a0<sup><span class=\"footnote__number\">15<\/span><\/sup>\u00a0<sup><span class=\"footnote__number\">16<\/span><\/sup>\u00a0<sup><span class=\"footnote__number\">17<\/span><\/sup>\u00a0<sup><span class=\"footnote__number\">18<\/span><\/sup>\u00a0<sup><span class=\"footnote__number\">19<\/span><\/sup>\u00a0<sup><span class=\"footnote__number\">20<\/span><\/sup>\u00a0<sup><span class=\"footnote__number\">21<\/span><\/sup><\/span><\/span><\/td>\n<\/tr>\n<tr class=\"c-product-all-details-table__tr\" role=\"row\">\n<th class=\"c-product-all-details-table__th\" role=\"rowheader\">Lecteur d\u2019empreintes digitales<\/th>\n<td class=\"c-product-all-details-table__td m-text-rte\" role=\"cell\">Capteur d\u2019empreintes digitales<\/td>\n<\/tr>\n<tr class=\"c-product-all-details-table__tr\" role=\"row\">\n<th class=\"c-product-all-details-table__th\" role=\"rowheader\">Sp\u00e9cifications relatives \u00e0 l\u2019impact sur le d\u00e9veloppement durable<\/th>\n<td class=\"c-product-all-details-table__td m-text-rte\" role=\"cell\">Faible teneur en halog\u00e8ne; Conditionnement en vrac disponible; Le mat\u00e9riau d\u2019emballage en p\u00e2te \u00e0 papier moul\u00e9e \u00e0 l\u2019int\u00e9rieur de la bo\u00eete est produit \u00e0 100 % de mani\u00e8re durable et recyclable; La caisse ext\u00e9rieure et les cales en carton ondul\u00e9 sont produites \u00e0 100 % de mani\u00e8re durable et recyclable; 10 % de plastique recycl\u00e9\u00a0<span class=\"m-text-nowrap\">post-consommation<span class=\"c-footnote-container\">\u00a0<sup><span class=\"footnote__number\">22<\/span><\/sup><\/span><\/span><\/td>\n<\/tr>\n<tr class=\"c-product-all-details-table__tr\" role=\"row\">\n<th class=\"c-product-all-details-table__th\" role=\"rowheader\">Garantie fabricant<\/th>\n<td class=\"c-product-all-details-table__td m-text-rte\" role=\"cell\">Cette garantie limit\u00e9e valable 1 an (1\/1\/0) couvre les pi\u00e8ces et la main d\u2019\u0153uvre pendant 1 an. Pas de r\u00e9paration sur site. Les conditions g\u00e9n\u00e9rales varient selon le pays. Certaines restrictions et exclusions s\u2019appliquent.<\/td>\n<\/tr>\n<\/tbody>\n<\/table>\n","protected":false},"excerpt":{"rendered":"<ul class=\"c-product-specs__list body-2\">\n<li class=\"c-product-specs__item\">\n<div>Syst\u00e8me d&rsquo;exploitation:FreeDOS<\/p>\n<\/div>\n<\/li>\n<li class=\"c-product-specs__item\">\n<div>Processeur:Processeur Intel\u00ae Core\u2122 i7-1355U (jusqu\u2019\u00e0 5,0 GHz avec la technologie Intel\u00ae Turbo Boost, 12 Mo de m\u00e9moire cache L3, 10 c\u0153urs, 12\u00a0<span class=\"m-text-nowrap\">threads)<span class=\"c-footnote-container\">\u00a0<sup><span class=\"footnote__number\">1<\/span><\/sup>\u00a0<sup><span class=\"footnote__number\">2<\/span><\/sup><\/span><\/span><\/p>\n<\/div>\n<\/li>\n<li class=\"c-product-specs__item\">\n<div>Taille de la m\u00e9moire:16 Go DDR4 3200 DIMM<\/p>\n<\/div>\n<\/li>\n<li class=\"c-product-specs__item\">\n<div>Capacit\u00e9 de stockage:512 Go Disque SSD<\/p>\n<\/div>\n<\/li>\n<\/ul>\n","protected":false},"featured_media":11427,"template":"","meta":[],"product_brand":[],"product_cat":[299],"product_tag":[],"class_list":{"0":"post-11424","1":"product","2":"type-product","3":"status-publish","4":"has-post-thumbnail","6":"product_cat-ordinateurs-portables","8":"first","9":"instock","10":"taxable","11":"shipping-taxable","12":"purchasable","13":"product-type-simple"},"_links":{"self":[{"href":"https:\/\/maisonmpi.com\/shop\/wp-json\/wp\/v2\/product\/11424","targetHints":{"allow":["GET"]}}],"collection":[{"href":"https:\/\/maisonmpi.com\/shop\/wp-json\/wp\/v2\/product"}],"about":[{"href":"https:\/\/maisonmpi.com\/shop\/wp-json\/wp\/v2\/types\/product"}],"version-history":[{"count":1,"href":"https:\/\/maisonmpi.com\/shop\/wp-json\/wp\/v2\/product\/11424\/revisions"}],"predecessor-version":[{"id":11430,"href":"https:\/\/maisonmpi.com\/shop\/wp-json\/wp\/v2\/product\/11424\/revisions\/11430"}],"wp:featuredmedia":[{"embeddable":true,"href":"https:\/\/maisonmpi.com\/shop\/wp-json\/wp\/v2\/media\/11427"}],"wp:attachment":[{"href":"https:\/\/maisonmpi.com\/shop\/wp-json\/wp\/v2\/media?parent=11424"}],"wp:term":[{"taxonomy":"product_brand","embeddable":true,"href":"https:\/\/maisonmpi.com\/shop\/wp-json\/wp\/v2\/product_brand?post=11424"},{"taxonomy":"product_cat","embeddable":true,"href":"https:\/\/maisonmpi.com\/shop\/wp-json\/wp\/v2\/product_cat?post=11424"},{"taxonomy":"product_tag","embeddable":true,"href":"https:\/\/maisonmpi.com\/shop\/wp-json\/wp\/v2\/product_tag?post=11424"}],"curies":[{"name":"wp","href":"https:\/\/api.w.org\/{rel}","templated":true}]}}