{"id":11431,"date":"2025-01-17T17:15:08","date_gmt":"2025-01-17T17:15:08","guid":{"rendered":"https:\/\/maisonmpi.com\/shop\/?post_type=product&#038;p=11431"},"modified":"2025-01-17T17:23:47","modified_gmt":"2025-01-17T17:23:47","slug":"hp-13-p-envy-i7-1165g7-16gb-512ssd","status":"publish","type":"product","link":"https:\/\/maisonmpi.com\/shop\/produit\/hp-13-p-envy-i7-1165g7-16gb-512ssd\/","title":{"rendered":"HP 13 P ENVY I7-1165G7  16GB\/512SSD"},"content":{"rendered":"<div class=\"ccs-cc-inline-section ccs-cc-inline-features ccs-cc-inline-key-features ccs-cc-inline-catalogue\" data-elementid=\"inline-content-features[hp]\" data-context=\"{&quot;mobile&quot;:false}\" data-ccs-cc-inline-jumplink=\"Points cl\u00e9s\" data-display-mode=\"noheader\">\n<div class=\"ccs-cc-inline-features-block ccs-cc-inline-single-feature\">\n<div class=\"ccs-cc-inline-feature\" data-type=\"text media\" data-pos=\"right\">\n<div class=\"ccs-cc-inline-feature-content ccs-cc-inline-thumbnail\"><a class=\"ccs-cc-inline-thumbnail-image ccs-cc-inline-thumbnail-media ccs-cc-inline-clickable\" title=\"La puissance au service de votre cr\u00e9ativit\u00e9 agrandir l&#039;image\" href=\"https:\/\/cdn.cs.1worldsync.com\/syndication\/feeds\/hp\/inline-content\/M8\/5\/C\/E\/E\/E\/5CEEEA6AE0529EBFDF30443B174B50534F22A259_w_400_hero.jpg\" data-media-type=\"image\" data-caption=\"La puissance au service de votre cr\u00e9ativit\u00e9\" target=\"_blank\" rel=\"noopener\"><img decoding=\"async\" src=\"https:\/\/cdn.cs.1worldsync.com\/syndication\/feeds\/hp\/inline-content\/M8\/5\/C\/E\/E\/E\/5CEEEA6AE0529EBFDF30443B174B50534F22A259_w_400_hero.jpg\" alt=\"La puissance au service de votre cr\u00e9ativit\u00e9\" data-large=\"\" data-alt-text=\"S'il vous pla\u00eet patienter pendant le chargement du contenu...\" aria-label=\"La puissance au service de votre cr\u00e9ativit\u00e9\" \/><\/a><\/div>\n<div class=\"ccs-cc-inline-feature-content ccs-cc-inline-feature-description\">\n<h3>La puissance au service de votre cr\u00e9ativit\u00e9<\/h3>\n<p>Avec un processeur Intel<sup>\u00ae<\/sup>\u00a0Core<sup>\u2122<\/sup>, une m\u00e9moire cons\u00e9quente et une autonomie prolong\u00e9e, votre cr\u00e9ativit\u00e9 prend vie plus rapidement que jamais auparavant et vous en profitez plus longtemps.<\/p>\n<\/div>\n<\/div>\n<\/div>\n<div class=\"ccs-cc-inline-features-block ccs-cc-inline-single-feature\">\n<div class=\"ccs-cc-inline-feature\" data-type=\"text media\" data-pos=\"left\">\n<div class=\"ccs-cc-inline-feature-content ccs-cc-inline-thumbnail\"><a class=\"ccs-cc-inline-thumbnail-image ccs-cc-inline-thumbnail-media ccs-cc-inline-clickable\" title=\"Une conception intelligente agrandir l&#039;image\" href=\"https:\/\/cdn.cs.1worldsync.com\/syndication\/feeds\/hp\/inline-content\/M8\/E\/4\/0\/1\/4\/E4014601A46BEC45862F7F66969225B03CC4AEFF_w_400_hero.png\" data-media-type=\"image\" data-caption=\"Une conception intelligente\" target=\"_blank\" rel=\"noopener\"><img decoding=\"async\" src=\"https:\/\/cdn.cs.1worldsync.com\/syndication\/feeds\/hp\/inline-content\/M8\/E\/4\/0\/1\/4\/E4014601A46BEC45862F7F66969225B03CC4AEFF_w_400_hero.png\" alt=\"Une conception intelligente\" data-large=\"\" data-alt-text=\"S'il vous pla\u00eet patienter pendant le chargement du contenu...\" aria-label=\"Une conception intelligente\" \/><\/a><\/div>\n<div class=\"ccs-cc-inline-feature-content ccs-cc-inline-feature-description\">\n<h3>Une conception intelligente<\/h3>\n<p>Vous n\u2019avez jamais eu autant d\u2019espace pour cr\u00e9er. Gr\u00e2ce \u00e0 un \u00e9cran \u00e0 micro-bords sur les 4 c\u00f4t\u00e9s, vous b\u00e9n\u00e9ficiez d\u2019un plus grand espace d\u2019affichage.<\/p>\n<\/div>\n<\/div>\n<\/div>\n<div class=\"ccs-cc-inline-features-block ccs-cc-inline-single-feature\">\n<div class=\"ccs-cc-inline-feature\" data-type=\"text media\" data-pos=\"right\">\n<div class=\"ccs-cc-inline-feature-content ccs-cc-inline-thumbnail\"><a class=\"ccs-cc-inline-thumbnail-image ccs-cc-inline-thumbnail-media ccs-cc-inline-clickable\" title=\"Des fonctions de confidentialit\u00e9 pour votre tranquillit\u00e9 d\u2019esprit agrandir l&#039;image\" href=\"https:\/\/cdn.cs.1worldsync.com\/syndication\/feeds\/hp\/inline-content\/M8\/F\/0\/1\/7\/B\/F017B6971C9FCEC4421336E0192A3655C81BB789_w_400_hero.jpg\" data-media-type=\"image\" data-caption=\"Des fonctions de confidentialit\u00e9 pour votre tranquillit\u00e9 d\u2019esprit\" target=\"_blank\" rel=\"noopener\"><img decoding=\"async\" src=\"https:\/\/cdn.cs.1worldsync.com\/syndication\/feeds\/hp\/inline-content\/M8\/F\/0\/1\/7\/B\/F017B6971C9FCEC4421336E0192A3655C81BB789_w_400_hero.jpg\" alt=\"Des fonctions de confidentialit\u00e9 pour votre tranquillit\u00e9 d\u2019esprit\" data-large=\"\" data-alt-text=\"S'il vous pla\u00eet patienter pendant le chargement du contenu...\" aria-label=\"Des fonctions de confidentialit\u00e9 pour votre tranquillit\u00e9 d\u2019esprit\" \/><\/a><\/div>\n<div class=\"ccs-cc-inline-feature-content ccs-cc-inline-feature-description\">\n<h3>Des fonctions de confidentialit\u00e9 pour votre tranquillit\u00e9 d\u2019esprit<\/h3>\n<p>Pr\u00e9servez votre confidentialit\u00e9 gr\u00e2ce \u00e0 un obturateur de cam\u00e9ra impossible \u00e0 pirater et \u00e0 un bouton d\u00e9di\u00e9 de coupure du microphone.<\/p>\n<\/div>\n<\/div>\n<\/div>\n<\/div>\n<div class=\"ccs-cc-inline-section ccs-cc-inline-features ccs-cc-inline-catalogue\" data-elementid=\"inline-content-features[hp]\" data-context=\"{&quot;mobile&quot;:false}\" data-ccs-cc-inline-jumplink=\"Points cl\u00e9s\" data-display-mode=\"noheader\">\n<div class=\"ccs-cc-inline-features-block ccs-cc-inline-single-feature\">\n<div class=\"ccs-cc-inline-feature\" data-type=\"text media\" data-pos=\"left\">\n<div class=\"ccs-cc-inline-feature-content ccs-cc-inline-thumbnail\"><a class=\"ccs-cc-inline-thumbnail-image ccs-cc-inline-thumbnail-media ccs-cc-inline-clickable\" title=\"HP ENVY Laptop 13-ba1001nk agrandir l&#039;image\" href=\"https:\/\/cdn.cs.1worldsync.com\/syndication\/feeds\/hp\/inline-content\/M8\/4\/F\/9\/3\/8\/4F938B29D15AC658EB2BC74CDC99DD4478A66CA7_w_400_hero.jpg\" data-media-type=\"image\" data-caption=\"HP ENVY Laptop 13-ba1001nk\" target=\"_blank\" rel=\"noopener\"><img decoding=\"async\" src=\"https:\/\/cdn.cs.1worldsync.com\/syndication\/feeds\/hp\/inline-content\/M8\/4\/F\/9\/3\/8\/4F938B29D15AC658EB2BC74CDC99DD4478A66CA7_w_400_hero.jpg\" alt=\"HP ENVY Laptop 13-ba1001nk\" data-large=\"\" data-alt-text=\"S'il vous pla\u00eet patienter pendant le chargement du contenu...\" aria-label=\"HP ENVY Laptop 13-ba1001nk\" \/><\/a><\/div>\n<div class=\"ccs-cc-inline-feature-content ccs-cc-inline-feature-description\">\n<h3>Une toute nouvelle perspective<\/h3>\n<p>Windows\u00a011 offre un environnement calme et cr\u00e9atif pour vivre vos passions \u00e0 travers une exp\u00e9rience nouvelle. Depuis la nouvelle version du menu D\u00e9marrer jusqu\u2019aux nouvelles fa\u00e7ons de vous connecter \u00e0 vos contacts, actualit\u00e9s, jeux et contenus pr\u00e9f\u00e9r\u00e9s, Windows\u00a011 est le lieu id\u00e9al pour penser, s\u2019exprimer et cr\u00e9er de mani\u00e8re naturelle.<sup><a id=\"ccs-f1inline-89bd4c\" href=\"https:\/\/www.iris.ma\/13569-ordinateur-portable-hp-envy-13-ba1001nk-601b5ea.html#ccs-ft1inline-89bd4c\" target=\"_blank\" rel=\"noopener\">1<\/a><\/sup><\/p>\n<h3>Une exp\u00e9rience exceptionnelle, o\u00f9 que vous soyez<\/h3>\n<p>Les processeurs Intel<sup>\u00ae<\/sup>\u00a0Core<sup>\u2122<\/sup>\u00a0de 11e\u00a0g\u00e9n\u00e9ration offrent la combinaison parfaite de fonctionnalit\u00e9s pour que vous soyez inarr\u00eatable. Des performances \u00e9lev\u00e9es, une r\u00e9activit\u00e9 instantan\u00e9e et une connectivit\u00e9 haut de gamme vous permettent d\u2019accomplir vos t\u00e2ches rapidement.<sup><a id=\"ccs-f2inline-89bd4c\" href=\"https:\/\/www.iris.ma\/13569-ordinateur-portable-hp-envy-13-ba1001nk-601b5ea.html#ccs-ft2inline-89bd4c\" target=\"_blank\" rel=\"noopener\">2<\/a><\/sup><\/p>\n<h3>\u00c9cran FHD IPS<\/h3>\n<p>Profitez d\u2019images extr\u00eamement nettes, quel que soit l\u2019angle de vision. Avec un grand angle de vision de 178\u00b0 et une r\u00e9solution dynamique de 1 920 x 1 080, vous b\u00e9n\u00e9ficierez toujours d\u2019un affichage remarquable de votre contenu favori.<sup><a id=\"ccs-f3inline-89bd4c\" href=\"https:\/\/www.iris.ma\/13569-ordinateur-portable-hp-envy-13-ba1001nk-601b5ea.html#ccs-ft3inline-89bd4c\" target=\"_blank\" rel=\"noopener\">3<\/a><\/sup><\/p>\n<\/div>\n<\/div>\n<\/div>\n<div class=\"ccs-cc-inline-features-block ccs-cc-inline-single-feature\">\n<div class=\"ccs-cc-inline-feature\" data-type=\"text media\" data-pos=\"right\">\n<div class=\"ccs-cc-inline-feature-content ccs-cc-inline-thumbnail\"><a class=\"ccs-cc-inline-thumbnail-image ccs-cc-inline-thumbnail-media ccs-cc-inline-clickable\" title=\"HP ENVY Laptop 13-ba1001nk agrandir l&#039;image\" href=\"https:\/\/cdn.cs.1worldsync.com\/syndication\/feeds\/hp\/inline-content\/M8\/9\/1\/B\/5\/4\/91B54B97A921456772A77C91E0069713E8415616_w_400_hero.jpg\" data-media-type=\"image\" data-caption=\"HP ENVY Laptop 13-ba1001nk\" target=\"_blank\" rel=\"noopener\"><img decoding=\"async\" src=\"https:\/\/cdn.cs.1worldsync.com\/syndication\/feeds\/hp\/inline-content\/M8\/9\/1\/B\/5\/4\/91B54B97A921456772A77C91E0069713E8415616_w_400_hero.jpg\" alt=\"HP ENVY Laptop 13-ba1001nk\" data-large=\"\" data-alt-text=\"S'il vous pla\u00eet patienter pendant le chargement du contenu...\" aria-label=\"HP ENVY Laptop 13-ba1001nk\" \/><\/a><\/div>\n<div class=\"ccs-cc-inline-feature-content ccs-cc-inline-feature-description\">\n<h3>100% sRVB<\/h3>\n<p>Pr\u00e9sentez vos cr\u00e9ations dans toutes leurs couleurs sur l\u2019\u00e9cran 100 % sRGB pour une pr\u00e9cision et une nettet\u00e9 des couleurs optimales.<\/p>\n<h3>Facilit\u00e9 de connexion<\/h3>\n<p>Profitez d&rsquo;une exp\u00e9rience sans fil plus fluide avec une combinaison de Wi-Fi CERTIFIED 6<sup>\u2122<\/sup>\u00a0et de Bluetooth<sup>\u00ae<\/sup>\u00a05.0, toutes vos connexions sont robustes et jusqu&rsquo;\u00e0 trois fois plus rapides que le transfert de fichiers Wi-Fi 5.<\/p>\n<h3>Cam\u00e9ra HD HP Wide Vision<\/h3>\n<p>Gr\u00e2ce \u00e0 un champ de vision grand-angle de 88 degr\u00e9s, vous pouvez lancer des conversations vid\u00e9o avec toute votre famille ou avec un groupe d\u2019amis avec un affichage d\u2019une incroyable nettet\u00e9.<\/p>\n<\/div>\n<\/div>\n<\/div>\n<\/div>\n<div class=\"ccs-cc-inline-section ccs-cc-inline-features ccs-cc-inline-key-specs\" data-elementid=\"inline-content-features[hp]\" data-context=\"{&quot;mobile&quot;:false}\" data-ccs-cc-inline-jumplink=\"Key Specifications\" data-display-mode=\"noheader\">\n<div class=\"ccs-cc-inline-features-block\">\n<div class=\"ccs-cc-inline-feature\" data-columns=\"3\">\n<div class=\"ccs-cc-inline-feature-column\">\n<div class=\"ccs-cc-inline-feature-content ccs-cc-inline-feature-description\">\n<h4>Display<\/h4>\n<p>\u00c9cran Full HD d\u2019une diagonale de 33,8 cm (13,3 pouces)<\/p>\n<\/div>\n<div class=\"ccs-cc-inline-feature-content ccs-cc-inline-feature-description\">\n<h4>Hard drives<\/h4>\n<p>512 Go Disque SSD<\/p>\n<\/div>\n<\/div>\n<div class=\"ccs-cc-inline-feature-column\">\n<div class=\"ccs-cc-inline-feature-content ccs-cc-inline-feature-description\">\n<h4>Processeur<\/h4>\n<p>Intel<sup>\u00ae<\/sup>\u00a0Core<sup>\u2122<\/sup>\u00a0i7 1165G7<\/p>\n<\/div>\n<div class=\"ccs-cc-inline-feature-content ccs-cc-inline-feature-description\">\n<h4>Graphics<\/h4>\n<p>Carte graphique Intel<sup>\u00ae<\/sup>\u00a0Iris<sup>\u00ae<\/sup>\u00a0X\u1d49<\/p>\n<\/div>\n<\/div>\n<div class=\"ccs-cc-inline-feature-column\">\n<div class=\"ccs-cc-inline-feature-content ccs-cc-inline-feature-description\">\n<h4>M\u00e9moire<\/h4>\n<p>16 Go DDR4<\/p>\n<\/div>\n<div class=\"ccs-cc-inline-feature-content ccs-cc-inline-feature-description\">\n<h4>Connectivit\u00e9 standard<\/h4>\n<p>Intel<sup>\u00ae<\/sup>\u00a0Wi-Fi 6 AX201<\/p>\n<\/div>\n<\/div>\n<\/div>\n<\/div>\n<\/div>\n<div id=\"specification-89bd4c\" class=\"ccs-cc-inline-section ccs-cc-inline-specifications ccs-cc-inline-full-specs\" data-elementid=\"inline-content-specifications[hp]\" data-context=\"{&quot;mobile&quot;:false}\" data-ccs-cc-inline-jumplink=\"Sp\u00e9cifications\" data-display-mode=\"noheader\">\n<div class=\"ccs-cc-inline-acc-header-container\"><span class=\"ccs-cc-inline-acc-header\" title=\"\" data-ccs-cc-inline-acc-state=\"expanded\" aria-expanded=\"true\" aria-label=\" Afficher moins de d\u00e9tails\">-Afficher moins de d\u00e9tails<\/span><\/div>\n<div class=\"ccs-cc-inline-acc-content\">\n<table>\n<tbody>\n<tr class=\"ccs-cc-inline-specs-row\">\n<th class=\"ccs-cc-inline-specification-attribute\" scope=\"row\">Syst\u00e8me d&rsquo;exploitation<\/th>\n<td>Windows 11 \u00c9dition Familiale unilingue<\/td>\n<\/tr>\n<tr class=\"ccs-cc-inline-specs-row\">\n<th class=\"ccs-cc-inline-specification-attribute\" scope=\"row\">M\u00e9moire<\/th>\n<td>16 Go de m\u00e9moire RAM DDR4-2933 MHz (int\u00e9gr\u00e9e)<\/td>\n<\/tr>\n<tr class=\"ccs-cc-inline-specs-row\">\n<th class=\"ccs-cc-inline-specification-attribute\" scope=\"row\">Note de m\u00e9moire<\/th>\n<td>Taux de transfert pouvant atteindre 2933 MT\/s.<\/td>\n<\/tr>\n<tr class=\"ccs-cc-inline-specs-row\">\n<th class=\"ccs-cc-inline-specification-attribute\" scope=\"row\">M\u00e9moire interne<\/th>\n<td>Disque SSD PCIe<sup>\u00ae<\/sup>\u00a0NVMe<sup>\u2122<\/sup>\u00a0M.2 512 Go<\/td>\n<\/tr>\n<tr class=\"ccs-cc-inline-specs-row\">\n<th class=\"ccs-cc-inline-specification-attribute\" scope=\"row\">Type de stockage<\/th>\n<td>Disque SSD<\/td>\n<\/tr>\n<tr class=\"ccs-cc-inline-specs-row\">\n<th class=\"ccs-cc-inline-specification-attribute\" scope=\"row\">Lecteur optique<\/th>\n<td>Lecteur optique non fourni<\/td>\n<\/tr>\n<tr class=\"ccs-cc-inline-specs-row\">\n<th class=\"ccs-cc-inline-specification-attribute\" scope=\"row\">Service Cloud<\/th>\n<td>25\u00a0Go d\u2019espace Dropbox pendant 12\u00a0mois<\/td>\n<\/tr>\n<tr class=\"ccs-cc-inline-specs-row\">\n<th class=\"ccs-cc-inline-specification-attribute\" scope=\"row\">Processeur<\/th>\n<td>Processeur Intel<sup>\u00ae<\/sup>\u00a0Core<sup>\u2122<\/sup>\u00a0i7-1165G7 (jusqu\u2019\u00e0 4,7 GHz avec la technologie Intel<sup>\u00ae<\/sup>\u00a0Turbo Boost, 12\u00a0Mo de m\u00e9moire cache L3, 4 c\u0153urs, 8 fils)<\/td>\n<\/tr>\n<tr class=\"ccs-cc-inline-specs-row\">\n<th class=\"ccs-cc-inline-specification-attribute\" scope=\"row\">Famille de processeurs<\/th>\n<td>processeur Intel<sup>\u00ae<\/sup>\u00a0Core<sup>\u2122<\/sup>\u00a0i7 de 11e\u00a0g\u00e9n\u00e9ration<\/td>\n<\/tr>\n<tr class=\"ccs-cc-inline-specs-row\">\n<th class=\"ccs-cc-inline-specification-attribute\" scope=\"row\">Chipset<\/th>\n<td>Carte Intel<sup>\u00ae<\/sup>\u00a0int\u00e9gr\u00e9e<\/td>\n<\/tr>\n<tr class=\"ccs-cc-inline-specs-row\">\n<th class=\"ccs-cc-inline-specification-attribute\" scope=\"row\">Poids<\/th>\n<td>1,30 kg<\/td>\n<\/tr>\n<tr class=\"ccs-cc-inline-specs-row\">\n<th class=\"ccs-cc-inline-specification-attribute\" scope=\"row\">Taille de l&rsquo;\u00e9cran (diagonale)<\/th>\n<td>33,8 cm (13,3\u00a0pouces)<\/td>\n<\/tr>\n<tr class=\"ccs-cc-inline-specs-row\">\n<th class=\"ccs-cc-inline-specification-attribute\" scope=\"row\">Ecran<\/th>\n<td>\u00c9cran Full HD de 33,8 cm (13,3 pouces) de diagonale (1920 x 1080), IPS, verre bord \u00e0 bord, micro-bords, 400 nits, 100 % sRGB<\/td>\n<\/tr>\n<tr class=\"ccs-cc-inline-specs-row\">\n<th class=\"ccs-cc-inline-specification-attribute\" scope=\"row\">\u00c9cran tactile<\/th>\n<td>Non<\/td>\n<\/tr>\n<tr class=\"ccs-cc-inline-specs-row\">\n<th class=\"ccs-cc-inline-specification-attribute\" scope=\"row\">Rapport \u00e9cran\/bo\u00eetier (sans haut-parleurs)<\/th>\n<td>88%<\/td>\n<\/tr>\n<tr class=\"ccs-cc-inline-specs-row\">\n<th class=\"ccs-cc-inline-specification-attribute\" scope=\"row\">Gamme de couleurs<\/th>\n<td>100% sRGB<\/td>\n<\/tr>\n<tr class=\"ccs-cc-inline-specs-row\">\n<th class=\"ccs-cc-inline-specification-attribute\" scope=\"row\">Luminosit\u00e9<\/th>\n<td>400 nits<\/td>\n<\/tr>\n<tr class=\"ccs-cc-inline-specs-row\">\n<th class=\"ccs-cc-inline-specification-attribute\" scope=\"row\">Dimensions minimales (L x P x H)<\/th>\n<td>30,65 x 19,46 x 1,69 cm<\/td>\n<\/tr>\n<tr class=\"ccs-cc-inline-specs-row\">\n<th class=\"ccs-cc-inline-specification-attribute\" scope=\"row\">Graphiques<\/th>\n<td>Int\u00e9gr\u00e9<\/td>\n<\/tr>\n<tr class=\"ccs-cc-inline-specs-row\">\n<th class=\"ccs-cc-inline-specification-attribute\" scope=\"row\">Carte graphique (int\u00e9gr\u00e9e)<\/th>\n<td>Carte graphique Intel<sup>\u00ae<\/sup>\u00a0Iris<sup>\u00ae<\/sup>\u00a0X\u1d49<\/td>\n<\/tr>\n<tr class=\"ccs-cc-inline-specs-row\">\n<th class=\"ccs-cc-inline-specification-attribute\" scope=\"row\">Type de batterie<\/th>\n<td>Batterie Li-ion polym\u00e8re 3 cellules 51 Wh<\/td>\n<\/tr>\n<tr class=\"ccs-cc-inline-specs-row\">\n<th class=\"ccs-cc-inline-specification-attribute\" scope=\"row\">Autonomie de la batterie<\/th>\n<td>Jusqu&rsquo;\u00e0 13 heures<\/td>\n<\/tr>\n<tr class=\"ccs-cc-inline-specs-row\">\n<th class=\"ccs-cc-inline-specification-attribute\" scope=\"row\">Temps de charge de la batterie<\/th>\n<td>Prend en charge la technologie de charge rapide de la batterie : environ 50% en 30\u00a0minutes<\/td>\n<\/tr>\n<tr class=\"ccs-cc-inline-specs-row\">\n<th class=\"ccs-cc-inline-specification-attribute\" scope=\"row\">Type d&rsquo;alimentation \u00e9lectrique<\/th>\n<td>Adaptateur secteur 65 W<\/td>\n<\/tr>\n<tr class=\"ccs-cc-inline-specs-row\">\n<th class=\"ccs-cc-inline-specification-attribute\" scope=\"row\">Webcam<\/th>\n<td>Cam\u00e9ra HP Wide Vision HD 720p avec obturateur de cam\u00e9ra et microphones num\u00e9riques \u00e0 double entr\u00e9e int\u00e9gr\u00e9e<\/td>\n<\/tr>\n<tr class=\"ccs-cc-inline-specs-row\">\n<th class=\"ccs-cc-inline-specification-attribute\" scope=\"row\">Clavier<\/th>\n<td>Clavier argent naturel, r\u00e9tro\u00e9clair\u00e9, de grande taille<\/td>\n<\/tr>\n<tr class=\"ccs-cc-inline-specs-row\">\n<th class=\"ccs-cc-inline-specification-attribute\" scope=\"row\">P\u00e9riph\u00e9rique de pointage<\/th>\n<td>HP Imagepad avec prise en charge des gestes multipoints<br \/>\nPrise en charge du pav\u00e9 tactile touchpad Precision<\/td>\n<\/tr>\n<tr class=\"ccs-cc-inline-specs-row\">\n<th class=\"ccs-cc-inline-specification-attribute\" scope=\"row\">Fonctions audio<\/th>\n<td>Syst\u00e8me audio Bang &amp; Olufsen<br \/>\nDoubles haut-parleurs<br \/>\nHP Audio Boost<\/td>\n<\/tr>\n<tr class=\"ccs-cc-inline-specs-row\">\n<th class=\"ccs-cc-inline-specification-attribute\" scope=\"row\">Logements d&rsquo;extension<\/th>\n<td>1 lecteur de cartes microSD<\/td>\n<\/tr>\n<tr class=\"ccs-cc-inline-specs-row\">\n<th class=\"ccs-cc-inline-specification-attribute\" scope=\"row\">Ports<\/th>\n<td>1\u00a0port Thunderbolt<sup>\u2122<\/sup>\u00a04 avec USB4<sup>\u2122<\/sup>\u00a0Type-C<sup>\u00ae<\/sup>, vitesse de transfert 40\u00a0Gbit\/s (alimentation USB, DisplayPort<sup>\u2122<\/sup>\u00a01.4, HP\u00a0Veille et Charge)<br \/>\n1\u00a0port USB Type-A SuperSpeed, vitesse de transfert 5\u00a0Gbit\/s (HP\u00a0Veille et Charge)<br \/>\n1\u00a0port USB Type-A SuperSpeed, vitesse de transfert de 5\u00a0Gbit\/s<br \/>\n1\u00a0prise adaptateur secteur Smart Pin<br \/>\n1\u00a0prise combin\u00e9e casque\/microphone<sup>18<\/sup><sup>19<\/sup><\/td>\n<\/tr>\n<tr class=\"ccs-cc-inline-specs-row\">\n<th class=\"ccs-cc-inline-specification-attribute\" scope=\"row\">Sans fil<\/th>\n<td>Carte combin\u00e9e Intel<sup>\u00ae<\/sup>\u00a0Wi-Fi 6 AX201 (2&#215;2) et Bluetooth<sup>\u00ae<\/sup>\u00a05 (prise en charge de taux de donn\u00e9es en Gigabits)<sup>6<\/sup><sup><a id=\"ccs-f7inline-89bd4c\" href=\"https:\/\/www.iris.ma\/13569-ordinateur-portable-hp-envy-13-ba1001nk-601b5ea.html#ccs-ft7inline-89bd4c\" target=\"_blank\" rel=\"noopener\">7<\/a><\/sup><sup>8<\/sup><sup>20<\/sup><\/td>\n<\/tr>\n<tr class=\"ccs-cc-inline-specs-row\">\n<th class=\"ccs-cc-inline-specification-attribute\" scope=\"row\">Gestion de la s\u00e9curit\u00e9<\/th>\n<td>Clavier tout-en-un<br \/>\nPrise en charge du Trusted Platform Module (micrologiciel TPM)<\/td>\n<\/tr>\n<tr class=\"ccs-cc-inline-specs-row\">\n<th class=\"ccs-cc-inline-specification-attribute\" scope=\"row\">Lecteur d\u2019empreintes digitales<\/th>\n<td>Fingerprint reader<\/td>\n<\/tr>\n<tr class=\"ccs-cc-inline-specs-row\">\n<th class=\"ccs-cc-inline-specification-attribute\" scope=\"row\">P\u00e9riph\u00e9riques d&rsquo;entr\u00e9e<\/th>\n<td>capteur thermique IR<\/td>\n<\/tr>\n<tr class=\"ccs-cc-inline-specs-row\">\n<th class=\"ccs-cc-inline-specification-attribute\" scope=\"row\">Couleur produit<\/th>\n<td>Aluminium argent naturel<\/td>\n<\/tr>\n<tr class=\"ccs-cc-inline-specs-row\">\n<th class=\"ccs-cc-inline-specification-attribute\" scope=\"row\">Labels \u00e9cologiques<\/th>\n<td>Homologu\u00e9 EPEAT<sup>\u00ae<\/sup><sup>21<\/sup><\/td>\n<\/tr>\n<tr class=\"ccs-cc-inline-specs-row\">\n<th class=\"ccs-cc-inline-specification-attribute\" scope=\"row\">Logiciels fournis<\/th>\n<td>McAfee LiveSafe<sup>\u2122<\/sup><sup>22<\/sup><\/td>\n<\/tr>\n<tr class=\"ccs-cc-inline-specs-row\">\n<th class=\"ccs-cc-inline-specification-attribute\" scope=\"row\">Logiciels pr\u00e9install\u00e9s<\/th>\n<td>ExpressVPN (30 jours d\u2019essai gratuit)<br \/>\nLastPass Premium (30 jours d\u2019essai gratuit)<sup>23<\/sup><\/td>\n<\/tr>\n<tr class=\"ccs-cc-inline-specs-row\">\n<th class=\"ccs-cc-inline-specification-attribute\" scope=\"row\">Logiciels &#8211; productivit\u00e9 et finance<\/th>\n<td>Version d&rsquo;essai de 1 mois pour les nouveaux clients de Microsoft 365<sup>24<\/sup><\/td>\n<\/tr>\n<tr class=\"ccs-cc-inline-specs-row\">\n<th class=\"ccs-cc-inline-specification-attribute\" scope=\"row\">Garantie<\/th>\n<td>Cette garantie limit\u00e9e valable 1 an (1\/1\/0) couvre les pi\u00e8ces et la main d\u2019\u0153uvre pendant 1 an. Pas de r\u00e9paration sur site. Les conditions g\u00e9n\u00e9rales varient selon le pays. Certaines restrictions et exclusions s\u2019appliquent.<\/td>\n<\/tr>\n<\/tbody>\n<\/table>\n<\/div>\n<\/div>\n<div class=\"ccs-cc-inline-section ccs-cc-inline-features ccs-cc-inline-ports\" data-elementid=\"inline-content-features[hp]\" data-context=\"{&quot;mobile&quot;:false}\" data-ccs-cc-inline-jumplink=\"Ports\" data-display-mode=\"noheader\">\n<div class=\"ccs-cc-inline-features-block ccs-cc-inline-single-feature\">\n<div class=\"ccs-cc-inline-feature ccs-cc-inline-feature-ports\">\n<div class=\"ccs-cc-inline-feature-content ccs-cc-inline-thumbnail\"><img decoding=\"async\" src=\"https:\/\/cdn.cs.1worldsync.com\/syndication\/feeds\/hp\/inline-content\/M8\/A\/C\/2\/0\/2\/AC20223B45B01F52F271C0585CE6B75E71A49E73_w_400_hero.jpg\" \/><\/div>\n<div class=\"ccs-cc-inline-feature-content ccs-cc-inline-feature-description\">\n<div class=\"\">\n<h3>Ports<\/h3>\n<p>1\u00a0port Thunderbolt<sup>\u2122<\/sup>\u00a04 avec USB4<sup>\u2122<\/sup>\u00a0Type-C<sup>\u00ae<\/sup>, vitesse de transfert 40\u00a0Gbit\/s (alimentation USB, DisplayPort<sup>\u2122<\/sup>\u00a01.4, HP\u00a0Veille et Charge)<\/p>\n<p>1\u00a0port USB Type-A SuperSpeed, vitesse de transfert 5\u00a0Gbit\/s (HP\u00a0Veille et Charge)<\/p>\n<p>1\u00a0port USB Type-A SuperSpeed, vitesse de transfert de 5\u00a0Gbit\/s<\/p>\n<p>1\u00a0prise adaptateur secteur Smart Pin<\/p>\n<p>1\u00a0prise combin\u00e9e casque\/microphone<sup>18<\/sup><sup>19<\/sup><\/p>\n<\/div>\n<\/div>\n<\/div>\n<\/div>\n<\/div>\n","protected":false},"excerpt":{"rendered":"<p>Intel\u00ae Core\u2122 i7-1165G7 (jusqu\u2019\u00e0 4,7 GHz avec la technologie Intel\u00ae Turbo Boost, 12\u00a0Mo de m\u00e9moire cache L3, 4 c\u0153urs, 8 fils)<br \/>\nRAM: 16 Go de m\u00e9moire RAM DDR4-2933 MHz (int\u00e9gr\u00e9e)<br \/>\nDisque dur: Disque SSD PCIe\u00ae NVMe\u2122 M.2 512 Go<br \/>\n\u00c9cran: Full HD de 33,8 cm (13,3 pouces) de diagonale (1920 x 1080),\u00a0IPS, verre bord \u00e0 bord, micro-bords, 400 nits, 100 % sRGB<br \/>\nCarte graphique: Int\u00e9gr\u00e9<br \/>\nWindows 11 Famille<br \/>\nClavier: Argent naturel, r\u00e9tro\u00e9clair\u00e9, de grande taille, Fran\u00e7ais (AZERTY)<br \/>\nPoids: 1,30<\/p>\n","protected":false},"featured_media":11434,"template":"","meta":[],"product_brand":[],"product_cat":[299],"product_tag":[],"class_list":{"0":"post-11431","1":"product","2":"type-product","3":"status-publish","4":"has-post-thumbnail","6":"product_cat-ordinateurs-portables","8":"first","9":"instock","10":"taxable","11":"shipping-taxable","12":"purchasable","13":"product-type-simple"},"_links":{"self":[{"href":"https:\/\/maisonmpi.com\/shop\/wp-json\/wp\/v2\/product\/11431","targetHints":{"allow":["GET"]}}],"collection":[{"href":"https:\/\/maisonmpi.com\/shop\/wp-json\/wp\/v2\/product"}],"about":[{"href":"https:\/\/maisonmpi.com\/shop\/wp-json\/wp\/v2\/types\/product"}],"version-history":[{"count":2,"href":"https:\/\/maisonmpi.com\/shop\/wp-json\/wp\/v2\/product\/11431\/revisions"}],"predecessor-version":[{"id":11441,"href":"https:\/\/maisonmpi.com\/shop\/wp-json\/wp\/v2\/product\/11431\/revisions\/11441"}],"wp:featuredmedia":[{"embeddable":true,"href":"https:\/\/maisonmpi.com\/shop\/wp-json\/wp\/v2\/media\/11434"}],"wp:attachment":[{"href":"https:\/\/maisonmpi.com\/shop\/wp-json\/wp\/v2\/media?parent=11431"}],"wp:term":[{"taxonomy":"product_brand","embeddable":true,"href":"https:\/\/maisonmpi.com\/shop\/wp-json\/wp\/v2\/product_brand?post=11431"},{"taxonomy":"product_cat","embeddable":true,"href":"https:\/\/maisonmpi.com\/shop\/wp-json\/wp\/v2\/product_cat?post=11431"},{"taxonomy":"product_tag","embeddable":true,"href":"https:\/\/maisonmpi.com\/shop\/wp-json\/wp\/v2\/product_tag?post=11431"}],"curies":[{"name":"wp","href":"https:\/\/api.w.org\/{rel}","templated":true}]}}