{"id":11551,"date":"2025-01-18T14:12:25","date_gmt":"2025-01-18T14:12:25","guid":{"rendered":"https:\/\/maisonmpi.com\/shop\/?post_type=product&#038;p=11551"},"modified":"2025-01-18T14:55:39","modified_gmt":"2025-01-18T14:55:39","slug":"projecteur-optoma-s336-uk-dlp-noir","status":"publish","type":"product","link":"https:\/\/maisonmpi.com\/shop\/produit\/projecteur-optoma-s336-uk-dlp-noir\/","title":{"rendered":"Projecteur Optoma S336 UK DLP noir"},"content":{"rendered":"<h2><a id=\"specifications\"><\/a>Sp\u00e9cifications<\/h2>\n<h3 id=\"react-collapsed-toggle-:r6:\" tabindex=\"0\" role=\"button\" aria-controls=\"react-collapsed-panel-:r6:\" aria-expanded=\"true\">Affichage\/image<\/h3>\n<section id=\"react-collapsed-panel-:r6:\" role=\"region\" aria-hidden=\"false\">\n<table>\n<tbody>\n<tr>\n<td>Technologie d&rsquo;affichage<\/td>\n<td>\n<div>DLP\u2122<\/div>\n<\/td>\n<\/tr>\n<tr>\n<td>R\u00e9solution native<\/td>\n<td>\n<div>SVGA (800&#215;600)<\/div>\n<\/td>\n<\/tr>\n<tr>\n<td>Luminosit\u00e9<\/td>\n<td>\n<div>4\u00a0000 lumens<\/div>\n<\/td>\n<\/tr>\n<tr>\n<td>Contraste<\/td>\n<td>\n<div>25\u00a0000:1<\/div>\n<\/td>\n<\/tr>\n<tr>\n<td>Affichage (natif)<\/td>\n<td>\n<div>4:3<\/div>\n<\/td>\n<\/tr>\n<tr>\n<td>Affichage compatible<\/td>\n<td>\n<div>16:9<\/div>\n<\/td>\n<\/tr>\n<tr>\n<td>Correction trap\u00e8ze &#8211; verticale<\/td>\n<td>\n<div>+\/-40\u00b0<\/div>\n<\/td>\n<\/tr>\n<tr>\n<td>Fr\u00e9quence de balayage horizontal<\/td>\n<td>\n<div>15.38 ~ 91.15Khz<\/div>\n<\/td>\n<\/tr>\n<tr>\n<td>Fr\u00e9quence de balayage vertical<\/td>\n<td>\n<div>50 ~ 85(120 for 3D)Hz<\/div>\n<\/td>\n<\/tr>\n<tr>\n<td>Uniformit\u00e9<\/td>\n<td>\n<div>75%<\/div>\n<\/td>\n<\/tr>\n<tr>\n<td>Taille d&rsquo;\u00e9cran<\/td>\n<td>\n<div>0.71m ~ 7.73m (27.78&Prime; ~ 304.4&Prime;) diagonale<\/div>\n<\/td>\n<\/tr>\n<\/tbody>\n<\/table>\n<\/section>\n<h3 id=\"react-collapsed-toggle-:r7:\" tabindex=\"0\" role=\"button\" aria-controls=\"react-collapsed-panel-:r7:\" aria-expanded=\"true\">Lampe (Infos)<\/h3>\n<section id=\"react-collapsed-panel-:r7:\" role=\"region\" aria-hidden=\"false\">\n<table>\n<tbody>\n<tr>\n<td>Source lumineuse<\/td>\n<td>\n<div>Lampe<\/div>\n<\/td>\n<\/tr>\n<tr>\n<td>Lampe watts<\/td>\n<td>\n<div>203<\/div>\n<\/td>\n<\/tr>\n<tr>\n<td>Dur\u00e9e de vie de la lampe (hrs)<\/td>\n<td>\n<div>6000 (Lumineux), 12000 (Dynamique), 10000 (Eco), 15000 (Eco+)<\/div>\n<\/td>\n<\/tr>\n<\/tbody>\n<\/table>\n<\/section>\n<h3 id=\"react-collapsed-toggle-:r8:\" tabindex=\"0\" role=\"button\" aria-controls=\"react-collapsed-panel-:r8:\" aria-expanded=\"true\">Optique<\/h3>\n<section id=\"react-collapsed-panel-:r8:\" role=\"region\" aria-hidden=\"false\">\n<table>\n<tbody>\n<tr>\n<td>Rapport de projection<\/td>\n<td>\n<div>1.94:1 ~ 2.16:1<\/div>\n<\/td>\n<\/tr>\n<tr>\n<td>Distance de projection (m)<\/td>\n<td>\n<div>1m &#8211; 12m<\/div>\n<\/td>\n<\/tr>\n<tr>\n<td>Zoom<\/td>\n<td>\n<div>1.1<\/div>\n<\/td>\n<\/tr>\n<tr>\n<td>Type de zoom<\/td>\n<td>\n<div>Manuel<\/div>\n<\/td>\n<\/tr>\n<tr>\n<td>Longueur de la focale (mm)<\/td>\n<td>\n<div>21.85 mm~24mm\/0.86&Prime;~0.945&Prime;<\/div>\n<\/td>\n<\/tr>\n<tr>\n<td>Offset natif<\/td>\n<td>\n<div>115%<\/div>\n<\/td>\n<\/tr>\n<\/tbody>\n<\/table>\n<\/section>\n<h3 id=\"react-collapsed-toggle-:r9:\" tabindex=\"0\" role=\"button\" aria-controls=\"react-collapsed-panel-:r9:\" aria-expanded=\"true\">Connectivit\u00e9<\/h3>\n<section id=\"react-collapsed-panel-:r9:\" role=\"region\" aria-hidden=\"false\">\n<table>\n<tbody>\n<tr>\n<td>Connectiques (Entr\u00e9es\/Sorties)<\/td>\n<td>\n<div>\n<table class=\"product-specifications\">\n<tbody>\n<tr>\n<td><strong>Entr\u00e9es<\/strong>\u00a01 x HDMI 1.4a 3D support, 1 x VGA (YPbPr\/RGB), 1 x Composite vid\u00e9o, 1 x Audio 3.5mm<\/td>\n<\/tr>\n<tr>\n<td><strong>Sorties<\/strong>\u00a01 x Audio 3.5mm, 1 x USB-A power 1A<\/td>\n<\/tr>\n<\/tbody>\n<\/table>\n<\/div>\n<\/td>\n<\/tr>\n<\/tbody>\n<\/table>\n<\/section>\n<h3 id=\"react-collapsed-toggle-:ra:\" tabindex=\"0\" role=\"button\" aria-controls=\"react-collapsed-panel-:ra:\" aria-expanded=\"true\">G\u00e9n\u00e9ral<\/h3>\n<section id=\"react-collapsed-panel-:ra:\" role=\"region\" aria-hidden=\"false\">\n<table>\n<tbody>\n<tr>\n<td>Niveau sonore (min)<\/td>\n<td>\n<div>27dB<\/div>\n<\/td>\n<\/tr>\n<tr>\n<td>Niveau sonore (max)<\/td>\n<td>\n<div>29db<\/div>\n<\/td>\n<\/tr>\n<tr>\n<td>Compatibilit\u00e9 PC<\/td>\n<td>\n<div>FHD, UXGA, SXGA, WXGA, HD, XGA, SVGA, VGA, Mac<\/div>\n<\/td>\n<\/tr>\n<tr>\n<td>Compatibilit\u00e9 2D<\/td>\n<td>\n<div>NTSC M\/J, 3.58MHz, 4.43MHz PAL B\/D\/G\/H\/I\/M\/N, 4,43MHz SECAM B\/D\/G\/K\/K1\/L, 4.25\/4.4MHz 480i\/p, 576i\/p, 720p(50\/60Hz), 1080i(50\/60Hz), 1080p(50\/60Hz)<\/div>\n<\/td>\n<\/tr>\n<tr>\n<td>Compatibilit\u00e9 3D<\/td>\n<td>\n<div>Side-by-Side:1080i50 \/ 60, 720p50 \/ 60 Frame-pack: 1080p24, 720p50 \/ 60 Over-Under: 1080p24, 720p50 \/ 60<\/div>\n<\/td>\n<\/tr>\n<tr>\n<td>3D<\/td>\n<td>\n<div>Full 3D<\/div>\n<\/td>\n<\/tr>\n<tr>\n<td>S\u00e9curit\u00e9<\/td>\n<td>\n<div>Barre de s\u00e9curit\u00e9, Encoche Kensington, Protection par mot de passe<\/div>\n<\/td>\n<\/tr>\n<tr>\n<td>OSD \/ Affichage des langues<\/td>\n<td>\n<div>25 Langues: Arabe, Tch\u00e8que, Norv\u00e9gien\/Danois, N\u00e9erlandais, Anglais, Farsi, Finnois, Fran\u00e7ais, Allemand, Grec, Hongrois, Indon\u00e9sien, Italien, Japonais, Norv\u00e9gien, Polonais, Portugais, Roumain, Russe, Chinois Simplifi\u00e9, Espagnol, Su\u00e9dois, Chinois Traditionnel, Turque, Vietnamien<\/div>\n<\/td>\n<\/tr>\n<tr>\n<td>Conditions de fonctionnement<\/td>\n<td>\n<div>5\u00b0C~40\u00b0C\/41\u00b0F~104\u00b0F, max altitude 3000M\/9843ft, max humidity 85%<\/div>\n<\/td>\n<\/tr>\n<tr>\n<td>T\u00e9l\u00e9commande<\/td>\n<td>\n<div>Taille d&rsquo;une carte de cr\u00e9dit<\/div>\n<\/td>\n<\/tr>\n<tr>\n<td>Nombre de haut-parleurs<\/td>\n<td>\n<div>1<\/div>\n<\/td>\n<\/tr>\n<tr>\n<td>Haut-parleur (Watts)<\/td>\n<td>\n<div>10W<\/div>\n<\/td>\n<\/tr>\n<tr>\n<td>Contenu de la bo\u00eete<\/td>\n<td>\n<div>C\u00e2ble d&rsquo;alimentation<br \/>\nT\u00e9l\u00e9commande<br \/>\nPiles<br \/>\nManuel utilisateur basique<\/div>\n<\/td>\n<\/tr>\n<tr>\n<td>Mod\u00e8les sans fil en option<\/td>\n<td>\n<div>HDCast Pro, QuickCast Bundle, WHD200<\/div>\n<\/td>\n<\/tr>\n<\/tbody>\n<\/table>\n<\/section>\n<h3 id=\"react-collapsed-toggle-:rb:\" tabindex=\"0\" role=\"button\" aria-controls=\"react-collapsed-panel-:rb:\" aria-expanded=\"true\">Puissance<\/h3>\n<section id=\"react-collapsed-panel-:rb:\" role=\"region\" aria-hidden=\"false\">\n<table>\n<tbody>\n<tr>\n<td>Alimentation<\/td>\n<td>\n<div>100 ~ 240V, 50 ~ 60Hz<\/div>\n<\/td>\n<\/tr>\n<tr>\n<td>Consommation \u00e9nerg\u00e9tique (veille)<\/td>\n<td>\n<div>0.5W<\/div>\n<\/td>\n<\/tr>\n<tr>\n<td>Consommation \u00e9nerg\u00e9tique (min)<\/td>\n<td>\n<div>187W<\/div>\n<\/td>\n<\/tr>\n<tr>\n<td>Consommation \u00e9nerg\u00e9tique (max)<\/td>\n<td>\n<div>225W<\/div>\n<\/td>\n<\/tr>\n<\/tbody>\n<\/table>\n<\/section>\n<h3 id=\"react-collapsed-toggle-:rc:\" tabindex=\"0\" role=\"button\" aria-controls=\"react-collapsed-panel-:rc:\" aria-expanded=\"true\">Poids et dimensions<\/h3>\n<section id=\"react-collapsed-panel-:rc:\" role=\"region\" aria-hidden=\"false\">\n<table>\n<tbody>\n<tr>\n<td>Dimensions (LxPxH)<\/td>\n<td>\n<div>316 x 244 x 108mm<\/div>\n<\/td>\n<\/tr>\n<tr>\n<td>Poids brut<\/td>\n<td>\n<div>3.56 kg<\/div>\n<\/td>\n<\/tr>\n<tr>\n<td>Poids net<\/td>\n<td>\n<div>3.02 kg<\/div>\n<\/td>\n<\/tr>\n<\/tbody>\n<\/table>\n<\/section>\n","protected":false},"excerpt":{"rendered":"<ul class=\"product-attributes-featured product-feature-bullets\">\n<li>Luminosit\u00e9 de 4000 lumens<\/li>\n<li>R\u00e9solution native SVGA (800 x 600)<\/li>\n<li>Rapport de projection de 1,94 \u00e0 2,16:1<\/li>\n<li>Entr\u00e9es HDMI et VGA<\/li>\n<li>Entr\u00e9e et sortie audio analogiques<\/li>\n<li>Haut-parleur int\u00e9gr\u00e9 de 10 watts<\/li>\n<li>T\u00e9l\u00e9commande IR<\/li>\n<\/ul>\n","protected":false},"featured_media":11571,"template":"","meta":[],"product_brand":[],"product_cat":[306],"product_tag":[],"class_list":{"0":"post-11551","1":"product","2":"type-product","3":"status-publish","4":"has-post-thumbnail","6":"product_cat-video-projecteur-visioconference","8":"first","9":"instock","10":"downloadable","11":"taxable","12":"shipping-taxable","13":"purchasable","14":"product-type-simple"},"_links":{"self":[{"href":"https:\/\/maisonmpi.com\/shop\/wp-json\/wp\/v2\/product\/11551","targetHints":{"allow":["GET"]}}],"collection":[{"href":"https:\/\/maisonmpi.com\/shop\/wp-json\/wp\/v2\/product"}],"about":[{"href":"https:\/\/maisonmpi.com\/shop\/wp-json\/wp\/v2\/types\/product"}],"version-history":[{"count":1,"href":"https:\/\/maisonmpi.com\/shop\/wp-json\/wp\/v2\/product\/11551\/revisions"}],"predecessor-version":[{"id":11574,"href":"https:\/\/maisonmpi.com\/shop\/wp-json\/wp\/v2\/product\/11551\/revisions\/11574"}],"wp:featuredmedia":[{"embeddable":true,"href":"https:\/\/maisonmpi.com\/shop\/wp-json\/wp\/v2\/media\/11571"}],"wp:attachment":[{"href":"https:\/\/maisonmpi.com\/shop\/wp-json\/wp\/v2\/media?parent=11551"}],"wp:term":[{"taxonomy":"product_brand","embeddable":true,"href":"https:\/\/maisonmpi.com\/shop\/wp-json\/wp\/v2\/product_brand?post=11551"},{"taxonomy":"product_cat","embeddable":true,"href":"https:\/\/maisonmpi.com\/shop\/wp-json\/wp\/v2\/product_cat?post=11551"},{"taxonomy":"product_tag","embeddable":true,"href":"https:\/\/maisonmpi.com\/shop\/wp-json\/wp\/v2\/product_tag?post=11551"}],"curies":[{"name":"wp","href":"https:\/\/api.w.org\/{rel}","templated":true}]}}