{"id":11636,"date":"2025-01-21T14:46:53","date_gmt":"2025-01-21T14:46:53","guid":{"rendered":"https:\/\/maisonmpi.com\/shop\/?post_type=product&#038;p=11636"},"modified":"2025-12-04T07:06:06","modified_gmt":"2025-12-04T07:06:06","slug":"hp-250-celeron-n4020-4gb-500go-win10-1t4j4av-3c2x7es","status":"publish","type":"product","link":"https:\/\/maisonmpi.com\/shop\/produit\/hp-250-celeron-n4020-4gb-500go-win10-1t4j4av-3c2x7es\/","title":{"rendered":"HP 250 Celeron N4020 4Gb\/500Go\/ Win10 (1T4J4AV) (3C2X7ES)"},"content":{"rendered":"<div class=\"tabs\">\n<div id=\"tab-content\" class=\"tab-content\">\n<div id=\"description\" class=\"tab-pane fade in active\" role=\"tabpanel\">\n<div class=\"product-description\">\n<h2>HP 250 G8 \u2013 Dual Core Celeron<\/h2>\n<p><strong>Restez connect\u00e9 avec cet ordinateur portable HP 250 dot\u00e9 d\u2019une technologie puissante et d\u2019un ch\u00e2ssis profil\u00e9 facile \u00e0 emporter partout. Menez \u00e0 bien vos t\u00e2ches professionnelles avec un processeur Intel\u00ae[2] et des outils de collaboration essentiels.<\/strong><\/p>\n<h3>L\u00e9ger et \u00e9l\u00e9gant<\/h3>\n<p>L\u2019ordinateur portable HP 250 s\u2019adapte aux styles de travail mobiles avec une conception fine et l\u00e9g\u00e8re. Le superbe \u00e9cran, avec ses bordures \u00e9troites et un ratio \u00e9cran\/ch\u00e2ssis optimal, offre un espace suffisant pour le travail comme pour le contenu en streaming.<\/p>\n<h3>Con\u00e7u pour le travail et pr\u00eat pour le plaisir<\/h3>\n<p>Menez \u00e0 bien vos projets en toute confiance avec les derni\u00e8res technologies, notamment une m\u00e9moire, un stockage et un processeur Intel\u00ae[2].<\/p>\n<h3>Parfaitement connect\u00e9<\/h3>\n<p>Cet ordinateur portable est pr\u00eat \u00e0 se connecter \u00e0 tous vos appareils et con\u00e7u pour r\u00e9pondre aux besoins des professionnels avec un port de donn\u00e9es USB Type-C\u00ae ainsi que ses ports RJ-45 et HDMI.<\/p>\n<\/div>\n<\/div>\n<\/div>\n<\/div>\n","protected":false},"excerpt":{"rendered":"<ul>\n<li>\n<h6><strong>Processeur Dual Core Celeron N4020<\/strong><\/h6>\n<\/li>\n<li>\n<h6><strong>4 Go de m\u00e9moire vive RAM<\/strong><\/h6>\n<\/li>\n<li>\n<h6><strong>Ecran de 15.6\u2033 avec r\u00e9solution Full HD<\/strong><\/h6>\n<\/li>\n<li>\n<h6><strong>Disque Dur 500Go HDD<\/strong><\/h6>\n<\/li>\n<li>\n<h6><strong>Communication sans fil Wi-Fi AC + Bluetooth 5<\/strong><\/h6>\n<\/li>\n<li>\n<h6><strong>Jusqu\u2019\u00e0 11 heures d\u2019autonomie (selon l\u2019utilisation)<\/strong><\/h6>\n<\/li>\n<li>\n<h6><strong>Webcam int\u00e9gr\u00e9e<\/strong><\/h6>\n<\/li>\n<\/ul>\n","protected":false},"featured_media":11639,"template":"","meta":[],"product_brand":[],"product_cat":[299],"product_tag":[],"class_list":{"0":"post-11636","1":"product","2":"type-product","3":"status-publish","4":"has-post-thumbnail","6":"product_cat-ordinateurs-portables","8":"first","9":"instock","10":"sale","11":"taxable","12":"shipping-taxable","13":"purchasable","14":"product-type-simple"},"_links":{"self":[{"href":"https:\/\/maisonmpi.com\/shop\/wp-json\/wp\/v2\/product\/11636","targetHints":{"allow":["GET"]}}],"collection":[{"href":"https:\/\/maisonmpi.com\/shop\/wp-json\/wp\/v2\/product"}],"about":[{"href":"https:\/\/maisonmpi.com\/shop\/wp-json\/wp\/v2\/types\/product"}],"version-history":[{"count":1,"href":"https:\/\/maisonmpi.com\/shop\/wp-json\/wp\/v2\/product\/11636\/revisions"}],"predecessor-version":[{"id":11640,"href":"https:\/\/maisonmpi.com\/shop\/wp-json\/wp\/v2\/product\/11636\/revisions\/11640"}],"wp:featuredmedia":[{"embeddable":true,"href":"https:\/\/maisonmpi.com\/shop\/wp-json\/wp\/v2\/media\/11639"}],"wp:attachment":[{"href":"https:\/\/maisonmpi.com\/shop\/wp-json\/wp\/v2\/media?parent=11636"}],"wp:term":[{"taxonomy":"product_brand","embeddable":true,"href":"https:\/\/maisonmpi.com\/shop\/wp-json\/wp\/v2\/product_brand?post=11636"},{"taxonomy":"product_cat","embeddable":true,"href":"https:\/\/maisonmpi.com\/shop\/wp-json\/wp\/v2\/product_cat?post=11636"},{"taxonomy":"product_tag","embeddable":true,"href":"https:\/\/maisonmpi.com\/shop\/wp-json\/wp\/v2\/product_tag?post=11636"}],"curies":[{"name":"wp","href":"https:\/\/api.w.org\/{rel}","templated":true}]}}