{"id":11684,"date":"2025-01-22T12:49:27","date_gmt":"2025-01-22T12:49:27","guid":{"rendered":"https:\/\/maisonmpi.com\/shop\/?post_type=product&#038;p=11684"},"modified":"2025-01-22T12:49:28","modified_gmt":"2025-01-22T12:49:28","slug":"hp-prodesk-400-g9-twr-i5-13500-8gb-512ssd-dvd-ecran-p22-g5","status":"publish","type":"product","link":"https:\/\/maisonmpi.com\/shop\/produit\/hp-prodesk-400-g9-twr-i5-13500-8gb-512ssd-dvd-ecran-p22-g5\/","title":{"rendered":"HP PRODESK 400 G9 TWR I5- 13500 8GB 512SSD DVD ECRAN +P22 G5"},"content":{"rendered":"<h1 class=\"c-product-all-details-table__title h3 m-text-rtl-symbols\">Ensemble ordinateur de bureau HP Pro 400 G9 Format tour PCI (6U4U4EA)<\/h1>\n<table class=\"c-product-all-details-table__table\" role=\"table\">\n<caption class=\"c-product-all-details-table__caption\">Ensemble ordinateur de bureau HP Pro 400 G9 Format tour PCI (6U4U4EA) Toutes les caract\u00e9ristiques techniques<\/caption>\n<tbody>\n<tr class=\"c-product-all-details-table__tr\" role=\"row\">\n<th class=\"c-product-all-details-table__th\" role=\"rowheader\">Syst\u00e8me d&rsquo;exploitation<\/th>\n<td class=\"c-product-all-details-table__td m-text-rte\" role=\"cell\">FreeDOS<\/td>\n<\/tr>\n<tr class=\"c-product-all-details-table__tr\" role=\"row\">\n<th class=\"c-product-all-details-table__th\" role=\"rowheader\">Famille de processeurs<\/th>\n<td class=\"c-product-all-details-table__td m-text-rte\" role=\"cell\">Processeur Intel\u00ae Core\u2122 i5 de 13e g\u00e9n\u00e9ration<\/td>\n<\/tr>\n<tr class=\"c-product-all-details-table__tr\" role=\"row\">\n<th class=\"c-product-all-details-table__th\" role=\"rowheader\">Processeur<\/th>\n<td class=\"c-product-all-details-table__td m-text-rte\" role=\"cell\">Intel\u00ae Core\u2122 i5-13500 (jusqu\u2019\u00e0 4,8 GHz avec la technologie Intel\u00ae Turbo Boost, 24 Mo de m\u00e9moire cache L3, 14 c\u0153urs, 20\u00a0<span class=\"m-text-nowrap\">threads)<span class=\"c-footnote-container\">\u00a0<sup><span class=\"footnote__number\">1<\/span><\/sup>\u00a0<sup><span class=\"footnote__number\">2<\/span><\/sup><\/span><\/span><\/td>\n<\/tr>\n<tr class=\"c-product-all-details-table__tr\" role=\"row\">\n<th class=\"c-product-all-details-table__th\" role=\"rowheader\">Chipset<\/th>\n<td class=\"c-product-all-details-table__td m-text-rte\" role=\"cell\">Intel\u00ae\u00a0<span class=\"m-text-nowrap\">Q670<span class=\"c-footnote-container\">\u00a0<sup><span class=\"footnote__number\">3<\/span><\/sup><\/span><\/span><\/td>\n<\/tr>\n<tr class=\"c-product-all-details-table__tr\" role=\"row\">\n<th class=\"c-product-all-details-table__th\" role=\"rowheader\">Graphiques<\/th>\n<td class=\"c-product-all-details-table__td m-text-rte\" role=\"cell\">Int\u00e9gr\u00e9,<\/p>\n<p>Carte graphique Intel\u00ae UHD 770<\/td>\n<\/tr>\n<tr class=\"c-product-all-details-table__tr\" role=\"row\">\n<th class=\"c-product-all-details-table__th\" role=\"rowheader\">M\u00e9moire<\/th>\n<td class=\"c-product-all-details-table__td m-text-rte\" role=\"cell\">8 Go de m\u00e9moire RAM DDR4-3200 MT\/s non ECC (1 x 8 Go)<\/p>\n<p>&nbsp;<\/td>\n<\/tr>\n<tr class=\"c-product-all-details-table__tr\" role=\"row\">\n<th class=\"c-product-all-details-table__th\" role=\"rowheader\">Logements pour m\u00e9moire<\/th>\n<td class=\"c-product-all-details-table__td m-text-rte\" role=\"cell\">2 DIMM<\/td>\n<\/tr>\n<tr class=\"c-product-all-details-table__tr\" role=\"row\">\n<th class=\"c-product-all-details-table__th\" role=\"rowheader\">M\u00e9moire interne<\/th>\n<td class=\"c-product-all-details-table__td m-text-rte\" role=\"cell\">Disque SSD NVMe\u2122 PCIe\u00ae 512 Go<\/p>\n<p>&nbsp;<\/td>\n<\/tr>\n<tr class=\"c-product-all-details-table__tr\" role=\"row\">\n<th class=\"c-product-all-details-table__th\" role=\"rowheader\">Dimensions minimales (L x P x H)<\/th>\n<td class=\"c-product-all-details-table__td m-text-rte\" role=\"cell\">15,5 x 30,8 x 33,7 cm<\/td>\n<\/tr>\n<tr class=\"c-product-all-details-table__tr\" role=\"row\">\n<th class=\"c-product-all-details-table__th\" role=\"rowheader\">Poids<\/th>\n<td class=\"c-product-all-details-table__td m-text-rte\" role=\"cell\">5,31 kg\u00a0<span class=\"footnotes\">(Le poids varie selon la configuration)<\/span><\/td>\n<\/tr>\n<tr class=\"c-product-all-details-table__tr\" role=\"row\">\n<th class=\"c-product-all-details-table__th\" role=\"rowheader\">Logiciels fournis<\/th>\n<td class=\"c-product-all-details-table__td m-text-rte\" role=\"cell\">HP Notifications; Interface UEFI de diagnostic mat\u00e9riel PC HP; HP Support Assistant; HP Connection Optimizer; HP Privacy Settings; Utilitaires de support pour ordinateur de bureau HP; HP Easy Clean; Configuration de HP Integrated OOBE; Acheter Microsoft Office (vendu s\u00e9par\u00e9ment); HP Services Scan; HPX for CMIT<\/td>\n<\/tr>\n<tr class=\"c-product-all-details-table__tr\" role=\"row\">\n<th class=\"c-product-all-details-table__th\" role=\"rowheader\">Logiciels disponibles<\/th>\n<td class=\"c-product-all-details-table__td m-text-rte\" role=\"cell\">HP Smart Support<\/td>\n<\/tr>\n<tr class=\"c-product-all-details-table__tr\" role=\"row\">\n<th class=\"c-product-all-details-table__th\" role=\"rowheader\">Fonctions d&rsquo;administration<\/th>\n<td class=\"c-product-all-details-table__td m-text-rte\" role=\"cell\">HP Client Catalog (t\u00e9l\u00e9chargement); Packs de pilotes HP (t\u00e9l\u00e9chargement); HP Cloud Recovery; HP Image Assistant 5e g\u00e9n\u00e9ration (t\u00e9l\u00e9chargement); HP Client Management Script Library (t\u00e9l\u00e9chargement); Module de gestion int\u00e9gr\u00e9e HP Manageability Integration Kit (t\u00e9l\u00e9chargement); HP Patch Assistant (t\u00e9l\u00e9chargement); HP\u00a0<span class=\"m-text-nowrap\">Connect<span class=\"c-footnote-container\">\u00a0<sup><span class=\"footnote__number\">4<\/span><\/sup><\/span><\/span><\/td>\n<\/tr>\n<tr class=\"c-product-all-details-table__tr\" role=\"row\">\n<th class=\"c-product-all-details-table__th\" role=\"rowheader\">Format<\/th>\n<td class=\"c-product-all-details-table__td m-text-rte\" role=\"cell\">Tour<\/td>\n<\/tr>\n<tr class=\"c-product-all-details-table__tr\" role=\"row\">\n<th class=\"c-product-all-details-table__th\" role=\"rowheader\">Clavier<\/th>\n<td class=\"c-product-all-details-table__td m-text-rte\" role=\"cell\">Clavier filaire HP 125<\/td>\n<\/tr>\n<tr class=\"c-product-all-details-table__tr\" role=\"row\">\n<th class=\"c-product-all-details-table__th\" role=\"rowheader\">Audio<\/th>\n<td class=\"c-product-all-details-table__td m-text-rte\" role=\"cell\">Codec Realtek ALC3252, prise jack universelle avec prise en charge du casque CTIA et OMTP<\/td>\n<\/tr>\n<tr class=\"c-product-all-details-table__tr\" role=\"row\">\n<th class=\"c-product-all-details-table__th\" role=\"rowheader\">P\u00e9riph\u00e9rique de pointage<\/th>\n<td class=\"c-product-all-details-table__td m-text-rte\" role=\"cell\">Souris filaire HP 125<\/td>\n<\/tr>\n<tr class=\"c-product-all-details-table__tr\" role=\"row\">\n<th class=\"c-product-all-details-table__th\" role=\"rowheader\">Logements d&rsquo;extension<\/th>\n<td class=\"c-product-all-details-table__td m-text-rte\" role=\"cell\">1 logement M.2 2230; 1 logement M.2 2280; 1 logement PCIe x1; 1 port PCI; 1 logement PCIe 4\u00a0<span class=\"m-text-nowrap\">x16<span class=\"c-footnote-container\">\u00a0<sup><span class=\"footnote__number\">5<\/span><\/sup><\/span><\/span>\u00a0<span class=\"footnotes\">(1\u00a0emplacement M.2 2230 pour WLAN et 1\u00a0emplacement M.2 2280 pour le stockage.)<\/span><\/td>\n<\/tr>\n<tr class=\"c-product-all-details-table__tr\" role=\"row\">\n<th class=\"c-product-all-details-table__th\" role=\"rowheader\">Ports<\/th>\n<td class=\"c-product-all-details-table__td m-text-rte\" role=\"cell\">Avant 1 prise combin\u00e9e casque\/microphone; 1 port USB Type-C\u00ae SuperSpeed, vitesse de transfert de 10 Gbit\/s; 3 ports USB Type-A SuperSpeed, vitesse de transfert de 10 Gbit\/s<\/p>\n<p>Arri\u00e8re 1\u00a0sortie audio; 1\u00a0prise d\u2019alimentation; 1\u00a0port RJ-45; 1\u00a0port HDMI 1.4; 3\u00a0ports USB Type-A SuperSpeed, vitesse de transfert de 5\u00a0Gbit\/s; 1\u00a0port DisplayPort\u2122 1.4; 2\u00a0ports USB Type-A, vitesse de transfert de 480\u00a0Mbit\/s<\/p>\n<p>&nbsp;<\/p>\n<p>&nbsp;<\/p>\n<p>&nbsp;<\/td>\n<\/tr>\n<tr class=\"c-product-all-details-table__tr\" role=\"row\">\n<th class=\"c-product-all-details-table__th\" role=\"rowheader\">Baies pour lecteurs internes<\/th>\n<td class=\"c-product-all-details-table__td m-text-rte\" role=\"cell\">Deux disques durs de 3,5 pouces<\/td>\n<\/tr>\n<tr class=\"c-product-all-details-table__tr\" role=\"row\">\n<th class=\"c-product-all-details-table__th\" role=\"rowheader\">Alimentation<\/th>\n<td class=\"c-product-all-details-table__td m-text-rte\" role=\"cell\">Adaptateur d\u2019alimentation interne 260 W, jusqu\u2019\u00e0 92 % de rendement, PFC actif<\/td>\n<\/tr>\n<tr class=\"c-product-all-details-table__tr\" role=\"row\">\n<th class=\"c-product-all-details-table__th\" role=\"rowheader\">Gestion de la s\u00e9curit\u00e9<\/th>\n<td class=\"c-product-all-details-table__td m-text-rte\" role=\"cell\">Puce de s\u00e9curit\u00e9 int\u00e9gr\u00e9e Trusted Platform Module TPM 2.0 fournie avec Windows 10 (certification Crit\u00e8res Communs EAL4+) (certification FIPS 140-2 niveau 2); HP Secure Erase; HP Sure Click; Module Absolute Persistence; HP Sure Admin; HP Tamper Lock; HP Sure Start 7e g\u00e9n\u00e9ration; HP Sure Sense2; HP Platform Certificate On Device\u00a0<span class=\"m-text-nowrap\">Installation<span class=\"c-footnote-container\">\u00a0<sup><span class=\"footnote__number\">6<\/span><\/sup>\u00a0<sup><span class=\"footnote__number\">7<\/span><\/sup>\u00a0<sup><span class=\"footnote__number\">8<\/span><\/sup>\u00a0<sup><span class=\"footnote__number\">8<\/span><\/sup>\u00a0<sup><span class=\"footnote__number\">9<\/span><\/sup>\u00a0<sup><span class=\"footnote__number\">10<\/span><\/sup>\u00a0<sup><span class=\"footnote__number\">11<\/span><\/sup><\/span><\/span><\/td>\n<\/tr>\n<tr class=\"c-product-all-details-table__tr\" role=\"row\">\n<th class=\"c-product-all-details-table__th\" role=\"rowheader\">Garantie fabricant<\/th>\n<td class=\"c-product-all-details-table__td m-text-rte\" role=\"cell\">Cette garantie limit\u00e9e valable 1 an (1\/1\/1) couvre les pi\u00e8ces, la main d\u2019\u0153uvre et la r\u00e9paration sur site pendant 1 an. Les conditions g\u00e9n\u00e9rales varient selon le pays. Certaines restrictions et exclusions s\u2019appliquent.<\/td>\n<\/tr>\n<\/tbody>\n<\/table>\n","protected":false},"excerpt":{"rendered":"<p>Intel\u00ae Core\u2122 i5-13500 (jusqu\u2019\u00e0 4,8 GHz avec la technologie Intel\u00ae Turbo Boost, 24 Mo de m\u00e9moire cache L3, 14 c\u0153urs, 20 threads)<br \/>\nRAM: 8 Go de m\u00e9moire RAM DDR4-3200 MHz (1 x 8 Go)<br \/>\nDisque dur: SSD NVMe\u2122 PCIe\u00ae 512 Go<br \/>\nCarte graphique: Intel\u00ae UHD 770<br \/>\nFreeDOS (Sans\u00a0Windows)<br \/>\nUnit\u00e9 centrale + \u00c9cran HP P22v G5 21,45&Prime;<\/p>\n","protected":false},"featured_media":11681,"template":"","meta":[],"product_brand":[],"product_cat":[300],"product_tag":[],"class_list":{"0":"post-11684","1":"product","2":"type-product","3":"status-publish","4":"has-post-thumbnail","6":"product_cat-desktops","8":"first","9":"instock","10":"taxable","11":"shipping-taxable","12":"purchasable","13":"product-type-simple"},"_links":{"self":[{"href":"https:\/\/maisonmpi.com\/shop\/wp-json\/wp\/v2\/product\/11684","targetHints":{"allow":["GET"]}}],"collection":[{"href":"https:\/\/maisonmpi.com\/shop\/wp-json\/wp\/v2\/product"}],"about":[{"href":"https:\/\/maisonmpi.com\/shop\/wp-json\/wp\/v2\/types\/product"}],"version-history":[{"count":1,"href":"https:\/\/maisonmpi.com\/shop\/wp-json\/wp\/v2\/product\/11684\/revisions"}],"predecessor-version":[{"id":11685,"href":"https:\/\/maisonmpi.com\/shop\/wp-json\/wp\/v2\/product\/11684\/revisions\/11685"}],"wp:featuredmedia":[{"embeddable":true,"href":"https:\/\/maisonmpi.com\/shop\/wp-json\/wp\/v2\/media\/11681"}],"wp:attachment":[{"href":"https:\/\/maisonmpi.com\/shop\/wp-json\/wp\/v2\/media?parent=11684"}],"wp:term":[{"taxonomy":"product_brand","embeddable":true,"href":"https:\/\/maisonmpi.com\/shop\/wp-json\/wp\/v2\/product_brand?post=11684"},{"taxonomy":"product_cat","embeddable":true,"href":"https:\/\/maisonmpi.com\/shop\/wp-json\/wp\/v2\/product_cat?post=11684"},{"taxonomy":"product_tag","embeddable":true,"href":"https:\/\/maisonmpi.com\/shop\/wp-json\/wp\/v2\/product_tag?post=11684"}],"curies":[{"name":"wp","href":"https:\/\/api.w.org\/{rel}","templated":true}]}}