{"id":11700,"date":"2025-01-22T14:16:04","date_gmt":"2025-01-22T14:16:04","guid":{"rendered":"https:\/\/maisonmpi.com\/shop\/?post_type=product&#038;p=11700"},"modified":"2025-12-04T07:05:22","modified_gmt":"2025-12-04T07:05:22","slug":"hp-pavilion-27-all-in-one-i7-16gb-1t128ssd-nvidia-4gbmx350-ecran-tactile","status":"publish","type":"product","link":"https:\/\/maisonmpi.com\/shop\/produit\/hp-pavilion-27-all-in-one-i7-16gb-1t128ssd-nvidia-4gbmx350-ecran-tactile\/","title":{"rendered":"HP PAVILION 27 ALL-IN-ONE  27-d1002nk i7 16GB 1T+128SSD NVIDIA 4GB Ecran Tactile"},"content":{"rendered":"<div class=\"ccs-cc-inline-section ccs-cc-inline-features ccs-cc-inline-key-features ccs-cc-inline-catalogue\" data-elementid=\"inline-content-features[hp]\" data-context=\"{&quot;mobile&quot;:false}\" data-ccs-cc-inline-jumplink=\"Points cl\u00e9s\" data-display-mode=\"noheader\">\n<div class=\"ccs-cc-inline-features-block ccs-cc-inline-single-feature\">\n<div class=\"ccs-cc-inline-feature\" data-type=\"text media\" data-pos=\"right\">\n<div class=\"ccs-cc-inline-feature-content ccs-cc-inline-thumbnail\"><a class=\"ccs-cc-inline-thumbnail-image ccs-cc-inline-thumbnail-media ccs-cc-inline-clickable\" title=\"Lumi\u00e8res, cam\u00e9ra et toute l&#039;action agrandir l&#039;image\" href=\"https:\/\/cdn.cs.1worldsync.com\/syndication\/feeds\/hp\/inline-content\/1M\/6\/1\/B\/4\/4\/61B4493CFB7220C7B593328E7FF9EF2A46B90AC2_w_400_hero.jpg\" data-media-type=\"image\" data-caption=\"Lumi\u00e8res, cam\u00e9ra et toute l&#039;action\" target=\"_blank\" rel=\"noopener\"><img decoding=\"async\" src=\"https:\/\/cdn.cs.1worldsync.com\/syndication\/feeds\/hp\/inline-content\/1M\/6\/1\/B\/4\/4\/61B4493CFB7220C7B593328E7FF9EF2A46B90AC2_w_400_hero.jpg\" alt=\"Lumi\u00e8res, cam\u00e9ra et toute l'action\" data-large=\"\" data-alt-text=\"S'il vous pla\u00eet patienter pendant le chargement du contenu...\" aria-label=\"Lumi\u00e8res, cam\u00e9ra et toute l'action\" \/><\/a><\/div>\n<div class=\"ccs-cc-inline-feature-content ccs-cc-inline-feature-description\">\n<h3>Lumi\u00e8res, cam\u00e9ra et toute l&rsquo;action<\/h3>\n<p>La meilleure place est chez vous. Les haut-parleurs envelopp\u00e9s de tissu acoustique et r\u00e9gl\u00e9s sur mesure par les experts de B&amp;O offrent une qualit\u00e9 sonore incroyable. Avec une r\u00e9solution allant jusqu&rsquo;\u00e0 4K<sup><a id=\"ccs-f1inline-cb7df8\" href=\"https:\/\/www.iris.ma\/13567-ordinateur-tout-en-un-hp-pavilion-27-d1002nk-601v7ea.html#ccs-ft1inline-cb7df8\" target=\"_blank\" rel=\"noopener\">1<\/a><\/sup>\u00a0avec DisplayHDR<sup>\u2122<\/sup><sup><a id=\"ccs-f2inline-cb7df8\" href=\"https:\/\/www.iris.ma\/13567-ordinateur-tout-en-un-hp-pavilion-27-d1002nk-601v7ea.html#ccs-ft2inline-cb7df8\" target=\"_blank\" rel=\"noopener\">2<\/a><\/sup>\u00a0400 en option, chaque sc\u00e8ne prend vie dans des d\u00e9tails \u00e9poustouflants. Diffusez facilement de la musique en streaming depuis votre smartphone gr\u00e2ce au HP Audio Stream.<sup><a id=\"ccs-f3inline-cb7df8\" href=\"https:\/\/www.iris.ma\/13567-ordinateur-tout-en-un-hp-pavilion-27-d1002nk-601v7ea.html#ccs-ft3inline-cb7df8\" target=\"_blank\" rel=\"noopener\">3<\/a><\/sup><\/p>\n<\/div>\n<\/div>\n<\/div>\n<div class=\"ccs-cc-inline-features-block ccs-cc-inline-single-feature\">\n<div class=\"ccs-cc-inline-feature\" data-type=\"text media\" data-pos=\"left\">\n<div class=\"ccs-cc-inline-feature-content ccs-cc-inline-thumbnail\"><a class=\"ccs-cc-inline-thumbnail-image ccs-cc-inline-thumbnail-media ccs-cc-inline-clickable\" title=\"Un travail soign\u00e9 agrandir l&#039;image\" href=\"https:\/\/cdn.cs.1worldsync.com\/syndication\/feeds\/hp\/inline-content\/1M\/E\/8\/4\/1\/D\/E841D43D3083BE02819DA672AFA5D8863B2A670C_w_400_hero.jpg\" data-media-type=\"image\" data-caption=\"Un travail soign\u00e9\" target=\"_blank\" rel=\"noopener\"><img decoding=\"async\" src=\"https:\/\/cdn.cs.1worldsync.com\/syndication\/feeds\/hp\/inline-content\/1M\/E\/8\/4\/1\/D\/E841D43D3083BE02819DA672AFA5D8863B2A670C_w_400_hero.jpg\" alt=\"Un travail soign\u00e9\" data-large=\"\" data-alt-text=\"S'il vous pla\u00eet patienter pendant le chargement du contenu...\" aria-label=\"Un travail soign\u00e9\" \/><\/a><\/div>\n<div class=\"ccs-cc-inline-feature-content ccs-cc-inline-feature-description\">\n<h3>Un travail soign\u00e9<\/h3>\n<p>Con\u00e7u pour l&rsquo;\u0153il moderne. Avec un \u00e9cran bord-\u00e0-bord, un design fin et \u00e9l\u00e9gant et des accents en cuir, cet ordinateur portable est hautement sophistiqu\u00e9. Les ports dispos\u00e9s de mani\u00e8re pratique sur le c\u00f4t\u00e9 et \u00e0 l&rsquo;arri\u00e8re de l&rsquo;appareil permettent un acc\u00e8s facile et r\u00e9duisent l&rsquo;encombrement des cordons.<\/p>\n<\/div>\n<\/div>\n<\/div>\n<div class=\"ccs-cc-inline-features-block ccs-cc-inline-single-feature\">\n<div class=\"ccs-cc-inline-feature\" data-type=\"text media\" data-pos=\"right\">\n<div class=\"ccs-cc-inline-feature-content ccs-cc-inline-thumbnail\"><a class=\"ccs-cc-inline-thumbnail-image ccs-cc-inline-thumbnail-media ccs-cc-inline-clickable\" title=\"Une totale tranquillit\u00e9 d\u2019esprit agrandir l&#039;image\" href=\"https:\/\/cdn.cs.1worldsync.com\/syndication\/feeds\/hp\/inline-content\/1M\/9\/3\/9\/B\/D\/939BDD0F8CE7A0113838C99E453949523A3F105E_w_400_hero.jpg\" data-media-type=\"image\" data-caption=\"Une totale tranquillit\u00e9 d\u2019esprit\" target=\"_blank\" rel=\"noopener\"><img decoding=\"async\" src=\"https:\/\/cdn.cs.1worldsync.com\/syndication\/feeds\/hp\/inline-content\/1M\/9\/3\/9\/B\/D\/939BDD0F8CE7A0113838C99E453949523A3F105E_w_400_hero.jpg\" alt=\"Une totale tranquillit\u00e9 d\u2019esprit\" data-large=\"\" data-alt-text=\"S'il vous pla\u00eet patienter pendant le chargement du contenu...\" aria-label=\"Une totale tranquillit\u00e9 d\u2019esprit\" \/><\/a><\/div>\n<div class=\"ccs-cc-inline-feature-content ccs-cc-inline-feature-description\">\n<h3>Une totale tranquillit\u00e9 d\u2019esprit<\/h3>\n<p>Naviguez en streaming et sans souci avec une cam\u00e9ra de confidentialit\u00e9 r\u00e9tractable qui se range en toute s\u00e9curit\u00e9 lorsqu&rsquo;elle n&rsquo;est pas utilis\u00e9e. Affrontez vos journ\u00e9es les plus charg\u00e9es gr\u00e2ce aux performances d&rsquo;un processeur fiable, et sauvegardez toutes vos photos, vid\u00e9os et documents pr\u00e9f\u00e9r\u00e9s gr\u00e2ce \u00e0 une capacit\u00e9 de stockage importante.<\/p>\n<\/div>\n<\/div>\n<\/div>\n<\/div>\n<div class=\"ccs-cc-inline-section ccs-cc-inline-features ccs-cc-inline-catalogue\" data-elementid=\"inline-content-features[hp]\" data-context=\"{&quot;mobile&quot;:false}\" data-ccs-cc-inline-jumplink=\"Points cl\u00e9s\" data-display-mode=\"noheader\">\n<div class=\"ccs-cc-inline-features-block ccs-cc-inline-single-feature\">\n<div class=\"ccs-cc-inline-feature\" data-type=\"text media\" data-pos=\"left\">\n<div class=\"ccs-cc-inline-feature-content ccs-cc-inline-thumbnail\"><a class=\"ccs-cc-inline-thumbnail-image ccs-cc-inline-thumbnail-media ccs-cc-inline-clickable\" title=\"HP Pavilion 27-d1002nk Bundle PC agrandir l&#039;image\" href=\"https:\/\/cdn.cs.1worldsync.com\/syndication\/feeds\/hp\/inline-content\/1M\/B\/7\/8\/E\/E\/B78EEA8C920A4431DB9456C280412EAF1238D655_w_400_hero.jpg\" data-media-type=\"image\" data-caption=\"HP Pavilion 27-d1002nk Bundle PC\" target=\"_blank\" rel=\"noopener\"><img decoding=\"async\" src=\"https:\/\/cdn.cs.1worldsync.com\/syndication\/feeds\/hp\/inline-content\/1M\/B\/7\/8\/E\/E\/B78EEA8C920A4431DB9456C280412EAF1238D655_w_400_hero.jpg\" alt=\"HP Pavilion 27-d1002nk Bundle PC\" data-large=\"\" data-alt-text=\"S'il vous pla\u00eet patienter pendant le chargement du contenu...\" aria-label=\"HP Pavilion 27-d1002nk Bundle PC\" \/><\/a><\/div>\n<div class=\"ccs-cc-inline-feature-content ccs-cc-inline-feature-description\">\n<h3>Une toute nouvelle perspective<\/h3>\n<p>Windows\u00a011 offre un environnement calme et cr\u00e9atif pour vivre vos passions \u00e0 travers une exp\u00e9rience nouvelle. Depuis la nouvelle version du menu D\u00e9marrer jusqu\u2019aux nouvelles fa\u00e7ons de vous connecter \u00e0 vos contacts, actualit\u00e9s, jeux et contenus pr\u00e9f\u00e9r\u00e9s, Windows\u00a011 est le lieu id\u00e9al pour penser, s\u2019exprimer et cr\u00e9er de mani\u00e8re naturelle.<sup><a id=\"ccs-f4inline-cb7df8\" href=\"https:\/\/www.iris.ma\/13567-ordinateur-tout-en-un-hp-pavilion-27-d1002nk-601v7ea.html#ccs-ft4inline-cb7df8\" target=\"_blank\" rel=\"noopener\">4<\/a><\/sup><\/p>\n<h3>Des performances sur ordinateur de bureau r\u00e9invent\u00e9es<\/h3>\n<p>Les processeurs Intel<sup>\u00ae<\/sup>\u00a0Core<sup>\u2122<\/sup>\u00a0de 11e g\u00e9n\u00e9ration pour ordinateurs de bureau offrent une nouvelle architecture innovante qui r\u00e9invente les performances intelligentes (IA), des cartes graphiques et des images immersives, des r\u00e9glages et une \u00e9volutivit\u00e9 avanc\u00e9s. Ils proposent des vitesses compatibles avec les m\u00e9moires DDR4-3200, 2&#215;2 ports USB 3.2 int\u00e9gr\u00e9s (20G), jusqu\u2019\u00e0 20 voies PCIe 4.0, pour des exp\u00e9riences immersives enti\u00e8rement \u00e0 la disposition des utilisateurs.<sup><a id=\"ccs-f5inline-cb7df8\" href=\"https:\/\/www.iris.ma\/13567-ordinateur-tout-en-un-hp-pavilion-27-d1002nk-601v7ea.html#ccs-ft5inline-cb7df8\" target=\"_blank\" rel=\"noopener\">5<\/a><\/sup><\/p>\n<h3>Stockage sur disque SSD PCIe<\/h3>\n<p>D\u00e9marrez votre ordinateur en quelques secondes avec jusqu\u2019\u00e0 128\u00a0Go de stockage ultra-rapide SSD PCIe.<\/p>\n<\/div>\n<\/div>\n<\/div>\n<div class=\"ccs-cc-inline-features-block ccs-cc-inline-single-feature\">\n<div class=\"ccs-cc-inline-feature\" data-type=\"text media\" data-pos=\"right\">\n<div class=\"ccs-cc-inline-feature-content ccs-cc-inline-thumbnail\"><a class=\"ccs-cc-inline-thumbnail-image ccs-cc-inline-thumbnail-media ccs-cc-inline-clickable\" title=\"HP Pavilion 27-d1002nk Bundle PC agrandir l&#039;image\" href=\"https:\/\/cdn.cs.1worldsync.com\/syndication\/feeds\/hp\/inline-content\/1M\/B\/2\/3\/7\/B\/B237BE3FA09B5708087540AAB9711E41DFA1FB61_w_400_hero.jpg\" data-media-type=\"image\" data-caption=\"HP Pavilion 27-d1002nk Bundle PC\" target=\"_blank\" rel=\"noopener\"><img decoding=\"async\" src=\"https:\/\/cdn.cs.1worldsync.com\/syndication\/feeds\/hp\/inline-content\/1M\/B\/2\/3\/7\/B\/B237BE3FA09B5708087540AAB9711E41DFA1FB61_w_400_hero.jpg\" alt=\"HP Pavilion 27-d1002nk Bundle PC\" data-large=\"\" data-alt-text=\"S'il vous pla\u00eet patienter pendant le chargement du contenu...\" aria-label=\"HP Pavilion 27-d1002nk Bundle PC\" \/><\/a><\/div>\n<div class=\"ccs-cc-inline-feature-content ccs-cc-inline-feature-description\">\n<h3>Double stockage<\/h3>\n<p>En ajoutant un SSD pour le syst\u00e8me d&rsquo;exploitation et un disque dur traditionnel, vous profitez du meilleur des deux mondes\u00a0: des d\u00e9marrages rapides, une r\u00e9activit\u00e9 instantan\u00e9e et une grande capacit\u00e9 de stockage.<\/p>\n<h3>\u00c9cran FHD IPS<\/h3>\n<p>Profitez d\u2019images extr\u00eamement nettes, quel que soit l\u2019angle de vision. Avec un grand angle de vision de 178\u00b0 et une r\u00e9solution dynamique de 1 920 x 1 080, vous b\u00e9n\u00e9ficierez toujours d\u2019un affichage remarquable de votre contenu favori.<sup><a id=\"ccs-f6inline-cb7df8\" href=\"https:\/\/www.iris.ma\/13567-ordinateur-tout-en-un-hp-pavilion-27-d1002nk-601v7ea.html#ccs-ft6inline-cb7df8\" target=\"_blank\" rel=\"noopener\">6<\/a><\/sup><\/p>\n<h3>Sortie HDMI<\/h3>\n<p>Doter votre p\u00e9riph\u00e9rique d&rsquo;un \u00e9cran plus grand ou d&rsquo;un second \u00e9cran n&rsquo;a jamais \u00e9t\u00e9 aussi simple. La sortie HDMI vous permet de transmettre du son et une vid\u00e9o HD avec un seul c\u00e2ble standard.<\/p>\n<\/div>\n<\/div>\n<\/div>\n<\/div>\n<div class=\"ccs-cc-inline-section ccs-cc-inline-features ccs-cc-inline-key-specs\" data-elementid=\"inline-content-features[hp]\" data-context=\"{&quot;mobile&quot;:false}\" data-ccs-cc-inline-jumplink=\"Key Specifications\" data-display-mode=\"noheader\">\n<div class=\"ccs-cc-inline-features-block\">\n<div class=\"ccs-cc-inline-feature\" data-columns=\"3\">\n<div class=\"ccs-cc-inline-feature-column\">\n<div class=\"ccs-cc-inline-feature-content ccs-cc-inline-feature-description\">\n<h4>Processeur<\/h4>\n<p>Intel<sup>\u00ae<\/sup>\u00a0Core<sup>\u2122<\/sup>\u00a0i7 11700T<\/p>\n<\/div>\n<div class=\"ccs-cc-inline-feature-content ccs-cc-inline-feature-description\">\n<h4>Graphics<\/h4>\n<p>NVIDIA<sup>\u00ae<\/sup>\u00a0GeForce<sup>\u00ae<\/sup>\u00a0MX350<\/p>\n<\/div>\n<\/div>\n<div class=\"ccs-cc-inline-feature-column\">\n<div class=\"ccs-cc-inline-feature-content ccs-cc-inline-feature-description\">\n<h4>M\u00e9moire<\/h4>\n<p>16 Go DDR4<\/p>\n<\/div>\n<div class=\"ccs-cc-inline-feature-content ccs-cc-inline-feature-description\">\n<h4>Connectivit\u00e9 standard<\/h4>\n<p>Realtek 802.11a\/b\/g\/n\/ac<sup><a id=\"ccs-f7inline-cb7df8\" href=\"https:\/\/www.iris.ma\/13567-ordinateur-tout-en-un-hp-pavilion-27-d1002nk-601v7ea.html#ccs-ft7inline-cb7df8\" target=\"_blank\" rel=\"noopener\">7<\/a><\/sup><\/p>\n<\/div>\n<\/div>\n<div class=\"ccs-cc-inline-feature-column\">\n<div class=\"ccs-cc-inline-feature-content ccs-cc-inline-feature-description\">\n<h4>Hard drives<\/h4>\n<p>128 Go Disque SSD<br \/>\n1 To HDD<\/p>\n<\/div>\n<div class=\"ccs-cc-inline-feature-content ccs-cc-inline-feature-description\">\n<h4>Syst\u00e8me d&rsquo;exploitation<\/h4>\n<p>Windows 11 Famille unilingue en mode S<\/p>\n<\/div>\n<\/div>\n<\/div>\n<\/div>\n<\/div>\n<div id=\"specification-cb7df8\" class=\"ccs-cc-inline-section ccs-cc-inline-specifications ccs-cc-inline-full-specs\" data-elementid=\"inline-content-specifications[hp]\" data-context=\"{&quot;mobile&quot;:false}\" data-ccs-cc-inline-jumplink=\"Sp\u00e9cifications\" data-display-mode=\"noheader\">\n<div class=\"ccs-cc-inline-acc-header-container\"><span class=\"ccs-cc-inline-acc-header\" title=\"\" data-ccs-cc-inline-acc-state=\"expanded\" aria-expanded=\"true\" aria-label=\" Afficher moins de d\u00e9tails\">-Afficher moins de d\u00e9tails<\/span><\/div>\n<div class=\"ccs-cc-inline-acc-content\">\n<table>\n<tbody>\n<tr class=\"ccs-cc-inline-specs-row\">\n<th class=\"ccs-cc-inline-specification-attribute\" scope=\"row\">Syst\u00e8me d&rsquo;exploitation<\/th>\n<td>Windows 11 Famille unilingue en mode S<\/td>\n<\/tr>\n<tr class=\"ccs-cc-inline-specs-row\">\n<th class=\"ccs-cc-inline-specification-attribute\" scope=\"row\">M\u00e9moire<\/th>\n<td>16 Go de m\u00e9moire RAM DDR4-2933 MHz (2 x 8 Go)<\/td>\n<\/tr>\n<tr class=\"ccs-cc-inline-specs-row\">\n<th class=\"ccs-cc-inline-specification-attribute\" scope=\"row\">Note de m\u00e9moire<\/th>\n<td>Taux de transfert pouvant atteindre 2933 MT\/s.<\/td>\n<\/tr>\n<tr class=\"ccs-cc-inline-specs-row\">\n<th class=\"ccs-cc-inline-specification-attribute\" scope=\"row\">Logements pour m\u00e9moire<\/th>\n<td>2 SODIMM<\/td>\n<\/tr>\n<tr class=\"ccs-cc-inline-specs-row\">\n<th class=\"ccs-cc-inline-specification-attribute\" scope=\"row\">M\u00e9moire interne<\/th>\n<td>SSD 128 GB PCIe<sup>\u00ae<\/sup>\u00a0NVMe<sup>\u2122<\/sup>\u00a0TLC M.2<\/td>\n<\/tr>\n<tr class=\"ccs-cc-inline-specs-row\">\n<th class=\"ccs-cc-inline-specification-attribute\" scope=\"row\">Disque dur (2\u00e8me)<\/th>\n<td>Disque dur SATA 1 To 7200 tours\/min<\/td>\n<\/tr>\n<tr class=\"ccs-cc-inline-specs-row\">\n<th class=\"ccs-cc-inline-specification-attribute\" scope=\"row\">Type de stockage<\/th>\n<td>Disque dur \u00e9lectronique (SSD)<br \/>\nDisque dur<\/td>\n<\/tr>\n<tr class=\"ccs-cc-inline-specs-row\">\n<th class=\"ccs-cc-inline-specification-attribute\" scope=\"row\">Service Cloud<\/th>\n<td>25\u00a0Go d\u2019espace Dropbox pendant 12\u00a0mois<sup>8<\/sup><\/td>\n<\/tr>\n<tr class=\"ccs-cc-inline-specs-row\">\n<th class=\"ccs-cc-inline-specification-attribute\" scope=\"row\">Processeur<\/th>\n<td>Processeur Intel<sup>\u00ae<\/sup>\u00a0Core<sup>\u2122<\/sup>\u00a0i7-11700T (fr\u00e9quence de base 1,4 GHz, jusqu\u2019\u00e0 4,6 GHz avec la technologie Intel<sup>\u00ae<\/sup>\u00a0Turbo Boost, 16 Mo de m\u00e9moire cache L3, 8 c\u0153urs)<sup>9<\/sup><sup><a id=\"ccs-f10inline-cb7df8\" href=\"https:\/\/www.iris.ma\/13567-ordinateur-tout-en-un-hp-pavilion-27-d1002nk-601v7ea.html#ccs-ft10inline-cb7df8\" target=\"_blank\" rel=\"noopener\">10<\/a><\/sup><\/td>\n<\/tr>\n<tr class=\"ccs-cc-inline-specs-row\">\n<th class=\"ccs-cc-inline-specification-attribute\" scope=\"row\">Famille de processeurs<\/th>\n<td>processeur Intel<sup>\u00ae<\/sup>\u00a0Core<sup>\u2122<\/sup>\u00a0i7 de 11e\u00a0g\u00e9n\u00e9ration<\/td>\n<\/tr>\n<tr class=\"ccs-cc-inline-specs-row\">\n<th class=\"ccs-cc-inline-specification-attribute\" scope=\"row\">Chipset<\/th>\n<td>Intel<sup>\u00ae<\/sup>\u00a0H470<\/td>\n<\/tr>\n<tr class=\"ccs-cc-inline-specs-row\">\n<th class=\"ccs-cc-inline-specification-attribute\" scope=\"row\">Poids<\/th>\n<td>\u00c0 partir de 8,9\u00a0kg<\/td>\n<\/tr>\n<tr class=\"ccs-cc-inline-specs-row\">\n<th class=\"ccs-cc-inline-specification-attribute\" scope=\"row\">Ecran<\/th>\n<td>\u00c9cran tactile Full HD d\u2019une diagonale de 68,6 cm (27 pouces) (1920 x 1080), IPS, micro-bords sur trois c\u00f4t\u00e9s, BrightView, 250 nits, 72 % NTSC<\/td>\n<\/tr>\n<tr class=\"ccs-cc-inline-specs-row\">\n<th class=\"ccs-cc-inline-specification-attribute\" scope=\"row\">Gamme de couleurs<\/th>\n<td>72% NTSC<\/td>\n<\/tr>\n<tr class=\"ccs-cc-inline-specs-row\">\n<th class=\"ccs-cc-inline-specification-attribute\" scope=\"row\">Dimensions minimales (L x P x H)<\/th>\n<td>61,26\u00a0x\u00a020,8\u00a0x\u00a047,58\u00a0cm<\/td>\n<\/tr>\n<tr class=\"ccs-cc-inline-specs-row\">\n<th class=\"ccs-cc-inline-specification-attribute\" scope=\"row\">Graphiques<\/th>\n<td>Int\u00e9gr\u00e9<br \/>\nD\u00e9di\u00e9<\/td>\n<\/tr>\n<tr class=\"ccs-cc-inline-specs-row\">\n<th class=\"ccs-cc-inline-specification-attribute\" scope=\"row\">Carte graphique (int\u00e9gr\u00e9e)<\/th>\n<td>Carte graphique Intel<sup>\u00ae<\/sup>\u00a0UHD 750<\/td>\n<\/tr>\n<tr class=\"ccs-cc-inline-specs-row\">\n<th class=\"ccs-cc-inline-specification-attribute\" scope=\"row\">Carte graphique (s\u00e9par\u00e9e)<\/th>\n<td>Carte NVIDIA<sup>\u00ae<\/sup>\u00a0GeForce<sup>\u00ae<\/sup>\u00a0MX350 (m\u00e9moire GDDR5 4 Go d\u00e9di\u00e9e)<sup><a id=\"ccs-f11inline-cb7df8\" href=\"https:\/\/www.iris.ma\/13567-ordinateur-tout-en-un-hp-pavilion-27-d1002nk-601v7ea.html#ccs-ft11inline-cb7df8\" target=\"_blank\" rel=\"noopener\">11<\/a><\/sup><\/td>\n<\/tr>\n<tr class=\"ccs-cc-inline-specs-row\">\n<th class=\"ccs-cc-inline-specification-attribute\" scope=\"row\">Type d&rsquo;alimentation \u00e9lectrique<\/th>\n<td>Adaptateur secteur intelligent 150\u00a0W<\/td>\n<\/tr>\n<tr class=\"ccs-cc-inline-specs-row\">\n<th class=\"ccs-cc-inline-specification-attribute\" scope=\"row\">Format<\/th>\n<td>Tout-en-un<\/td>\n<\/tr>\n<tr class=\"ccs-cc-inline-specs-row\">\n<th class=\"ccs-cc-inline-specification-attribute\" scope=\"row\">Webcam<\/th>\n<td>Cam\u00e9ra de confidentialit\u00e9 HP Wide Vision 5 MP infrarouge avec microphones num\u00e9riques \u00e0 quatre entr\u00e9es int\u00e9gr\u00e9s<\/td>\n<\/tr>\n<tr class=\"ccs-cc-inline-specs-row\">\n<th class=\"ccs-cc-inline-specification-attribute\" scope=\"row\">Clavier<\/th>\n<td>Combin\u00e9 clavier et souris sans fil blancs USB HP 710<\/td>\n<\/tr>\n<tr class=\"ccs-cc-inline-specs-row\">\n<th class=\"ccs-cc-inline-specification-attribute\" scope=\"row\">Fonctions audio<\/th>\n<td>Audio par B &amp; O, double haut-parleurs 5\u00a0W<\/td>\n<\/tr>\n<tr class=\"ccs-cc-inline-specs-row\">\n<th class=\"ccs-cc-inline-specification-attribute\" scope=\"row\">Appareil pour carte m\u00e9moire<\/th>\n<td>Lecteur de carte m\u00e9moire HP 3-en-1<\/td>\n<\/tr>\n<tr class=\"ccs-cc-inline-specs-row\">\n<th class=\"ccs-cc-inline-specification-attribute\" scope=\"row\">Emplacement de port d&rsquo;E\/S<\/th>\n<td>C\u00f4t\u00e9<br \/>\nArri\u00e8re<\/td>\n<\/tr>\n<tr class=\"ccs-cc-inline-specs-row\">\n<th class=\"ccs-cc-inline-specification-attribute\" scope=\"row\">Ports<\/th>\n<td>1\u00a0port USB Type-A SuperSpeed, vitesse de transfert de 5\u00a0Go\/s (charge de la batterie 1.2)<br \/>\n1\u00a0prise combin\u00e9e casque\/microphone<br \/>\n1\u00a0port USB Type-C<sup>\u00ae<\/sup>\u00a0SuperSpeed, vitesse de signalisation de 5\u00a0Gbit\/s<br \/>\n3\u00a0ports USB Type-A SuperSpeed, vitesse de signalisation de 5\u00a0Gbit\/s<br \/>\n1\u00a0entr\u00e9e HDMI 1.4<br \/>\n1\u00a0sortie HDMI 1.4<br \/>\n1\u00a0port RJ-45<\/td>\n<\/tr>\n<tr class=\"ccs-cc-inline-specs-row\">\n<th class=\"ccs-cc-inline-specification-attribute\" scope=\"row\">Interface r\u00e9seau<\/th>\n<td>LAN GbE 10\/100\/1000 int\u00e9gr\u00e9<\/td>\n<\/tr>\n<tr class=\"ccs-cc-inline-specs-row\">\n<th class=\"ccs-cc-inline-specification-attribute\" scope=\"row\">Sans fil<\/th>\n<td>Carte combin\u00e9e Realtek RTL8822CE Wi-Fi<sup>\u00ae<\/sup>\u00a0802.11a\/b\/g\/n\/ac (2&#215;2) et Bluetooth<sup>\u00ae<\/sup>\u00a05<sup><a id=\"ccs-f7inline-cb7df8\" href=\"https:\/\/www.iris.ma\/13567-ordinateur-tout-en-un-hp-pavilion-27-d1002nk-601v7ea.html#ccs-ft7inline-cb7df8\" target=\"_blank\" rel=\"noopener\">7<\/a><\/sup><sup><a id=\"ccs-f12inline-cb7df8\" href=\"https:\/\/www.iris.ma\/13567-ordinateur-tout-en-un-hp-pavilion-27-d1002nk-601v7ea.html#ccs-ft12inline-cb7df8\" target=\"_blank\" rel=\"noopener\">12<\/a><\/sup><\/td>\n<\/tr>\n<tr class=\"ccs-cc-inline-specs-row\">\n<th class=\"ccs-cc-inline-specification-attribute\" scope=\"row\">Gestion de la s\u00e9curit\u00e9<\/th>\n<td>Emplacement verrou Kensington<sup>\u00ae<\/sup>\u00a0MicroSaver<\/td>\n<\/tr>\n<tr class=\"ccs-cc-inline-specs-row\">\n<th class=\"ccs-cc-inline-specification-attribute\" scope=\"row\">Couleur produit<\/th>\n<td>Blanc flocon de neige<\/td>\n<\/tr>\n<tr class=\"ccs-cc-inline-specs-row\">\n<th class=\"ccs-cc-inline-specification-attribute\" scope=\"row\">Labels \u00e9cologiques<\/th>\n<td>Homologu\u00e9 EPEAT<sup>\u00ae<\/sup>\u00a0Bronze<\/td>\n<\/tr>\n<tr class=\"ccs-cc-inline-specs-row\">\n<th class=\"ccs-cc-inline-specification-attribute\" scope=\"row\">Logiciels fournis<\/th>\n<td>McAfee LiveSafe<sup>\u2122<\/sup><br \/>\nOffre d\u2019essai gratuite Adobe de 1\u00a0mois<sup><a id=\"ccs-f13inline-cb7df8\" href=\"https:\/\/www.iris.ma\/13567-ordinateur-tout-en-un-hp-pavilion-27-d1002nk-601v7ea.html#ccs-ft13inline-cb7df8\" target=\"_blank\" rel=\"noopener\">13<\/a><\/sup><sup><a id=\"ccs-f14inline-cb7df8\" href=\"https:\/\/www.iris.ma\/13567-ordinateur-tout-en-un-hp-pavilion-27-d1002nk-601v7ea.html#ccs-ft14inline-cb7df8\" target=\"_blank\" rel=\"noopener\">14<\/a><\/sup><\/td>\n<\/tr>\n<tr class=\"ccs-cc-inline-specs-row\">\n<th class=\"ccs-cc-inline-specification-attribute\" scope=\"row\">Logiciels pr\u00e9install\u00e9s<\/th>\n<td>ExpressVPN (30 jours d\u2019essai gratuit)<br \/>\nLastPass Premium (30 jours d\u2019essai gratuit)<sup><a id=\"ccs-f15inline-cb7df8\" href=\"https:\/\/www.iris.ma\/13567-ordinateur-tout-en-un-hp-pavilion-27-d1002nk-601v7ea.html#ccs-ft15inline-cb7df8\" target=\"_blank\" rel=\"noopener\">15<\/a><\/sup><\/td>\n<\/tr>\n<tr class=\"ccs-cc-inline-specs-row\">\n<th class=\"ccs-cc-inline-specification-attribute\" scope=\"row\">Logiciels &#8211; productivit\u00e9 et finance<\/th>\n<td>Version d&rsquo;essai de 1 mois pour les nouveaux clients de Microsoft 365<sup><a id=\"ccs-f16inline-cb7df8\" href=\"https:\/\/www.iris.ma\/13567-ordinateur-tout-en-un-hp-pavilion-27-d1002nk-601v7ea.html#ccs-ft16inline-cb7df8\" target=\"_blank\" rel=\"noopener\">16<\/a><\/sup><\/td>\n<\/tr>\n<tr class=\"ccs-cc-inline-specs-row\">\n<th class=\"ccs-cc-inline-specification-attribute\" scope=\"row\">Garantie<\/th>\n<td>Cette garantie limit\u00e9e valable 1 an (1\/1\/0) couvre les pi\u00e8ces et la main d\u2019\u0153uvre pendant 1 an. Pas de r\u00e9paration sur site. Les conditions g\u00e9n\u00e9rales varient selon le pays. Certaines restrictions et exclusions s\u2019appliquent.<\/td>\n<\/tr>\n<\/tbody>\n<\/table>\n<\/div>\n<\/div>\n<div class=\"ccs-cc-inline-section ccs-cc-inline-features ccs-cc-inline-ports\" data-elementid=\"inline-content-features[hp]\" data-context=\"{&quot;mobile&quot;:false}\" data-ccs-cc-inline-jumplink=\"Ports\" data-display-mode=\"noheader\">\n<div class=\"ccs-cc-inline-features-block ccs-cc-inline-single-feature\">\n<div class=\"ccs-cc-inline-feature ccs-cc-inline-feature-ports\">\n<div class=\"ccs-cc-inline-feature-content ccs-cc-inline-thumbnail\"><img decoding=\"async\" src=\"https:\/\/cdn.cs.1worldsync.com\/syndication\/feeds\/hp\/inline-content\/1M\/3\/E\/6\/1\/9\/3E619370D3EAEA0DB505F95619C304B9FB4EA3A0_w_400_hero.jpg\" \/><\/div>\n<div class=\"ccs-cc-inline-feature-content ccs-cc-inline-feature-description\">\n<div class=\"\">\n<h3>Ports<\/h3>\n<p>1\u00a0port USB Type-A SuperSpeed, vitesse de transfert de 5\u00a0Go\/s (charge de la batterie 1.2)<\/p>\n<p>1\u00a0prise combin\u00e9e casque\/microphone<\/p>\n<p>1\u00a0port USB Type-C<sup>\u00ae<\/sup>\u00a0SuperSpeed, vitesse de signalisation de 5\u00a0Gbit\/s<\/p>\n<p>3\u00a0ports USB Type-A SuperSpeed, vitesse de signalisation de 5\u00a0Gbit\/s<\/p>\n<p>1\u00a0entr\u00e9e HDMI 1.4<\/p>\n<p>1\u00a0sortie HDMI 1.4<\/p>\n<p>1\u00a0port RJ-45<\/p>\n<\/div>\n<\/div>\n<\/div>\n<\/div>\n<\/div>\n","protected":false},"excerpt":{"rendered":"<ul>\n<li>Processeur: Intel\u00ae Core\u2122 i7-11700T (fr\u00e9quence de base 1,4 GHz, jusqu\u2019\u00e0 4,6 GHz avec la technologie Intel\u00ae Turbo Boost, 16 Mo de m\u00e9moire cache L3, 8 c\u0153urs)<\/li>\n<li>M\u00e9moire RAM: 16 Go de m\u00e9moire RAM DDR4-2933 MHz (2 x 8 Go)<\/li>\n<li>Disque dur: SSD 128 GB PCIe\u00ae NVMe\u2122 TLC M.2 + SATA 1 To 7200 tours\/min<\/li>\n<li>\u00c9cran: Tactile Full HD d\u2019une diagonale de 68,6 cm (27 pouces) (1920 x 1080), IPS, micro-bords sur trois c\u00f4t\u00e9s, BrightView, 250 nits, 72 % NTSC<\/li>\n<li>Carte graphique: NVIDIA\u00ae GeForce\u00ae MX350 (m\u00e9moire GDDR5 4 Go d\u00e9di\u00e9e)<\/li>\n<li>Syst\u00e8me d&rsquo;exploitation: Windows 11 Famille<\/li>\n<\/ul>\n","protected":false},"featured_media":11856,"template":"","meta":[],"product_brand":[],"product_cat":[266],"product_tag":[],"class_list":{"0":"post-11700","1":"product","2":"type-product","3":"status-publish","4":"has-post-thumbnail","6":"product_cat-aio","8":"first","9":"instock","10":"taxable","11":"shipping-taxable","12":"purchasable","13":"product-type-simple"},"_links":{"self":[{"href":"https:\/\/maisonmpi.com\/shop\/wp-json\/wp\/v2\/product\/11700","targetHints":{"allow":["GET"]}}],"collection":[{"href":"https:\/\/maisonmpi.com\/shop\/wp-json\/wp\/v2\/product"}],"about":[{"href":"https:\/\/maisonmpi.com\/shop\/wp-json\/wp\/v2\/types\/product"}],"version-history":[{"count":6,"href":"https:\/\/maisonmpi.com\/shop\/wp-json\/wp\/v2\/product\/11700\/revisions"}],"predecessor-version":[{"id":11853,"href":"https:\/\/maisonmpi.com\/shop\/wp-json\/wp\/v2\/product\/11700\/revisions\/11853"}],"wp:featuredmedia":[{"embeddable":true,"href":"https:\/\/maisonmpi.com\/shop\/wp-json\/wp\/v2\/media\/11856"}],"wp:attachment":[{"href":"https:\/\/maisonmpi.com\/shop\/wp-json\/wp\/v2\/media?parent=11700"}],"wp:term":[{"taxonomy":"product_brand","embeddable":true,"href":"https:\/\/maisonmpi.com\/shop\/wp-json\/wp\/v2\/product_brand?post=11700"},{"taxonomy":"product_cat","embeddable":true,"href":"https:\/\/maisonmpi.com\/shop\/wp-json\/wp\/v2\/product_cat?post=11700"},{"taxonomy":"product_tag","embeddable":true,"href":"https:\/\/maisonmpi.com\/shop\/wp-json\/wp\/v2\/product_tag?post=11700"}],"curies":[{"name":"wp","href":"https:\/\/api.w.org\/{rel}","templated":true}]}}