{"id":11770,"date":"2025-01-22T17:58:50","date_gmt":"2025-01-22T17:58:50","guid":{"rendered":"https:\/\/maisonmpi.com\/shop\/?post_type=product&#038;p=11770"},"modified":"2025-01-23T08:53:13","modified_gmt":"2025-01-23T08:53:13","slug":"apc-black-ups-1200va-230v-avr","status":"publish","type":"product","link":"https:\/\/maisonmpi.com\/shop\/produit\/apc-black-ups-1200va-230v-avr\/","title":{"rendered":"APC BLACK-UPS 1200VA. 230V AVR"},"content":{"rendered":"<div class=\"bullet-item bullet-item--enabled sc-pes-bullet-points\">\n<div class=\"bullet-item__label sc-pes-bullet-points\">Protection de r\u00e9f\u00e9rence de vos connexions internet et de vos applications r\u00e9sidentielles ou TPE\/PME<\/div>\n<\/div>\n<div class=\"bullet-item bullet-item--enabled sc-pes-bullet-points\">\n<div class=\"bullet-item__icon sc-pes-bullet-points\">\n<div class=\"wrapper icon-family no-hover\">notification<\/div>\n<\/div>\n<div class=\"bullet-item__label sc-pes-bullet-points\">L&rsquo;AVR corrige les variations de tension pour fournir une alimentation fiable<\/div>\n<\/div>\n<div class=\"bullet-item bullet-item--enabled\">\n<div class=\"bullet-item__icon\">\n<div class=\"wrapper icon-family no-hover\">notification<\/div>\n<\/div>\n<div class=\"bullet-item__label\">L&rsquo;affichage LED fournit un \u00e9tat facile \u00e0 lire des conditions d&rsquo;alimentation de l&rsquo;unit\u00e9 et des services publics<\/div>\n<\/div>\n<div class=\"bullet-item bullet-item--enabled\">\n<div class=\"bullet-item__icon\">\n<div class=\"wrapper icon-family no-hover\">notification<\/div>\n<\/div>\n<div class=\"bullet-item__label\">Les alarmes sonores fournissent une notification de l&rsquo;\u00e9volution &amp; des conditions de l&rsquo;alimentation secteur de l&rsquo;onduleur<\/div>\n<\/div>\n","protected":false},"excerpt":{"rendered":"<div class=\"bullet-item bullet-item--enabled sc-pes-bullet-points\">\n<div class=\"bullet-item__label sc-pes-bullet-points\">Protection de r\u00e9f\u00e9rence de vos connexions internet et de vos applications r\u00e9sidentielles ou TPE\/PME<\/div>\n<\/div>\n<div class=\"bullet-item bullet-item--enabled sc-pes-bullet-points\">\n<div class=\"bullet-item__icon sc-pes-bullet-points\">\n<div class=\"wrapper icon-family no-hover\">notification<\/div>\n<\/div>\n<div class=\"bullet-item__label sc-pes-bullet-points\">L&rsquo;AVR corrige les variations de tension pour fournir une alimentation fiable<\/div>\n<\/div>\n","protected":false},"featured_media":11775,"template":"","meta":[],"product_brand":[],"product_cat":[305],"product_tag":[],"class_list":{"0":"post-11770","1":"product","2":"type-product","3":"status-publish","4":"has-post-thumbnail","6":"product_cat-onduleurs-regulateurs","8":"first","9":"instock","10":"taxable","11":"shipping-taxable","12":"purchasable","13":"product-type-simple"},"_links":{"self":[{"href":"https:\/\/maisonmpi.com\/shop\/wp-json\/wp\/v2\/product\/11770","targetHints":{"allow":["GET"]}}],"collection":[{"href":"https:\/\/maisonmpi.com\/shop\/wp-json\/wp\/v2\/product"}],"about":[{"href":"https:\/\/maisonmpi.com\/shop\/wp-json\/wp\/v2\/types\/product"}],"version-history":[{"count":4,"href":"https:\/\/maisonmpi.com\/shop\/wp-json\/wp\/v2\/product\/11770\/revisions"}],"predecessor-version":[{"id":11787,"href":"https:\/\/maisonmpi.com\/shop\/wp-json\/wp\/v2\/product\/11770\/revisions\/11787"}],"wp:featuredmedia":[{"embeddable":true,"href":"https:\/\/maisonmpi.com\/shop\/wp-json\/wp\/v2\/media\/11775"}],"wp:attachment":[{"href":"https:\/\/maisonmpi.com\/shop\/wp-json\/wp\/v2\/media?parent=11770"}],"wp:term":[{"taxonomy":"product_brand","embeddable":true,"href":"https:\/\/maisonmpi.com\/shop\/wp-json\/wp\/v2\/product_brand?post=11770"},{"taxonomy":"product_cat","embeddable":true,"href":"https:\/\/maisonmpi.com\/shop\/wp-json\/wp\/v2\/product_cat?post=11770"},{"taxonomy":"product_tag","embeddable":true,"href":"https:\/\/maisonmpi.com\/shop\/wp-json\/wp\/v2\/product_tag?post=11770"}],"curies":[{"name":"wp","href":"https:\/\/api.w.org\/{rel}","templated":true}]}}