{"id":11784,"date":"2025-01-23T08:37:33","date_gmt":"2025-01-23T08:37:33","guid":{"rendered":"https:\/\/maisonmpi.com\/shop\/?post_type=product&#038;p=11784"},"modified":"2025-07-21T16:39:30","modified_gmt":"2025-07-21T16:39:30","slug":"apc-black-ups-1600va-230v-avr","status":"publish","type":"product","link":"https:\/\/maisonmpi.com\/shop\/produit\/apc-black-ups-1600va-230v-avr\/","title":{"rendered":"Oduleur APC BLACK -UPS 1600VA 230V  IEC  (BX1600MI)"},"content":{"rendered":"<div class=\"bullet-item bullet-item--enabled sc-pes-bullet-points\">\n<div class=\"bullet-item__label sc-pes-bullet-points\">\n<p>APC BX1600MI. Topologie de l&rsquo;onduleur : Ligne interactive, Capacit\u00e9 de sortie : 1,6 kVA, Puissance de sortie : 900 W. Types de connecteurs AC : Coupleur C13, Connecteur : Coupleur C13, Nombre de sorties AC : 6 sorties AC. Technologie de batterie : Acide de plomb plomb\u00e9 (VRLA), Temps de sauvegarde typique \u00e0 pleine charge : 1 min, Temps de sauvegarde typique \u00e0 demi-charge : 6,5 min. Facteur de forme : Compact, Couleur du produit : Noir, Longueur du c\u00e2ble : 1,2 m. Largeur : 140 mm, Profondeur : 390 mm, Hauteur : 190 mm<\/p>\n<p>Protection de r\u00e9f\u00e9rence de vos connexions internet et de vos applications r\u00e9sidentielles ou TPE\/PME<\/p>\n<\/div>\n<\/div>\n<div class=\"bullet-item bullet-item--enabled sc-pes-bullet-points\">\n<div class=\"bullet-item__icon sc-pes-bullet-points\">\n<div class=\"wrapper icon-family no-hover\">notification<\/div>\n<\/div>\n<div class=\"bullet-item__label sc-pes-bullet-points\">L&rsquo;AVR corrige les variations de tension pour fournir une alimentation fiable<\/div>\n<\/div>\n<div class=\"bullet-item bullet-item--enabled\">\n<div class=\"bullet-item__icon\">\n<div class=\"wrapper icon-family no-hover\">notification<\/div>\n<\/div>\n<div class=\"bullet-item__label\">L&rsquo;affichage LED fournit un \u00e9tat facile \u00e0 lire des conditions d&rsquo;alimentation de l&rsquo;unit\u00e9 et des services publics<\/div>\n<\/div>\n<div class=\"bullet-item bullet-item--enabled\">\n<div class=\"bullet-item__icon\">\n<div class=\"wrapper icon-family no-hover\">notification<\/div>\n<\/div>\n<div class=\"bullet-item__label\">Les alarmes sonores fournissent une notification de l&rsquo;\u00e9volution &amp; des conditions de l&rsquo;alimentation secteur de l&rsquo;onduleur<\/div>\n<\/div>\n","protected":false},"excerpt":{"rendered":"<div class=\"bullet-item bullet-item--enabled sc-pes-bullet-points\">\n<div class=\"bullet-item__label sc-pes-bullet-points\">Protection de r\u00e9f\u00e9rence de vos connexions internet et de vos applications r\u00e9sidentielles ou TPE\/PME<\/div>\n<\/div>\n<div class=\"bullet-item bullet-item--enabled sc-pes-bullet-points\">\n<div class=\"bullet-item__icon sc-pes-bullet-points\">\n<div class=\"wrapper icon-family no-hover\">notification. L&rsquo;AVR corrige les variations de tension pour fournir une alimentation fiable<\/div>\n<\/div>\n<\/div>\n","protected":false},"featured_media":11775,"template":"","meta":[],"product_brand":[],"product_cat":[305],"product_tag":[],"class_list":{"0":"post-11784","1":"product","2":"type-product","3":"status-publish","4":"has-post-thumbnail","6":"product_cat-onduleurs-regulateurs","8":"first","9":"instock","10":"taxable","11":"shipping-taxable","12":"purchasable","13":"product-type-simple"},"_links":{"self":[{"href":"https:\/\/maisonmpi.com\/shop\/wp-json\/wp\/v2\/product\/11784","targetHints":{"allow":["GET"]}}],"collection":[{"href":"https:\/\/maisonmpi.com\/shop\/wp-json\/wp\/v2\/product"}],"about":[{"href":"https:\/\/maisonmpi.com\/shop\/wp-json\/wp\/v2\/types\/product"}],"version-history":[{"count":4,"href":"https:\/\/maisonmpi.com\/shop\/wp-json\/wp\/v2\/product\/11784\/revisions"}],"predecessor-version":[{"id":12846,"href":"https:\/\/maisonmpi.com\/shop\/wp-json\/wp\/v2\/product\/11784\/revisions\/12846"}],"wp:featuredmedia":[{"embeddable":true,"href":"https:\/\/maisonmpi.com\/shop\/wp-json\/wp\/v2\/media\/11775"}],"wp:attachment":[{"href":"https:\/\/maisonmpi.com\/shop\/wp-json\/wp\/v2\/media?parent=11784"}],"wp:term":[{"taxonomy":"product_brand","embeddable":true,"href":"https:\/\/maisonmpi.com\/shop\/wp-json\/wp\/v2\/product_brand?post=11784"},{"taxonomy":"product_cat","embeddable":true,"href":"https:\/\/maisonmpi.com\/shop\/wp-json\/wp\/v2\/product_cat?post=11784"},{"taxonomy":"product_tag","embeddable":true,"href":"https:\/\/maisonmpi.com\/shop\/wp-json\/wp\/v2\/product_tag?post=11784"}],"curies":[{"name":"wp","href":"https:\/\/api.w.org\/{rel}","templated":true}]}}