{"id":11865,"date":"2025-01-23T16:08:27","date_gmt":"2025-01-23T16:08:27","guid":{"rendered":"https:\/\/maisonmpi.com\/shop\/?post_type=product&#038;p=11865"},"modified":"2025-01-23T16:11:44","modified_gmt":"2025-01-23T16:11:44","slug":"canon-scanner-canoscan-lide-400-2996c010","status":"publish","type":"product","link":"https:\/\/maisonmpi.com\/shop\/produit\/canon-scanner-canoscan-lide-400-2996c010\/","title":{"rendered":"CANON Scanner CanoScan LiDE 400 (2996C010)"},"content":{"rendered":"<div class=\"card-zone d-flex align-items-center ng-tns-c135-3 card-open locked ng-star-inserted\">\n<div class=\"card-zone-header ng-tns-c135-3\">\n<h2 class=\"ng-tns-c135-3 title mb-0\">Caract\u00e9ristiques<\/h2>\n<\/div>\n<\/div>\n<div class=\"card-zone ng-tns-c135-3 card-zone-content ng-trigger ng-trigger-fadeInFadeOut no-padding\">\n<div class=\"content ng-tns-c135-3\">\n<ul class=\"pl-0 mb-0\">\n<li class=\"attribute ng-star-inserted\"><span class=\"attribute-label\">Type de scanner<\/span><span class=\"attribute-value ng-star-inserted\">Scanner \u00e0 plat<\/span><\/li>\n<li class=\"attribute ng-star-inserted\"><span class=\"attribute-label\">Nombre de colis<\/span><span class=\"attribute-value ng-star-inserted\">1<\/span><\/li>\n<li class=\"attribute ng-star-inserted\"><span class=\"attribute-label\">Marque<\/span><span class=\"attribute-value ng-star-inserted\">Canon<\/span><\/li>\n<li class=\"attribute ng-star-inserted\"><span class=\"attribute-label\">EAN<\/span>\n<div class=\"attribute-value ng-star-inserted\">4549292119855<\/div>\n<\/li>\n<li class=\"attribute ng-star-inserted\"><span class=\"attribute-label\">Wi-Fi<\/span><span class=\"attribute-value ng-star-inserted\">Non<\/span><\/li>\n<li class=\"attribute ng-star-inserted\"><span class=\"attribute-label\">Libell\u00e9<\/span>\n<div class=\"attribute-value ng-star-inserted\">CANON Scanner CanoScan LiDE 400 Noir<\/div>\n<\/li>\n<li class=\"attribute ng-star-inserted\"><span class=\"attribute-label\">Bluetooth<\/span><span class=\"attribute-value ng-star-inserted\">Non<\/span><\/li>\n<li class=\"attribute ng-star-inserted\"><span class=\"attribute-label\">Cat\u00e9gorie produits<\/span>\n<div class=\"attribute-value ng-star-inserted\">scanner<\/div>\n<\/li>\n<li class=\"attribute ng-star-inserted\"><span class=\"attribute-label\">Dimensions (cm)<\/span>\n<div class=\"attribute-value ng-star-inserted\">25 x 36.7 x 4.2<\/div>\n<\/li>\n<li class=\"attribute ng-star-inserted\"><span class=\"attribute-label\">Part Number (r\u00e9f\u00e9rence fabricant)<\/span>\n<div class=\"attribute-value ng-star-inserted\">2996C010<\/div>\n<\/li>\n<li class=\"attribute ng-star-inserted\"><span class=\"attribute-label\">Compatibilit\u00e9<\/span><span class=\"attribute-value ng-star-inserted\">PC &amp; Mac<\/span><\/li>\n<li class=\"attribute ng-star-inserted\"><span class=\"attribute-label\">Garantie l\u00e9gale de conformit\u00e9<\/span>\n<div class=\"attribute-value ng-star-inserted\">2 ans. Produits d&rsquo;occasion : dispense de fournir la preuve du d\u00e9faut de conformit\u00e9 dans les 12 mois de la d\u00e9livrance du bien.<\/div>\n<\/li>\n<li class=\"attribute ng-star-inserted\"><span class=\"attribute-label\">Coloris<\/span><span class=\"attribute-value ng-star-inserted\">Noir<\/span><\/li>\n<li class=\"attribute ng-star-inserted\"><span class=\"attribute-label\">Accessoires inclus<\/span>\n<div class=\"attribute-value ng-star-inserted\">Logiciels fournis:Scan Gear for Win Scan Utility for Win<\/div>\n<\/li>\n<li class=\"attribute ng-star-inserted\"><span class=\"attribute-label\">Reprise DEEE<\/span><\/li>\n<li class=\"attribute ng-star-inserted\"><span class=\"attribute-label\">Cat\u00e9gories<\/span><span class=\"attribute-value ng-star-inserted\">Scanner<\/span><\/li>\n<li class=\"attribute ng-star-inserted\"><span class=\"attribute-label\">Type d&rsquo;\u00e9cran<\/span><span class=\"attribute-value ng-star-inserted\">Sans \u00e9cran<\/span><\/li>\n<li class=\"attribute ng-star-inserted\"><span class=\"attribute-label\">Disponibilit\u00e9 des pi\u00e8ces d\u00e9tach\u00e9es<\/span>\n<div class=\"attribute-value ng-star-inserted\">Non<\/div>\n<\/li>\n<li class=\"attribute ng-star-inserted\"><span class=\"attribute-label\">Marque de la personne responsable dans l\u2019UE<\/span>\n<div class=\"attribute-value ng-star-inserted\">Canon<\/div>\n<\/li>\n<li class=\"attribute ng-star-inserted\"><span class=\"attribute-label\">Adresse postale de la personne responsable dans l\u2019UE<\/span>\n<div class=\"attribute-value ng-star-inserted\">Bovenkerkerweg 59 , Amstelveen , 1185XB , NL<\/div>\n<\/li>\n<li class=\"attribute ng-star-inserted\"><span class=\"attribute-label\">Raison sociale de la personne responsable dans l&rsquo;UE<\/span>\n<div class=\"attribute-value ng-star-inserted\">Canon Europa N.V.<\/div>\n<\/li>\n<li class=\"attribute ng-star-inserted\"><span class=\"attribute-label\">Adresse \u00e9lectronique de contact de la personne responsable dans l\u2019UE<\/span>\n<div class=\"attribute-value ng-star-inserted\">corporate.communications@canon-europe.com<\/div>\n<\/li>\n<li class=\"attribute ng-star-inserted\"><span class=\"attribute-label\">Poids du produit<\/span>\n<div class=\"attribute-value ng-star-inserted\">1700 g<\/div>\n<\/li>\n<\/ul>\n<\/div>\n<\/div>\n","protected":false},"excerpt":{"rendered":"<p>Profitez d&rsquo;une exp\u00e9rience de num\u00e9risation plus rapide et plus fluide dans un format l\u00e9ger et \u00e9l\u00e9gant. Associ\u00e9 \u00e0 un traitement de l&rsquo;image de pointe adapt\u00e9 aussi bien \u00e0 un usage domestique que professionnel, le design sophistiqu\u00e9 du CanoScan\u00a0LiDE\u00a0400 vous fait gagner de l&rsquo;espace, de la puissance et du temps, tout en r\u00e9alisant des num\u00e9risations haute r\u00e9solution avec rapidit\u00e9 et expertise. Lib\u00e9rez l&rsquo;espace de votre bureau gr\u00e2ce \u00e0 l&rsquo;option de num\u00e9risation verticale et copiez sans effort des rapports, photos ou fichiers volumineux gr\u00e2ce \u00e0 la connectivit\u00e9\u00a0USB \u00ab\u00a0plug-and-scan\u00a0\u00bb haut-d\u00e9bit et aux cinq\u00a0touches de raccourci\u00a0EZ.<\/p>\n","protected":false},"featured_media":11860,"template":"","meta":[],"product_brand":[],"product_cat":[235],"product_tag":[],"class_list":{"0":"post-11865","1":"product","2":"type-product","3":"status-publish","4":"has-post-thumbnail","6":"product_cat-imprimantes-scanners","8":"first","9":"instock","10":"taxable","11":"shipping-taxable","12":"purchasable","13":"product-type-simple"},"_links":{"self":[{"href":"https:\/\/maisonmpi.com\/shop\/wp-json\/wp\/v2\/product\/11865","targetHints":{"allow":["GET"]}}],"collection":[{"href":"https:\/\/maisonmpi.com\/shop\/wp-json\/wp\/v2\/product"}],"about":[{"href":"https:\/\/maisonmpi.com\/shop\/wp-json\/wp\/v2\/types\/product"}],"version-history":[{"count":2,"href":"https:\/\/maisonmpi.com\/shop\/wp-json\/wp\/v2\/product\/11865\/revisions"}],"predecessor-version":[{"id":11873,"href":"https:\/\/maisonmpi.com\/shop\/wp-json\/wp\/v2\/product\/11865\/revisions\/11873"}],"wp:featuredmedia":[{"embeddable":true,"href":"https:\/\/maisonmpi.com\/shop\/wp-json\/wp\/v2\/media\/11860"}],"wp:attachment":[{"href":"https:\/\/maisonmpi.com\/shop\/wp-json\/wp\/v2\/media?parent=11865"}],"wp:term":[{"taxonomy":"product_brand","embeddable":true,"href":"https:\/\/maisonmpi.com\/shop\/wp-json\/wp\/v2\/product_brand?post=11865"},{"taxonomy":"product_cat","embeddable":true,"href":"https:\/\/maisonmpi.com\/shop\/wp-json\/wp\/v2\/product_cat?post=11865"},{"taxonomy":"product_tag","embeddable":true,"href":"https:\/\/maisonmpi.com\/shop\/wp-json\/wp\/v2\/product_tag?post=11865"}],"curies":[{"name":"wp","href":"https:\/\/api.w.org\/{rel}","templated":true}]}}