{"id":11879,"date":"2025-01-23T16:31:43","date_gmt":"2025-01-23T16:31:43","guid":{"rendered":"https:\/\/maisonmpi.com\/shop\/?post_type=product&#038;p=11879"},"modified":"2025-01-23T16:42:21","modified_gmt":"2025-01-23T16:42:21","slug":"hp-scanjet-pro-2600-f1","status":"publish","type":"product","link":"https:\/\/maisonmpi.com\/shop\/produit\/hp-scanjet-pro-2600-f1\/","title":{"rendered":"HP ScanJet Pro 2600 f1"},"content":{"rendered":"<div class=\"ccs-cc-inline-section ccs-cc-inline-features\" data-elementid=\"inline-content-features[hp]\" data-context=\"{&quot;mobile&quot;:false}\" data-ccs-cc-inline-jumplink=\"Points cl\u00e9s\" data-display-mode=\"noheader\">\n<h2>Sp\u00e9cifications principales<\/h2>\n<div class=\"ccs-cc-inline-features-block ccs-cc-inline-multicolumn\" data-count=\"7\" data-media=\"false\">\n<div class=\"ccs-cc-inline-feature\">\n<div class=\"ccs-cc-inline-feature-content ccs-cc-inline-feature-description\" data-order=\"0\">\n<h3>Type de scanner<\/h3>\n<p>Chargeur automatique de documents; Technologie de num\u00e9risation CIS; Scanner \u00e0 plat<\/p>\n<\/div>\n<div class=\"ccs-cc-inline-feature-content ccs-cc-inline-feature-description\" data-order=\"1\">\n<h3>R\u00e9solution de la num\u00e9risation, optique<\/h3>\n<p>Jusqu&rsquo;\u00e0 600 ppp (couleur et noir et blanc, ADF) ; Jusqu&rsquo;\u00e0 1 200 ppp (couleur et noir et blanc, plat)<\/p>\n<\/div>\n<div class=\"ccs-cc-inline-feature-content ccs-cc-inline-feature-description\" data-order=\"2\">\n<h3>Profondeur de bits<\/h3>\n<p>24\u00a0bits (externe), 48\u00a0bits (internes)<\/p>\n<\/div>\n<div class=\"ccs-cc-inline-feature-content ccs-cc-inline-feature-description\" data-order=\"3\">\n<h3>Taux d&rsquo;utilisation (quotidien)<\/h3>\n<p>Taux d&rsquo;utilisation mensuel recommand\u00e9 : 1 500 pages (chargeur automatique de documents)<\/p>\n<\/div>\n<div class=\"ccs-cc-inline-feature-content ccs-cc-inline-feature-description\" data-order=\"4\">\n<h3>Chargeur automatique de documents<\/h3>\n<p>Standard, 60 feuilles<\/p>\n<\/div>\n<div class=\"ccs-cc-inline-feature-content ccs-cc-inline-feature-description\" data-order=\"5\">\n<h3>Taille de num\u00e9risation du scanner \u00e0 plat (max.)<\/h3>\n<p>216 x 297 mm<\/p>\n<\/div>\n<div class=\"ccs-cc-inline-feature-content ccs-cc-inline-feature-description\" data-order=\"6\">\n<h3>Taille de num\u00e9risation du chargeur automatique de documents (max.)<\/h3>\n<p>216 x 3 100 mm<\/p>\n<\/div>\n<\/div>\n<\/div>\n<\/div>\n<div class=\"ccs-cc-inline-section ccs-cc-inline-features\" data-elementid=\"inline-content-features[hp]\" data-context=\"{&quot;mobile&quot;:false}\" data-ccs-cc-inline-jumplink=\"Points cl\u00e9s\" data-display-mode=\"noheader\">\n<h2>Pr\u00e9sentation du produit<\/h2>\n<div class=\"ccs-cc-inline-features-block ccs-cc-inline-single-feature\">\n<div class=\"ccs-cc-inline-feature\" data-type=\"text\">\n<div class=\"ccs-cc-inline-feature-content ccs-cc-inline-feature-description\">Optimisez votre productivit\u00e9 pour les t\u00e2ches de num\u00e9risation professionnelles avec le scanner HP ScanJet Pro, compact et fiable, con\u00e7u pour num\u00e9riser jusqu\u2019\u00e0 1 500 pages par jour. Automatisez vos flux de travail gr\u00e2ce \u00e0 des raccourcis en un clic et \u00e0 la num\u00e9risation recto-verso rapide \u00e0 partir du chargeur automatique de documents.<\/div>\n<\/div>\n<\/div>\n<div class=\"ccs-cc-inline-features-block ccs-cc-inline-multicolumn\" data-count=\"2\" data-media=\"false\">\n<div class=\"ccs-cc-inline-feature\">\n<div class=\"ccs-cc-inline-feature-content ccs-cc-inline-feature-description\" data-order=\"0\">\n<h3>Productivit\u00e9 professionnelle.<\/h3>\n<p>Num\u00e9risez jusqu\u2019\u00e0 50 images (25 pages) par minute<sup><a id=\"ccs-f1inline-a063c9\" href=\"https:\/\/www.iris.ma\/15015-scanner-hp-scanjet-pro-2600-f1-20g05a.html#ccs-ft1inline-a063c9\" target=\"_blank\" rel=\"noopener\">1<\/a><\/sup>\u00a0avec un chargeur de documents de 60 pages, recto-verso, en une seule passe.<\/p>\n<\/div>\n<div class=\"ccs-cc-inline-feature-content ccs-cc-inline-feature-description\" data-order=\"1\">\n<h3>Simple.<\/h3>\n<p>Num\u00e9risez une grande vari\u00e9t\u00e9 de documents, notamment des livres, des magazines et des cartes d\u2019identit\u00e9, \u00e0 partir du chargeur automatique de documents ou du scanner \u00e0 plat.<\/p>\n<\/div>\n<\/div>\n<\/div>\n<div class=\"ccs-cc-inline-features-block ccs-cc-inline-multicolumn\" data-count=\"2\" data-media=\"false\">\n<div class=\"ccs-cc-inline-feature\">\n<div class=\"ccs-cc-inline-feature-content ccs-cc-inline-feature-description\" data-order=\"0\">\n<h3>Num\u00e9risation fiable.<\/h3>\n<p>Soyez certain que votre scanner est \u00e0 la hauteur de vos attentes. Con\u00e7u pour des volumes quotidiens \u00e9lev\u00e9s pouvant aller jusqu\u2019\u00e0 1 500 pages num\u00e9ris\u00e9es par jour.<\/p>\n<\/div>\n<div class=\"ccs-cc-inline-feature-content ccs-cc-inline-feature-description\" data-order=\"1\">\n<h3>S\u00e9curit\u00e9 renforc\u00e9e<\/h3>\n<p>S\u00e9curis\u00e9 gr\u00e2ce \u00e0 la v\u00e9rification au d\u00e9marrage de la signature du code HP authentique qui emp\u00eache le d\u00e9marrage si le code a \u00e9t\u00e9 modifi\u00e9.<\/p>\n<\/div>\n<\/div>\n<\/div>\n<h2>Sp\u00e9cifications principales<\/h2>\n<div class=\"ccs-cc-inline-features-block ccs-cc-inline-multicolumn\" data-count=\"2\" data-media=\"false\">\n<div class=\"ccs-cc-inline-feature\">\n<div class=\"ccs-cc-inline-feature-content ccs-cc-inline-feature-description\" data-order=\"0\">\n<h3>R\u00e9alisez rapidement vos num\u00e9risations<\/h3>\n<p>Num\u00e9risez jusqu\u2019\u00e0 25 pages ou 50 images par minute<\/p>\n<\/div>\n<div class=\"ccs-cc-inline-feature-content ccs-cc-inline-feature-description\" data-order=\"1\">\n<h3>Num\u00e9risation recto verso en un seul passage<\/h3>\n<p>B\u00e9n\u00e9ficiez d\u2019une num\u00e9risation automatique recto-verso et en une seule passe gr\u00e2ce au chargeur de documents<\/p>\n<\/div>\n<\/div>\n<\/div>\n<div class=\"ccs-cc-inline-features-block ccs-cc-inline-multicolumn\" data-count=\"2\" data-media=\"false\">\n<div class=\"ccs-cc-inline-feature\">\n<div class=\"ccs-cc-inline-feature-content ccs-cc-inline-feature-description\" data-order=\"0\">\n<h3>Une num\u00e9risation polyvalente<\/h3>\n<p>Num\u00e9risez une grande vari\u00e9t\u00e9 de documents, notamment des livres, des magazines et des cartes d\u2019identit\u00e9<\/p>\n<\/div>\n<div class=\"ccs-cc-inline-feature-content ccs-cc-inline-feature-description\" data-order=\"1\">\n<h3>Design moderne et pratique<\/h3>\n<p>Son design compact s\u2019adapte facilement au bureau<\/p>\n<\/div>\n<\/div>\n<\/div>\n<div class=\"ccs-cc-inline-features-block ccs-cc-inline-multicolumn\" data-count=\"2\" data-media=\"false\">\n<div class=\"ccs-cc-inline-feature\">\n<div class=\"ccs-cc-inline-feature-content ccs-cc-inline-feature-description\" data-order=\"0\">\n<h3>Connexion USB 2 simple<\/h3>\n<p>L\u2019installation est simple et rapide gr\u00e2ce au c\u00e2ble USB<\/p>\n<\/div>\n<div class=\"ccs-cc-inline-feature-content ccs-cc-inline-feature-description\" data-order=\"1\">\n<h3>Pas d\u2019attente &#8211; Instantan\u00e9<\/h3>\n<p>La technologie Instant-on permet de commencer la num\u00e9risation rapidement<\/p>\n<\/div>\n<\/div>\n<\/div>\n<div class=\"ccs-cc-inline-features-block ccs-cc-inline-multicolumn\" data-count=\"2\" data-media=\"false\">\n<div class=\"ccs-cc-inline-feature\">\n<div class=\"ccs-cc-inline-feature-content ccs-cc-inline-feature-description\" data-order=\"0\">\n<h3>Simplifiez et automatisez les flux de travail<\/h3>\n<p>Automatisez les flux de travail avec le logiciel HP Scan Pro<\/p>\n<\/div>\n<div class=\"ccs-cc-inline-feature-content ccs-cc-inline-feature-description\" data-order=\"1\">\n<h3>Con\u00e7u pour les volumes \u00e9lev\u00e9s<\/h3>\n<p>Con\u00e7u pour des volumes quotidiens \u00e9lev\u00e9s pouvant aller jusqu\u2019\u00e0 1 500 pages num\u00e9ris\u00e9es par jour<\/p>\n<\/div>\n<\/div>\n<\/div>\n<div class=\"ccs-cc-inline-features-block ccs-cc-inline-multicolumn\" data-count=\"2\" data-media=\"false\">\n<div class=\"ccs-cc-inline-feature\">\n<div class=\"ccs-cc-inline-feature-content ccs-cc-inline-feature-description\" data-order=\"0\">\n<h3>Des num\u00e9risations claires et nettes<\/h3>\n<p>Obtenez des num\u00e9risations nettes et fid\u00e8les \u00e0 la r\u00e9alit\u00e9 de vos documents et graphiques avec jusqu\u2019\u00e0 1200 ppp de r\u00e9solution<\/p>\n<\/div>\n<div class=\"ccs-cc-inline-feature-content ccs-cc-inline-feature-description\" data-order=\"1\">\n<h3>S\u00e9curit\u00e9 du d\u00e9marrage<\/h3>\n<p>D\u00e9marrage s\u00e9curis\u00e9 avec validation de la signature du code du micrologiciel<\/p>\n<\/div>\n<\/div>\n<\/div>\n<div class=\"ccs-cc-inline-features-block ccs-cc-inline-multicolumn\" data-count=\"2\" data-media=\"false\">\n<div class=\"ccs-cc-inline-feature\">\n<div class=\"ccs-cc-inline-feature-content ccs-cc-inline-feature-description\" data-order=\"0\">\n<h3>Mises \u00e0 jour s\u00e9curis\u00e9es du micrologiciel<\/h3>\n<p>Mises \u00e0 jour en toute simplicit\u00e9 garantissant un micrologiciel authentique HP<\/p>\n<\/div>\n<div class=\"ccs-cc-inline-feature-content ccs-cc-inline-feature-description\" data-order=\"1\">\n<h3>Design durable<\/h3>\n<p>Conception durable contenant plus de 22 % de plastique recycl\u00e9<\/p>\n<\/div>\n<\/div>\n<\/div>\n<\/div>\n<div id=\"specification-a063c9\" class=\"ccs-cc-inline-section ccs-cc-inline-specifications\" data-elementid=\"inline-content-specifications[hp]\" data-context=\"{&quot;mobile&quot;:false}\" data-ccs-cc-inline-jumplink=\"Sp\u00e9cifications\" data-display-mode=\"expanded\">\n<h2 class=\"ccs-cc-inline-section-title\" data-ccs-jumplink-container=\"true\"><a class=\"ccs-cc-inline-acc-header\" title=\"Sp\u00e9cifications\" data-ccs-cc-inline-acc-id=\"specification-a063c9\" data-ccs-cc-inline-acc-state=\"expanded\" aria-expanded=\"true\" aria-label=\"Sp\u00e9cifications hides content\">\u00a0Sp\u00e9cifications<\/a><\/h2>\n<div class=\"ccs-cc-inline-acc-content\" data-ccs-cc-inline-acc-id=\"specification-a063c9\">\n<table>\n<tbody>\n<tr class=\"ccs-cc-inline-specs-row\">\n<th class=\"ccs-cc-inline-specification-attribute\" scope=\"row\">Type de scanner<\/th>\n<td>Chargeur automatique de documents<br \/>\nTechnologie de num\u00e9risation CIS<br \/>\nScanner \u00e0 plat<\/td>\n<\/tr>\n<tr class=\"ccs-cc-inline-specs-row\">\n<th class=\"ccs-cc-inline-specification-attribute\" scope=\"row\">Communication num\u00e9rique &#8211; Fonctionnalit\u00e9s facultatives<\/th>\n<td>Envoi vers e-mail<br \/>\nEnvoi vers ordinateur<\/td>\n<\/tr>\n<tr class=\"ccs-cc-inline-specs-row\">\n<th class=\"ccs-cc-inline-specification-attribute\" scope=\"row\">R\u00e9solution de num\u00e9risation, optique<\/th>\n<td>Jusqu&rsquo;\u00e0 600 ppp (couleur et noir et blanc, ADF)<br \/>\nJusqu&rsquo;\u00e0 1 200 ppp (couleur et noir et blanc, plat)<\/td>\n<\/tr>\n<tr class=\"ccs-cc-inline-specs-row\">\n<th class=\"ccs-cc-inline-specification-attribute\" scope=\"row\">Taux d&rsquo;utilisation (quotidien)<\/th>\n<td>Taux d&rsquo;utilisation mensuel recommand\u00e9 : 1 500 pages (chargeur automatique de documents)<\/td>\n<\/tr>\n<tr class=\"ccs-cc-inline-specs-row\">\n<th class=\"ccs-cc-inline-specification-attribute\" scope=\"row\">Profondeur en bits<\/th>\n<td>24\u00a0bits (externe), 48\u00a0bits (internes)<\/td>\n<\/tr>\n<tr class=\"ccs-cc-inline-specs-row\">\n<th class=\"ccs-cc-inline-specification-attribute\" scope=\"row\">Niveaux de gris<\/th>\n<td>256<\/td>\n<\/tr>\n<tr class=\"ccs-cc-inline-specs-row\">\n<th class=\"ccs-cc-inline-specification-attribute\" scope=\"row\">D\u00e9tection d&rsquo;alimentation multiple<\/th>\n<td>Non<\/td>\n<\/tr>\n<tr class=\"ccs-cc-inline-specs-row\">\n<th class=\"ccs-cc-inline-specification-attribute\" scope=\"row\">Taille de num\u00e9risation, maximum<\/th>\n<td>216 x 297 mm<\/td>\n<\/tr>\n<tr class=\"ccs-cc-inline-specs-row\">\n<th class=\"ccs-cc-inline-specification-attribute\" scope=\"row\">Types de supports<\/th>\n<td>Papier (banni\u00e8re, jet d&rsquo;encre, photo, ordinaire), enveloppes, \u00e9tiquettes, cartes (v\u0153ux, index)<\/td>\n<\/tr>\n<tr class=\"ccs-cc-inline-specs-row\">\n<th class=\"ccs-cc-inline-specification-attribute\" scope=\"row\">Poids du support d&rsquo;impression, ADF (chargeur automatique de documents) pris en charge<\/th>\n<td>60 \u00e0 105 g\/m\u00b2<\/td>\n<\/tr>\n<tr class=\"ccs-cc-inline-specs-row\">\n<th class=\"ccs-cc-inline-specification-attribute\" scope=\"row\">Formats de fichiers pour la num\u00e9risation<\/th>\n<td>Pour les pages de texte et d\u2019image : PDF, JPEG, PNG, BMP, TIF, texte (TXT), texte enrichi (RTF), PDF consultable, PDF\/A, Word (DOC), Word (DOCX), Excel (XLS), Excel (XLSX), CSV<\/td>\n<\/tr>\n<tr class=\"ccs-cc-inline-specs-row\">\n<th class=\"ccs-cc-inline-specification-attribute\" scope=\"row\">Capacit\u00e9 du bac d&rsquo;alimentation automatique<\/th>\n<td>Standard, 60 feuilles<\/td>\n<\/tr>\n<tr class=\"ccs-cc-inline-specs-row\">\n<th class=\"ccs-cc-inline-specification-attribute\" scope=\"row\">Vitesse de num\u00e9risation du bac d&rsquo;alimentation automatique<\/th>\n<td>Jusqu&rsquo;\u00e0 25 ppm\/50 ipm (n&amp;b, gris, couleur, 300 ppp)<\/td>\n<\/tr>\n<tr class=\"ccs-cc-inline-specs-row\">\n<th class=\"ccs-cc-inline-specification-attribute\" scope=\"row\">Options de num\u00e9risation (ADF)<\/th>\n<td>Num\u00e9risation recto verso en une seule passe<\/td>\n<\/tr>\n<tr class=\"ccs-cc-inline-specs-row\">\n<th class=\"ccs-cc-inline-specification-attribute\" scope=\"row\">Taille de num\u00e9risation (chargeur auto) maximale<\/th>\n<td>216 x 3 100 mm<\/td>\n<\/tr>\n<tr class=\"ccs-cc-inline-specs-row\">\n<th class=\"ccs-cc-inline-specification-attribute\" scope=\"row\">Syst\u00e8mes d&rsquo;exploitation support\u00e9s<\/th>\n<td>Windows 11<br \/>\nWindows 10<br \/>\nWindows 8<br \/>\nWindows 8.1<br \/>\nWindows 7<br \/>\nWindows Server<br \/>\nmacOS 10.14 Mojave<br \/>\nmacOS 10.15 Catalina<br \/>\nmacOS 11 Big Sur<br \/>\nmacOS 12 Monterey<br \/>\nLinux<\/td>\n<\/tr>\n<tr class=\"ccs-cc-inline-specs-row\">\n<th class=\"ccs-cc-inline-specification-attribute\" scope=\"row\">Compatible Mac<\/th>\n<td>Oui<\/td>\n<\/tr>\n<tr class=\"ccs-cc-inline-specs-row\">\n<th class=\"ccs-cc-inline-specification-attribute\" scope=\"row\">Version Twain<\/th>\n<td>Version 2.4<\/td>\n<\/tr>\n<tr class=\"ccs-cc-inline-specs-row\">\n<th class=\"ccs-cc-inline-specification-attribute\" scope=\"row\">Connectivit\u00e9, standard<\/th>\n<td>USB 2,0<\/td>\n<\/tr>\n<tr class=\"ccs-cc-inline-specs-row\">\n<th class=\"ccs-cc-inline-specification-attribute\" scope=\"row\">Alimentation<\/th>\n<td>Tension d&rsquo;entr\u00e9e : 100 \u00e0 240 VCA<\/td>\n<\/tr>\n<tr class=\"ccs-cc-inline-specs-row\">\n<th class=\"ccs-cc-inline-specification-attribute\" scope=\"row\">Consommation \u00e9lectrique<\/th>\n<td>12,90 watts (num\u00e9risation active), 5 watts (pr\u00eat), 1,11 watts (veille), 0,06 watt (arr\u00eat automatique), 0,06 watt (arr\u00eat manuel)<\/td>\n<\/tr>\n<tr class=\"ccs-cc-inline-specs-row\">\n<th class=\"ccs-cc-inline-specification-attribute\" scope=\"row\">Labels \u00e9cologiques<\/th>\n<td>CECP<br \/>\nD\u00e9claration IT ECO<br \/>\nSEPA<br \/>\nHomologu\u00e9 EPEAT<sup>\u00ae<\/sup>\u00a0Silver<\/td>\n<\/tr>\n<tr class=\"ccs-cc-inline-specs-row\">\n<th class=\"ccs-cc-inline-specification-attribute\" scope=\"row\">Plage de temp\u00e9ratures en fonctionnement<\/th>\n<td>10 \u00e0 35\u00b0C<\/td>\n<\/tr>\n<tr class=\"ccs-cc-inline-specs-row\">\n<th class=\"ccs-cc-inline-specification-attribute\" scope=\"row\">Plage de taux d&rsquo;humidit\u00e9 en fonctionnement recommand\u00e9e<\/th>\n<td>30 \u00e0 70% d\u2019humidit\u00e9 relative<\/td>\n<\/tr>\n<tr class=\"ccs-cc-inline-specs-row\">\n<th class=\"ccs-cc-inline-specification-attribute\" scope=\"row\">Dimensions minimales (L x P x H)<\/th>\n<td>491,5 x 325,4 x 133,3 mm<\/td>\n<\/tr>\n<tr class=\"ccs-cc-inline-specs-row\">\n<th class=\"ccs-cc-inline-specification-attribute\" scope=\"row\">Poids<\/th>\n<td>5,4 kg<\/td>\n<\/tr>\n<tr class=\"ccs-cc-inline-specs-row\">\n<th class=\"ccs-cc-inline-specification-attribute\" scope=\"row\">Logiciels fournis<\/th>\n<td>Logiciel HP Scan, pilote de p\u00e9riph\u00e9rique pour scanner HP, pilote de num\u00e9risation HP WIA, pilote de num\u00e9risation HP TWAIN, utilitaires de num\u00e9risation HP<\/td>\n<\/tr>\n<tr class=\"ccs-cc-inline-specs-row\">\n<th class=\"ccs-cc-inline-specification-attribute\" scope=\"row\">Contenu de l\u2019emballage<\/th>\n<td>Scanner HP ScanJet Pro 2600 f1<br \/>\nGuide d\u2019installation<br \/>\nBrochures d\u2019assistance<br \/>\nCoussins<br \/>\nC\u00e2ble USB<br \/>\nAdaptateur secteur<br \/>\nCordons d\u2019alimentation<\/td>\n<\/tr>\n<tr class=\"ccs-cc-inline-specs-row\">\n<th class=\"ccs-cc-inline-specification-attribute\" scope=\"row\">Garantie fabricant<\/th>\n<td>Garantie limit\u00e9e d&rsquo;un an sur le mat\u00e9riel, assistance par t\u00e9l\u00e9phone et en ligne incluse. La garantie peut varier d\u2019un pays \u00e0 l\u2019autre en fonction des obligations l\u00e9gales. Consultez la page http:\/\/www.hp.com\/support pour d\u00e9couvrir les options de service et de support de classe internationale de HP dans votre r\u00e9gion.<\/td>\n<\/tr>\n<\/tbody>\n<\/table>\n<\/div>\n<\/div>\n","protected":false},"excerpt":{"rendered":"<ul class=\"ConfigurationsList-module_list__na0NO\" data-test-hook=\"@hpstellar\/pdp\/configurations__list\">\n<li class=\"Typography-module_root__eQwd4 Typography-module_bodyS__DBLtm Typography-module_responsive__iddT7\" data-test-hook=\"@hpstellar\/core\/typography\">Scanner \u00e0 plat avec chargeur automatique de documents<br \/>\nRecto-verso automatique<br \/>\nR\u00e9solution optique maximale: Up to 600 dpi (color and mono, ADF); Up to 1200 dpi (color and mono, flatbed)<br \/>\nProfondeur: 24\u00a0bits (externe), 48\u00a0bits (internes) &#8211; Niveaux de gris: 256<br \/>\nVitesse de num\u00e9risation chargeur auto: Jusqu&rsquo;\u00e0 25 ppm\/50 ipm (n&amp;b, gris, couleur, 300 ppp)<br \/>\nTaille maximale de num\u00e9risation : 216 x 297 mm (scanner \u00e0 plat) &#8211; 216 x 3100 mm (chargeur auto)<br \/>\nFormats accept\u00e9s: Letter; Legal; Executive; A4; A5; A6; B5; B5 (JIS)<br \/>\nTaux d&rsquo;utilisation: 1500 pages\/jour<br \/>\nConnectivit\u00e9: USB 2,0<br \/>\nCapacit\u00e9 du bac d&rsquo;alimentation automatique: Standard, 60 feuilles<\/li>\n<\/ul>\n","protected":false},"featured_media":11886,"template":"","meta":[],"product_brand":[],"product_cat":[235],"product_tag":[],"class_list":{"0":"post-11879","1":"product","2":"type-product","3":"status-publish","4":"has-post-thumbnail","6":"product_cat-imprimantes-scanners","8":"first","9":"instock","10":"taxable","11":"shipping-taxable","12":"purchasable","13":"product-type-simple"},"_links":{"self":[{"href":"https:\/\/maisonmpi.com\/shop\/wp-json\/wp\/v2\/product\/11879","targetHints":{"allow":["GET"]}}],"collection":[{"href":"https:\/\/maisonmpi.com\/shop\/wp-json\/wp\/v2\/product"}],"about":[{"href":"https:\/\/maisonmpi.com\/shop\/wp-json\/wp\/v2\/types\/product"}],"version-history":[{"count":2,"href":"https:\/\/maisonmpi.com\/shop\/wp-json\/wp\/v2\/product\/11879\/revisions"}],"predecessor-version":[{"id":11889,"href":"https:\/\/maisonmpi.com\/shop\/wp-json\/wp\/v2\/product\/11879\/revisions\/11889"}],"wp:featuredmedia":[{"embeddable":true,"href":"https:\/\/maisonmpi.com\/shop\/wp-json\/wp\/v2\/media\/11886"}],"wp:attachment":[{"href":"https:\/\/maisonmpi.com\/shop\/wp-json\/wp\/v2\/media?parent=11879"}],"wp:term":[{"taxonomy":"product_brand","embeddable":true,"href":"https:\/\/maisonmpi.com\/shop\/wp-json\/wp\/v2\/product_brand?post=11879"},{"taxonomy":"product_cat","embeddable":true,"href":"https:\/\/maisonmpi.com\/shop\/wp-json\/wp\/v2\/product_cat?post=11879"},{"taxonomy":"product_tag","embeddable":true,"href":"https:\/\/maisonmpi.com\/shop\/wp-json\/wp\/v2\/product_tag?post=11879"}],"curies":[{"name":"wp","href":"https:\/\/api.w.org\/{rel}","templated":true}]}}