{"id":11938,"date":"2025-01-24T08:25:48","date_gmt":"2025-01-24T08:25:48","guid":{"rendered":"https:\/\/maisonmpi.com\/shop\/?post_type=product&#038;p=11938"},"modified":"2025-01-24T08:25:48","modified_gmt":"2025-01-24T08:25:48","slug":"imprimante-multifonction-laser-couleur-hp-178nw-4zb96a","status":"publish","type":"product","link":"https:\/\/maisonmpi.com\/shop\/produit\/imprimante-multifonction-laser-couleur-hp-178nw-4zb96a\/","title":{"rendered":"Imprimante Multifonction Laser Couleur HP 178nw (4ZB96A)"},"content":{"rendered":"<h3 class=\"h6\">Fiche technique<\/h3>\n<dl class=\"data-sheet\">\n<dt class=\"name\">Fonctions<\/dt>\n<dd class=\"value\">Impression, copie, num\u00e9risation<\/dd>\n<dt class=\"name\">Technologie d&rsquo;impression<\/dt>\n<dd class=\"value\">Laser<\/dd>\n<dt class=\"name\">Consommables fournis avec l&rsquo;imprimante<\/dt>\n<dd class=\"value\">4 toners (noire, cyan, magenta, jaune)<\/dd>\n<dt class=\"name\">Cartouches d&rsquo;impression<\/dt>\n<dd class=\"value\">4 (noire, cyan, magenta, jaune)<\/dd>\n<dt class=\"name\">Vitesse d&rsquo;impression noir<\/dt>\n<dd class=\"value\">18 pages par minute (norme ISO)<\/dd>\n<dt class=\"name\">Vitesse d&rsquo;impression couleur<\/dt>\n<dd class=\"value\">4 pages par minute (norme ISO)<\/dd>\n<dt class=\"name\">Qualit\u00e9 d&rsquo;impression noire<\/dt>\n<dd class=\"value\">Jusqu&rsquo;\u00e0 600 x 600 ppp 4 bits<\/dd>\n<dt class=\"name\">Qualit\u00e9 d&rsquo;impression couleur<\/dt>\n<dd class=\"value\">Jusqu&rsquo;\u00e0 600 x 600 ppp 4 bits<\/dd>\n<dt class=\"name\">\u00c9cran<\/dt>\n<dd class=\"value\">LCD 2\u00a0lignes<\/dd>\n<dt class=\"name\">Cycle d&rsquo;utilisation<\/dt>\n<dd class=\"value\">Jusqu&rsquo;\u00e0 20,000 pages<\/dd>\n<dt class=\"name\">Volume de pages mensuel recommand\u00e9<\/dt>\n<dd class=\"value\">100 \u00e0 500<\/dd>\n<dt class=\"name\">Connectivit\u00e9<\/dt>\n<dd class=\"value\">WI-FI; Port USB 2.0 haut d\u00e9bit; Port de r\u00e9seau Fast Ethernet 10\/100Base-TX<\/dd>\n<dt class=\"name\">Impression recto\/verso<\/dt>\n<dd class=\"value\">Manuelle (prise en charge des pilotes fournie)<\/dd>\n<dt class=\"name\">Capacit\u00e9 bac papier<\/dt>\n<dd class=\"value\">Jusqu&rsquo;\u00e0 150 feuilles<\/dd>\n<dt class=\"name\">Formats de supports pris en charge<\/dt>\n<dd class=\"value\">Bac 1 : A4; A5; A6; B5 (JIS); Oficio 216 x 340. Bac 2 : Non pris en charge; Unit\u00e9 recto verso automatique en option : Non prise en charge<\/dd>\n<dt class=\"name\">Types de support pris en charge<\/dt>\n<dd class=\"value\">Ordinaire, l\u00e9ger,\u00a0<sup><a href=\"https:\/\/www.iris.ma\/12677-imprimante-multifonction-laser-couleur-hp-178nw-4zb96a.html\" target=\"_blank\" rel=\"noopener\">1<\/a><\/sup>\u00a0lourd, extra lourd, color\u00e9, pr\u00e9imprim\u00e9, recycl\u00e9, \u00e9tiquettes, normal, glac\u00e9<\/dd>\n<dt class=\"name\">Dimensions (l x p x h)<\/dt>\n<dd class=\"value\">Dimensions maximales (L x P x H): 406 x 422,9 x 288,7 mmDimensions minimales (L x P x H): 406 x 363 x 288,7 mm<\/dd>\n<dt class=\"name\">Poids net<\/dt>\n<dd class=\"value\">12,94 kg &#8211; Poids du carton\/paquet: 16,08 kg<\/dd>\n<dt class=\"name\">M\u00e9moire install\u00e9e<\/dt>\n<dd class=\"value\">128 Mo<\/dd>\n<dt class=\"name\">Cartouches compatibles<\/dt>\n<dd class=\"value\">HP 117A Toner laser authentique, noir (1 000 pages) W2070A; HP 117A Toner laser authentique, cyan (700 pages) W2071A; HP 117A Toner laser authentique, jaune (700 pages) W2072A; HP 117A Toner laser authentique, magenta (700 pages) W2073A<\/dd>\n<dt class=\"name\">Syst\u00e8mes d&rsquo;exploitation compatibles<\/dt>\n<dd class=\"value\">Windows\u00ae 7 (32\/64 bits), serveur 2008 R2, 8 (32\/64 bits), 8.1 (32\/64 bits), 10 (32\/64 bits), serveur 2012, serveur 2016 macOS v10.14 Mojave, macOS v10.13 High Sierra, macOS v10.12 Sierra, OS X v10.11 El Capitan<\/dd>\n<dt class=\"name\">Contenu de la bo\u00eete<\/dt>\n<dd class=\"value\">mprimante multifonction laser couleur HP 178nw; Cartouche d&rsquo;impression \u00e9chantillon pr\u00e9install\u00e9e pour imprimante laser HP, noir (env. 700 pages); Cartouche d&rsquo;impression pour imprimante laser HP, cyan (500 pages); Cartouche d&rsquo;impression pour imprimante laser HP, jaune (500 pages); Cartouche d&rsquo;impression pour imprimante laser HP, magenta (500 pages); Tambour d&rsquo;imagerie; Unit\u00e9 de r\u00e9cup\u00e9ration du toner; Affiche d&rsquo;installation; Guide de r\u00e9f\u00e9rence; Brochure d&rsquo;assistance; Guide de garantie; Sans CD-ROM; Cordon d&rsquo;alimentation; C\u00e2ble USB<\/dd>\n<dt class=\"name\">C\u00e2ble fourni<\/dt>\n<dd class=\"value\">Oui, 1 c\u00e2ble USB<\/dd>\n<dt class=\"name\">T\u00e9l\u00e9copieur<\/dt>\n<dd class=\"value\">Non<\/dd>\n<dt class=\"name\">Photocopieur<\/dt>\n<dd class=\"value\">Copies; Taille d&rsquo;origine; R\u00e9duction\/agrandissement; Noirceur; Type d&rsquo;origine; Assemblage; 2-Up; 4-Up; Copie ID; R\u00e9glage de l&rsquo;arri\u00e8re-plan; Auto Fit Copy; Mode couleur<\/dd>\n<dt class=\"name\">Scanner<\/dt>\n<dd class=\"value\">\u00c0 plat<\/dd>\n<dt class=\"name\">Logiciels inclus<\/dt>\n<dd class=\"value\">Programme d&rsquo;installation commun, pilote d&rsquo;impression V3 avec Lite SM, pilote TWAIN\/WIA, num\u00e9risation sur imprimante multifonction HP, programme OCR<\/dd>\n<dt class=\"name\">Poids du support recommand\u00e9<\/dt>\n<dd class=\"value\">60 \u00e0 220 g\/m\u00b2<\/dd>\n<dt class=\"name\">Formats et grammages de supports<\/dt>\n<dd class=\"value\">60 \u00e0 220 g\/m\u00b2<\/dd>\n<\/dl>\n","protected":false},"excerpt":{"rendered":"<p>Impression, copie, num\u00e9risation<br \/>\nVitesse d&rsquo;impression noir: 18 pages par minute (norme ISO)<br \/>\nVitesse d&rsquo;impression couleur: 4 pages par minute (norme ISO)<br \/>\nQualit\u00e9 d&rsquo;impression noire: Jusqu&rsquo;\u00e0 600 x 600 ppp 4 bits<br \/>\nQualit\u00e9 d&rsquo;impression couleur: Jusqu&rsquo;\u00e0 600 x 600 ppp 4 bits<br \/>\nVolume de pages mensuel recommand\u00e9: 100 \u00e0 500<br \/>\nImpression recto\/verso: Manuelle (prise en charge des pilotes fournie)<br \/>\nFonctionne avec: 4 (noire, cyan, magenta, jaune)<br \/>\nConnectivit\u00e9: WI-FI; Port USB 2.0 haut d\u00e9bit; Port de r\u00e9seau Fast Ethernet 10\/100Base-TX<br \/>\nEncres fournies avec l&rsquo;imprimante: 4\u00a0toners\u00a0(noire, cyan, magenta, jaune)<\/p>\n","protected":false},"featured_media":11947,"template":"","meta":[],"product_brand":[],"product_cat":[235],"product_tag":[],"class_list":{"0":"post-11938","1":"product","2":"type-product","3":"status-publish","4":"has-post-thumbnail","6":"product_cat-imprimantes-scanners","8":"first","9":"instock","10":"taxable","11":"shipping-taxable","12":"purchasable","13":"product-type-simple"},"_links":{"self":[{"href":"https:\/\/maisonmpi.com\/shop\/wp-json\/wp\/v2\/product\/11938","targetHints":{"allow":["GET"]}}],"collection":[{"href":"https:\/\/maisonmpi.com\/shop\/wp-json\/wp\/v2\/product"}],"about":[{"href":"https:\/\/maisonmpi.com\/shop\/wp-json\/wp\/v2\/types\/product"}],"version-history":[{"count":1,"href":"https:\/\/maisonmpi.com\/shop\/wp-json\/wp\/v2\/product\/11938\/revisions"}],"predecessor-version":[{"id":11952,"href":"https:\/\/maisonmpi.com\/shop\/wp-json\/wp\/v2\/product\/11938\/revisions\/11952"}],"wp:featuredmedia":[{"embeddable":true,"href":"https:\/\/maisonmpi.com\/shop\/wp-json\/wp\/v2\/media\/11947"}],"wp:attachment":[{"href":"https:\/\/maisonmpi.com\/shop\/wp-json\/wp\/v2\/media?parent=11938"}],"wp:term":[{"taxonomy":"product_brand","embeddable":true,"href":"https:\/\/maisonmpi.com\/shop\/wp-json\/wp\/v2\/product_brand?post=11938"},{"taxonomy":"product_cat","embeddable":true,"href":"https:\/\/maisonmpi.com\/shop\/wp-json\/wp\/v2\/product_cat?post=11938"},{"taxonomy":"product_tag","embeddable":true,"href":"https:\/\/maisonmpi.com\/shop\/wp-json\/wp\/v2\/product_tag?post=11938"}],"curies":[{"name":"wp","href":"https:\/\/api.w.org\/{rel}","templated":true}]}}