{"id":11953,"date":"2025-01-24T08:38:45","date_gmt":"2025-01-24T08:38:45","guid":{"rendered":"https:\/\/maisonmpi.com\/shop\/?post_type=product&#038;p=11953"},"modified":"2025-01-24T08:41:05","modified_gmt":"2025-01-24T08:41:05","slug":"imprimante-multifonction-laser-couleur-hp-clj-pro-m479dw","status":"publish","type":"product","link":"https:\/\/maisonmpi.com\/shop\/produit\/imprimante-multifonction-laser-couleur-hp-clj-pro-m479dw\/","title":{"rendered":"Imprimante Multifonction Laser Couleur HP CLJ Pro M479dw"},"content":{"rendered":"<h2 class=\"ccs-cc-inline-section-title\" data-ccs-jumplink-container=\"true\"><a class=\"ccs-cc-inline-acc-header\" title=\"Sp\u00e9cifications\" data-ccs-cc-inline-acc-id=\"specification-dbe755\" data-ccs-cc-inline-acc-state=\"expanded\" aria-expanded=\"true\" aria-label=\"Sp\u00e9cifications hides content\">\u00a0Sp\u00e9cifications<\/a><\/h2>\n<div class=\"ccs-cc-inline-acc-content\" data-ccs-cc-inline-acc-id=\"specification-dbe755\">\n<table>\n<tbody>\n<tr class=\"ccs-cc-inline-specs-row\">\n<th class=\"ccs-cc-inline-specification-attribute\" scope=\"row\">Vitesse d&rsquo;impression en noir (ISO, A4)<\/th>\n<td>Jusqu&rsquo;\u00e0 27 ppm<\/td>\n<\/tr>\n<tr class=\"ccs-cc-inline-specs-row\">\n<th class=\"ccs-cc-inline-specification-attribute\" scope=\"row\">Vitesse d\u2019impression couleur (ISO)<\/th>\n<td>Jusqu&rsquo;\u00e0 27 ppm<\/td>\n<\/tr>\n<tr class=\"ccs-cc-inline-specs-row\">\n<th class=\"ccs-cc-inline-specification-attribute\" scope=\"row\">D\u00e9lai d&rsquo;impression de la premi\u00e8re page noire (A4, pr\u00eat)<\/th>\n<td>Vitesse : 9,5 s<\/td>\n<\/tr>\n<tr class=\"ccs-cc-inline-specs-row\">\n<th class=\"ccs-cc-inline-specification-attribute\" scope=\"row\">D\u00e9lai d&rsquo;impression de la premi\u00e8re page couleur (A4, pr\u00eat)<\/th>\n<td>En 11,0\u00a0secondes seulement<\/td>\n<\/tr>\n<tr class=\"ccs-cc-inline-specs-row\">\n<th class=\"ccs-cc-inline-specification-attribute\" scope=\"row\">Cycle d&rsquo;utilisation (mensuel, A4)<\/th>\n<td>Jusqu&rsquo;\u00e0 50\u00a0000 pages<\/td>\n<\/tr>\n<tr class=\"ccs-cc-inline-specs-row\">\n<th class=\"ccs-cc-inline-specification-attribute\" scope=\"row\">Volume de pages mensuel recommand\u00e9<\/th>\n<td>750 \u00e0 4 000<\/td>\n<\/tr>\n<tr class=\"ccs-cc-inline-specs-row\">\n<th class=\"ccs-cc-inline-specification-attribute\" scope=\"row\">Technologie d&rsquo;impression<\/th>\n<td>Laser<\/td>\n<\/tr>\n<tr class=\"ccs-cc-inline-specs-row\">\n<th class=\"ccs-cc-inline-specification-attribute\" scope=\"row\">Qualit\u00e9 d&rsquo;impression noire (optimale)<\/th>\n<td>600 x 600 ppp, r\u00e9solution optimis\u00e9e jusqu&rsquo;\u00e0 38 400 x 600 ppp<\/td>\n<\/tr>\n<tr class=\"ccs-cc-inline-specs-row\">\n<th class=\"ccs-cc-inline-specification-attribute\" scope=\"row\">Qualit\u00e9 d&rsquo;impression couleur (optimale)<\/th>\n<td>600 x 600 ppp, r\u00e9solution optimis\u00e9e jusqu&rsquo;\u00e0 38 400 x 600 ppp<\/td>\n<\/tr>\n<tr class=\"ccs-cc-inline-specs-row\">\n<th class=\"ccs-cc-inline-specification-attribute\" scope=\"row\">Ecran<\/th>\n<td>\u00c9cran graphique couleur (CGD) tactile intuitif 10,92 cm (4,3 pouces)<\/td>\n<\/tr>\n<tr class=\"ccs-cc-inline-specs-row\">\n<th class=\"ccs-cc-inline-specification-attribute\" scope=\"row\">Fonctionnalit\u00e9 d\u2019impression mobile<\/th>\n<td>Application HP Smart<br \/>\nHP ePrint<br \/>\nApple AirPrint<sup>\u2122<\/sup><br \/>\nApplications mobiles<br \/>\nCertifi\u00e9 Mopria<sup>\u2122<\/sup><br \/>\nImpression avec connectivit\u00e9 Wi-Fi<sup>\u00ae<\/sup>\u00a0Direct<br \/>\nGoogle Cloud Print<sup>\u2122<\/sup><\/td>\n<\/tr>\n<tr class=\"ccs-cc-inline-specs-row\">\n<th class=\"ccs-cc-inline-specification-attribute\" scope=\"row\">Fonctionnalit\u00e9s sans fil<\/th>\n<td>Oui, Wi-Fi double bande int\u00e9gr\u00e9<br \/>\nAuthentification via WEP, WPA\/WPA2, WPA Enterprise<br \/>\nChiffrement via AES ou TKIP<br \/>\nWPS<br \/>\nWi-Fi Direct<br \/>\nBluetooth Low-Energy<\/td>\n<\/tr>\n<tr class=\"ccs-cc-inline-specs-row\">\n<th class=\"ccs-cc-inline-specification-attribute\" scope=\"row\">Connectivit\u00e9, standard<\/th>\n<td>1 port USB 2.0 haut d\u00e9bit<br \/>\n1 port h\u00f4te USB \u00e0 l&rsquo;arri\u00e8re<br \/>\nR\u00e9seau Gigabit Ethernet 10\/100\/1000BASE-T<br \/>\nRadio Wi-Fi GHZ 802.3az (EEE ) 802.11b\/g\/n\/2.4\/5<\/td>\n<\/tr>\n<tr class=\"ccs-cc-inline-specs-row\">\n<th class=\"ccs-cc-inline-specification-attribute\" scope=\"row\">Syst\u00e8mes d&rsquo;exploitation support\u00e9s<\/th>\n<td>Syst\u00e8me d&rsquo;exploitation Windows Client (32\/64 bits), Win10, Win8.1, Win 8 Basic, Win8 Pro, Win8 Enterprise, Win8 Enterprise N, Win7 Starter Edition SP1, UPD Win7 Ultimate, Syst\u00e8me d&rsquo;exploitation mobile, iOS, Android, Mac-, Apple<sup>\u00ae<\/sup>\u00a0macOS Sierra v10.12, Apple<sup>\u00ae<\/sup>\u00a0macOS High Sierra v10.13, Apple<sup>\u00ae<\/sup>\u00a0macOS Mojave v10.14, pilote d&rsquo;imprimante s\u00e9par\u00e9 PCL6, Pour plus d&rsquo;informations sur les syst\u00e8mes d&rsquo;exploitation pris en charge, consultez le site http:\/\/support.hp.com, Saisissez le nom de votre produit et recherchez, Cliquez sur les Guides d&rsquo;utilisation et saisissez le nom de votre produit et recherchez le Guide d&rsquo;utilisation, Recherchez le Guide d&rsquo;utilisation de votre (Nom du produit), Recherchez la section des Syst\u00e8mes d&rsquo;exploitation pris en charge, pilotes d&rsquo;imprimante UPD PCL6 \/ PS, Syst\u00e8mes d&rsquo;exploitation pris en charge, Pour plus d&rsquo;informations sur les syst\u00e8mes d&rsquo;exploitation pris en charge, consultez le site www.hp.com\/go\/upd<\/td>\n<\/tr>\n<tr class=\"ccs-cc-inline-specs-row\">\n<th class=\"ccs-cc-inline-specification-attribute\" scope=\"row\">M\u00e9moire<\/th>\n<td>512 Mo de m\u00e9moire flash NAND, 512 Mo de m\u00e9moire DRAM<\/td>\n<\/tr>\n<tr class=\"ccs-cc-inline-specs-row\">\n<th class=\"ccs-cc-inline-specification-attribute\" scope=\"row\">Capacit\u00e9 m\u00e9moire maximale<\/th>\n<td>512 Mo de m\u00e9moire flash NAND, 512 Mo de m\u00e9moire DRAM<\/td>\n<\/tr>\n<tr class=\"ccs-cc-inline-specs-row\">\n<th class=\"ccs-cc-inline-specification-attribute\" scope=\"row\">Gestion d&rsquo;introduction du papier, standard<\/th>\n<td>Bac universel de 50 feuilles, bac d&rsquo;alimentation de 250 feuilles, chargeur automatique de documents (ADF) de 50 feuilles<\/td>\n<\/tr>\n<tr class=\"ccs-cc-inline-specs-row\">\n<th class=\"ccs-cc-inline-specification-attribute\" scope=\"row\">Gestion d&rsquo;introduction du papier, en option<\/th>\n<td>Bac de 550 feuilles disponible en option<\/td>\n<\/tr>\n<tr class=\"ccs-cc-inline-specs-row\">\n<th class=\"ccs-cc-inline-specification-attribute\" scope=\"row\">Gestion de sortie du papier, standard<\/th>\n<td>Bac de sortie de 150 feuilles<\/td>\n<\/tr>\n<tr class=\"ccs-cc-inline-specs-row\">\n<th class=\"ccs-cc-inline-specification-attribute\" scope=\"row\">Impression recto verso<\/th>\n<td>Automatique (par d\u00e9faut)<\/td>\n<\/tr>\n<tr class=\"ccs-cc-inline-specs-row\">\n<th class=\"ccs-cc-inline-specification-attribute\" scope=\"row\">Gestion du support fini<\/th>\n<td>charheur de documents<\/td>\n<\/tr>\n<tr class=\"ccs-cc-inline-specs-row\">\n<th class=\"ccs-cc-inline-specification-attribute\" scope=\"row\">Formats de supports pris en charge<\/th>\n<td>Bac d&rsquo;alimentation 1, bac d&rsquo;alimentation 2 : A4<br \/>\nA5<br \/>\nA6<br \/>\nB5 (JIS)<br \/>\nB6 (JIS)<br \/>\n16K (195 x 270 mm, 184 x 260 mm, 197 x 273 mm)<br \/>\n10 x 15 cm<br \/>\nOficio (216 x 340 mm)<br \/>\nCartes postales (JIS simple, JIS double)<br \/>\nEnveloppes (DL, C5, B5)<br \/>\nBac d&rsquo;alimentation 3 en option : A4<br \/>\nUnit\u00e9 d&rsquo;impression recto-verso automatique : A4<br \/>\nB5<\/td>\n<\/tr>\n<tr class=\"ccs-cc-inline-specs-row\">\n<th class=\"ccs-cc-inline-specification-attribute\" scope=\"row\">Types de supports<\/th>\n<td>Papier (bond, brochure, couleur, brillant, photo, ordinaire, pr\u00e9-imprim\u00e9, pr\u00e9-perfor\u00e9, recycl\u00e9, brouillon), cartes postales, \u00e9tiquettes, enveloppes<\/td>\n<\/tr>\n<tr class=\"ccs-cc-inline-specs-row\">\n<th class=\"ccs-cc-inline-specification-attribute\" scope=\"row\">Type de scanner<\/th>\n<td>A plat, chargeur automatique de documents<\/td>\n<\/tr>\n<tr class=\"ccs-cc-inline-specs-row\">\n<th class=\"ccs-cc-inline-specification-attribute\" scope=\"row\">R\u00e9solution de num\u00e9risation, optique<\/th>\n<td>Jusqu&rsquo;\u00e0 1200 x 1200\u00a0ppp<\/td>\n<\/tr>\n<tr class=\"ccs-cc-inline-specs-row\">\n<th class=\"ccs-cc-inline-specification-attribute\" scope=\"row\">Taille de num\u00e9risation, maximum<\/th>\n<td>216 x 297 mm<\/td>\n<\/tr>\n<tr class=\"ccs-cc-inline-specs-row\">\n<th class=\"ccs-cc-inline-specification-attribute\" scope=\"row\">Taille de num\u00e9risation (chargeur auto) maximale<\/th>\n<td>216 x 356 mm<\/td>\n<\/tr>\n<tr class=\"ccs-cc-inline-specs-row\">\n<th class=\"ccs-cc-inline-specification-attribute\" scope=\"row\">Num\u00e9risation avec le chargeur automatique de documents recto-verso<\/th>\n<td>Non<\/td>\n<\/tr>\n<tr class=\"ccs-cc-inline-specs-row\">\n<th class=\"ccs-cc-inline-specification-attribute\" scope=\"row\">Capacit\u00e9 du bac d&rsquo;alimentation automatique<\/th>\n<td>Standard, 50 feuilles d\u00e9roul\u00e9es<\/td>\n<\/tr>\n<tr class=\"ccs-cc-inline-specs-row\">\n<th class=\"ccs-cc-inline-specification-attribute\" scope=\"row\">Communication num\u00e9rique &#8211; Fonctionnalit\u00e9s standard<\/th>\n<td>Num\u00e9risation vers une adresse \u00e9lectronique avec recherche d&rsquo;adresse de courrier \u00e9lectronique LDAP<br \/>\nNum\u00e9risation vers un dossier r\u00e9seau<br \/>\nNum\u00e9risation vers USB<br \/>\nNum\u00e9risation vers Microsoft<sup>\u00ae<\/sup>\u00a0SharePoint<sup>\u00ae<\/sup><br \/>\nNum\u00e9risation vers PC avec logiciel<br \/>\nConfigurations rapides<\/td>\n<\/tr>\n<tr class=\"ccs-cc-inline-specs-row\">\n<th class=\"ccs-cc-inline-specification-attribute\" scope=\"row\">Vitesse de copie (noir, qualit\u00e9 normale, A4)<\/th>\n<td>Jusqu&rsquo;\u00e0 27 cpm<\/td>\n<\/tr>\n<tr class=\"ccs-cc-inline-specs-row\">\n<th class=\"ccs-cc-inline-specification-attribute\" scope=\"row\">Vitesse de copie (couleur, qualit\u00e9 normale, A4)<\/th>\n<td>Jusqu&rsquo;\u00e0 27 cpm<\/td>\n<\/tr>\n<tr class=\"ccs-cc-inline-specs-row\">\n<th class=\"ccs-cc-inline-specification-attribute\" scope=\"row\">R\u00e9solution de la copie (texte noir)<\/th>\n<td>Jusqu&rsquo;\u00e0 600 x 600\u00a0ppp<\/td>\n<\/tr>\n<tr class=\"ccs-cc-inline-specs-row\">\n<th class=\"ccs-cc-inline-specification-attribute\" scope=\"row\">R\u00e9solution de la copie (texte en couleur et graphiques)<\/th>\n<td>Jusqu&rsquo;\u00e0 600 x 600\u00a0ppp<\/td>\n<\/tr>\n<tr class=\"ccs-cc-inline-specs-row\">\n<th class=\"ccs-cc-inline-specification-attribute\" scope=\"row\">Param\u00e8tres de r\u00e9duction\/agrandissement de copies<\/th>\n<td>25 \u00e0 400\u00a0%<\/td>\n<\/tr>\n<tr class=\"ccs-cc-inline-specs-row\">\n<th class=\"ccs-cc-inline-specification-attribute\" scope=\"row\">Labels \u00e9cologiques<\/th>\n<td>CECP<br \/>\nBlue Angel<br \/>\nEnregistr\u00e9 EPEAT<sup>\u00ae<\/sup>\u00a0Silver<br \/>\nCertifi\u00e9 ENERGY STAR<sup>\u00ae<\/sup><\/td>\n<\/tr>\n<tr class=\"ccs-cc-inline-specs-row\">\n<th class=\"ccs-cc-inline-specification-attribute\" scope=\"row\">Conforme Blue Angel<\/th>\n<td>Oui, le Blue Angel DE-UZ 219\u00a0: garanti seulement avec les consommables HP authentiques<\/td>\n<\/tr>\n<tr class=\"ccs-cc-inline-specs-row\">\n<th class=\"ccs-cc-inline-specification-attribute\" scope=\"row\">Sp\u00e9cifications relatives \u00e0 l\u2019impact sur le d\u00e9veloppement durable<\/th>\n<td>Sans mercure<\/td>\n<\/tr>\n<tr class=\"ccs-cc-inline-specs-row\">\n<th class=\"ccs-cc-inline-specification-attribute\" scope=\"row\">Plage de temp\u00e9ratures en fonctionnement<\/th>\n<td>10 \u00e0 32,5\u00b0C<\/td>\n<\/tr>\n<tr class=\"ccs-cc-inline-specs-row\">\n<th class=\"ccs-cc-inline-specification-attribute\" scope=\"row\">Plage de taux d&rsquo;humidit\u00e9 en fonctionnement recommand\u00e9e<\/th>\n<td>HR entre 30 et 70\u00a0% (sans condensation)<\/td>\n<\/tr>\n<tr class=\"ccs-cc-inline-specs-row\">\n<th class=\"ccs-cc-inline-specification-attribute\" scope=\"row\">Certification Energy Star<\/th>\n<td>Oui<\/td>\n<\/tr>\n<tr class=\"ccs-cc-inline-specs-row\">\n<th class=\"ccs-cc-inline-specification-attribute\" scope=\"row\">Certifications et conformit\u00e9s<\/th>\n<td>Marque T\u00dcV et GS (Allemagne), Approbations des pays d&rsquo;Europe de l&rsquo;Est, Marque CE, Homologation UL<\/td>\n<\/tr>\n<tr class=\"ccs-cc-inline-specs-row\">\n<th class=\"ccs-cc-inline-specification-attribute\" scope=\"row\">Dimensions minimales (L x P x H)<\/th>\n<td>416 x 472 x 400 mm<\/td>\n<\/tr>\n<tr class=\"ccs-cc-inline-specs-row\">\n<th class=\"ccs-cc-inline-specification-attribute\" scope=\"row\">Dimensions maximales (L x P x H)<\/th>\n<td>426 x 652 x 414 mm<\/td>\n<\/tr>\n<tr class=\"ccs-cc-inline-specs-row\">\n<th class=\"ccs-cc-inline-specification-attribute\" scope=\"row\">Poids<\/th>\n<td>23,3 kg<\/td>\n<\/tr>\n<tr class=\"ccs-cc-inline-specs-row\">\n<th class=\"ccs-cc-inline-specification-attribute\" scope=\"row\">Garantie fabricant<\/th>\n<td>Garantie d\u2019un an avec intervention sur site le jour ouvr\u00e9 suivant. La garantie et les options d&rsquo;assistance peuvent varier selon le produit le pays et les sp\u00e9cifications juridiques locales. Consultez votre vendeur agr\u00e9\u00e9 ou rendez-vous sur le site http:\/\/www.hp.com\/support pour conna\u00eetre les options prim\u00e9es de garantie et d&rsquo;assistance HP dans votre r\u00e9gion. (code de garantie 4G<br \/>\nID garantie A001)<\/td>\n<\/tr>\n<\/tbody>\n<\/table>\n<\/div>\n","protected":false},"excerpt":{"rendered":"<table class=\"table table-characteristics mt32 mb0\">\n<tbody>\n<tr>\n<td>Fonctions<\/td>\n<td>Copie &amp; Scan A4, Impression A4 Recto Verso<\/td>\n<\/tr>\n<tr>\n<td>Connectivit\u00e9<\/td>\n<td>R\u00e9seau, USB, WIFI<\/td>\n<\/tr>\n<tr>\n<td>Vitesse ppm<\/td>\n<td>27<\/td>\n<\/tr>\n<\/tbody>\n<\/table>\n","protected":false},"featured_media":11958,"template":"","meta":[],"product_brand":[],"product_cat":[235],"product_tag":[],"class_list":{"0":"post-11953","1":"product","2":"type-product","3":"status-publish","4":"has-post-thumbnail","6":"product_cat-imprimantes-scanners","8":"first","9":"instock","10":"taxable","11":"shipping-taxable","12":"purchasable","13":"product-type-simple"},"_links":{"self":[{"href":"https:\/\/maisonmpi.com\/shop\/wp-json\/wp\/v2\/product\/11953","targetHints":{"allow":["GET"]}}],"collection":[{"href":"https:\/\/maisonmpi.com\/shop\/wp-json\/wp\/v2\/product"}],"about":[{"href":"https:\/\/maisonmpi.com\/shop\/wp-json\/wp\/v2\/types\/product"}],"version-history":[{"count":1,"href":"https:\/\/maisonmpi.com\/shop\/wp-json\/wp\/v2\/product\/11953\/revisions"}],"predecessor-version":[{"id":11959,"href":"https:\/\/maisonmpi.com\/shop\/wp-json\/wp\/v2\/product\/11953\/revisions\/11959"}],"wp:featuredmedia":[{"embeddable":true,"href":"https:\/\/maisonmpi.com\/shop\/wp-json\/wp\/v2\/media\/11958"}],"wp:attachment":[{"href":"https:\/\/maisonmpi.com\/shop\/wp-json\/wp\/v2\/media?parent=11953"}],"wp:term":[{"taxonomy":"product_brand","embeddable":true,"href":"https:\/\/maisonmpi.com\/shop\/wp-json\/wp\/v2\/product_brand?post=11953"},{"taxonomy":"product_cat","embeddable":true,"href":"https:\/\/maisonmpi.com\/shop\/wp-json\/wp\/v2\/product_cat?post=11953"},{"taxonomy":"product_tag","embeddable":true,"href":"https:\/\/maisonmpi.com\/shop\/wp-json\/wp\/v2\/product_tag?post=11953"}],"curies":[{"name":"wp","href":"https:\/\/api.w.org\/{rel}","templated":true}]}}