{"id":11960,"date":"2025-01-24T08:54:10","date_gmt":"2025-01-24T08:54:10","guid":{"rendered":"https:\/\/maisonmpi.com\/shop\/?post_type=product&#038;p=11960"},"modified":"2025-01-24T08:54:10","modified_gmt":"2025-01-24T08:54:10","slug":"hp-color-laserjet-pro-mfp-m479fdw-imprimante-laser-couleur-multifonction-a4-avec-wifi-4-en-1","status":"publish","type":"product","link":"https:\/\/maisonmpi.com\/shop\/produit\/hp-color-laserjet-pro-mfp-m479fdw-imprimante-laser-couleur-multifonction-a4-avec-wifi-4-en-1\/","title":{"rendered":"HP Color LaserJet Pro MFP M479fdw imprimante laser couleur multifonction A4 avec wifi (4 en 1)"},"content":{"rendered":"<table class=\"table table-striped table-condensed table-hover\">\n<tbody>\n<tr class=\"spec-tr\">\n<td class=\"spec_titre\" colspan=\"2\">Capacit\u00e9 d&rsquo;entr\u00e9e et de sortie<\/td>\n<\/tr>\n<tr>\n<td class=\"spec-td\">Alimentation automatique de document (ADF)<\/td>\n<td class=\"spec-td2\">Oui<\/td>\n<\/tr>\n<tr>\n<td class=\"spec-td\">Capacit\u00e9 de sortie totale<\/td>\n<td class=\"spec-td2\">150 feuilles<\/td>\n<\/tr>\n<tr>\n<td class=\"spec-td\">Capacit\u00e9 du chargeur automatique de documents<\/td>\n<td class=\"spec-td2\">50 feuilles<\/td>\n<\/tr>\n<tr>\n<td class=\"spec-td\">Capacit\u00e9 d\u2019alimentation totale<\/td>\n<td class=\"spec-td2\">300 feuilles<\/td>\n<\/tr>\n<tr>\n<td class=\"spec-td\">Capacit\u00e9 maximale d&rsquo;entr\u00e9e<\/td>\n<td class=\"spec-td2\">850 feuilles<\/td>\n<\/tr>\n<tr>\n<td class=\"spec-td\">Capacit\u00e9 maximale de sortie<\/td>\n<td class=\"spec-td2\">150 feuilles<\/td>\n<\/tr>\n<tr>\n<td class=\"spec-td\">Nombre maximum de bacs d\u2019alimentation<\/td>\n<td class=\"spec-td2\">3<\/td>\n<\/tr>\n<tr>\n<td class=\"spec-td\">Nombre total de bacs d\u2019alimentation<\/td>\n<td class=\"spec-td2\">2<\/td>\n<\/tr>\n<tr class=\"spec-tr\">\n<td class=\"spec_titre\" colspan=\"2\">Caract\u00e9ristiques<\/td>\n<\/tr>\n<tr>\n<td class=\"spec-td\">Couleurs d&rsquo;impression<\/td>\n<td class=\"spec-td2\">Noir, Cyan, Magenta, Jaune<\/td>\n<\/tr>\n<tr>\n<td class=\"spec-td\">Cycle de service (conseill\u00e9)<\/td>\n<td class=\"spec-td2\">1 &#8211; 50000 pages par mois<\/td>\n<\/tr>\n<tr>\n<td class=\"spec-td\">Cycle de service (Maximum)<\/td>\n<td class=\"spec-td2\">50000 pages par mois<\/td>\n<\/tr>\n<tr>\n<td class=\"spec-td\">Exp\u00e9diteur num\u00e9rique<\/td>\n<td class=\"spec-td2\">Oui<\/td>\n<\/tr>\n<tr>\n<td class=\"spec-td\">Langues de la description de page<\/td>\n<td class=\"spec-td2\">PCL 5c,PCL 6,PDF,PWG,PostScript 3<\/td>\n<\/tr>\n<tr>\n<td class=\"spec-td\">Nombre de cartouches d&rsquo;impression<\/td>\n<td class=\"spec-td2\">4<\/td>\n<\/tr>\n<tr>\n<td class=\"spec-td\">Segment HP<\/td>\n<td class=\"spec-td2\">Moyenne entreprise<\/td>\n<\/tr>\n<tr class=\"spec-tr\">\n<td class=\"spec_titre\" colspan=\"2\">Caract\u00e9ristiques sp\u00e9ciales<\/td>\n<\/tr>\n<tr>\n<td class=\"spec-td\">HP Auto-On\/Auto-Off<\/td>\n<td class=\"spec-td2\">Oui<\/td>\n<\/tr>\n<tr>\n<td class=\"spec-td\">HP ePrint<\/td>\n<td class=\"spec-td2\">Oui<\/td>\n<\/tr>\n<tr class=\"spec-tr\">\n<td class=\"spec_titre\" colspan=\"2\">Conditions environnementales<\/td>\n<\/tr>\n<tr>\n<td class=\"spec-td\">Taux d&rsquo;humidit\u00e9 de fonctionnement<\/td>\n<td class=\"spec-td2\">20 &#8211; 70%<\/td>\n<\/tr>\n<tr>\n<td class=\"spec-td\">Temp\u00e9rature d&rsquo;op\u00e9ration<\/td>\n<td class=\"spec-td2\">15 &#8211; 27 \u00b0C<\/td>\n<\/tr>\n<tr>\n<td class=\"spec-td\">Temp\u00e9rature hors fonctionnement<\/td>\n<td class=\"spec-td2\">-20 &#8211; 40 \u00b0C<\/td>\n<\/tr>\n<tr class=\"spec-tr\">\n<td class=\"spec_titre\" colspan=\"2\">Configuration minimale du syst\u00e8me<\/td>\n<\/tr>\n<tr>\n<td class=\"spec-td\">Prise en charge du syst\u00e8me d&rsquo;exploitation Mac<\/td>\n<td class=\"spec-td2\">Mac OS X 10.12 Sierra, Mac OS X 10.13 High Sierra, Mac OS X 10.14 Mojave<\/td>\n<\/tr>\n<tr>\n<td class=\"spec-td\">Prise en charge du syst\u00e8me d&rsquo;exploitation Windows<\/td>\n<td class=\"spec-td2\">Windows 10,Windows 7 Starter,Windows 7 Ultimate,Windows 8,Windows 8 Enterprise,Windows 8 Pro,Windows 8.1<\/td>\n<\/tr>\n<tr>\n<td class=\"spec-td\">Syst\u00e8me mobile support\u00e9<\/td>\n<td class=\"spec-td2\">Android, iOS<\/td>\n<\/tr>\n<tr class=\"spec-tr\">\n<td class=\"spec_titre\" colspan=\"2\">Connectivit\u00e9<\/td>\n<\/tr>\n<tr>\n<td class=\"spec-td\">Interfaces standards<\/td>\n<td class=\"spec-td2\">Ethernet, USB<\/td>\n<\/tr>\n<tr>\n<td class=\"spec-td\">Port USB<\/td>\n<td class=\"spec-td2\">Oui<\/td>\n<\/tr>\n<tr class=\"spec-tr\">\n<td class=\"spec_titre\" colspan=\"2\">Contenu de l&#8217;emballage<\/td>\n<\/tr>\n<tr>\n<td class=\"spec-td\">C\u00e2bles inclus<\/td>\n<td class=\"spec-td2\">USB<\/td>\n<\/tr>\n<tr>\n<td class=\"spec-td\">Cartouche(s) incluse(s)<\/td>\n<td class=\"spec-td2\">Oui<\/td>\n<\/tr>\n<tr class=\"spec-tr\">\n<td class=\"spec_titre\" colspan=\"2\">Copieur<\/td>\n<\/tr>\n<tr>\n<td class=\"spec-td\">Copie duplex<\/td>\n<td class=\"spec-td2\">Oui<\/td>\n<\/tr>\n<tr>\n<td class=\"spec-td\">Copier<\/td>\n<td class=\"spec-td2\">Copie couleur<\/td>\n<\/tr>\n<tr>\n<td class=\"spec-td\">Nombre maximum de copies<\/td>\n<td class=\"spec-td2\">999 copies<\/td>\n<\/tr>\n<tr>\n<td class=\"spec-td\">R\u00e9solution max. des copies<\/td>\n<td class=\"spec-td2\">600 x 600 DPI<\/td>\n<\/tr>\n<tr>\n<td class=\"spec-td\">Vitesse de copie (qualit\u00e9 normale, couleur, A4)<\/td>\n<td class=\"spec-td2\">27 cpm<\/td>\n<\/tr>\n<tr>\n<td class=\"spec-td\">Vitesse de copie (qualit\u00e9 normale, noir, A4)<\/td>\n<td class=\"spec-td2\">27 cpm<\/td>\n<\/tr>\n<tr class=\"spec-tr\">\n<td class=\"spec_titre\" colspan=\"2\">Design<\/td>\n<\/tr>\n<tr>\n<td class=\"spec-td\">Affichage couleur<\/td>\n<td class=\"spec-td2\">Oui<\/td>\n<\/tr>\n<tr>\n<td class=\"spec-td\">Couleur du produit<\/td>\n<td class=\"spec-td2\">Noir, Blanc<\/td>\n<\/tr>\n<tr>\n<td class=\"spec-td\">\u00c9cran<\/td>\n<td class=\"spec-td2\">CGD<\/td>\n<\/tr>\n<tr>\n<td class=\"spec-td\">\u00c9cran integr\u00e9<\/td>\n<td class=\"spec-td2\">Oui<\/td>\n<\/tr>\n<tr>\n<td class=\"spec-td\">\u00c9cran tactile<\/td>\n<td class=\"spec-td2\">Oui<\/td>\n<\/tr>\n<tr>\n<td class=\"spec-td\">position de march\u00e9<\/td>\n<td class=\"spec-td2\">Domestique et professionnel<\/td>\n<\/tr>\n<tr>\n<td class=\"spec-td\">Taille de l&rsquo;\u00e9cran<\/td>\n<td class=\"spec-td2\">10,9 cm (4.3&Prime;)<\/td>\n<\/tr>\n<tr>\n<td class=\"spec-td\">Type de commande<\/td>\n<td class=\"spec-td2\">Tactile<\/td>\n<\/tr>\n<tr class=\"spec-tr\">\n<td class=\"spec_titre\" colspan=\"2\">D\u00e9tails techniques<\/td>\n<\/tr>\n<tr>\n<td class=\"spec-td\">Certificats de durabilit\u00e9<\/td>\n<td class=\"spec-td2\">EPEAT Silver, ENERGY STAR<\/td>\n<\/tr>\n<tr class=\"spec-tr\">\n<td class=\"spec_titre\" colspan=\"2\">Fax<\/td>\n<\/tr>\n<tr>\n<td class=\"spec-td\">\u00c9mission de fax<\/td>\n<td class=\"spec-td2\">119 localisations<\/td>\n<\/tr>\n<tr>\n<td class=\"spec-td\">Envoi diff\u00e9r\u00e9 de fax<\/td>\n<td class=\"spec-td2\">Oui<\/td>\n<\/tr>\n<tr>\n<td class=\"spec-td\">M\u00e9moire de fax<\/td>\n<td class=\"spec-td2\">400 pages<\/td>\n<\/tr>\n<tr>\n<td class=\"spec-td\">Nombre maximum de raccourcis pour les num\u00e9ros<\/td>\n<td class=\"spec-td2\">120<\/td>\n<\/tr>\n<tr>\n<td class=\"spec-td\">Num\u00e9rotation rapide<\/td>\n<td class=\"spec-td2\">Oui<\/td>\n<\/tr>\n<tr>\n<td class=\"spec-td\">Rappel automatique<\/td>\n<td class=\"spec-td2\">Oui<\/td>\n<\/tr>\n<tr>\n<td class=\"spec-td\">R\u00e9solution de t\u00e9l\u00e9copie (noir)<\/td>\n<td class=\"spec-td2\">300 x 300 DPI<\/td>\n<\/tr>\n<tr>\n<td class=\"spec-td\">T\u00e9l\u00e9copier<\/td>\n<td class=\"spec-td2\">T\u00e9l\u00e9copie couleur<\/td>\n<\/tr>\n<tr>\n<td class=\"spec-td\">Transfert de t\u00e9l\u00e9copie pris en charge<\/td>\n<td class=\"spec-td2\">Oui<\/td>\n<\/tr>\n<tr>\n<td class=\"spec-td\">Vitesse de transmission de fax<\/td>\n<td class=\"spec-td2\">3 sec\/page<\/td>\n<\/tr>\n<tr>\n<td class=\"spec-td\">Vitesse du modem<\/td>\n<td class=\"spec-td2\">33,6 Kbit\/s<\/td>\n<\/tr>\n<tr class=\"spec-tr\">\n<td class=\"spec_titre\" colspan=\"2\">Gestion du papier<\/td>\n<\/tr>\n<tr>\n<td class=\"spec-td\">Format JIS series B (B0&#8230;B9)<\/td>\n<td class=\"spec-td2\">B5,B6<\/td>\n<\/tr>\n<tr>\n<td class=\"spec-td\">Formats de papier photo<\/td>\n<td class=\"spec-td2\">10&#215;15 cm<\/td>\n<\/tr>\n<tr>\n<td class=\"spec-td\">ISO, Format Series A (A0&#8230;A9)<\/td>\n<td class=\"spec-td2\">A4,A5,A6<\/td>\n<\/tr>\n<tr>\n<td class=\"spec-td\">Taille de papier de s\u00e9rie A ISO maximum<\/td>\n<td class=\"spec-td2\">A4<\/td>\n<\/tr>\n<tr>\n<td class=\"spec-td\">Tailles enveloppes<\/td>\n<td class=\"spec-td2\">B5,C5,DL<\/td>\n<\/tr>\n<tr>\n<td class=\"spec-td\">Type de support du bac papier<\/td>\n<td class=\"spec-td2\">papier bond, Enveloppes, Papier glac\u00e9, \u00c9tiquettes, Papier photo, Papier ordinaire, Carte postales, Pr\u00e9-imprim\u00e9, Papier recycl\u00e9, Papier rugueux<\/td>\n<\/tr>\n<tr class=\"spec-tr\">\n<td class=\"spec_titre\" colspan=\"2\">Informations sur l&#8217;emballage<\/td>\n<\/tr>\n<tr>\n<td class=\"spec-td\">Hauteur du colis<\/td>\n<td class=\"spec-td2\">490 mm<\/td>\n<\/tr>\n<tr>\n<td class=\"spec-td\">Largeur du colis<\/td>\n<td class=\"spec-td2\">597 mm<\/td>\n<\/tr>\n<tr>\n<td class=\"spec-td\">Poids du paquet<\/td>\n<td class=\"spec-td2\">26,8 kg<\/td>\n<\/tr>\n<tr>\n<td class=\"spec-td\">Profondeur du colis<\/td>\n<td class=\"spec-td2\">497 mm<\/td>\n<\/tr>\n<tr class=\"spec-tr\">\n<td class=\"spec_titre\" colspan=\"2\">Num\u00e9risation<\/td>\n<\/tr>\n<tr>\n<td class=\"spec-td\">Formats d&rsquo;image support\u00e9s<\/td>\n<td class=\"spec-td2\">BMP, JPG, PNG, TIFF<\/td>\n<\/tr>\n<tr>\n<td class=\"spec-td\">Num\u00e9risation<\/td>\n<td class=\"spec-td2\">Num\u00e9risation couleur<\/td>\n<\/tr>\n<tr>\n<td class=\"spec-td\">Num\u00e9risation recto verso<\/td>\n<td class=\"spec-td2\">Oui<\/td>\n<\/tr>\n<tr>\n<td class=\"spec-td\">Num\u00e9riser vers<\/td>\n<td class=\"spec-td2\">E-mail, T\u00e9l\u00e9copie, USB<\/td>\n<\/tr>\n<tr>\n<td class=\"spec-td\">Prise en charge des formats de texte<\/td>\n<td class=\"spec-td2\">PDF<\/td>\n<\/tr>\n<tr>\n<td class=\"spec-td\">R\u00e9solution de num\u00e9risation maximale<\/td>\n<td class=\"spec-td2\">1200 x 1200 DPI<\/td>\n<\/tr>\n<tr>\n<td class=\"spec-td\">R\u00e9solution de num\u00e9risation optique<\/td>\n<td class=\"spec-td2\">1200 x 1200 DPI<\/td>\n<\/tr>\n<tr>\n<td class=\"spec-td\">Technologie de num\u00e9risation<\/td>\n<td class=\"spec-td2\">CIS<\/td>\n<\/tr>\n<tr>\n<td class=\"spec-td\">Type de scanner<\/td>\n<td class=\"spec-td2\">Plat et avec chargeur automatique de documents<\/td>\n<\/tr>\n<tr>\n<td class=\"spec-td\">Vitesse de num\u00e9risation (couleur)<\/td>\n<td class=\"spec-td2\">20 ppm<\/td>\n<\/tr>\n<tr>\n<td class=\"spec-td\">Vitesse du scanner (noir)<\/td>\n<td class=\"spec-td2\">29 ppm<\/td>\n<\/tr>\n<tr>\n<td class=\"spec-td\">Zone de scan maximale<\/td>\n<td class=\"spec-td2\">216 x 356 mm<\/td>\n<\/tr>\n<tr class=\"spec-tr\">\n<td class=\"spec_titre\" colspan=\"2\">Poids et dimensions<\/td>\n<\/tr>\n<tr>\n<td class=\"spec-td\">Hauteur<\/td>\n<td class=\"spec-td2\">400 mm<\/td>\n<\/tr>\n<tr>\n<td class=\"spec-td\">Largeur<\/td>\n<td class=\"spec-td2\">416 mm<\/td>\n<\/tr>\n<tr>\n<td class=\"spec-td\">Poids<\/td>\n<td class=\"spec-td2\">23,4 kg<\/td>\n<\/tr>\n<tr>\n<td class=\"spec-td\">Profondeur<\/td>\n<td class=\"spec-td2\">472 mm<\/td>\n<\/tr>\n<tr class=\"spec-tr\">\n<td class=\"spec_titre\" colspan=\"2\">Puissance<\/td>\n<\/tr>\n<tr>\n<td class=\"spec-td\">Consommation \u00e9lectrique (fonctionnement moyen)<\/td>\n<td class=\"spec-td2\">550 W<\/td>\n<\/tr>\n<tr>\n<td class=\"spec-td\">Fr\u00e9quence d&rsquo;entr\u00e9e AC<\/td>\n<td class=\"spec-td2\">50 &#8211; 60 Hz<\/td>\n<\/tr>\n<tr>\n<td class=\"spec-td\">Tension d&rsquo;entr\u00e9e AC<\/td>\n<td class=\"spec-td2\">220 &#8211; 240 V<\/td>\n<\/tr>\n<tr class=\"spec-tr\">\n<td class=\"spec_titre\" colspan=\"2\">repr\u00e9sentation \/ r\u00e9alisation<\/td>\n<\/tr>\n<tr>\n<td class=\"spec-td\">Fr\u00e9quence du processeur<\/td>\n<td class=\"spec-td2\">1200 MHz<\/td>\n<\/tr>\n<tr>\n<td class=\"spec-td\">Int\u00e9gr\u00e9 dans le processeur<\/td>\n<td class=\"spec-td2\">Oui<\/td>\n<\/tr>\n<tr>\n<td class=\"spec-td\">M\u00e9moire interne<\/td>\n<td class=\"spec-td2\">512 Mo<\/td>\n<\/tr>\n<tr>\n<td class=\"spec-td\">M\u00e9moire interne maximale<\/td>\n<td class=\"spec-td2\">512 Mo<\/td>\n<\/tr>\n<tr class=\"spec-tr\">\n<td class=\"spec_titre\" colspan=\"2\">R\u00e9seau<\/td>\n<\/tr>\n<tr>\n<td class=\"spec-td\">Ethernet\/LAN<\/td>\n<td class=\"spec-td2\">Oui<\/td>\n<\/tr>\n<tr>\n<td class=\"spec-td\">LAN Ethernet : taux de transfert des donn\u00e9es<\/td>\n<td class=\"spec-td2\">10,100,1000 Mbit\/s<\/td>\n<\/tr>\n<tr>\n<td class=\"spec-td\">Standards wifi<\/td>\n<td class=\"spec-td2\">802.11b,802.11g,Wi-Fi 4 (802.11n)<\/td>\n<\/tr>\n<tr>\n<td class=\"spec-td\">Technologie de cabl\u00e2ge<\/td>\n<td class=\"spec-td2\">10\/100\/1000Base-T(X)<\/td>\n<\/tr>\n<tr>\n<td class=\"spec-td\">Technologies d&rsquo;impression mobile<\/td>\n<td class=\"spec-td2\">Apple AirPrint,Google Cloud Print,HP ePrint,Mopria Print Service<\/td>\n<\/tr>\n<tr>\n<td class=\"spec-td\">Wifi<\/td>\n<td class=\"spec-td2\">Oui<\/td>\n<\/tr>\n<tr class=\"spec-tr\">\n<td class=\"spec_titre\" colspan=\"2\">Vitesse d&rsquo;impression<\/td>\n<\/tr>\n<tr>\n<td class=\"spec-td\">Impression<\/td>\n<td class=\"spec-td2\">Impression couleur<\/td>\n<\/tr>\n<tr>\n<td class=\"spec-td\">Impression recto-verso<\/td>\n<td class=\"spec-td2\">Oui<\/td>\n<\/tr>\n<tr>\n<td class=\"spec-td\">marge d&rsquo;impression droite (min)<\/td>\n<td class=\"spec-td2\">4,23 mm<\/td>\n<\/tr>\n<tr>\n<td class=\"spec-td\">marge d&rsquo;impression gauche (min)<\/td>\n<td class=\"spec-td2\">4,23 mm<\/td>\n<\/tr>\n<tr>\n<td class=\"spec-td\">marge d&rsquo;impression inf\u00e9rieure (min)<\/td>\n<td class=\"spec-td2\">4,23 mm<\/td>\n<\/tr>\n<tr>\n<td class=\"spec-td\">marge d&rsquo;impression sup\u00e9rieure (min)<\/td>\n<td class=\"spec-td2\">4,23 mm<\/td>\n<\/tr>\n<tr>\n<td class=\"spec-td\">Mode d&rsquo;impression recto verso<\/td>\n<td class=\"spec-td2\">Auto<\/td>\n<\/tr>\n<tr>\n<td class=\"spec-td\">R\u00e9solution d&rsquo;impression noire<\/td>\n<td class=\"spec-td2\">600 x 600 DPI<\/td>\n<\/tr>\n<tr>\n<td class=\"spec-td\">R\u00e9solution en couleur<\/td>\n<td class=\"spec-td2\">600 x 600 DPI<\/td>\n<\/tr>\n<tr>\n<td class=\"spec-td\">R\u00e9solution maximale<\/td>\n<td class=\"spec-td2\">600 x 600 DPI<\/td>\n<\/tr>\n<tr>\n<td class=\"spec-td\">Technologie d&rsquo;impression<\/td>\n<td class=\"spec-td2\">Laser<\/td>\n<\/tr>\n<tr>\n<td class=\"spec-td\">Vitesse d&rsquo;impression (couleur, qualit\u00e9 normale, A4\/US Letter)<\/td>\n<td class=\"spec-td2\">27 ppm<\/td>\n<\/tr>\n<tr>\n<td class=\"spec-td\">Vitesse d&rsquo;impression (noir, qualit\u00e9 normale, A4\/US Letter)<\/td>\n<td class=\"spec-td2\">28 ppm<\/td>\n<\/tr>\n<\/tbody>\n<\/table>\n","protected":false},"excerpt":{"rendered":"<p>HP Color LaserJet Pro MFP M479fdw &#8211; Imprimante multifonctions &#8211; couleur &#8211; laser &#8211; Legal (216 x 356 mm) (original) &#8211; A4\/Legal (support) &#8211; jusqu&rsquo;\u00e0 27 ppm (copie) &#8211; jusqu&rsquo;\u00e0 27 ppm (impression) &#8211; 300 feuilles &#8211; 33.6 Kbits\/s &#8211; USB 2.0, LAN, Wi-Fi(n), h\u00f4te USB<\/p>\n","protected":false},"featured_media":11962,"template":"","meta":[],"product_brand":[],"product_cat":[235],"product_tag":[],"class_list":{"0":"post-11960","1":"product","2":"type-product","3":"status-publish","4":"has-post-thumbnail","6":"product_cat-imprimantes-scanners","8":"first","9":"instock","10":"taxable","11":"shipping-taxable","12":"purchasable","13":"product-type-simple"},"_links":{"self":[{"href":"https:\/\/maisonmpi.com\/shop\/wp-json\/wp\/v2\/product\/11960","targetHints":{"allow":["GET"]}}],"collection":[{"href":"https:\/\/maisonmpi.com\/shop\/wp-json\/wp\/v2\/product"}],"about":[{"href":"https:\/\/maisonmpi.com\/shop\/wp-json\/wp\/v2\/types\/product"}],"version-history":[{"count":1,"href":"https:\/\/maisonmpi.com\/shop\/wp-json\/wp\/v2\/product\/11960\/revisions"}],"predecessor-version":[{"id":11965,"href":"https:\/\/maisonmpi.com\/shop\/wp-json\/wp\/v2\/product\/11960\/revisions\/11965"}],"wp:featuredmedia":[{"embeddable":true,"href":"https:\/\/maisonmpi.com\/shop\/wp-json\/wp\/v2\/media\/11962"}],"wp:attachment":[{"href":"https:\/\/maisonmpi.com\/shop\/wp-json\/wp\/v2\/media?parent=11960"}],"wp:term":[{"taxonomy":"product_brand","embeddable":true,"href":"https:\/\/maisonmpi.com\/shop\/wp-json\/wp\/v2\/product_brand?post=11960"},{"taxonomy":"product_cat","embeddable":true,"href":"https:\/\/maisonmpi.com\/shop\/wp-json\/wp\/v2\/product_cat?post=11960"},{"taxonomy":"product_tag","embeddable":true,"href":"https:\/\/maisonmpi.com\/shop\/wp-json\/wp\/v2\/product_tag?post=11960"}],"curies":[{"name":"wp","href":"https:\/\/api.w.org\/{rel}","templated":true}]}}