{"id":11966,"date":"2025-01-24T09:06:22","date_gmt":"2025-01-24T09:06:22","guid":{"rendered":"https:\/\/maisonmpi.com\/shop\/?post_type=product&#038;p=11966"},"modified":"2025-01-24T09:06:23","modified_gmt":"2025-01-24T09:06:23","slug":"imprimante-jet-dencre-hp-pagewide-enterprise-color-enterprise-556dn-couleur-2400-x-1200-dpi-a4-g1w46ab19","status":"publish","type":"product","link":"https:\/\/maisonmpi.com\/shop\/produit\/imprimante-jet-dencre-hp-pagewide-enterprise-color-enterprise-556dn-couleur-2400-x-1200-dpi-a4-g1w46ab19\/","title":{"rendered":"Imprimante jet d\u2019encre HP PageWide Enterprise Color Enterprise 556dn Couleur 2400 x 1200 DPI A4 G1W46A#B19"},"content":{"rendered":"<h2 class=\"ccs-cc-inline-section-title\" data-ccs-jumplink-container=\"true\"><a class=\"ccs-cc-inline-acc-header\" title=\"Specifications\" data-ccs-cc-inline-acc-id=\"specification-b26b79\" data-ccs-cc-inline-acc-state=\"expanded\" aria-expanded=\"true\" aria-label=\"Sp\u00e9cifications masque le contenu\">\u00a0Sp\u00e9cifications<\/a><\/h2>\n<div class=\"ccs-cc-inline-acc-content\" data-ccs-cc-inline-acc-id=\"specification-b26b79\">\n<table>\n<tbody>\n<tr class=\"ccs-cc-inline-specs-row\">\n<th class=\"ccs-cc-inline-specification-attribute\" scope=\"row\">Vitesse d\u2019impression noir (ISO)<\/th>\n<td>Jusqu\u2019\u00e0 50 ppm<\/td>\n<\/tr>\n<tr class=\"ccs-cc-inline-specs-row\">\n<th class=\"ccs-cc-inline-specification-attribute\" scope=\"row\">Vitesse d\u2019impression couleur (ISO)<\/th>\n<td>Jusqu\u2019\u00e0 50 ppm<\/td>\n<\/tr>\n<tr class=\"ccs-cc-inline-specs-row\">\n<th class=\"ccs-cc-inline-specification-attribute\" scope=\"row\">Premi\u00e8re page noire (A4, pr\u00eate)<\/th>\n<td>Vitesse : 7,1 s<\/td>\n<\/tr>\n<tr class=\"ccs-cc-inline-specs-row\">\n<th class=\"ccs-cc-inline-specification-attribute\" scope=\"row\">Premi\u00e8re page sortie couleur (A4, pr\u00eat)<\/th>\n<td>Vitesse : 7,3 s<\/td>\n<\/tr>\n<tr class=\"ccs-cc-inline-specs-row\">\n<th class=\"ccs-cc-inline-specification-attribute\" scope=\"row\">Volume de pages mensuel recommand\u00e9<\/th>\n<td>De 2 000 \u00e0 7 500<\/td>\n<\/tr>\n<tr class=\"ccs-cc-inline-specs-row\">\n<th class=\"ccs-cc-inline-specification-attribute\" scope=\"row\">Technologie d\u2019impression<\/th>\n<td>Technologie HP PageWide avec encres pigment\u00e9es<\/td>\n<\/tr>\n<tr class=\"ccs-cc-inline-specs-row\">\n<th class=\"ccs-cc-inline-specification-attribute\" scope=\"row\">Qualit\u00e9 d\u2019impression noir (meilleure)<\/th>\n<td>Jusqu\u2019\u00e0 1200 x 1200 ppp optimis\u00e9s en noir (lors de l\u2019impression \u00e0 partir d\u2019un ordinateur sur du papier HP ColorLok, du papier de pr\u00e9sentation \u00e0 jet d\u2019encre HP Premium mat et du papier pour brochures \u00e0 jet d\u2019encre HP mat et 600 x 600 ppp en entr\u00e9e)<\/td>\n<\/tr>\n<tr class=\"ccs-cc-inline-specs-row\">\n<th class=\"ccs-cc-inline-specification-attribute\" scope=\"row\">Qualit\u00e9 d\u2019impression couleur (optimale)<\/th>\n<td>Jusqu\u2019\u00e0 2400 x 1200 ppp optimis\u00e9s en couleur (lors de l\u2019impression \u00e0 partir d\u2019un ordinateur sur des papiers photo HP Advanced et 600 x 600 ppp en entr\u00e9e)<\/td>\n<\/tr>\n<tr class=\"ccs-cc-inline-specs-row\">\n<th class=\"ccs-cc-inline-specification-attribute\" scope=\"row\">Montrer<\/th>\n<td>\u00c9cran tactile de 10,92 cm (4,3 po), \u00e9cran graphique couleur (CGD)<\/td>\n<\/tr>\n<tr class=\"ccs-cc-inline-specs-row\">\n<th class=\"ccs-cc-inline-specification-attribute\" scope=\"row\">Vitesse du processeur<\/th>\n<td>1,2 GHz<\/td>\n<\/tr>\n<tr class=\"ccs-cc-inline-specs-row\">\n<th class=\"ccs-cc-inline-specification-attribute\" scope=\"row\">Nombre de cartouches d\u2019impression<\/th>\n<td>4 (1 noir, 1 cyan, 1 magenta, 1 jaune)<\/td>\n<\/tr>\n<tr class=\"ccs-cc-inline-specs-row\">\n<th class=\"ccs-cc-inline-specification-attribute\" scope=\"row\">Langues d\u2019impression<\/th>\n<td>HP PCL 6, HP PCL 5 (pilote HP PCL 5 disponible uniquement sur le Web), \u00e9mulation HP Postscript niveau 3, impression PDF native (v 1.4)<\/td>\n<\/tr>\n<tr class=\"ccs-cc-inline-specs-row\">\n<th class=\"ccs-cc-inline-specification-attribute\" scope=\"row\">Capacit\u00e9 HP ePrint<\/th>\n<td>Oui<\/td>\n<\/tr>\n<tr class=\"ccs-cc-inline-specs-row\">\n<th class=\"ccs-cc-inline-specification-attribute\" scope=\"row\">Capacit\u00e9 d\u2019impression mobile<\/th>\n<td><span>HP ePrint<br \/>\nApple AirPrint<\/span><sup>\u2122<\/sup><br \/>\n<span>Mopria<\/span><sup>\u2122<\/sup><span>-certifi\u00e9<br \/>\nGoogle Cloud Print 2.0\u00a0<\/span><\/td>\n<\/tr>\n<tr class=\"ccs-cc-inline-specs-row\">\n<th class=\"ccs-cc-inline-specification-attribute\" scope=\"row\">Capacit\u00e9 sans fil<\/th>\n<td>Non<\/td>\n<\/tr>\n<tr class=\"ccs-cc-inline-specs-row\">\n<th class=\"ccs-cc-inline-specification-attribute\" scope=\"row\">Connectivit\u00e9, standard<\/th>\n<td>2 h\u00f4tes<br \/>\nUSB 2.0 haut d\u00e9bit 1 p\u00e9riph\u00e9rique<br \/>\nUSB 2.0 haut d\u00e9bit 1 r\u00e9seau<br \/>\nGigabit Ethernet 10\/100\/1000 T 1 poche d\u2019int\u00e9gration mat\u00e9rielle<\/td>\n<\/tr>\n<tr class=\"ccs-cc-inline-specs-row\">\n<th class=\"ccs-cc-inline-specification-attribute\" scope=\"row\">Connectivit\u00e9, en option<\/th>\n<td>Accessoire HP Jetdirect 3000w NFC\/sans fil J8030A<br \/>\nServeur d\u2019impression HP Jetdirect 2900nw J8031A<\/td>\n<\/tr>\n<tr class=\"ccs-cc-inline-specs-row\">\n<th class=\"ccs-cc-inline-specification-attribute\" scope=\"row\">Configuration minimale requise<\/th>\n<td>Lecteur de CD-ROM ou de DVD, ou connexion<br \/>\nInternet USB d\u00e9di\u00e9, connexion r\u00e9seau ou connexion<br \/>\nsans fil 200 Mo d\u2019espace<br \/>\ndisponible sur le disque dur Pour la configuration mat\u00e9rielle requise pour le syst\u00e8me d\u2019exploitation, voir http:\/\/www.microsoft.com<\/td>\n<\/tr>\n<tr class=\"ccs-cc-inline-specs-row\">\n<th class=\"ccs-cc-inline-specification-attribute\" scope=\"row\">Configuration minimale requise pour Macintosh<\/th>\n<td>Internet, USB, 1 Go d\u2019espace<br \/>\ndisponible sur le disque dur Mat\u00e9riel<br \/>\ncompatible avec le syst\u00e8me d\u2019exploitation Voir http:\/\/www.apple.com<\/td>\n<\/tr>\n<tr class=\"ccs-cc-inline-specs-row\">\n<th class=\"ccs-cc-inline-specification-attribute\" scope=\"row\">Syst\u00e8mes d\u2019exploitation compatibles<\/th>\n<td>Syst\u00e8me d\u2019exploitation Windows compatible avec le pilote int\u00e9gr\u00e9, Windows 10 toutes les \u00e9ditions 32 bits\/64 bits (\u00e0 l\u2019exception du syst\u00e8me d\u2019exploitation RT pour les tablettes), Windows 8\/8.1 toutes les \u00e9ditions 32 bits\/64 bits (\u00e0 l\u2019exception du syst\u00e8me d\u2019exploitation RT pour les tablettes), Windows 7 toutes les \u00e9ditions 32 bits\/64 bits, Windows Vista toutes les \u00e9ditions 32 bits (\u00c9dition Familiale Basique, Premium, Professionnel, etc.)<br \/>\nCompatible avec le pilote d\u2019impression universel (\u00e0 partir de HP.com), Windows 10 toutes les \u00e9ditions 32 bits\/64 bits (\u00e0 l\u2019exception du syst\u00e8me d\u2019exploitation RT pour tablettes), Windows 8\/8.1 toutes les \u00e9ditions 32 bits\/64 bits (\u00e0 l\u2019exception du syst\u00e8me d\u2019exploitation RT pour tablettes), Windows 7 toutes les \u00e9ditions 32 bits\/64 bits, Windows Vista toutes les \u00e9ditions 32 bits\/64 bits (\u00c9dition Familiale Basique, Premium, Professionnel, etc.)<br \/>\nMac OS (pilotes d\u2019impression HP disponibles sur HP.com et Apple Store), OS X 10.9 Mavericks, OS X 10.10 Yosemite, OS X 10.11 El Capitan<br \/>\nMobile OS (pilotes int\u00e9gr\u00e9s) : iOS, Android, Windows 8\/8.1\/10 RT<br \/>\nLinux OS (HPLIP int\u00e9gr\u00e9 au syst\u00e8me d\u2019exploitation)<br \/>\nSUSE Linux (12.2, 12.3, 13.1)<br \/>\nFedora (17, 18, 19, 20)<br \/>\nLinux Mint (13, 14, 15, 16, 17)<br \/>\nBoss (3.0, 5.0)<br \/>\nUbuntu (10.04, 11.10, 12.04, 12.10, 13.04, 13.10, 14.04, 14.10)<br \/>\nDebian (6.0.x, 7.x)<br \/>\nAutre syst\u00e8me d\u2019exploitation : UNIX<\/td>\n<\/tr>\n<tr class=\"ccs-cc-inline-specs-row\">\n<th class=\"ccs-cc-inline-specification-attribute\" scope=\"row\">Memory card compatibility<\/th>\n<td>144-pin DDR3 DIMM<br \/>\nHP Part Number E5K48A, E5K49A<\/td>\n<\/tr>\n<tr class=\"ccs-cc-inline-specs-row\">\n<th class=\"ccs-cc-inline-specification-attribute\" scope=\"row\">Memory<\/th>\n<td>1280 MB<\/td>\n<\/tr>\n<tr class=\"ccs-cc-inline-specs-row\">\n<th class=\"ccs-cc-inline-specification-attribute\" scope=\"row\">Maximum Memory<\/th>\n<td>3328 MB<\/td>\n<\/tr>\n<tr class=\"ccs-cc-inline-specs-row\">\n<th class=\"ccs-cc-inline-specification-attribute\" scope=\"row\">Paper handling input, standard<\/th>\n<td>500-sheet input tray, 50-sheet multipurpose tray<\/td>\n<\/tr>\n<tr class=\"ccs-cc-inline-specs-row\">\n<th class=\"ccs-cc-inline-specification-attribute\" scope=\"row\">Paper handling input, optional<\/th>\n<td>Optional 500 sheet Tray 3<br \/>\nOptional integrated stand with 500 sheet Tray 3, 500 sheet Tray 4, and 500 sheet Tray 5<\/td>\n<\/tr>\n<tr class=\"ccs-cc-inline-specs-row\">\n<th class=\"ccs-cc-inline-specification-attribute\" scope=\"row\">Paper handling output, standard<\/th>\n<td>300 sheet face-down output bin<\/td>\n<\/tr>\n<tr class=\"ccs-cc-inline-specs-row\">\n<th class=\"ccs-cc-inline-specification-attribute\" scope=\"row\">Duplex printing<\/th>\n<td>Automatic (Standard)<\/td>\n<\/tr>\n<tr class=\"ccs-cc-inline-specs-row\">\n<th class=\"ccs-cc-inline-specification-attribute\" scope=\"row\">Media sizes, custom<\/th>\n<td>Tray 1: 76 x 127 to 216 x 356 mm<br \/>\nTray 2: 102 x 210 to 216 x 297 mm<br \/>\nOptional Tray 3: 102 x 210 to 216 x 356 mm<br \/>\nOptional Tray 4: 102 x 210 to 216 x 356 mm<br \/>\nOptional Tray 5: 102 x 210 to 216 x 356 mm<\/td>\n<\/tr>\n<tr class=\"ccs-cc-inline-specs-row\">\n<th class=\"ccs-cc-inline-specification-attribute\" scope=\"row\">Types de m\u00e9dias<\/th>\n<td>Papier ordinaire (l\u00e9ger, interm\u00e9diaire, de poids moyen, \u00e9pais, tr\u00e8s \u00e9pais, pr\u00e9perfor\u00e9, recycl\u00e9, bond, autre papier ordinaire \u00e0 jet d\u2019encre), photo (glac\u00e9, brillant, brillant doux, satin\u00e9, mat, autre photo \u00e0 jet d\u2019encre), enveloppes, \u00e9tiquettes, cartes, papiers sp\u00e9ciaux (brochure brillante, brochure mate, brochure \u00e0 trois volets, cartes de v\u0153ux, autres papiers sp\u00e9ciaux \u00e0 jet d\u2019encre)<\/td>\n<\/tr>\n<tr class=\"ccs-cc-inline-specs-row\">\n<th class=\"ccs-cc-inline-specification-attribute\" scope=\"row\">Poids du support, recommand\u00e9<\/th>\n<td>60 \u00e0 120 g\/m\u00b2 (papier ordinaire)<br \/>\n125 \u00e0 300 g\/m\u00b2 (photo)<br \/>\n75 \u00e0 90 g\/m\u00b2 (enveloppe)<br \/>\n120 \u00e0 180 g\/m\u00b2 (brochure)<br \/>\n163 \u00e0 200 g\/m\u00b2 (carte)<\/td>\n<\/tr>\n<tr class=\"ccs-cc-inline-specs-row\">\n<th class=\"ccs-cc-inline-specification-attribute\" scope=\"row\">Impression sans bordure<\/th>\n<td>Non<\/td>\n<\/tr>\n<tr class=\"ccs-cc-inline-specs-row\">\n<th class=\"ccs-cc-inline-specification-attribute\" scope=\"row\">Pouvoir<\/th>\n<td>Tension d\u2019entr\u00e9e : 240 VAC (+\/- 10%), 50\/60 Hz (+\/- 3 Hz)<\/td>\n<\/tr>\n<tr class=\"ccs-cc-inline-specs-row\">\n<th class=\"ccs-cc-inline-specification-attribute\" scope=\"row\">Consommation \u00e9lectrique<\/th>\n<td>52 watts (impression), 12 watts (pr\u00eat), 0,56 watt (veille minimale), 6,3 watts (veille maximale), 0,3 watt (arr\u00eat manuel), 0,3 watt (arr\u00eat automatique\/marche manuelle)<\/td>\n<\/tr>\n<tr class=\"ccs-cc-inline-specs-row\">\n<th class=\"ccs-cc-inline-specification-attribute\" scope=\"row\">\u00c9colabels<\/th>\n<td><span>Certifi\u00e9<br \/>\nENERGY STAR EPEAT Silver<br \/>\nCECP\u00a0<\/span><sup>\u00ae<\/sup><sup>\u00ae<\/sup><\/td>\n<\/tr>\n<tr class=\"ccs-cc-inline-specs-row\">\n<th class=\"ccs-cc-inline-specification-attribute\" scope=\"row\">Sp\u00e9cifications de l\u2019impact durable<\/th>\n<td>Sans mercure<\/td>\n<\/tr>\n<tr class=\"ccs-cc-inline-specs-row\">\n<th class=\"ccs-cc-inline-specification-attribute\" scope=\"row\">Conforme \u00e0 la norme Blue Angel<\/th>\n<td>Veuillez<br \/>\nvous r\u00e9f\u00e9rer au document ECI<\/td>\n<\/tr>\n<tr class=\"ccs-cc-inline-specs-row\">\n<th class=\"ccs-cc-inline-specification-attribute\" scope=\"row\">Plage de temp\u00e9rature de fonctionnement<\/th>\n<td>15 \u00e0 30 \u00b0C<\/td>\n<\/tr>\n<tr class=\"ccs-cc-inline-specs-row\">\n<th class=\"ccs-cc-inline-specification-attribute\" scope=\"row\">Plage d\u2019humidit\u00e9 de fonctionnement recommand\u00e9e<\/th>\n<td>20 \u00e0 60 % d\u2019humidit\u00e9 relative<\/td>\n<\/tr>\n<tr class=\"ccs-cc-inline-specs-row\">\n<th class=\"ccs-cc-inline-specification-attribute\" scope=\"row\">Dimensions minimales (L x P x H)<\/th>\n<td>530 x 463 x 457 millim\u00e8tre<\/td>\n<\/tr>\n<tr class=\"ccs-cc-inline-specs-row\">\n<th class=\"ccs-cc-inline-specification-attribute\" scope=\"row\">Dimensions maximales (L x P x H)<\/th>\n<td>934 x 745 x 457 mm (avec porte gauche ouverte, bac \u00e0 papier principal ouvert)<\/td>\n<\/tr>\n<tr class=\"ccs-cc-inline-specs-row\">\n<th class=\"ccs-cc-inline-specification-attribute\" scope=\"row\">Poids<\/th>\n<td>22,2 kg<\/td>\n<\/tr>\n<tr class=\"ccs-cc-inline-specs-row\">\n<th class=\"ccs-cc-inline-specification-attribute\" scope=\"row\">Garantie du fabricant<\/th>\n<td>Garantie sur site d\u2019un an, le jour ouvrable suivant. Les options de garantie et d\u2019assistance varient selon le produit, le pays et les exigences l\u00e9gales locales. Rendez-vous sur http:\/\/www.hp.com\/support pour en savoir plus sur les options de service et d\u2019assistance prim\u00e9es par HP dans votre r\u00e9gion.<\/td>\n<\/tr>\n<\/tbody>\n<\/table>\n<\/div>\n","protected":false},"excerpt":{"rendered":"<p>Imprimante &#8211; couleur &#8211; Recto-verso &#8211; A4\/Legal : R\u00e9solution jusqu`\u00e0 1200 x 1200 ppp, jusqu`\u00e0 75 ppm (mono) \/ jusqu`\u00e0 75 ppm (couleur), Capacit\u00e9 : 550 feuilles, Interfaces : USB 2.0 \/ Gigabit LAN \/ h\u00f4te USB 2.0, Ecran tactile, AirPrint, WebJet Admin Garantie 1 An constructeur<\/p>\n","protected":false},"featured_media":11968,"template":"","meta":[],"product_brand":[],"product_cat":[235],"product_tag":[],"class_list":{"0":"post-11966","1":"product","2":"type-product","3":"status-publish","4":"has-post-thumbnail","6":"product_cat-imprimantes-scanners","8":"first","9":"instock","10":"taxable","11":"shipping-taxable","12":"purchasable","13":"product-type-simple"},"_links":{"self":[{"href":"https:\/\/maisonmpi.com\/shop\/wp-json\/wp\/v2\/product\/11966","targetHints":{"allow":["GET"]}}],"collection":[{"href":"https:\/\/maisonmpi.com\/shop\/wp-json\/wp\/v2\/product"}],"about":[{"href":"https:\/\/maisonmpi.com\/shop\/wp-json\/wp\/v2\/types\/product"}],"version-history":[{"count":1,"href":"https:\/\/maisonmpi.com\/shop\/wp-json\/wp\/v2\/product\/11966\/revisions"}],"predecessor-version":[{"id":11974,"href":"https:\/\/maisonmpi.com\/shop\/wp-json\/wp\/v2\/product\/11966\/revisions\/11974"}],"wp:featuredmedia":[{"embeddable":true,"href":"https:\/\/maisonmpi.com\/shop\/wp-json\/wp\/v2\/media\/11968"}],"wp:attachment":[{"href":"https:\/\/maisonmpi.com\/shop\/wp-json\/wp\/v2\/media?parent=11966"}],"wp:term":[{"taxonomy":"product_brand","embeddable":true,"href":"https:\/\/maisonmpi.com\/shop\/wp-json\/wp\/v2\/product_brand?post=11966"},{"taxonomy":"product_cat","embeddable":true,"href":"https:\/\/maisonmpi.com\/shop\/wp-json\/wp\/v2\/product_cat?post=11966"},{"taxonomy":"product_tag","embeddable":true,"href":"https:\/\/maisonmpi.com\/shop\/wp-json\/wp\/v2\/product_tag?post=11966"}],"curies":[{"name":"wp","href":"https:\/\/api.w.org\/{rel}","templated":true}]}}