{"id":11977,"date":"2025-01-24T10:05:22","date_gmt":"2025-01-24T10:05:22","guid":{"rendered":"https:\/\/maisonmpi.com\/shop\/?post_type=product&#038;p=11977"},"modified":"2025-01-24T10:18:21","modified_gmt":"2025-01-24T10:18:21","slug":"hp-laserjet-enterprise-mfp-m528dn-imprimante-multifonctions","status":"publish","type":"product","link":"https:\/\/maisonmpi.com\/shop\/produit\/hp-laserjet-enterprise-mfp-m528dn-imprimante-multifonctions\/","title":{"rendered":"HP LaserJet Enterprise MFP M528dn &#8211; imprimante multifonctions"},"content":{"rendered":"<table>\n<tbody>\n<tr class=\"ccs-cc-inline-specs-row\">\n<th class=\"ccs-cc-inline-specification-attribute\" scope=\"row\">Vitesse d&rsquo;impression en noir (ISO, A4)<\/th>\n<td>Jusqu&rsquo;\u00e0 43 ppm (par d\u00e9faut)<br \/>\nJusqu&rsquo;\u00e0 50 ppm (HP High Speed)<\/td>\n<\/tr>\n<tr class=\"ccs-cc-inline-specs-row\">\n<th class=\"ccs-cc-inline-specification-attribute\" scope=\"row\">D\u00e9lai d&rsquo;impression de la premi\u00e8re page noire (A4, pr\u00eat)<\/th>\n<td>En 6 secondes seulement<\/td>\n<\/tr>\n<tr class=\"ccs-cc-inline-specs-row\">\n<th class=\"ccs-cc-inline-specification-attribute\" scope=\"row\">Cycle d&rsquo;utilisation (mensuel, A4)<\/th>\n<td>Jusqu&rsquo;\u00e0 150\u00a0000 pages<\/td>\n<\/tr>\n<tr class=\"ccs-cc-inline-specs-row\">\n<th class=\"ccs-cc-inline-specification-attribute\" scope=\"row\">Volume de pages mensuel recommand\u00e9<\/th>\n<td>2 000 \u00e0 7 500<\/td>\n<\/tr>\n<tr class=\"ccs-cc-inline-specs-row\">\n<th class=\"ccs-cc-inline-specification-attribute\" scope=\"row\">Technologie d&rsquo;impression<\/th>\n<td>Laser<\/td>\n<\/tr>\n<tr class=\"ccs-cc-inline-specs-row\">\n<th class=\"ccs-cc-inline-specification-attribute\" scope=\"row\">Qualit\u00e9 d&rsquo;impression noire (optimale)<\/th>\n<td>Jusqu&rsquo;\u00e0 1200 x 1200\u00a0ppp<\/td>\n<\/tr>\n<tr class=\"ccs-cc-inline-specs-row\">\n<th class=\"ccs-cc-inline-specification-attribute\" scope=\"row\">Ecran<\/th>\n<td>\u00c9cran tactile de 20,3 cm (8 pouces) (1 024 x 768), LCD (graphique couleur), mouvements tactiles fluides, \u00e9cran tactile activ\u00e9<\/td>\n<\/tr>\n<tr class=\"ccs-cc-inline-specs-row\">\n<th class=\"ccs-cc-inline-specification-attribute\" scope=\"row\">Fonctionnalit\u00e9 d\u2019impression mobile<\/th>\n<td>HP ePrint<br \/>\nApple AirPrint<sup>\u2122<\/sup><br \/>\nCertifi\u00e9 Mopria<sup>\u2122<\/sup><br \/>\nGoogle Cloud Print<sup>\u2122<\/sup><\/td>\n<\/tr>\n<tr class=\"ccs-cc-inline-specs-row\">\n<th class=\"ccs-cc-inline-specification-attribute\" scope=\"row\">Fonctionnalit\u00e9s sans fil<\/th>\n<td>En option, activation possible sous r\u00e9serve de l&rsquo;achat d&rsquo;un accessoire mat\u00e9riel sans fil. Station sans fil monobande et fonctionnalit\u00e9 Wi-Fi Direct disponibles avec l&rsquo;accessoire NFC\/sans fil HP Jetdirect 3000w J8030A, Station sans fil bi-bande et fonctionnalit\u00e9 Wi-Fi Direct disponibles avec l&rsquo;accessoire BLE\/NFC\/sans fil HP Jetdirect 3100w 3JN69A, Station sans fil bi-bande disponible avec le serveur d&rsquo;impression HP Jetdirect 2900nw J8031A<\/td>\n<\/tr>\n<tr class=\"ccs-cc-inline-specs-row\">\n<th class=\"ccs-cc-inline-specification-attribute\" scope=\"row\">Connectivit\u00e9, standard<\/th>\n<td>1 port p\u00e9riph\u00e9rique USB 2.0 haut d\u00e9bit<br \/>\n2 ports USB 2.0 haut d\u00e9bit (h\u00f4te)<br \/>\n1 Gigabit Ethernet<br \/>\n1 compartiment d&rsquo;int\u00e9gration mat\u00e9rielle<\/td>\n<\/tr>\n<tr class=\"ccs-cc-inline-specs-row\">\n<th class=\"ccs-cc-inline-specification-attribute\" scope=\"row\">Syst\u00e8mes d&rsquo;exploitation support\u00e9s<\/th>\n<td>Syst\u00e8me d&rsquo;exploitation Windows Client (32\/64 bits), Win10, Win8.1, Win 8 Basic, Win8 Pro, Win8 Enterprise, Win8 Enterprise N, Win7 Starter Edition SP1, UPD Win7 Ultimate, Syst\u00e8me d&rsquo;exploitation mobile, iOS, Android, Mac-, Apple<sup>\u00ae<\/sup>\u00a0macOS Sierra v10.12, Apple<sup>\u00ae<\/sup>\u00a0macOS High Sierra v10.13, Apple<sup>\u00ae<\/sup>\u00a0macOS Mojave v10.14, pilote d&rsquo;imprimante s\u00e9par\u00e9 PCL6, Pour plus d&rsquo;informations sur les syst\u00e8mes d&rsquo;exploitation pris en charge, consultez le site http:\/\/support.hp.com, Saisissez le nom de votre produit et recherchez, Cliquez sur les Guides d&rsquo;utilisation et saisissez le nom de votre produit et recherchez le Guide d&rsquo;utilisation, Recherchez le Guide d&rsquo;utilisation de votre (Nom du produit), Recherchez la section des Syst\u00e8mes d&rsquo;exploitation pris en charge, pilotes d&rsquo;imprimante UPD PCL6 \/ PS, Syst\u00e8mes d&rsquo;exploitation pris en charge, Pour plus d&rsquo;informations sur les syst\u00e8mes d&rsquo;exploitation pris en charge, consultez le site www.hp.com\/go\/upd<\/td>\n<\/tr>\n<tr class=\"ccs-cc-inline-specs-row\">\n<th class=\"ccs-cc-inline-specification-attribute\" scope=\"row\">M\u00e9moire<\/th>\n<td>1,25 Go (imprimante)<br \/>\n512 Mo (scanner)<\/td>\n<\/tr>\n<tr class=\"ccs-cc-inline-specs-row\">\n<th class=\"ccs-cc-inline-specification-attribute\" scope=\"row\">Capacit\u00e9 m\u00e9moire maximale<\/th>\n<td>3,75 Go de m\u00e9moire MAX, lorsque l&rsquo;accessoire DIMM est install\u00e9<\/td>\n<\/tr>\n<tr class=\"ccs-cc-inline-specs-row\">\n<th class=\"ccs-cc-inline-specification-attribute\" scope=\"row\">Gestion d&rsquo;introduction du papier, standard<\/th>\n<td>Bac universel 1 de 100 feuilles, bac d&rsquo;entr\u00e9e 2 de 550 feuilles, impression recto verso automatique<\/td>\n<\/tr>\n<tr class=\"ccs-cc-inline-specs-row\">\n<th class=\"ccs-cc-inline-specification-attribute\" scope=\"row\">Gestion d&rsquo;introduction du papier, en option<\/th>\n<td>Bac d&rsquo;alimentation de 550 feuilles en option (ajoutez jusqu&rsquo;\u00e0 3 bacs)<\/td>\n<\/tr>\n<tr class=\"ccs-cc-inline-specs-row\">\n<th class=\"ccs-cc-inline-specification-attribute\" scope=\"row\">Gestion de sortie du papier, standard<\/th>\n<td>Bac de sortie de 250 feuilles<\/td>\n<\/tr>\n<tr class=\"ccs-cc-inline-specs-row\">\n<th class=\"ccs-cc-inline-specification-attribute\" scope=\"row\">Impression recto verso<\/th>\n<td>Automatique (standard)<\/td>\n<\/tr>\n<tr class=\"ccs-cc-inline-specs-row\">\n<th class=\"ccs-cc-inline-specification-attribute\" scope=\"row\">Gestion du support fini<\/th>\n<td>Alimentation feuille \u00e0 feuille<\/td>\n<\/tr>\n<tr class=\"ccs-cc-inline-specs-row\">\n<th class=\"ccs-cc-inline-specification-attribute\" scope=\"row\">Formats de supports pris en charge<\/th>\n<td>Bac 1 : A4, A5, A6, RA4, B5 (JIS), B6 (JIS), 10 x 15 cm, Oficio (216 x 340), 16K, cartes postales (JIS simple et double), enveloppes (B5, C5, C6, DL)<br \/>\nBac 2 : A4, A5, A6, RA4, B5 (JIS), B6 (JIS), Oficio (216 x 340), 16K, cartes postales (JIS double)<br \/>\nBac de 550 feuilles disponible en option : A4, A5, A6, RA4, B5 (JIS), B6 (JIS), Oficio (216 x 340), 16K, cartes postales (JIS double)<br \/>\nUnit\u00e9 recto verso automatique en option: A4, RA4, Oficio (216 x 340)<\/td>\n<\/tr>\n<tr class=\"ccs-cc-inline-specs-row\">\n<th class=\"ccs-cc-inline-specification-attribute\" scope=\"row\">Types de supports<\/th>\n<td>Papier (normal, color\u00e9, ordinaire, pr\u00e9imprim\u00e9, pr\u00e9perfor\u00e9, recycl\u00e9, brut)<br \/>\nEnveloppes<br \/>\n\u00c9tiquettes<br \/>\nPapier cartonn\u00e9<br \/>\nTransparents<br \/>\nD\u00e9fini par l&rsquo;utilisateur<\/td>\n<\/tr>\n<tr class=\"ccs-cc-inline-specs-row\">\n<th class=\"ccs-cc-inline-specification-attribute\" scope=\"row\">Type de scanner<\/th>\n<td>A plat, chargeur automatique de documents<\/td>\n<\/tr>\n<tr class=\"ccs-cc-inline-specs-row\">\n<th class=\"ccs-cc-inline-specification-attribute\" scope=\"row\">R\u00e9solution de num\u00e9risation, optique<\/th>\n<td>Jusqu\u2019\u00e0 600 ppp<\/td>\n<\/tr>\n<tr class=\"ccs-cc-inline-specs-row\">\n<th class=\"ccs-cc-inline-specification-attribute\" scope=\"row\">Taille de num\u00e9risation, maximum<\/th>\n<td>216 x 356 mm<\/td>\n<\/tr>\n<tr class=\"ccs-cc-inline-specs-row\">\n<th class=\"ccs-cc-inline-specification-attribute\" scope=\"row\">Taille de num\u00e9risation (chargeur auto) maximale<\/th>\n<td>216 x 864 mm<\/td>\n<\/tr>\n<tr class=\"ccs-cc-inline-specs-row\">\n<th class=\"ccs-cc-inline-specification-attribute\" scope=\"row\">Num\u00e9risation avec le chargeur automatique de documents recto-verso<\/th>\n<td>Oui, en un seul passage de num\u00e9risation recto-verso<\/td>\n<\/tr>\n<tr class=\"ccs-cc-inline-specs-row\">\n<th class=\"ccs-cc-inline-specification-attribute\" scope=\"row\">Capacit\u00e9 du bac d&rsquo;alimentation automatique<\/th>\n<td>Standard, 100\u00a0feuilles<\/td>\n<\/tr>\n<tr class=\"ccs-cc-inline-specs-row\">\n<th class=\"ccs-cc-inline-specification-attribute\" scope=\"row\">Communication num\u00e9rique &#8211; Fonctionnalit\u00e9s standard<\/th>\n<td>Num\u00e9risation vers e-mail<br \/>\nEnregistrer dans dossier r\u00e9seau<br \/>\nEnregistrement sur lecteur USB<br \/>\nEnvoi vers FTP<br \/>\nEnvoi vers t\u00e9l\u00e9copieur Internet<br \/>\nCarnet d\u2019adresses local<br \/>\nSMTP via SSL<br \/>\nSuppression des pages vierges<br \/>\nSuppression des bords<br \/>\nD\u00e9tection automatique de la couleur<br \/>\nRecadrage automatique du contenu<br \/>\nPDF compact<\/td>\n<\/tr>\n<tr class=\"ccs-cc-inline-specs-row\">\n<th class=\"ccs-cc-inline-specification-attribute\" scope=\"row\">Vitesse de copie (noir, qualit\u00e9 normale, A4)<\/th>\n<td>Jusqu&rsquo;\u00e0 43 cpm (par d\u00e9faut)<br \/>\nJusqu&rsquo;\u00e0 50 cpm (HP High Speed)<\/td>\n<\/tr>\n<tr class=\"ccs-cc-inline-specs-row\">\n<th class=\"ccs-cc-inline-specification-attribute\" scope=\"row\">R\u00e9solution de la copie (texte noir)<\/th>\n<td>Jusqu&rsquo;\u00e0 600 x 600\u00a0ppp<\/td>\n<\/tr>\n<tr class=\"ccs-cc-inline-specs-row\">\n<th class=\"ccs-cc-inline-specification-attribute\" scope=\"row\">R\u00e9solution de la copie (texte en couleur et graphiques)<\/th>\n<td>Jusqu&rsquo;\u00e0 600 x 600\u00a0ppp<\/td>\n<\/tr>\n<tr class=\"ccs-cc-inline-specs-row\">\n<th class=\"ccs-cc-inline-specification-attribute\" scope=\"row\">Param\u00e8tres de r\u00e9duction\/agrandissement de copies<\/th>\n<td>25 \u00e0 400\u00a0%<\/td>\n<\/tr>\n<tr class=\"ccs-cc-inline-specs-row\">\n<th class=\"ccs-cc-inline-specification-attribute\" scope=\"row\">Labels \u00e9cologiques<\/th>\n<td>CECP<br \/>\nBlue Angel<br \/>\nConfigurations certifi\u00e9es EPEAT<sup>\u00ae<\/sup>\u00a0Silver disponibles<br \/>\nCertifi\u00e9 ENERGY STAR<sup>\u00ae<\/sup><\/td>\n<\/tr>\n<tr class=\"ccs-cc-inline-specs-row\">\n<th class=\"ccs-cc-inline-specification-attribute\" scope=\"row\">Conforme Blue Angel<\/th>\n<td>Oui, le Blue Angel DE-UZ 219\u00a0: garanti seulement avec les consommables HP authentiques<\/td>\n<\/tr>\n<tr class=\"ccs-cc-inline-specs-row\">\n<th class=\"ccs-cc-inline-specification-attribute\" scope=\"row\">Sp\u00e9cifications relatives \u00e0 l\u2019impact sur le d\u00e9veloppement durable<\/th>\n<td>Sans mercure<\/td>\n<\/tr>\n<tr class=\"ccs-cc-inline-specs-row\">\n<th class=\"ccs-cc-inline-specification-attribute\" scope=\"row\">Plage de temp\u00e9ratures en fonctionnement<\/th>\n<td>10 \u00e0 32,5\u00b0C<\/td>\n<\/tr>\n<tr class=\"ccs-cc-inline-specs-row\">\n<th class=\"ccs-cc-inline-specification-attribute\" scope=\"row\">Plage de taux d&rsquo;humidit\u00e9 en fonctionnement recommand\u00e9e<\/th>\n<td>30 \u00e0 70% d\u2019humidit\u00e9 relative<\/td>\n<\/tr>\n<tr class=\"ccs-cc-inline-specs-row\">\n<th class=\"ccs-cc-inline-specification-attribute\" scope=\"row\">Certification Energy Star<\/th>\n<td>Oui<\/td>\n<\/tr>\n<tr class=\"ccs-cc-inline-specs-row\">\n<th class=\"ccs-cc-inline-specification-attribute\" scope=\"row\">Certifications et conformit\u00e9s<\/th>\n<td>Marquage TUV et GS (Allemagne), Nemko, Fimko, Demko, Semko (Nordic), approbations de l&rsquo;Europe de l&rsquo;est, marquage CE, Energy Star, TCO &rsquo;99, certification Windows (Microsoft Windows 2000 et Microsoft Windows XP), homologu\u00e9 UL<\/td>\n<\/tr>\n<tr class=\"ccs-cc-inline-specs-row\">\n<th class=\"ccs-cc-inline-specification-attribute\" scope=\"row\">Dimensions minimales (L x P x H)<\/th>\n<td>482 x 496 x 497 mm<\/td>\n<\/tr>\n<tr class=\"ccs-cc-inline-specs-row\">\n<th class=\"ccs-cc-inline-specification-attribute\" scope=\"row\">Dimensions maximales (L x P x H)<\/th>\n<td>507 x 631 x 497 mm<\/td>\n<\/tr>\n<tr class=\"ccs-cc-inline-specs-row\">\n<th class=\"ccs-cc-inline-specification-attribute\" scope=\"row\">Poids<\/th>\n<td>21,41 kg<\/td>\n<\/tr>\n<tr class=\"ccs-cc-inline-specs-row\">\n<th class=\"ccs-cc-inline-specification-attribute\" scope=\"row\">Garantie fabricant<\/th>\n<td>Garantie d&rsquo;un an avec intervention sur site le jour ouvr\u00e9 suivant. Les options de garantie et d&rsquo;assistance varient selon le produit, le pays et les obligations juridiques locales. Consultez votre vendeur agr\u00e9\u00e9 ou rendez-vous sur le site http:\/\/www.hp.com\/support pour conna\u00eetre les options prim\u00e9es de garantie et d&rsquo;assistance HP dans votre r\u00e9gion.<\/td>\n<\/tr>\n<\/tbody>\n<\/table>\n","protected":false},"excerpt":{"rendered":"<p>Impression USB en fa\u00e7ade; Num\u00e9risation vers e-mail; Impression recto-verso; Num\u00e9risation recto-verso<\/p>\n<p>&gt;Impression, copie, num\u00e9risation et t\u00e9l\u00e9copie en option<\/p>\n<p>&gt;Vitesse d&rsquo;impression jusqu&rsquo;\u00e0 52 ppm (noir) (HP High Speed)<\/p>\n<p>&gt;Jusqu&rsquo;\u00e0 1200 x 1200 ppp<\/p>\n","protected":false},"featured_media":11978,"template":"","meta":[],"product_brand":[],"product_cat":[235],"product_tag":[],"class_list":{"0":"post-11977","1":"product","2":"type-product","3":"status-publish","4":"has-post-thumbnail","6":"product_cat-imprimantes-scanners","8":"first","9":"instock","10":"taxable","11":"shipping-taxable","12":"purchasable","13":"product-type-simple"},"_links":{"self":[{"href":"https:\/\/maisonmpi.com\/shop\/wp-json\/wp\/v2\/product\/11977","targetHints":{"allow":["GET"]}}],"collection":[{"href":"https:\/\/maisonmpi.com\/shop\/wp-json\/wp\/v2\/product"}],"about":[{"href":"https:\/\/maisonmpi.com\/shop\/wp-json\/wp\/v2\/types\/product"}],"version-history":[{"count":1,"href":"https:\/\/maisonmpi.com\/shop\/wp-json\/wp\/v2\/product\/11977\/revisions"}],"predecessor-version":[{"id":11984,"href":"https:\/\/maisonmpi.com\/shop\/wp-json\/wp\/v2\/product\/11977\/revisions\/11984"}],"wp:featuredmedia":[{"embeddable":true,"href":"https:\/\/maisonmpi.com\/shop\/wp-json\/wp\/v2\/media\/11978"}],"wp:attachment":[{"href":"https:\/\/maisonmpi.com\/shop\/wp-json\/wp\/v2\/media?parent=11977"}],"wp:term":[{"taxonomy":"product_brand","embeddable":true,"href":"https:\/\/maisonmpi.com\/shop\/wp-json\/wp\/v2\/product_brand?post=11977"},{"taxonomy":"product_cat","embeddable":true,"href":"https:\/\/maisonmpi.com\/shop\/wp-json\/wp\/v2\/product_cat?post=11977"},{"taxonomy":"product_tag","embeddable":true,"href":"https:\/\/maisonmpi.com\/shop\/wp-json\/wp\/v2\/product_tag?post=11977"}],"curies":[{"name":"wp","href":"https:\/\/api.w.org\/{rel}","templated":true}]}}