{"id":12028,"date":"2025-01-24T14:46:12","date_gmt":"2025-01-24T14:46:12","guid":{"rendered":"https:\/\/maisonmpi.com\/shop\/?post_type=product&#038;p=12028"},"modified":"2025-01-28T07:42:50","modified_gmt":"2025-01-28T07:42:50","slug":"dell-xps-13-copilot-pc-9345-ordinateur-portable-infinityedge-13-4-fhd-snapdragon-x-elite-qualcomm-adreno-graphique-16go-de-ram-ssd-512go-win-11-home-clavier-retroeclaire-azerty-francais","status":"publish","type":"product","link":"https:\/\/maisonmpi.com\/shop\/produit\/dell-xps-13-copilot-pc-9345-ordinateur-portable-infinityedge-13-4-fhd-snapdragon-x-elite-qualcomm-adreno-graphique-16go-de-ram-ssd-512go-win-11-home-clavier-retroeclaire-azerty-francais\/","title":{"rendered":"Dell XPS 13 Copilot+ PC 9345 Ordinateur Portable InfinityEdge 13.4&Prime; FHD+, Snapdragon X Elite, Qualcomm Adreno Graphique, 16Go de RAM, SSD 512Go, Win 11 Home, Clavier r\u00e9tro\u00e9clair\u00e9 AZERTY Fran\u00e7ais"},"content":{"rendered":"<h2 id=\"tech-specs-title\" class=\"d-block mt-5 pt-5 title-section\">Caract\u00e9ristiques techniques<\/h2>\n<div id=\"tech-specs-anchor\" class=\"anchor\"><\/div>\n<ul class=\"specs list-unstyled\">\n<li class=\"mb-2\">\n<div class=\"h5 font-weight-bold mb-0\">Processeur<\/div>\n<p>Processeur Snapdragon\u00ae X Elite, X1E-80-100 (12\u00a0c\u0153urs jusqu\u2019\u00e0 3,4\u00a0GHz, double c\u0153ur Boost jusqu\u2019\u00e0 4\u00a0GHz, NPU int\u00e9gr\u00e9)<\/li>\n<li class=\"mb-2\">\n<div class=\"h5 font-weight-bold mb-0\">Syst\u00e8me d&rsquo;exploitation<\/div>\n<div>(Dell Technologies recommande Windows 11 Professionnel pour les entreprises)<\/div>\n<p>Windows\u00a011 Famille, anglais, n\u00e9erlandais, fran\u00e7ais, allemand, italien<\/li>\n<li class=\"mb-2\">\n<div class=\"h5 font-weight-bold mb-0\">Carte graphique<\/div>\n<p>Processeur graphique Qualcomm\u00ae Adreno\u2122<\/li>\n<li class=\"mb-2\">\n<div class=\"h5 font-weight-bold mb-0\">\u00c9cran<\/div>\n<p>\u00c9cran 13,4&Prime;, non tactile, FHD+ 1920 x 1200, 30 \u00e0 120\u00a0Hz, anti\u00e9blouissement, 500\u00a0cd\/m\u00b2, InfinityEdge, Eyesafe\u00ae<\/li>\n<li class=\"mb-2\">\n<div class=\"h5 font-weight-bold mb-0\">M\u00e9moire\u00a0<span class=\"upd-dynamic-technote\" tabindex=\"0\" role=\"button\" aria-haspopup=\"dialog\" data-tech-note-id=\"latitude_campaign_technote_8\">*<\/span><\/div>\n<p>16\u00a0Go de m\u00e9moire LPDDR5X, 8\u00a0448\u00a0MT\/s, int\u00e9gr\u00e9e<\/li>\n<li class=\"mb-2\">\n<div class=\"h5 font-weight-bold mb-0\">Stockage<\/div>\n<p>Disque SSD 512\u00a0Go, M.2 PCIe NVMe<\/li>\n<li class=\"mb-2\">\n<div class=\"h5 font-weight-bold mb-0\">Couleur<\/div>\n<p>Graphite<\/li>\n<li class=\"mb-2\">\n<div class=\"h5 font-weight-bold mb-0\">Logiciels de productivit\u00e9<\/div>\n<p>Activez Microsoft\u00a0365 pour un essai gratuit de 30\u00a0jours<\/li>\n<li class=\"mb-2\">\n<div class=\"h5 font-weight-bold mb-0\">Logiciels de s\u00e9curit\u00e9<\/div>\n<p>McAfee+ Premium, 1\u00a0an<\/li>\n<li class=\"mb-2\">\n<div class=\"h5 font-weight-bold mb-0\">Services de support\u00a0<span class=\"upd-dynamic-technote\" tabindex=\"0\" role=\"button\" aria-haspopup=\"dialog\" data-tech-note-id=\"support-services-wrnty\">*<\/span><\/div>\n<p>3\u00a0ans de Premium\u00a0Support avec logiciel et mat\u00e9riel, service sur site sous 1\u00a0\u00e0 2\u00a0jours ouvr\u00e9s apr\u00e8s diagnostic \u00e0 distance<\/li>\n<li class=\"mb-2\">\n<div class=\"h5 font-weight-bold mb-0\">Garantie Dommage Accidentel<\/div>\n<p>None<\/li>\n<li class=\"mb-2\">\n<div class=\"h5 font-weight-bold mb-0\">Clavier<\/div>\n<p>Clavier r\u00e9tro\u00e9clair\u00e9 fran\u00e7ais (Graphite) avec lecteur d\u2018empreintes digitales<\/li>\n<li class=\"mb-2\">\n<div class=\"h5 font-weight-bold mb-0\">Ports<\/div>\n<p>2\u00a0ports\u00a0USB-C<sup>\u00ae<\/sup>\u00a0complets (40\u00a0Gbit\/s, Power Delivery et DisplayPort\u2122)<\/li>\n<li class=\"mb-2\">\n<div class=\"h5 font-weight-bold mb-0\">Emplacements<\/div>\n<p>Non applicable<\/li>\n<li class=\"mb-2\">\n<div class=\"h5 font-weight-bold mb-0\">Dimensions et poids<\/div>\n<p>Hauteur : 15,30 mm (0,60 po.) pour les ordinateurs \u00e9quip\u00e9s d\u2019un \u00e9cran FHD+ ou QHD+<br \/>\nHauteur : 14,80 mm (0,58 po.) pour les ordinateurs \u00e9quip\u00e9s d\u2019un \u00e9cran OLED<br \/>\nLargeur : 295,30 mm (11,62 po.)<br \/>\nProfondeur : 199,10 mm (7,84 po.)<br \/>\nPoids de d\u00e9part\u00a0: 1,19\u00a0kg (2,62\u00a0lb) pour les ordinateurs \u00e9quip\u00e9s d\u2019un \u00e9cran FHD+ ou QHD+<br \/>\nPoids de d\u00e9part : 1,17 kg (2,60 lb) pour les ordinateurs \u00e9quip\u00e9s d\u2019un \u00e9cran OLED<\/li>\n<li class=\"mb-2\">\n<div class=\"h5 font-weight-bold mb-0\">Pav\u00e9 tactile<\/div>\n<p>Pav\u00e9 tactile de pr\u00e9cision multipoint activ\u00e9 avec commandes par gestes et fonction haptique, pav\u00e9 tactile haptique en verre transparent<\/li>\n<li class=\"mb-2\">\n<div class=\"h5 font-weight-bold mb-0\">Appareil photo<\/div>\n<p>Webcam RVB FHD 1\u00a0080p \u00e0 30\u00a0ips, double microphone<br \/>\nWebcam infrarouge 360p \u00e0 15\u00a0ips<\/li>\n<li class=\"mb-2\">\n<div class=\"h5 font-weight-bold mb-0\">Son et haut-parleurs<\/div>\n<p>Conception \u00e0 quatre haut-parleurs (tweeter + caisson), Qualcomm<sup>\u00ae<\/sup>\u00a0WSA8845, 2\u00a0W\u00a0x\u00a04\u00a0=\u00a08\u00a0W au total<\/li>\n<li class=\"mb-2\">\n<div class=\"h5 font-weight-bold mb-0\">Ch\u00e2ssis<\/div>\n<p><strong>Mat\u00e9riaux de l\u2019ext\u00e9rieur du bo\u00eetier<\/strong><br \/>\nAluminium usin\u00e9 CNC<\/li>\n<li class=\"mb-2\">\n<div class=\"h5 font-weight-bold mb-0\">Sans fil\u00a0<span class=\"upd-dynamic-technote\" tabindex=\"0\" role=\"button\" aria-haspopup=\"dialog\" data-tech-note-id=\"wifi-6e-requirements\">*<\/span><\/div>\n<p>Carte sans fil Qualcomm FastConnect\u00a07800 Wi-Fi\u00a07 2&#215;2 + Bluetooth\u00a05.4<\/li>\n<li class=\"mb-2\">\n<div class=\"h5 font-weight-bold mb-0\">Batterie principale<\/div>\n<p>Batterie \u00e0 3\u00a0cellules 55\u00a0Wh int\u00e9gr\u00e9e<\/li>\n<li class=\"mb-2\">\n<div class=\"h5 font-weight-bold mb-0\">Alimentation<\/div>\n<p>Adaptateur secteur 60\u00a0W, USB Type-C<\/li>\n<li class=\"mb-2\">\n<div class=\"h5 font-weight-bold mb-0\">R\u00e9glementation<\/div>\n<p><strong>DAS<span class=\"upd-dynamic-technote\" tabindex=\"0\" role=\"button\" aria-haspopup=\"dialog\" data-tech-note-id=\"das-fr-inspiron\">*<\/span>\u00a0<\/strong><strong>(Tronc et membres): 1,010 W\/Kg<\/strong><br \/>\n<a href=\"https:\/\/www.dell.com\/learn\/product-info-datasheets-safety-emc-environmental?s=corp\" target=\"_blank\" rel=\"noopener\">Fiches techniques sur la s\u00e9curit\u00e9 des produits, la compatibilit\u00e9 \u00e9lectromagn\u00e9tique et l\u2019environnement<\/a>\u00a0(en anglais)<br \/>\n<a href=\"https:\/\/www.dell.com\/learn\/regulatory-compliance?s=corp\" target=\"_blank\" rel=\"noopener\">Page d\u2019accueil de conformit\u00e9 aux normes\u00a0Dell<\/a>\u00a0(en anglais)<br \/>\n<a href=\"https:\/\/www.dell.com\/fr-fr\/dt\/corporate\/social-impact\/advancing-sustainability\/champion-the-many-people\/the-people-behind-our-products.htm\" target=\"_blank\" rel=\"noopener\">Dell et l\u2019environnement<\/a><\/p>\n<p><strong>INDICE DE R\u00c9PARABILIT\u00c9<\/strong><\/li>\n<\/ul>\n","protected":false},"excerpt":{"rendered":"<h3 class=\"rwp-contentlayout-item__title\">Con\u00e7u pour l\u2019IA<\/h3>\n<div class=\"rwp-contentlayout-copy-container\">\n<div class=\"rwp-contentlayout-item__description\">Le premier ordinateur portable XPS avec Copilot+<sup><a id=\"iwp-footanchor1\" class=\"link-button\" href=\"https:\/\/www.dell.com\/fr-fr\/shop\/ordinateurs-portables-dell\/ordinateur-portable-xps-13\/spd\/xps-13-9345-laptop#iwp-footnote1\">[1]<\/a><\/sup>\u00a0est dot\u00e9 d\u2019une puissante IA int\u00e9gr\u00e9e dans l\u2019appareil qui offre une r\u00e9activit\u00e9 de pointe et une vitesse in\u00e9gal\u00e9e pour g\u00e9rer les charges applicatives multit\u00e2ches exigeantes, ainsi qu\u2019une s\u00e9curit\u00e9 et une efficacit\u00e9 am\u00e9lior\u00e9es, le tout sur le mod\u00e8le XPS le plus fin et le plus l\u00e9ger de notre gamme. L\u2019ordinateur XPS 13 optimis\u00e9 par Snapdragon<sup>\u00ae<\/sup>\u00a0X Elite traite sans effort les charges applicatives complexes et offre une autonomie r\u00e9volutionnaire capable de tenir toute la journ\u00e9e<sup><a id=\"iwp-footanchor2\" class=\"link-button\" href=\"https:\/\/www.dell.com\/fr-fr\/shop\/ordinateurs-portables-dell\/ordinateur-portable-xps-13\/spd\/xps-13-9345-laptop#iwp-footnote2\">[2]<\/a><\/sup>, la plus longue autonomie<sup><a id=\"iwp-footanchor3\" class=\"link-button\" href=\"https:\/\/www.dell.com\/fr-fr\/shop\/ordinateurs-portables-dell\/ordinateur-portable-xps-13\/spd\/xps-13-9345-laptop#iwp-footnote3\">[3]<\/a><\/sup>\u00a0de sa cat\u00e9gorie.<\/div>\n<\/div>\n","protected":false},"featured_media":12030,"template":"","meta":[],"product_brand":[],"product_cat":[299],"product_tag":[],"class_list":{"0":"post-12028","1":"product","2":"type-product","3":"status-publish","4":"has-post-thumbnail","6":"product_cat-ordinateurs-portables","8":"first","9":"instock","10":"sale","11":"taxable","12":"shipping-taxable","13":"purchasable","14":"product-type-simple"},"_links":{"self":[{"href":"https:\/\/maisonmpi.com\/shop\/wp-json\/wp\/v2\/product\/12028","targetHints":{"allow":["GET"]}}],"collection":[{"href":"https:\/\/maisonmpi.com\/shop\/wp-json\/wp\/v2\/product"}],"about":[{"href":"https:\/\/maisonmpi.com\/shop\/wp-json\/wp\/v2\/types\/product"}],"version-history":[{"count":1,"href":"https:\/\/maisonmpi.com\/shop\/wp-json\/wp\/v2\/product\/12028\/revisions"}],"predecessor-version":[{"id":12037,"href":"https:\/\/maisonmpi.com\/shop\/wp-json\/wp\/v2\/product\/12028\/revisions\/12037"}],"wp:featuredmedia":[{"embeddable":true,"href":"https:\/\/maisonmpi.com\/shop\/wp-json\/wp\/v2\/media\/12030"}],"wp:attachment":[{"href":"https:\/\/maisonmpi.com\/shop\/wp-json\/wp\/v2\/media?parent=12028"}],"wp:term":[{"taxonomy":"product_brand","embeddable":true,"href":"https:\/\/maisonmpi.com\/shop\/wp-json\/wp\/v2\/product_brand?post=12028"},{"taxonomy":"product_cat","embeddable":true,"href":"https:\/\/maisonmpi.com\/shop\/wp-json\/wp\/v2\/product_cat?post=12028"},{"taxonomy":"product_tag","embeddable":true,"href":"https:\/\/maisonmpi.com\/shop\/wp-json\/wp\/v2\/product_tag?post=12028"}],"curies":[{"name":"wp","href":"https:\/\/api.w.org\/{rel}","templated":true}]}}