{"id":12038,"date":"2025-01-24T15:11:22","date_gmt":"2025-01-24T15:11:22","guid":{"rendered":"https:\/\/maisonmpi.com\/shop\/?post_type=product&#038;p=12038"},"modified":"2025-01-28T07:42:50","modified_gmt":"2025-01-28T07:42:50","slug":"dell-inspiron-27-all-in-one-tout-en-un","status":"publish","type":"product","link":"https:\/\/maisonmpi.com\/shop\/produit\/dell-inspiron-27-all-in-one-tout-en-un\/","title":{"rendered":"Dell Inspiron  27 All In one  &#8211; Tout en un"},"content":{"rendered":"<div id=\"aplus_feature_div\" class=\"celwidget pd_rd_w-F9NXp pd_rd_r-02WJFAXMG2MNTJNJWDSV pd_rd_wg-PueYc\" data-feature-name=\"aplus\" data-csa-c-type=\"widget\" data-csa-c-content-id=\"aplus\" data-csa-c-slot-id=\"aplus_feature_div\" data-csa-c-asin=\"\" data-csa-c-is-in-initial-active-row=\"false\" data-csa-c-id=\"7lwkmu-8xc4mc-orxhad-uhfxso\" data-cel-widget=\"aplus_feature_div\">\n<div id=\"aplus\" class=\"a-section a-spacing-large bucket\">\n<div class=\"aplus-v2 desktop celwidget\" data-csa-c-id=\"blckd8-bwh9in-req98b-6kkx8i\" data-cel-widget=\"aplus\">\n<div class=\"celwidget aplus-module premium-module-14-video-image-carousel aplus-premium\" data-csa-c-id=\"d66ovk-vgx0ol-trw9li-s5xr7m\" data-cel-widget=\"aplus-premium-module-14-video-image-carousel\">\n<div class=\"a-section a-spacing-none premium-aplus premium-aplus-module-14\">\n<div class=\"a-section a-spacing-none aplus-carousel-container\">\n<div id=\"premium-aplus-14-carousel-1-id\" class=\"a-begin a-carousel-container a-carousel-display-single a-carousel-transition-slideCircular a-carousel-initialized\" role=\"group\" data-a-carousel-options=\"{&quot;peek_percentage&quot;:0,&quot;minimum_gutter_width&quot;:0,&quot;show_partial_next&quot;:false,&quot;name&quot;:&quot;premium-aplus-14-carousel-1&quot;}\" aria-roledescription=\"carousel\" data-a-display-strategy=\"single\" data-a-transition-strategy=\"slideCircular\">\n<div class=\"a-row a-carousel-controls a-carousel-row\">\n<div class=\"a-carousel-row-inner\">\n<div class=\"a-carousel-col a-carousel-center\">\n<div id=\"anonCarousel3\" class=\"a-carousel-viewport\" role=\"group\" aria-roledescription=\"slide\">\n<ol class=\"a-carousel\">\n<li class=\"a-carousel-card aplus-carousel-element\" aria-setsize=\"2\" aria-posinset=\"1\" aria-hidden=\"false\">\n<div class=\"a-section a-spacing-none aplus-display-table aplus-display-table-width\">\n<div class=\"a-section a-spacing-none text-panel-container aplus-container-1 aplus-display-table-cell\">\n<h1 class=\"aplus-h1 a-text-bold\">Ordinateur de bureau tout-en-un Inspiron 27<\/h1>\n<p class=\"aplus-p2\">Le nouvel ordinateur de bureau tout-en-un Inspiron 27 intensifie toutes les exp\u00e9riences d\u2019apprentissage, d\u2019achat et de travail gr\u00e2ce \u00e0 un visuel plus vrai que nature sur un \u00e9cran moderne et \u00e9l\u00e9gant.<\/p>\n<ul class=\"a-unordered-list a-vertical\">\n<li><span class=\"a-list-item\">\u00c9cran NTCH Infinity \u00e0 bordure \u00e9troite FHD (1920 x 1080) de 27 pouces avec grand angle de vision<\/span><\/li>\n<li><span class=\"a-list-item\">Processeur Intel Core i5-1334U de 13e g\u00e9n\u00e9ration (cache 12 Mo, 10 coeurs, 12 threads, 4,6 GHz)<\/span><\/li>\n<li><span class=\"a-list-item\">Carte Graphique Intel Iris Xe<\/span><\/li>\n<li><span class=\"a-list-item\">Disque SSD M.2 PCIe NVMe de 512 Go<\/span><\/li>\n<li><span class=\"a-list-item\">M\u00e9moire 16 Go : 2 x 8 Go, DDR4, 3200 MT\/s<\/span><\/li>\n<\/ul>\n<p>&nbsp;<\/p>\n<\/div>\n<div class=\"a-section a-spacing-none media-placeholder\"><\/div>\n<div class=\"a-section a-spacing-none media-container\"><img decoding=\"async\" src=\"https:\/\/m.media-amazon.com\/images\/S\/aplus-media-library-service-media\/c324385b-9770-4871-8d05-7d05468efa9e.__CR0,0,800,600_PT0_SX800_V1___.jpg\" alt=\"image 1\" \/><\/div>\n<\/div>\n<\/li>\n<li class=\"a-carousel-card aplus-carousel-element\" aria-setsize=\"2\" aria-posinset=\"2\" aria-hidden=\"true\">\n<div class=\"a-section a-spacing-none aplus-display-table aplus-display-table-width\">\n<div class=\"a-section a-spacing-none text-panel-container aplus-container-1 aplus-display-table-cell\">\n<h1 class=\"aplus-h1 a-text-bold\"><\/h1>\n<p class=\"aplus-p2\">\n<\/div>\n<div class=\"a-section a-spacing-none media-placeholder\"><\/div>\n<div class=\"a-section a-spacing-none media-container\"><img decoding=\"async\" src=\"https:\/\/m.media-amazon.com\/images\/S\/aplus-media-library-service-media\/f9d16f0f-31e0-4c9e-a900-15d94f2df8ab.__CR0,0,800,600_PT0_SX800_V1___.jpg\" alt=\"Inspiron 15 3511\" \/><\/div>\n<\/div>\n<\/li>\n<\/ol>\n<\/div>\n<\/div>\n<\/div>\n<\/div>\n<div class=\"a-section a-carousel-col a-carousel-left\"><\/div>\n<div class=\"a-section a-carousel-col a-carousel-right\"><\/div>\n<\/div>\n<div class=\"a-section a-spacing-none aplus-pagination-wrapper\">\n<div class=\"aplus-mantle aplus-module\">\n<div class=\"aplus-carousel-nav\">\n<ul id=\"aplus-pagination-group-1-premium-aplus-14-carousel-1\" class=\"aplus-pagination-dots\" role=\"tablist\" aria-label=\"tablist-section\">\n<li class=\"aplus-pagination-dot aplus-display-inline-block\" role=\"presentation\"><\/li>\n<li class=\"aplus-pagination-dot aplus-display-inline-block\" role=\"presentation\"><\/li>\n<\/ul>\n<\/div>\n<\/div>\n<\/div>\n<\/div>\n<\/div>\n<\/div>\n<div class=\"celwidget aplus-module premium-module-2-fullbackground-image aplus-premium\" data-csa-c-id=\"ox754d-e7oq8w-mj71x5-z7mz0n\" data-cel-widget=\"aplus-premium-module-2-fullbackground-image\">\n<div class=\"a-section a-spacing-none premium-aplus premium-aplus-module-2\">\n<h1 class=\"a-text-center aplus-container-3 aplus-h1 a-text-bold\">Un \u00e9cran sublime. Un design soign\u00e9.<\/h1>\n<div class=\"a-section a-spacing-none premium-background-wrapper\">\n<div class=\"a-section a-spacing-none background-image\"><img decoding=\"async\" class=\"\" src=\"https:\/\/m.media-amazon.com\/images\/S\/aplus-media-library-service-media\/334e79b7-15b3-407f-8653-5d3c106203cc.__CR0,0,1464,600_PT0_SX1464_V1___.jpg\" alt=\"B0D43Z57H2 - Inspiron 7730 All In One Desktop\" data-src=\"https:\/\/m.media-amazon.com\/images\/S\/aplus-media-library-service-media\/334e79b7-15b3-407f-8653-5d3c106203cc.__CR0,0,1464,600_PT0_SX1464_V1___.jpg\" \/><\/div>\n<\/div>\n<div class=\"a-section a-text-center\"><\/div>\n<\/div>\n<\/div>\n<div class=\"celwidget aplus-module premium-module-15-text aplus-premium\" data-csa-c-id=\"x0md9t-b2nqfz-l3s01n-c2xy7y\" data-cel-widget=\"aplus-premium-module-15-text\">\n<div class=\"a-section a-spacing-none premium-aplus premium-aplus-module-15\">\n<div class=\"a-section a-spacing-none premium-aplus-15-heading\"><\/div>\n<div class=\"a-section a-spacing-none\">\n<p class=\"description\"><span class=\"a-text-bold\">Une qualit\u00e9 d\u2019affichage exceptionnelle :\u00a0<\/span>L\u2019\u00e9cran FHD pr\u00e9sente 99 % de sRVB dans une bordure fine pour que vous puissiez profiter d\u2019un meilleur contraste, de couleurs incroyables et d\u2019une belle profondeur pour le travail, le streaming et le jeu.<\/p>\n<p class=\"description\"><span class=\"a-text-bold\">Confort visuel :\u00a0<\/span>Cet \u00e9cran tout-en-un est \u00e9quip\u00e9 de la technologie Dell ComfortView Plus qui r\u00e9duit la lumi\u00e8re bleue nocive et d\u2019un \u00e9cran sans scintillement qui optimise le confort visuel.<\/p>\n<p class=\"description\"><span class=\"a-text-bold\">Optimiser l\u2019espace de travail :\u00a0<\/span>Profitez d\u2019un espace de travail d\u00e9gag\u00e9 gr\u00e2ce \u00e0 un socle innovant qui laisse au clavier un espace id\u00e9al sous l\u2019\u00e9cran.<\/p>\n<\/div>\n<\/div>\n<\/div>\n<div class=\"celwidget aplus-module premium-module-14-video-image-carousel aplus-premium\" data-csa-c-id=\"40usdr-dtm47q-dh8qn6-q7o2f5\" data-cel-widget=\"aplus-premium-module-14-video-image-carousel\">\n<div class=\"a-section a-spacing-none premium-aplus premium-aplus-module-14\">\n<div class=\"a-section a-spacing-none aplus-carousel-container\">\n<div id=\"premium-aplus-14-carousel-4-id\" class=\"a-begin a-carousel-container a-carousel-display-single a-carousel-transition-slideCircular a-carousel-initialized\" role=\"group\" data-a-carousel-options=\"{&quot;peek_percentage&quot;:0,&quot;minimum_gutter_width&quot;:0,&quot;show_partial_next&quot;:false,&quot;name&quot;:&quot;premium-aplus-14-carousel-4&quot;}\" aria-roledescription=\"carousel\" data-a-display-strategy=\"single\" data-a-transition-strategy=\"slideCircular\">\n<div class=\"a-row a-carousel-controls a-carousel-row\">\n<div class=\"a-carousel-row-inner\">\n<div class=\"a-carousel-col a-carousel-center\">\n<div id=\"anonCarousel4\" class=\"a-carousel-viewport\" role=\"group\" aria-roledescription=\"slide\">\n<ol class=\"a-carousel\">\n<li class=\"a-carousel-card aplus-carousel-element\" aria-setsize=\"4\" aria-posinset=\"4\" aria-hidden=\"true\">\n<div class=\"a-section a-spacing-none aplus-display-table aplus-display-table-width\">\n<div class=\"a-section a-spacing-none text-panel-container aplus-container-1 aplus-display-table-cell\">\n<h1 class=\"aplus-h1 a-text-bold\"><\/h1>\n<p class=\"aplus-p2\">\n<\/div>\n<div class=\"a-section a-spacing-none media-placeholder\"><\/div>\n<div class=\"a-section a-spacing-none media-container\"><img decoding=\"async\" src=\"https:\/\/m.media-amazon.com\/images\/S\/aplus-media-library-service-media\/2fa33b84-339e-4421-8609-f160ed0022b7.__CR0,0,800,600_PT0_SX800_V1___.jpg\" alt=\"B0D43Z57H2 - Inspiron 7730 All In One Desktop\" \/><\/div>\n<\/div>\n<\/li>\n<li class=\"a-carousel-card aplus-carousel-element\" aria-setsize=\"4\" aria-posinset=\"1\" aria-hidden=\"false\">\n<div class=\"a-section a-spacing-none aplus-display-table aplus-display-table-width\">\n<div class=\"a-section a-spacing-none text-panel-container aplus-container-1 aplus-display-table-cell\">\n<h1 class=\"aplus-h1 a-text-bold\">Exp\u00e9rience audio immersive<\/h1>\n<p class=\"aplus-p2\">Votre ordinateur de bureau est \u00e9quip\u00e9 d\u2019un haut-parleur Bluetooth int\u00e9gr\u00e9 qui peut se connecter \u00e0 n\u2019importe quel appareil, m\u00eame lorsque le PC n\u2019est pas utilis\u00e9. Plongez au c\u0153ur d\u2019une exp\u00e9rience audio riche et claire avec deux haut-parleurs de 5 W et un son spatial Dolby Atmos.<\/p>\n<\/div>\n<div class=\"a-section a-spacing-none media-placeholder\"><\/div>\n<div class=\"a-section a-spacing-none media-container\"><img decoding=\"async\" src=\"https:\/\/m.media-amazon.com\/images\/S\/aplus-media-library-service-media\/e2ae11b9-7d5f-47bc-95fa-afc7c1c4b104.__CR0,0,800,600_PT0_SX800_V1___.jpg\" alt=\"B0D43Z57H2 - Inspiron 7730 All In One Desktop\" \/><\/div>\n<\/div>\n<\/li>\n<li class=\"a-carousel-card aplus-carousel-element\" aria-setsize=\"4\" aria-posinset=\"2\" aria-hidden=\"true\">\n<div class=\"a-section a-spacing-none aplus-display-table aplus-display-table-width\">\n<div class=\"a-section a-spacing-none text-panel-container aplus-container-1 aplus-display-table-cell\">\n<h1 class=\"aplus-h1 a-text-bold\"><\/h1>\n<p class=\"aplus-p2\">\n<\/div>\n<div class=\"a-section a-spacing-none media-placeholder\"><\/div>\n<div class=\"a-section a-spacing-none media-container\"><img decoding=\"async\" src=\"https:\/\/m.media-amazon.com\/images\/S\/aplus-media-library-service-media\/1d044e57-62b6-42ca-984d-7cdb3053685b.__CR0,0,800,600_PT0_SX800_V1___.jpg\" alt=\"B0D43Z57H2 - Inspiron 7730 All In One Desktop\" \/><\/div>\n<\/div>\n<\/li>\n<li class=\"a-carousel-card aplus-carousel-element\" aria-setsize=\"4\" aria-posinset=\"3\" aria-hidden=\"true\">\n<div class=\"a-section a-spacing-none aplus-display-table aplus-display-table-width\">\n<div class=\"a-section a-spacing-none text-panel-container aplus-container-1 aplus-display-table-cell\">\n<h1 class=\"aplus-h1 a-text-bold\"><\/h1>\n<p class=\"aplus-p2\">\n<\/div>\n<div class=\"a-section a-spacing-none media-placeholder\"><\/div>\n<div class=\"a-section a-spacing-none media-container\"><img decoding=\"async\" src=\"https:\/\/m.media-amazon.com\/images\/S\/aplus-media-library-service-media\/edde9d76-c92a-4ef1-8339-333db02e2850.__CR0,0,800,600_PT0_SX800_V1___.jpg\" alt=\"B0D43Z57H2 - Inspiron 7730 All In One Desktop\" \/><\/div>\n<\/div>\n<\/li>\n<\/ol>\n<\/div>\n<\/div>\n<\/div>\n<\/div>\n<div class=\"a-section a-carousel-col a-carousel-left\"><\/div>\n<div class=\"a-section a-carousel-col a-carousel-right\"><\/div>\n<\/div>\n<div class=\"a-section a-spacing-none aplus-pagination-wrapper\">\n<div class=\"aplus-mantle aplus-module\">\n<div class=\"aplus-carousel-nav\">\n<ul id=\"aplus-pagination-group-4-premium-aplus-14-carousel-4\" class=\"aplus-pagination-dots\" role=\"tablist\" aria-label=\"tablist-section\">\n<li class=\"aplus-pagination-dot aplus-display-inline-block\" role=\"presentation\"><\/li>\n<li class=\"aplus-pagination-dot aplus-display-inline-block\" role=\"presentation\"><\/li>\n<li class=\"aplus-pagination-dot aplus-display-inline-block\" role=\"presentation\"><\/li>\n<li class=\"aplus-pagination-dot aplus-display-inline-block\" role=\"presentation\"><\/li>\n<\/ul>\n<\/div>\n<\/div>\n<\/div>\n<\/div>\n<\/div>\n<\/div>\n<div class=\"celwidget aplus-module premium-module-2-fullbackground-image aplus-premium\" data-csa-c-id=\"d855kt-23ixv0-vi0ib8-61rc54\" data-cel-widget=\"aplus-premium-module-2-fullbackground-image\">\n<div class=\"a-section a-spacing-none premium-aplus premium-aplus-module-2\">\n<h1 class=\"a-text-center aplus-container-3 aplus-h1 a-text-bold\">Ports et logements<\/h1>\n<div class=\"a-section a-spacing-none premium-background-wrapper\">\n<div class=\"a-section a-spacing-none background-image\"><img decoding=\"async\" class=\"\" src=\"https:\/\/m.media-amazon.com\/images\/S\/aplus-media-library-service-media\/02b1db37-bd73-4ac4-a983-3aadd86c982d.__CR0,0,1464,600_PT0_SX1464_V1___.jpg\" alt=\"B0D43Z57H2 - Inspiron 7730 All In One Desktop\" data-src=\"https:\/\/m.media-amazon.com\/images\/S\/aplus-media-library-service-media\/02b1db37-bd73-4ac4-a983-3aadd86c982d.__CR0,0,1464,600_PT0_SX1464_V1___.jpg\" \/><\/div>\n<\/div>\n<div class=\"a-section a-text-center\"><\/div>\n<\/div>\n<\/div>\n<div class=\"celwidget aplus-module premium-module-15-text aplus-premium\" data-csa-c-id=\"zeug95-fvswnv-c3d0wp-lt7k95\" data-cel-widget=\"aplus-premium-module-15-text\">\n<div class=\"a-section a-spacing-none premium-aplus premium-aplus-module-15\">\n<div class=\"a-section a-spacing-none premium-aplus-15-heading\"><\/div>\n<div class=\"a-section a-spacing-none\">\n<p class=\"description\">1. Port USB-C 3.2 de 2e g\u00e9n\u00e9ration | 2. Bouton d\u2019alimentation | 3. Commutateur de mode \u00e9cran | 4. Port USB 3.2 de 1re g\u00e9n\u00e9ration avec prise en charge des fonctions de mise sous tension\/sortie de veille | 5. Port USB 3.2 de 1re g\u00e9n\u00e9ration avec prise en charge des fonctions de mise sous tension\/sortie de veille | 6. Port de sortie HDMI 1.4b | 7. Port d\u2019entr\u00e9e HDMI 1.4b | 8. Entr\u00e9e CC | 9. Port Ethernet RJ45 | 10. Port USB 3.2 de 2e g\u00e9n\u00e9ration avec PowerShare | 11. Port USB 3.2 de 1re g\u00e9n\u00e9ration avec prise en charge des fonctions de mise sous tension\/sortie de veille | 12. Prise jack pour casque universelle | 13. Lecteur de carte SD<\/p>\n<p class=\"description\"><span class=\"a-text-italic\">Prend uniquement en charge le transfert de donn\u00e9es.<\/span><\/p>\n<\/div>\n<\/div>\n<\/div>\n<\/div>\n<\/div>\n<\/div>\n<div id=\"product-comparison_feature_div\" class=\"celwidget pd_rd_w-tfpi2 pd_rd_r-02WJFAXMG2MNTJNJWDSV pd_rd_wg-PueYc\" data-feature-name=\"product-comparison\" data-csa-c-type=\"widget\" data-csa-c-content-id=\"product-comparison\" data-csa-c-slot-id=\"product-comparison_feature_div\" data-csa-c-asin=\"\" data-csa-c-is-in-initial-active-row=\"false\" data-csa-c-id=\"hlx00c-mhcf29-beuo37-fv7b7j\" data-cel-widget=\"product-comparison_feature_div\">\n<div id=\"sims-consolidated-3_feature_div\">\n<div id=\"sims-consolidated-3_feature_div\">\n<div class=\"celwidget\" data-csa-c-id=\"bw3rzr-lgw2im-nsezqd-8z95de\" data-cel-widget=\"sims-consolidated-3_csm_instrumentation_wrapper\">\n<div class=\"celwidget pd_rd_w-IvlnT content-id-amzn1.sym.41d6c71f-c79f-48de-93a0-206dcbe3791f pf_rd_p-41d6c71f-c79f-48de-93a0-206dcbe3791f pf_rd_r-02WJFAXMG2MNTJNJWDSV pd_rd_wg-aOud9 pd_rd_r-bb94b21f-f2b7-48ee-ad65-6b6646ae8c44 c-f\" data-csa-op-log-render=\"\" data-csa-c-content-id=\"amzn1.sym.41d6c71f-c79f-48de-93a0-206dcbe3791f\" data-csa-c-slot-id=\"comparison-container-5\" data-csa-c-type=\"widget\" data-csa-c-painter=\"product-comparison-desktop-cards\" data-csa-c-id=\"74eevs-equoko-phh9u8-vqrwzs\" data-cel-widget=\"product-comparison-desktop_DPSims_4\">\n<div id=\"CardInstancetjVw3cchaRktzm9Ny6l45w\" class=\"_product-comparison-desktop_styles_psem-product-comparison__22yGa\" data-card-metrics-id=\"product-comparison-desktop_DPSims_4\" data-acp-tracking=\"{&quot;pd_rd_w&quot;:&quot;IvlnT&quot;,&quot;content-id&quot;:&quot;amzn1.sym.41d6c71f-c79f-48de-93a0-206dcbe3791f&quot;,&quot;pf_rd_p&quot;:&quot;41d6c71f-c79f-48de-93a0-206dcbe3791f&quot;,&quot;pf_rd_r&quot;:&quot;02WJFAXMG2MNTJNJWDSV&quot;,&quot;pd_rd_wg&quot;:&quot;aOud9&quot;,&quot;pd_rd_r&quot;:&quot;bb94b21f-f2b7-48ee-ad65-6b6646ae8c44&quot;,&quot;ref_&quot;:&quot;pd_ci_mcx_pspc_dp_d_2&quot;}\" data-mix-claimed=\"true\">\n<div><\/div>\n<\/div>\n<\/div>\n<\/div>\n<\/div>\n<\/div>\n<\/div>\n<div id=\"aplusBrandStory_feature_div\" class=\"celwidget pd_rd_w-RoDaK pd_rd_r-02WJFAXMG2MNTJNJWDSV pd_rd_wg-PueYc\" data-feature-name=\"aplusBrandStory\" data-csa-c-type=\"widget\" data-csa-c-content-id=\"aplusBrandStory\" data-csa-c-slot-id=\"aplusBrandStory_feature_div\" data-csa-c-asin=\"\" data-csa-c-is-in-initial-active-row=\"false\" data-csa-c-id=\"ak1fc0-mbcpa1-fx7crl-fp27vi\" data-cel-widget=\"aplusBrandStory_feature_div\"><\/div>\n<div id=\"productDetails2_feature_div\" class=\"celwidget pd_rd_w-pm2XS pd_rd_r-02WJFAXMG2MNTJNJWDSV pd_rd_wg-PueYc\" data-feature-name=\"productDetails2\" data-csa-c-type=\"widget\" data-csa-c-content-id=\"productDetails2\" data-csa-c-slot-id=\"productDetails2_feature_div\" data-csa-c-asin=\"\" data-csa-c-is-in-initial-active-row=\"false\" data-csa-c-id=\"bvp3mx-z3ndnt-2yf5y4-kc9bwa\" data-cel-widget=\"productDetails2_feature_div\">\n<p><a id=\"productDetails\" name=\"productDetails\"><\/a><\/p>\n<hr class=\"a-divider-normal\" aria-hidden=\"true\" \/>\n<div>\n<div id=\"prodDetails\" class=\"a-section\">\n<h2>Informations sur le produit<\/h2>\n<div class=\"a-row a-spacing-top-base\">\n<div class=\"a-column a-span6\">\n<div class=\"a-row a-spacing-base\">\n<div class=\"a-row a-expander-container a-expander-extend-container\">\n<div class=\"a-row\">\n<div class=\"a-column a-span6\">\n<h1 class=\"a-size-medium a-spacing-small\">Descriptif technique<\/h1>\n<\/div>\n<\/div>\n<div class=\"a-expander-content a-expander-extend-content\" data-expanded=\"true\">\n<div class=\"a-row a-expander-container a-expander-inline-container\">\n<div class=\"a-expander-content a-expander-section-content a-section-expander-inner\" data-expanded=\"true\">\n<table id=\"productDetails_techSpec_section_1\" class=\"a-keyvalue prodDetTable\" role=\"presentation\">\n<tbody>\n<tr>\n<th class=\"a-color-secondary a-size-base prodDetSectionEntry\">Marque<\/th>\n<td class=\"a-size-base prodDetAttrValue\">\u200eDell<\/td>\n<\/tr>\n<tr>\n<th class=\"a-color-secondary a-size-base prodDetSectionEntry\">Num\u00e9ro du mod\u00e8le de l&rsquo;article<\/th>\n<td class=\"a-size-base prodDetAttrValue\">\u200ei7730-5664WHT-PFR<\/td>\n<\/tr>\n<tr>\n<th class=\"a-color-secondary a-size-base prodDetSectionEntry\">s\u00e9ries<\/th>\n<td class=\"a-size-base prodDetAttrValue\">\u200eInspiron 27 7730 Aio<\/td>\n<\/tr>\n<tr>\n<th class=\"a-color-secondary a-size-base prodDetSectionEntry\">Couleur<\/th>\n<td class=\"a-size-base prodDetAttrValue\">\u200eBlack<\/td>\n<\/tr>\n<tr>\n<th class=\"a-color-secondary a-size-base prodDetSectionEntry\">Garantie constructeur<\/th>\n<td class=\"a-size-base prodDetAttrValue\">\u200e2 Years Warranty<\/td>\n<\/tr>\n<tr>\n<th class=\"a-color-secondary a-size-base prodDetSectionEntry\">Syst\u00e8me d&rsquo;exploitation<\/th>\n<td class=\"a-size-base prodDetAttrValue\">\u200eWindows 11 Home<\/td>\n<\/tr>\n<tr>\n<th class=\"a-color-secondary a-size-base prodDetSectionEntry\">Plate-forme du mat\u00e9riel informatique<\/th>\n<td class=\"a-size-base prodDetAttrValue\">\u200ePC<\/td>\n<\/tr>\n<tr>\n<th class=\"a-color-secondary a-size-base prodDetSectionEntry\">Marque du processeur<\/th>\n<td class=\"a-size-base prodDetAttrValue\">\u200eIntel<\/td>\n<\/tr>\n<tr>\n<th class=\"a-color-secondary a-size-base prodDetSectionEntry\">Type de processeur<\/th>\n<td class=\"a-size-base prodDetAttrValue\">\u200eCore i5 Family<\/td>\n<\/tr>\n<tr>\n<th class=\"a-color-secondary a-size-base prodDetSectionEntry\">Vitesse du processeur<\/th>\n<td class=\"a-size-base prodDetAttrValue\">\u200e1,3 GHz<\/td>\n<\/tr>\n<tr>\n<th class=\"a-color-secondary a-size-base prodDetSectionEntry\">Nombre de coeurs<\/th>\n<td class=\"a-size-base prodDetAttrValue\">\u200e10<\/td>\n<\/tr>\n<tr>\n<th class=\"a-color-secondary a-size-base prodDetSectionEntry\">Taille de la m\u00e9moire vive<\/th>\n<td class=\"a-size-base prodDetAttrValue\">\u200e16 Go<\/td>\n<\/tr>\n<tr>\n<th class=\"a-color-secondary a-size-base prodDetSectionEntry\">M\u00e9moire maximale<\/th>\n<td class=\"a-size-base prodDetAttrValue\">\u200e16 Go<\/td>\n<\/tr>\n<tr>\n<th class=\"a-color-secondary a-size-base prodDetSectionEntry\">Taille du disque dur<\/th>\n<td class=\"a-size-base prodDetAttrValue\">\u200e512 Go<\/td>\n<\/tr>\n<tr>\n<th class=\"a-color-secondary a-size-base prodDetSectionEntry\">Technologie du disque dur<\/th>\n<td class=\"a-size-base prodDetAttrValue\">\u200eSSD<\/td>\n<\/tr>\n<tr>\n<th class=\"a-color-secondary a-size-base prodDetSectionEntry\">Interface du disque dur<\/th>\n<td class=\"a-size-base prodDetAttrValue\">\u200eSSD<\/td>\n<\/tr>\n<tr>\n<th class=\"a-color-secondary a-size-base prodDetSectionEntry\">Taille de l&rsquo;\u00e9cran<\/th>\n<td class=\"a-size-base prodDetAttrValue\">\u200e27 Pouces<\/td>\n<\/tr>\n<tr>\n<th class=\"a-color-secondary a-size-base prodDetSectionEntry\">R\u00e9solution de l&rsquo;\u00e9cran<\/th>\n<td class=\"a-size-base prodDetAttrValue\">\u200e1920 x 1080<\/td>\n<\/tr>\n<tr>\n<th class=\"a-color-secondary a-size-base prodDetSectionEntry\">Resolution<\/th>\n<td class=\"a-size-base prodDetAttrValue\">\u200e1920&#215;1080 Pixels<\/td>\n<\/tr>\n<tr>\n<th class=\"a-color-secondary a-size-base prodDetSectionEntry\">Marque chipset graphique<\/th>\n<td class=\"a-size-base prodDetAttrValue\">\u200eIntel<\/td>\n<\/tr>\n<tr>\n<th class=\"a-color-secondary a-size-base prodDetSectionEntry\">Description de la carte graphique<\/th>\n<td class=\"a-size-base prodDetAttrValue\">\u200eInt\u00e9gr\u00e9<\/td>\n<\/tr>\n<tr>\n<th class=\"a-color-secondary a-size-base prodDetSectionEntry\">GPU<\/th>\n<td class=\"a-size-base prodDetAttrValue\">\u200eIntel\u00ae Iris\u00ae Xe Graphics<\/td>\n<\/tr>\n<tr>\n<th class=\"a-color-secondary a-size-base prodDetSectionEntry\">Type de m\u00e9moire vive (carte graphique)<\/th>\n<td class=\"a-size-base prodDetAttrValue\">\u200eShared<\/td>\n<\/tr>\n<tr>\n<th class=\"a-color-secondary a-size-base prodDetSectionEntry\">Type de connectivit\u00e9<\/th>\n<td class=\"a-size-base prodDetAttrValue\">\u200eBluetooth<\/td>\n<\/tr>\n<tr>\n<th class=\"a-color-secondary a-size-base prodDetSectionEntry\">Type de technologie sans fil<\/th>\n<td class=\"a-size-base prodDetAttrValue\">\u200eBluetooth, 802.11ax<\/td>\n<\/tr>\n<tr>\n<th class=\"a-color-secondary a-size-base prodDetSectionEntry\">Interface du mat\u00e9riel informatique<\/th>\n<td class=\"a-size-base prodDetAttrValue\">\u200eUSB Type C, Ethernet, HDMI, USB 3.2 Gen 2<\/td>\n<\/tr>\n<tr>\n<th class=\"a-color-secondary a-size-base prodDetSectionEntry\">Nombre de ports HDMI<\/th>\n<td class=\"a-size-base prodDetAttrValue\">\u200e2<\/td>\n<\/tr>\n<tr>\n<th class=\"a-color-secondary a-size-base prodDetSectionEntry\">Nombre de ports USB 3.0<\/th>\n<td class=\"a-size-base prodDetAttrValue\">\u200e4<\/td>\n<\/tr>\n<tr>\n<th class=\"a-color-secondary a-size-base prodDetSectionEntry\">Type de connecteur<\/th>\n<td class=\"a-size-base prodDetAttrValue\">\u200eBluetooth, Wi-Fi, USB, Ethernet, HDMI<\/td>\n<\/tr>\n<tr>\n<th class=\"a-color-secondary a-size-base prodDetSectionEntry\">Dimensions de l&rsquo;article L x L x H<\/th>\n<td class=\"a-size-base prodDetAttrValue\">\u200e40 x 61.5 x 4.2 centim\u00e8tres<\/td>\n<\/tr>\n<tr>\n<th class=\"a-color-secondary a-size-base prodDetSectionEntry\">Poids du produit<\/th>\n<td class=\"a-size-base prodDetAttrValue\">\u200e6,79 Kilogrammes<\/td>\n<\/tr>\n<tr>\n<th class=\"a-color-secondary a-size-base prodDetSectionEntry\">Disponibilit\u00e9 des pi\u00e8ces d\u00e9tach\u00e9es<\/th>\n<td class=\"a-size-base prodDetAttrValue\">\u200eInformation indisponible sur les pi\u00e8ces d\u00e9tach\u00e9es<\/td>\n<\/tr>\n<tr>\n<th class=\"a-color-secondary a-size-base prodDetSectionEntry\">Mises \u00e0 jour logicielles garanties jusqu\u2019\u00e0<\/th>\n<td class=\"a-size-base prodDetAttrValue\">\u200eInformation non disponible<\/td>\n<\/tr>\n<\/tbody>\n<\/table>\n<\/div>\n<\/div>\n<\/div>\n<\/div>\n<\/div>\n<\/div>\n<\/div>\n<\/div>\n<\/div>\n<\/div>\n","protected":false},"excerpt":{"rendered":"<p class=\"aplus-p2\">Le nouvel ordinateur de bureau tout-en-un Inspiron 27 intensifie toutes les exp\u00e9riences d\u2019apprentissage, d\u2019achat et de travail gr\u00e2ce \u00e0 un visuel plus vrai que nature sur un \u00e9cran moderne et \u00e9l\u00e9gant.<\/p>\n<ul class=\"a-unordered-list a-vertical\">\n<li><span class=\"a-list-item\">\u00c9cran NTCH Infinity \u00e0 bordure \u00e9troite FHD (1920 x 1080) de 27 pouces avec grand angle de vision<\/span><\/li>\n<li><span class=\"a-list-item\">Processeur Intel Core i5-1334U de 13e g\u00e9n\u00e9ration (cache 12 Mo, 10 coeurs, 12 threads, 4,6 GHz)<\/span><\/li>\n<li><span class=\"a-list-item\">Carte Graphique Intel Iris Xe<\/span><\/li>\n<li><span class=\"a-list-item\">Disque SSD M.2 PCIe NVMe de 512 Go<\/span><\/li>\n<li><span class=\"a-list-item\">M\u00e9moire 16 Go : 2 x 8 Go, DDR4, 3200 MT\/s<\/span><\/li>\n<\/ul>\n","protected":false},"featured_media":12049,"template":"","meta":[],"product_brand":[],"product_cat":[266],"product_tag":[],"class_list":{"0":"post-12038","1":"product","2":"type-product","3":"status-publish","4":"has-post-thumbnail","6":"product_cat-aio","8":"first","9":"instock","10":"sale","11":"taxable","12":"shipping-taxable","13":"purchasable","14":"product-type-simple"},"_links":{"self":[{"href":"https:\/\/maisonmpi.com\/shop\/wp-json\/wp\/v2\/product\/12038","targetHints":{"allow":["GET"]}}],"collection":[{"href":"https:\/\/maisonmpi.com\/shop\/wp-json\/wp\/v2\/product"}],"about":[{"href":"https:\/\/maisonmpi.com\/shop\/wp-json\/wp\/v2\/types\/product"}],"version-history":[{"count":2,"href":"https:\/\/maisonmpi.com\/shop\/wp-json\/wp\/v2\/product\/12038\/revisions"}],"predecessor-version":[{"id":12048,"href":"https:\/\/maisonmpi.com\/shop\/wp-json\/wp\/v2\/product\/12038\/revisions\/12048"}],"wp:featuredmedia":[{"embeddable":true,"href":"https:\/\/maisonmpi.com\/shop\/wp-json\/wp\/v2\/media\/12049"}],"wp:attachment":[{"href":"https:\/\/maisonmpi.com\/shop\/wp-json\/wp\/v2\/media?parent=12038"}],"wp:term":[{"taxonomy":"product_brand","embeddable":true,"href":"https:\/\/maisonmpi.com\/shop\/wp-json\/wp\/v2\/product_brand?post=12038"},{"taxonomy":"product_cat","embeddable":true,"href":"https:\/\/maisonmpi.com\/shop\/wp-json\/wp\/v2\/product_cat?post=12038"},{"taxonomy":"product_tag","embeddable":true,"href":"https:\/\/maisonmpi.com\/shop\/wp-json\/wp\/v2\/product_tag?post=12038"}],"curies":[{"name":"wp","href":"https:\/\/api.w.org\/{rel}","templated":true}]}}