{"id":12159,"date":"2025-01-30T09:37:02","date_gmt":"2025-01-30T09:37:02","guid":{"rendered":"https:\/\/maisonmpi.com\/shop\/?post_type=product&#038;p=12159"},"modified":"2025-01-30T09:37:03","modified_gmt":"2025-01-30T09:37:03","slug":"imprimante-multifonction-jet-dencre-hp-officejet-pro-8023-1kr64b-a80","status":"publish","type":"product","link":"https:\/\/maisonmpi.com\/shop\/produit\/imprimante-multifonction-jet-dencre-hp-officejet-pro-8023-1kr64b-a80\/","title":{"rendered":"Imprimante multifonction Jet d\u2019encre HP OfficeJet Pro 8023 (1KR64B-A80)"},"content":{"rendered":"<table width=\"624\">\n<tbody>\n<tr>\n<td width=\"303\">Nom du produit<\/td>\n<td width=\"321\">IMPRIMANTE HP OFFICEJET PRO 8023 (1KR64B\/A80)<\/td>\n<\/tr>\n<tr>\n<td>Marque<\/td>\n<td>HP<\/td>\n<\/tr>\n<tr>\n<td>R\u00e9f\u00e9rence constructeur<\/td>\n<td>1KR64B\/A80<\/td>\n<\/tr>\n<tr>\n<td width=\"303\">\n<p data-message-author-role=\"assistant\" data-message-id=\"8ee3052b-ebae-454e-b597-33c9c8071181\">VITESSE D\u2019IMPRESSION<\/p>\n<\/td>\n<td width=\"321\">Mode d\u2019impression recto verso<\/td>\n<\/tr>\n<tr>\n<td width=\"303\">R\u00e9solution en couleur<\/td>\n<td width=\"321\">4800 x 1200 DPI<\/td>\n<\/tr>\n<tr>\n<td width=\"303\">R\u00e9solution d\u2019impression noire<\/td>\n<td width=\"321\">1200 x 1200 DPI<\/td>\n<\/tr>\n<tr>\n<td width=\"303\">Technologie d\u2019impression<\/td>\n<td width=\"321\">A jet d\u2019encre thermique<\/td>\n<\/tr>\n<tr>\n<td width=\"303\">Impression<\/td>\n<td width=\"321\">Impression couleur<\/td>\n<\/tr>\n<tr>\n<td width=\"303\">Impression recto-verso<\/td>\n<td width=\"321\">Oui<\/td>\n<\/tr>\n<tr>\n<td width=\"303\">R\u00e9solution maximale<\/td>\n<td width=\"321\">4800 x 1200 DPI<\/td>\n<\/tr>\n<tr>\n<td width=\"303\">Vitesse d\u2019impression (noir, qualit\u00e9 normale, A4\/US Letter)<\/td>\n<td width=\"321\">20 ppm<\/td>\n<\/tr>\n<tr>\n<td width=\"303\">Vitesse d\u2019impression (couleur, qualit\u00e9 normale, A4\/US Letter)<\/td>\n<td width=\"321\">10 ppm<\/td>\n<\/tr>\n<tr>\n<td width=\"303\">Vitesse d\u2019impression (noir, qualit\u00e9 brouillon, A4\/US Letter)<\/td>\n<td width=\"321\">29 ppm<\/td>\n<\/tr>\n<tr>\n<td width=\"303\">Vitesse d\u2019impression (couleur, qualit\u00e9 brouillon, A4\/US Letter)<\/td>\n<td width=\"321\">25 ppm<\/td>\n<\/tr>\n<tr>\n<td width=\"303\">Vitesse d\u2019impression (ISO\/IEC 24734) couleur<\/td>\n<td width=\"321\">10 ppm<\/td>\n<\/tr>\n<tr>\n<td width=\"303\">Vitesse d\u2019impression (ISO\/IEC 24734) noir<\/td>\n<td width=\"321\">20 ppm<\/td>\n<\/tr>\n<tr>\n<td width=\"303\">D\u00e9lai de copie de la premi\u00e8re page (Noir, normal)<\/td>\n<td width=\"321\">13 s<\/td>\n<\/tr>\n<tr>\n<td width=\"303\">D\u00e9lai de copie de la premi\u00e8re page (couleur, normale)<\/td>\n<td width=\"321\">17 s<\/td>\n<\/tr>\n<tr>\n<td width=\"303\">marge d\u2019impression sup\u00e9rieure (min)<\/td>\n<td width=\"321\">2,9 mm<\/td>\n<\/tr>\n<tr>\n<td width=\"303\">marge d\u2019impression inf\u00e9rieure (min)<\/td>\n<td width=\"321\">2,9 mm<\/td>\n<\/tr>\n<tr>\n<td width=\"303\">marge d\u2019impression gauche (min)<\/td>\n<td width=\"321\">2,9 mm<\/td>\n<\/tr>\n<tr>\n<td width=\"303\">marge d\u2019impression droite (min)<\/td>\n<td width=\"321\">2,9 mm<\/td>\n<\/tr>\n<tr>\n<td width=\"303\">Fonction Impression N en 1<\/td>\n<td width=\"321\">Oui<\/td>\n<\/tr>\n<tr>\n<td width=\"303\">Impression s\u00e9curis\u00e9e<\/td>\n<td width=\"321\">Oui<\/td>\n<\/tr>\n<tr>\n<td width=\"303\">Fonction d\u2019impression de livret<\/td>\n<td width=\"321\">Oui<\/td>\n<\/tr>\n<tr>\n<td width=\"303\">Impression sans marge<\/td>\n<td width=\"321\">Oui<\/td>\n<\/tr>\n<tr>\n<td width=\"303\">COPIEUR<\/td>\n<td width=\"321\">Copie duplex<\/td>\n<\/tr>\n<tr>\n<td width=\"303\">Copier<\/td>\n<td width=\"321\">Copie couleur<\/td>\n<\/tr>\n<tr>\n<td width=\"303\">R\u00e9solution max. des copies<\/td>\n<td width=\"321\">600 x 600 DPI<\/td>\n<\/tr>\n<tr>\n<td width=\"303\">Vitesse de copie (qualit\u00e9 normale, noir, A4)<\/td>\n<td width=\"321\">29 cpm<\/td>\n<\/tr>\n<tr>\n<td width=\"303\">Vitesse de copie (qualit\u00e9 normale, couleur, A4)<\/td>\n<td width=\"321\">23 cpm<\/td>\n<\/tr>\n<tr>\n<td width=\"303\">Vitesse de copie (noir, brouillon, A4)<\/td>\n<td width=\"321\">29 cpm<\/td>\n<\/tr>\n<tr>\n<td width=\"303\">Vitesse de copie (couleur, brouillon, A4)<\/td>\n<td width=\"321\">23 cpm<\/td>\n<\/tr>\n<tr>\n<td width=\"303\">D\u00e9lai de sortie de la premi\u00e8re impression (noir, normal)<\/td>\n<td width=\"321\">18 s<\/td>\n<\/tr>\n<tr>\n<td width=\"303\">D\u00e9lai de sortie de la premi\u00e8re impression (couleur, concept)<\/td>\n<td width=\"321\">12 s<\/td>\n<\/tr>\n<tr>\n<td width=\"303\">Nombre maximum de copies<\/td>\n<td width=\"321\">99 copies<\/td>\n<\/tr>\n<tr>\n<td width=\"303\">Redimentionnement copie<\/td>\n<td width=\"321\">25 \u2013 400%<\/td>\n<\/tr>\n<tr>\n<td width=\"303\">Fonction ID-Card Copy<\/td>\n<td width=\"321\">Oui<\/td>\n<\/tr>\n<tr>\n<td width=\"303\">Fonction d\u2019ajustement automatique<\/td>\n<td width=\"321\">Oui<\/td>\n<\/tr>\n<tr>\n<td width=\"303\">NUM\u00c9RISATION<\/td>\n<td width=\"321\">Num\u00e9risation couleur<\/td>\n<\/tr>\n<tr>\n<td width=\"303\">R\u00e9solution de num\u00e9risation optique<\/td>\n<td width=\"321\">1200 x 1200 DPI<\/td>\n<\/tr>\n<tr>\n<td width=\"303\">R\u00e9solution de num\u00e9risation maximale<\/td>\n<td width=\"321\">1200 x 1200 DPI<\/td>\n<\/tr>\n<tr>\n<td width=\"303\">Zone de scan maximale<\/td>\n<td width=\"321\">215,9 x 297 mm<\/td>\n<\/tr>\n<tr>\n<td width=\"303\">Type de scanner<\/td>\n<td width=\"321\">Num\u00e9riseur \u00e0 plat et adf<\/td>\n<\/tr>\n<tr>\n<td width=\"303\">Technologie de num\u00e9risation<\/td>\n<td width=\"321\">CIS<\/td>\n<\/tr>\n<tr>\n<td width=\"303\">Num\u00e9riser vers<\/td>\n<td width=\"321\">Serveur de messagerie, Logiciel<\/td>\n<\/tr>\n<tr>\n<td width=\"303\">Vitesse du scanner (noir)<\/td>\n<td width=\"321\">8 ppm<\/td>\n<\/tr>\n<tr>\n<td width=\"303\">Vitesse de num\u00e9risation (couleur)<\/td>\n<td width=\"321\">3,5 ppm<\/td>\n<\/tr>\n<tr>\n<td width=\"303\">Formats d\u2019image support\u00e9s<\/td>\n<td width=\"321\">BMP, JPG, PNG, TIFF<\/td>\n<\/tr>\n<tr>\n<td width=\"303\">Prise en charge des formats de texte<\/td>\n<td width=\"321\">PDF, RTF, TXT<\/td>\n<\/tr>\n<tr>\n<td width=\"303\">Profondeur d\u2019affichage d\u2019entr\u00e9e de couleur<\/td>\n<td width=\"321\">24 bit<\/td>\n<\/tr>\n<tr>\n<td width=\"303\">Niveaux de gris<\/td>\n<td width=\"321\">256<\/td>\n<\/tr>\n<tr>\n<td width=\"303\">Pilotes de scan<\/td>\n<td width=\"321\">TWAIN<\/td>\n<\/tr>\n<tr>\n<td width=\"303\">Version TWAIN<\/td>\n<td width=\"321\">2,1<\/td>\n<\/tr>\n<tr>\n<td width=\"303\">FAX<\/td>\n<td width=\"321\">T\u00e9l\u00e9copie duplex<\/td>\n<\/tr>\n<tr>\n<td width=\"303\">T\u00e9l\u00e9copier<\/td>\n<td width=\"321\">T\u00e9l\u00e9copie couleur<\/td>\n<\/tr>\n<tr>\n<td width=\"303\">R\u00e9solution de t\u00e9l\u00e9copie (couleur)<\/td>\n<td width=\"321\">200 x 200 DPI<\/td>\n<\/tr>\n<tr>\n<td width=\"303\">R\u00e9solution de t\u00e9l\u00e9copie (noir)<\/td>\n<td width=\"321\">300 x 300 DPI<\/td>\n<\/tr>\n<tr>\n<td width=\"303\">Vitesse de transmission de fax<\/td>\n<td width=\"321\">4 sec\/page<\/td>\n<\/tr>\n<tr>\n<td width=\"303\">M\u00e9moire de fax<\/td>\n<td width=\"321\">100 pages<\/td>\n<\/tr>\n<tr>\n<td width=\"303\">Rappel automatique<\/td>\n<td width=\"321\">Oui<\/td>\n<\/tr>\n<tr>\n<td width=\"303\">Num\u00e9rotation rapide<\/td>\n<td width=\"321\">Oui<\/td>\n<\/tr>\n<tr>\n<td width=\"303\">Nombre maximum de raccourcis pour les num\u00e9ros<\/td>\n<td width=\"321\">99<\/td>\n<\/tr>\n<tr>\n<td width=\"303\">Transfert de t\u00e9l\u00e9copie pris en charge<\/td>\n<td width=\"321\">Oui<\/td>\n<\/tr>\n<tr>\n<td width=\"303\">R\u00e9duction automatique<\/td>\n<td width=\"321\">Oui<\/td>\n<\/tr>\n<tr>\n<td width=\"303\">Envoi diff\u00e9r\u00e9 de fax<\/td>\n<td width=\"321\">Oui<\/td>\n<\/tr>\n<tr>\n<td width=\"303\">\u00c9mission de fax<\/td>\n<td width=\"321\">20 localisations<\/td>\n<\/tr>\n<tr>\n<td width=\"303\">CARACT\u00c9RISTIQUES<\/td>\n<td width=\"321\">Cycle de service (conseill\u00e9)<\/td>\n<\/tr>\n<tr>\n<td width=\"303\">Cycle de service (Maximum)<\/td>\n<td width=\"321\">20000 pages par mois<\/td>\n<\/tr>\n<tr>\n<td width=\"303\">Fonctions recto verso<\/td>\n<td width=\"321\">Impression, T\u00e9l\u00e9copie<\/td>\n<\/tr>\n<tr>\n<td width=\"303\">Exp\u00e9diteur num\u00e9rique<\/td>\n<td width=\"321\">Oui<\/td>\n<\/tr>\n<tr>\n<td width=\"303\">Nombre de cartouches d\u2019impression<\/td>\n<td width=\"321\">4<\/td>\n<\/tr>\n<tr>\n<td width=\"303\">Couleurs d\u2019impression<\/td>\n<td width=\"321\">Noir, Cyan, Magenta, Jaune<\/td>\n<\/tr>\n<tr>\n<td width=\"303\">Langues de la description de page<\/td>\n<td width=\"321\">PCL 3 GUI<\/td>\n<\/tr>\n<tr>\n<td width=\"303\">Multi-t\u00e2ches tout-en-un<\/td>\n<td width=\"321\">Oui<\/td>\n<\/tr>\n<tr>\n<td width=\"303\">Pays d\u2019origine<\/td>\n<td width=\"321\">Tha\u00eflande<\/td>\n<\/tr>\n<tr>\n<td width=\"303\">Segment HP<\/td>\n<td width=\"321\">Maison<\/td>\n<\/tr>\n<tr>\n<td width=\"303\">Cartouches de remplacement<\/td>\n<td width=\"321\">HP 912XL noire (825 pages); couleur: 825 pages<\/td>\n<\/tr>\n<tr>\n<td width=\"303\">CAPACIT\u00c9 D\u2019ENTR\u00c9E ET DE SORTIE<\/td>\n<td width=\"321\">Nombre total de bacs d\u2019alimentation<\/td>\n<\/tr>\n<tr>\n<td width=\"303\">Capacit\u00e9 d\u2019alimentation totale<\/td>\n<td width=\"321\">225 feuilles<\/td>\n<\/tr>\n<tr>\n<td width=\"303\">Capacit\u00e9 de sortie totale<\/td>\n<td width=\"321\">60 feuilles<\/td>\n<\/tr>\n<tr>\n<td width=\"303\">Alimentation automatique de document (ADF)<\/td>\n<td width=\"321\">Oui<\/td>\n<\/tr>\n<tr>\n<td width=\"303\">Capacit\u00e9 du chargeur automatique de documents<\/td>\n<td width=\"321\">35 feuilles<\/td>\n<\/tr>\n<tr>\n<td width=\"303\">Nombre maximum de bacs d\u2019alimentation<\/td>\n<td width=\"321\">1<\/td>\n<\/tr>\n<tr>\n<td width=\"303\">Capacit\u00e9 maximale d\u2019entr\u00e9e<\/td>\n<td width=\"321\">225 feuilles<\/td>\n<\/tr>\n<tr>\n<td width=\"303\">Capacit\u00e9 maximale de sortie<\/td>\n<td width=\"321\">60 feuilles<\/td>\n<\/tr>\n<tr>\n<td width=\"303\">GESTION DU PAPIER<\/td>\n<td width=\"321\">Taille de papier de s\u00e9rie A ISO maximum<\/td>\n<\/tr>\n<tr>\n<td width=\"303\">Format d\u2019impression maximale<\/td>\n<td width=\"321\">210 x 297 mm<\/td>\n<\/tr>\n<tr>\n<td width=\"303\">Type de support du bac papier<\/td>\n<td width=\"321\">Papier glac\u00e9, Papier mat, Papier photo, Papier ordinaire, Papier recycl\u00e9, Papier \u00e9pais<\/td>\n<\/tr>\n<tr>\n<td width=\"303\">ISO, Format Series A (A0\u2026A9)<\/td>\n<td width=\"321\">A4, A5, A6<\/td>\n<\/tr>\n<tr>\n<td width=\"303\">ISO, Formats Series-B (B0\u2026B9)<\/td>\n<td width=\"321\">B5<\/td>\n<\/tr>\n<tr>\n<td width=\"303\">Taille Papier ISO, Formats serie C (C0\u2026C9)<\/td>\n<td width=\"321\">C5, C6<\/td>\n<\/tr>\n<tr>\n<td width=\"303\">Tailles du support d\u2019impression non-ISO<\/td>\n<td width=\"321\">Carte Hagaki<\/td>\n<\/tr>\n<tr>\n<td width=\"303\">Format JIS series B (B0\u2026B9)<\/td>\n<td width=\"321\">B5<\/td>\n<\/tr>\n<tr>\n<td width=\"303\">Tailles enveloppes<\/td>\n<td width=\"321\">C5, C6, DL<\/td>\n<\/tr>\n<tr>\n<td width=\"303\">Formats de papier photo<\/td>\n<td width=\"321\">13\u00d718,10\u00d715 cm<\/td>\n<\/tr>\n<tr>\n<td width=\"303\">Tailles papier photo<\/td>\n<td width=\"321\">8.5\u00d713\u2033<\/td>\n<\/tr>\n<tr>\n<td width=\"303\">Taille d\u2019impression sans bordures<\/td>\n<td width=\"321\">A4, lettre<\/td>\n<\/tr>\n<tr>\n<td width=\"303\">Personalisation de la largeur support<\/td>\n<td width=\"321\">76,2 \u2013 215,9 mm<\/td>\n<\/tr>\n<tr>\n<td width=\"303\">Personalisation de la longueur support<\/td>\n<td width=\"321\">127 \u2013 355,6 mm<\/td>\n<\/tr>\n<tr>\n<td width=\"303\">Poids du support de bac papier<\/td>\n<td width=\"321\">60 \u2013 105 g\/m\u00b2<\/td>\n<\/tr>\n<tr>\n<td width=\"303\">Poids du support plateau multi fonction<\/td>\n<td width=\"321\">60 \u2013 280 g\/m\u00b2<\/td>\n<\/tr>\n<tr>\n<td width=\"303\">CONNECTIVIT\u00c9<\/td>\n<td width=\"321\">Impression directe<\/td>\n<\/tr>\n<tr>\n<td width=\"303\">Port USB<\/td>\n<td width=\"321\">Oui<\/td>\n<\/tr>\n<tr>\n<td width=\"303\">Quantit\u00e9 de Ports USB 2.0<\/td>\n<td width=\"321\">1<\/td>\n<\/tr>\n<tr>\n<td width=\"303\">Quantit\u00e9 de ports RJ-11<\/td>\n<td width=\"321\">1<\/td>\n<\/tr>\n<tr>\n<td width=\"303\">R\u00c9SEAU<\/td>\n<td width=\"321\">Wifi<\/td>\n<\/tr>\n<tr>\n<td width=\"303\">Ethernet\/LAN<\/td>\n<td width=\"321\">Oui<\/td>\n<\/tr>\n<tr>\n<td width=\"303\">Wi-Fi Direct<\/td>\n<td width=\"321\">Oui<\/td>\n<\/tr>\n<tr>\n<td width=\"303\">Standards wifi<\/td>\n<td width=\"321\">802.11a, 802.11b, 802.11g, Wi-Fi 4 (802.11n)<\/td>\n<\/tr>\n<tr>\n<td width=\"303\">Algorithme de s\u00e9curit\u00e9 soutenu<\/td>\n<td width=\"321\">EAP-TLS, HTTPS, SSL\/TLS, WPA2-Enterprise<\/td>\n<\/tr>\n<tr>\n<td width=\"303\">Prise en charge des protocoles r\u00e9seau (IPv4)<\/td>\n<td width=\"321\">9100; LPR; SNMP; SLP; Internet Printing Protocol (IPP); WS Print; Draadloos<\/td>\n<\/tr>\n<tr>\n<td width=\"303\">Technologies d\u2019impression mobile<\/td>\n<td width=\"321\">Apple AirPrint, Mopria Print Service<\/td>\n<\/tr>\n<tr>\n<td width=\"303\">REPR\u00c9SENTATION \/ R\u00c9ALISATION<\/td>\n<td width=\"321\">M\u00e9moire interne maximale<\/td>\n<\/tr>\n<tr>\n<td width=\"303\">Lecteur de cartes m\u00e9moires int\u00e9gr\u00e9<\/td>\n<td width=\"321\">Non<\/td>\n<\/tr>\n<tr>\n<td width=\"303\">M\u00e9moire interne<\/td>\n<td width=\"321\">256 Mo<\/td>\n<\/tr>\n<tr>\n<td width=\"303\">Int\u00e9gr\u00e9 dans le processeur<\/td>\n<td width=\"321\">Oui<\/td>\n<\/tr>\n<tr>\n<td width=\"303\">Fr\u00e9quence du processeur<\/td>\n<td width=\"321\">1200 MHz<\/td>\n<\/tr>\n<tr>\n<td width=\"303\">Niveau de pression sonore (impression)<\/td>\n<td width=\"321\">62 dB<\/td>\n<\/tr>\n<tr>\n<td width=\"303\">Niveau de puissance sonore (impression)<\/td>\n<td width=\"321\">6,8 dB<\/td>\n<\/tr>\n<tr>\n<td width=\"303\">DESIGN<\/td>\n<td width=\"321\">Couleur du produit<\/td>\n<\/tr>\n<tr>\n<td width=\"303\">Nom de la couleur<\/td>\n<td width=\"321\">Basalte clair<\/td>\n<\/tr>\n<tr>\n<td width=\"303\">position de march\u00e9<\/td>\n<td width=\"321\">Domestique et professionnel<\/td>\n<\/tr>\n<tr>\n<td width=\"303\">\u00c9cran integr\u00e9<\/td>\n<td width=\"321\">Oui<\/td>\n<\/tr>\n<tr>\n<td width=\"303\">\u00c9cran<\/td>\n<td width=\"321\">CGD<\/td>\n<\/tr>\n<tr>\n<td width=\"303\">Taille de l\u2019\u00e9cran<\/td>\n<td width=\"321\">6,86 cm (2.7\u2033)<\/td>\n<\/tr>\n<tr>\n<td width=\"303\">\u00c9cran tactile<\/td>\n<td width=\"321\">Oui<\/td>\n<\/tr>\n<tr>\n<td width=\"303\">Type de commande<\/td>\n<td width=\"321\">Tactile<\/td>\n<\/tr>\n<tr>\n<td width=\"303\">Affichage couleur<\/td>\n<td width=\"321\">Oui<\/td>\n<\/tr>\n<tr>\n<td width=\"303\">PUISSANCE<\/td>\n<td width=\"321\">Consommation \u00e9lectrique moyenne en mode Impression<\/td>\n<\/tr>\n<tr>\n<td width=\"303\">Consommation d\u2019\u00e9nergie (pr\u00eat)<\/td>\n<td width=\"321\">5,8 W<\/td>\n<\/tr>\n<tr>\n<td width=\"303\">Consommation d \u2018\u00e9nergie (en mode veille)<\/td>\n<td width=\"321\">1 W<\/td>\n<\/tr>\n<tr>\n<td width=\"303\">Consommation \u00e9lectrique (arr\u00eat)<\/td>\n<td width=\"321\">0,08 W<\/td>\n<\/tr>\n<tr>\n<td width=\"303\">Energy Star, consommation \u00e9lectrique typique (TEC)<\/td>\n<td width=\"321\">0,2 kWh\/semaine<\/td>\n<\/tr>\n<tr>\n<td width=\"303\">Fr\u00e9quence d\u2019entr\u00e9e AC<\/td>\n<td width=\"321\">50\/60 Hz<\/td>\n<\/tr>\n<tr>\n<td width=\"303\">Tension d\u2019entr\u00e9e AC<\/td>\n<td width=\"321\">100 \u2013 240 V<\/td>\n<\/tr>\n<tr>\n<td width=\"303\">CARACT\u00c9RISTIQUES SP\u00c9CIALES<\/td>\n<td width=\"321\">Logiciel HP fourni<\/td>\n<\/tr>\n<tr>\n<td width=\"303\">HP GTIN (EAN\/UPC)<\/td>\n<td width=\"321\">193424632411, 193424632435, 193424632428<\/td>\n<\/tr>\n<tr>\n<td width=\"303\">HP GTIN (EAN\/UPC) with options<\/td>\n<td width=\"321\">(A80) 193424632411; (ABT) 193424632435; (ACQ) 193424632428<\/td>\n<\/tr>\n<tr>\n<td width=\"303\">CONFIGURATION MINIMALE DU SYST\u00c8ME<\/td>\n<td width=\"321\">Prise en charge du syst\u00e8me d\u2019exploitation Windows<\/td>\n<\/tr>\n<tr>\n<td width=\"303\">Prise en charge du syst\u00e8me d\u2019exploitation Mac<\/td>\n<td width=\"321\">Oui<\/td>\n<\/tr>\n<tr>\n<td width=\"303\">Prise en charge du syst\u00e8me d\u2019exploitation serveur<\/td>\n<td width=\"321\">Windows Server 2008 R2 x64, Windows Server 2012 R2 x64, Windows Server 2012 x64, Windows Server 2016<\/td>\n<\/tr>\n<tr>\n<td width=\"303\">Prise en charge d\u2019autres syst\u00e8mes d\u2019exploitation<\/td>\n<td width=\"321\">ChromeOS<\/td>\n<\/tr>\n<tr>\n<td width=\"303\">CONDITIONS ENVIRONNEMENTALES<\/td>\n<td width=\"321\">Altitude de fonctionnement<\/td>\n<\/tr>\n<tr>\n<td width=\"303\">Altitude de non fonctionnement<\/td>\n<td width=\"321\">0 \u2013 4500 m<\/td>\n<\/tr>\n<tr>\n<td width=\"303\">Temp\u00e9rature d\u2019op\u00e9ration<\/td>\n<td width=\"321\">5 \u2013 40 \u00b0C<\/td>\n<\/tr>\n<tr>\n<td width=\"303\">Temp\u00e9rature hors fonctionnement<\/td>\n<td width=\"321\">-40 \u2013 60 \u00b0C<\/td>\n<\/tr>\n<tr>\n<td width=\"303\">Degr\u00e9 d\u2019humidit\u00e9 recommand\u00e9 pour utilisation<\/td>\n<td width=\"321\">20 \u2013 75%<\/td>\n<\/tr>\n<tr>\n<td width=\"303\">Humidit\u00e9 relative de fonctionnement (H-H)<\/td>\n<td width=\"321\">20 \u2013 80%<\/td>\n<\/tr>\n<tr>\n<td width=\"303\">CERTIFICAT<\/td>\n<td width=\"321\">Certification<\/td>\n<\/tr>\n<tr>\n<td width=\"303\">DURABILIT\u00c9<\/td>\n<td width=\"321\">Certificats de durabilit\u00e9<\/td>\n<\/tr>\n<tr>\n<td width=\"303\">POIDS ET DIMENSIONS<\/td>\n<td width=\"321\">Largeur<\/td>\n<\/tr>\n<tr>\n<td width=\"303\">Profondeur<\/td>\n<td width=\"321\">341,2 mm<\/td>\n<\/tr>\n<tr>\n<td width=\"303\">Hauteur<\/td>\n<td width=\"321\">234 mm<\/td>\n<\/tr>\n<tr>\n<td width=\"303\">Poids<\/td>\n<td width=\"321\">8,2 kg<\/td>\n<\/tr>\n<tr>\n<td width=\"303\">INFORMATIONS SUR L\u2019EMBALLAGE<\/td>\n<td width=\"321\">Largeur du colis<\/td>\n<\/tr>\n<tr>\n<td width=\"303\">Profondeur du colis<\/td>\n<td width=\"321\">298 mm<\/td>\n<\/tr>\n<tr>\n<td width=\"303\">Hauteur du colis<\/td>\n<td width=\"321\">408 mm<\/td>\n<\/tr>\n<tr>\n<td width=\"303\">Poids du paquet<\/td>\n<td width=\"321\">10,4 kg<\/td>\n<\/tr>\n<tr>\n<td width=\"303\">CONTENU DE L\u2019EMBALLAGE<\/td>\n<td width=\"321\">Cartouche(s) incluse(s)<\/td>\n<\/tr>\n<tr>\n<td width=\"303\">Capacit\u00e9 de la cartouche incluse (noir)<\/td>\n<td width=\"321\">255 pages<\/td>\n<\/tr>\n<tr>\n<td width=\"303\">Capacit\u00e9 de la cartouche incluse (CMY)<\/td>\n<td width=\"321\">270 pages<\/td>\n<\/tr>\n<tr>\n<td width=\"303\">C\u00e2bles inclus<\/td>\n<td width=\"321\">Secteur<\/td>\n<\/tr>\n<tr>\n<td width=\"303\">Manuel d\u2019utilisation<\/td>\n<td width=\"321\">Oui<\/td>\n<\/tr>\n<tr>\n<td width=\"303\">Logiciels fournis<\/td>\n<td width=\"321\">HP Printer Software, Shop for Supplies Online<\/td>\n<\/tr>\n<tr>\n<td width=\"303\">D\u00c9TAILS TECHNIQUES<\/td>\n<td width=\"321\">Casiers principaux (externes) par palette<\/td>\n<\/tr>\n<tr>\n<td width=\"303\">DONN\u00c9ES LOGISTIQUES<\/td>\n<td width=\"321\">Poids brut de la palette<\/td>\n<\/tr>\n<tr>\n<td width=\"303\">Couches par palette<\/td>\n<td width=\"321\">5 pi\u00e8ce(s)<\/td>\n<\/tr>\n<tr>\n<td width=\"303\">Produits par palette<\/td>\n<td width=\"321\">30 pi\u00e8ce(s)<\/td>\n<\/tr>\n<tr>\n<td width=\"303\">AUTRES CARACT\u00c9RISTIQUES<\/td>\n<td width=\"321\">Nombre d\u2019utilisateurs<\/td>\n<\/tr>\n<tr>\n<td width=\"303\">Puissance acoustique (pr\u00eat)<\/td>\n<td width=\"321\">25 dB<\/td>\n<\/tr>\n<tr>\n<td width=\"303\">Nombre de t\u00eates d\u2019impression<\/td>\n<td width=\"321\">4<\/td>\n<\/tr>\n<tr>\n<td width=\"303\">Exigences recommand\u00e9es du syst\u00e8me<\/td>\n<td width=\"321\">Windows 10, 8.1, 8, 7: 1 GHz 32-bit (x86) or 64-bit (x64) processor, 2 GB available hard disk space, CD-ROM\/DVD drive or Internet connection, USB port, Internet Explorer<\/td>\n<\/tr>\n<tr>\n<td width=\"303\">Gestion de l\u2019imprimante<\/td>\n<td width=\"321\">Embedded Web Server<\/td>\n<\/tr>\n<tr>\n<td width=\"303\">Dimensions de la palette (L x P x H)<\/td>\n<td width=\"321\">1200 x 1000 x 2196 mm<\/td>\n<\/tr>\n<tr>\n<td width=\"303\">Compatibilit\u00e9 \u00e9lectromagn\u00e9tique<\/td>\n<td width=\"321\">CISPR 32: 2012 \/ EN 55032: 2012 Class B, CISPR 24: 2010 \/ EN 55024: 2010, EN 61000-3-2: 2014, EN 61000-3-3: 2013, EN 301 489-1 V2.1.1: 2017 , EN 301 489-17 V3.1.1: 2017<\/td>\n<\/tr>\n<\/tbody>\n<\/table>\n","protected":false},"excerpt":{"rendered":"<ul>\n<li>Impression, copie, scan, fax<\/li>\n<li>Vitesse d\u2019impression noir: 29 pages\/min (20 pages\/min en norme ISO)<\/li>\n<li>Vitesse d\u2019impression couleur: 25 pages\/min (10 pages\/min en norme ISO)<\/li>\n<li>Qualit\u00e9 d\u2019impression noire: 1 200 x 1 200 ppp rendus<\/li>\n<li>Qualit\u00e9 d\u2019impression couleur: R\u00e9solution optimis\u00e9e jusqu\u2019\u00e0 4800 x 1 200 ppp sur papier photo HP Advanced, jusqu\u2019\u00e0 1200 x 1200 ppp en entr\u00e9e<\/li>\n<li>Volume de pages mensuel recommand\u00e9: Jusqu\u2019\u00e0 800 pages<\/li>\n<li>Impression recto\/verso: Automatique (standard)<\/li>\n<li>Fonctionne avec: 4 Cartouches (noir, cyan, magenta, jaune)<\/li>\n<li>Connectivit\u00e9: 1 port USB 2.0; 1 Ethernet; 1 port sans fil 802.11 a\/b\/g\/n; 1 RJ-11 Fax<\/li>\n<li>Encres fournies avec l\u2019imprimante: HP 912\u00a0noir, cyan, magenta et jaune.<\/li>\n<\/ul>\n","protected":false},"featured_media":12171,"template":"","meta":[],"product_brand":[],"product_cat":[235],"product_tag":[],"class_list":{"0":"post-12159","1":"product","2":"type-product","3":"status-publish","4":"has-post-thumbnail","6":"product_cat-imprimantes-scanners","8":"first","9":"instock","10":"taxable","11":"shipping-taxable","12":"purchasable","13":"product-type-simple"},"_links":{"self":[{"href":"https:\/\/maisonmpi.com\/shop\/wp-json\/wp\/v2\/product\/12159","targetHints":{"allow":["GET"]}}],"collection":[{"href":"https:\/\/maisonmpi.com\/shop\/wp-json\/wp\/v2\/product"}],"about":[{"href":"https:\/\/maisonmpi.com\/shop\/wp-json\/wp\/v2\/types\/product"}],"version-history":[{"count":1,"href":"https:\/\/maisonmpi.com\/shop\/wp-json\/wp\/v2\/product\/12159\/revisions"}],"predecessor-version":[{"id":12172,"href":"https:\/\/maisonmpi.com\/shop\/wp-json\/wp\/v2\/product\/12159\/revisions\/12172"}],"wp:featuredmedia":[{"embeddable":true,"href":"https:\/\/maisonmpi.com\/shop\/wp-json\/wp\/v2\/media\/12171"}],"wp:attachment":[{"href":"https:\/\/maisonmpi.com\/shop\/wp-json\/wp\/v2\/media?parent=12159"}],"wp:term":[{"taxonomy":"product_brand","embeddable":true,"href":"https:\/\/maisonmpi.com\/shop\/wp-json\/wp\/v2\/product_brand?post=12159"},{"taxonomy":"product_cat","embeddable":true,"href":"https:\/\/maisonmpi.com\/shop\/wp-json\/wp\/v2\/product_cat?post=12159"},{"taxonomy":"product_tag","embeddable":true,"href":"https:\/\/maisonmpi.com\/shop\/wp-json\/wp\/v2\/product_tag?post=12159"}],"curies":[{"name":"wp","href":"https:\/\/api.w.org\/{rel}","templated":true}]}}