{"id":12173,"date":"2025-01-30T09:54:28","date_gmt":"2025-01-30T09:54:28","guid":{"rendered":"https:\/\/maisonmpi.com\/shop\/?post_type=product&#038;p=12173"},"modified":"2025-01-30T09:54:29","modified_gmt":"2025-01-30T09:54:29","slug":"imprimante-laser-monochrome-hp-laserjet-pro-m404dn-w1a53a-recto-verso-automatique","status":"publish","type":"product","link":"https:\/\/maisonmpi.com\/shop\/produit\/imprimante-laser-monochrome-hp-laserjet-pro-m404dn-w1a53a-recto-verso-automatique\/","title":{"rendered":"Imprimante Laser Monochrome HP LaserJet Pro M404dn (W1A53A) &#8211; recto-verso automatique"},"content":{"rendered":"<h1 class=\"c-product-all-details-table__title h3 m-text-rtl-symbols\">HP LaserJet Pro M404dn (W1A53A)<\/h1>\n<table class=\"c-product-all-details-table__table\" role=\"table\">\n<caption class=\"c-product-all-details-table__caption\">HP LaserJet Pro M404dn (W1A53A) Toutes les caract\u00e9ristiques techniques<\/caption>\n<tbody>\n<tr class=\"c-product-all-details-table__tr\" role=\"row\">\n<th class=\"c-product-all-details-table__th\" role=\"rowheader\">Fonctions<\/th>\n<td class=\"c-product-all-details-table__td m-text-rte\" role=\"cell\">Imprimer<\/td>\n<\/tr>\n<tr class=\"c-product-all-details-table__tr\" role=\"row\">\n<th class=\"c-product-all-details-table__th\" role=\"rowheader\">Vitesse d&rsquo;impression en noir (ISO, A4)<\/th>\n<td class=\"c-product-all-details-table__td m-text-rte\" role=\"cell\">jusqu&rsquo;\u00e0 38\u00a0ppm (par d\u00e9faut); Jusqu\u2019\u00e0 40\u00a0ppm (haut d\u00e9bit\u00a0<span class=\"m-text-nowrap\">HP)<span class=\"c-footnote-container\">\u00a0<sup><span class=\"footnote__number\">1<\/span><\/sup><\/span><\/span><\/td>\n<\/tr>\n<tr class=\"c-product-all-details-table__tr\" role=\"row\">\n<th class=\"c-product-all-details-table__th\" role=\"rowheader\">D\u00e9lai d&rsquo;impression de la premi\u00e8re page noire (A4, pr\u00eat)<\/th>\n<td class=\"c-product-all-details-table__td m-text-rte\" role=\"cell\">En 6,3 secondes\u00a0<span class=\"m-text-nowrap\">seulement<span class=\"c-footnote-container\">\u00a0<sup><span class=\"footnote__number\">2<\/span><\/sup><\/span><\/span><\/td>\n<\/tr>\n<tr class=\"c-product-all-details-table__tr\" role=\"row\">\n<th class=\"c-product-all-details-table__th\" role=\"rowheader\">Impression recto verso<\/th>\n<td class=\"c-product-all-details-table__td m-text-rte\" role=\"cell\">Automatique (par d\u00e9faut)<\/td>\n<\/tr>\n<tr class=\"c-product-all-details-table__tr\" role=\"row\">\n<th class=\"c-product-all-details-table__th\" role=\"rowheader\">Cycle d&rsquo;utilisation (mensuel, lettre)<\/th>\n<td class=\"c-product-all-details-table__td m-text-rte\" role=\"cell\">Jusqu&rsquo;\u00e0 80\u00a0000\u00a0<span class=\"m-text-nowrap\">pages<span class=\"c-footnote-container\">\u00a0<sup><span class=\"footnote__number\">3<\/span><\/sup><\/span><\/span>\u00a0<span class=\"footnotes\">(Le Taux d&rsquo;utilisation mensuel correspond au nombre maximum de pages d&rsquo;impressions d&rsquo;images mensuelles. Cette valeur permet de comparer la solidit\u00e9 des produits par rapport aux autres p\u00e9riph\u00e9riques HP LaserJet ou HP Color LaserJet tout en assurant un d\u00e9ploiement appropri\u00e9 des imprimantes et des imprimantes multifonction afin de r\u00e9pondre aux attentes des individus ou des groupes connect\u00e9s.)<\/span><\/td>\n<\/tr>\n<tr class=\"c-product-all-details-table__tr\" role=\"row\">\n<th class=\"c-product-all-details-table__th\" role=\"rowheader\">Cycle d&rsquo;utilisation (mensuel, A4)<\/th>\n<td class=\"c-product-all-details-table__td m-text-rte\" role=\"cell\">Jusqu&rsquo;\u00e0 80\u00a0000\u00a0<span class=\"m-text-nowrap\">pages<span class=\"c-footnote-container\">\u00a0<sup><span class=\"footnote__number\">3<\/span><\/sup><\/span><\/span>\u00a0<span class=\"footnotes\">(Le Taux d&rsquo;utilisation mensuel correspond au nombre maximum de pages d&rsquo;impressions d&rsquo;images mensuelles. Cette valeur permet de comparer la solidit\u00e9 des produits par rapport aux autres p\u00e9riph\u00e9riques HP LaserJet ou HP Color LaserJet tout en assurant un d\u00e9ploiement appropri\u00e9 des imprimantes et des imprimantes multifonction afin de r\u00e9pondre aux attentes des individus ou des groupes connect\u00e9s.)<\/span><\/td>\n<\/tr>\n<tr class=\"c-product-all-details-table__tr\" role=\"row\">\n<th class=\"c-product-all-details-table__th\" role=\"rowheader\">Volume de pages mensuel recommand\u00e9<\/th>\n<td class=\"c-product-all-details-table__td m-text-rte\" role=\"cell\">750 \u00e0 4\u00a0<span class=\"m-text-nowrap\">000<span class=\"c-footnote-container\">\u00a0<sup><span class=\"footnote__number\">4<\/span><\/sup><\/span><\/span><\/td>\n<\/tr>\n<tr class=\"c-product-all-details-table__tr\" role=\"row\">\n<th class=\"c-product-all-details-table__th\" role=\"rowheader\">Qualit\u00e9 d&rsquo;impression noire (optimale)<\/th>\n<td class=\"c-product-all-details-table__td m-text-rte\" role=\"cell\">Lignes fines (1 200 x 1 200 ppp)<\/td>\n<\/tr>\n<tr class=\"c-product-all-details-table__tr\" role=\"row\">\n<th class=\"c-product-all-details-table__th\" role=\"rowheader\">Langages d&rsquo;impression<\/th>\n<td class=\"c-product-all-details-table__td m-text-rte\" role=\"cell\">HP PCL 6, \u00e9mulation HP Postscript niveau 3, PDF, URF, PWG Raster<\/td>\n<\/tr>\n<tr class=\"c-product-all-details-table__tr\" role=\"row\">\n<th class=\"c-product-all-details-table__th\" role=\"rowheader\">Technologie d&rsquo;impression<\/th>\n<td class=\"c-product-all-details-table__td m-text-rte\" role=\"cell\">Laser<\/td>\n<\/tr>\n<tr class=\"c-product-all-details-table__tr\" role=\"row\">\n<th class=\"c-product-all-details-table__th\" role=\"rowheader\">Connectivit\u00e9, standard<\/th>\n<td class=\"c-product-all-details-table__td m-text-rte\" role=\"cell\">1 port USB 2.0 haut d\u00e9bit; 1 port h\u00f4te USB \u00e0 l&rsquo;arri\u00e8re; R\u00e9seau Gigabit Ethernet 10\/100\/1000BASE-T; 802.3az (EEE )<\/td>\n<\/tr>\n<tr class=\"c-product-all-details-table__tr\" role=\"row\">\n<th class=\"c-product-all-details-table__th\" role=\"rowheader\">Fonctionnalit\u00e9 d\u2019impression mobile<\/th>\n<td class=\"c-product-all-details-table__td m-text-rte\" role=\"cell\">Application HP Smart; HP ePrint; Apple AirPrint\u2122; Google Cloud Print\u2122; Applications mobiles; Certifi\u00e9 Mopria\u2122; Possibilit\u00e9 de roaming pour une impression\u00a0<span class=\"m-text-nowrap\">ais\u00e9e<\/span><\/td>\n<\/tr>\n<tr class=\"c-product-all-details-table__tr\" role=\"row\">\n<th class=\"c-product-all-details-table__th\" role=\"rowheader\">Fonctionnalit\u00e9s r\u00e9seau<\/th>\n<td class=\"c-product-all-details-table__td m-text-rte\" role=\"cell\">Port Ethernet Gigabit 10\/100\/1000Base-TX int\u00e9gr\u00e9; Ethernet avec croisement automatique; Authentification via 802.1X<\/td>\n<\/tr>\n<tr class=\"c-product-all-details-table__tr\" role=\"row\">\n<th class=\"c-product-all-details-table__th\" role=\"rowheader\">Fonctionnalit\u00e9s sans fil<\/th>\n<td class=\"c-product-all-details-table__td m-text-rte\" role=\"cell\">Non<\/td>\n<\/tr>\n<tr class=\"c-product-all-details-table__tr\" role=\"row\">\n<th class=\"c-product-all-details-table__th\" role=\"rowheader\">Configuration syst\u00e8me minimale requise pour Macintosh<\/th>\n<td class=\"c-product-all-details-table__td m-text-rte\" role=\"cell\"><span data-processed-by-js=\"true\">2\u00a0Go d\u2019espace disponible sur le disque dur, connexion Internet ou port USB, pour plus d\u2019informations sur la configuration mat\u00e9rielle requise pour le syst\u00e8me d\u2019exploitation, consultez le site\u00a0<a tabindex=\"100\" href=\"http:\/\/www.apple.com\/\" target=\"_blank\" rel=\"noopener noreferrer nofollow\">http:\/\/www.apple.com<\/a><\/span><\/td>\n<\/tr>\n<tr class=\"c-product-all-details-table__tr\" role=\"row\">\n<th class=\"c-product-all-details-table__th\" role=\"rowheader\">Configuration minimale du syst\u00e8me<\/th>\n<td class=\"c-product-all-details-table__td m-text-rte\" role=\"cell\"><span data-processed-by-js=\"true\">2 Go d&rsquo;espace disponible sur le disque dur, connexion Internet, port USB, navigateur Internet. Pour conna\u00eetre la configuration mat\u00e9rielle suppl\u00e9mentaire requise pour le syst\u00e8me d&rsquo;exploitation, reportez-vous au site\u00a0<a tabindex=\"100\" href=\"http:\/\/www.microsoft.com\/\" target=\"_blank\" rel=\"noopener noreferrer nofollow\">http:\/\/www.microsoft.com<\/a><\/span><\/td>\n<\/tr>\n<tr class=\"c-product-all-details-table__tr\" role=\"row\">\n<th class=\"c-product-all-details-table__th\" role=\"rowheader\">Ecran<\/th>\n<td class=\"c-product-all-details-table__td m-text-rte\" role=\"cell\">Ecran graphique LCD r\u00e9tro\u00e9clair\u00e9 2 lignes<\/td>\n<\/tr>\n<tr class=\"c-product-all-details-table__tr\" role=\"row\">\n<th class=\"c-product-all-details-table__th\" role=\"rowheader\">Vitesse du processeur<\/th>\n<td class=\"c-product-all-details-table__td m-text-rte\" role=\"cell\">1 200 MHz<\/td>\n<\/tr>\n<tr class=\"c-product-all-details-table__tr\" role=\"row\">\n<th class=\"c-product-all-details-table__th\" role=\"rowheader\">Capacit\u00e9 m\u00e9moire maximale<\/th>\n<td class=\"c-product-all-details-table__td m-text-rte\" role=\"cell\">256 Mo<\/p>\n<p>&nbsp;<\/td>\n<\/tr>\n<tr class=\"c-product-all-details-table__tr\" role=\"row\">\n<th class=\"c-product-all-details-table__th\" role=\"rowheader\">M\u00e9moire<\/th>\n<td class=\"c-product-all-details-table__td m-text-rte\" role=\"cell\">256 Mo<\/td>\n<\/tr>\n<tr class=\"c-product-all-details-table__tr\" role=\"row\">\n<th class=\"c-product-all-details-table__th\" role=\"rowheader\">M\u00e9moire interne<\/th>\n<td class=\"c-product-all-details-table__td m-text-rte\" role=\"cell\">Aucune<\/td>\n<\/tr>\n<tr class=\"c-product-all-details-table__tr\" role=\"row\">\n<th class=\"c-product-all-details-table__th\" role=\"rowheader\">Stockage<\/th>\n<td class=\"c-product-all-details-table__td m-text-rte\" role=\"cell\">Stockage des t\u00e2ches en option via le port h\u00f4te USB arri\u00e8re externe (16 Go min.)<\/td>\n<\/tr>\n<tr class=\"c-product-all-details-table__tr\" role=\"row\">\n<th class=\"c-product-all-details-table__th\" role=\"rowheader\">Syst\u00e8mes d&rsquo;exploitation support\u00e9s<\/th>\n<td class=\"c-product-all-details-table__td m-text-rte\" role=\"cell\"><span data-processed-by-js=\"true\">Syst\u00e8me d&rsquo;exploitation Windows Client (32\/64 bits), Win10, Win8.1, Win 8 Basic, Win8 Pro, Win8 Enterprise, Win8 Enterprise N, Win7 Starter Edition SP1, UPD Win7 Ultimate, Syst\u00e8me d&rsquo;exploitation mobile, iOS, Android, Mac-, Apple\u00ae macOS Sierra v10.12, Apple\u00ae macOS High Sierra v10.13, Apple\u00ae macOS Mojave v10.14, pilote d&rsquo;imprimante s\u00e9par\u00e9 PCL6, Pour plus d&rsquo;informations sur les syst\u00e8mes d&rsquo;exploitation pris en charge, consultez le site\u00a0<a tabindex=\"100\" href=\"http:\/\/support.hp.com\/\" target=\"_self\" rel=\"noopener noreferrer nofollow\">http:\/\/support.hp.com<\/a>, Saisissez le nom de votre produit et recherchez, Cliquez sur les Guides d&rsquo;utilisation et saisissez le nom de votre produit et recherchez le Guide d&rsquo;utilisation, Recherchez le Guide d&rsquo;utilisation de votre (Nom du produit), Recherchez la section des Syst\u00e8mes d&rsquo;exploitation pris en charge, pilotes d&rsquo;imprimante UPD PCL6 \/ PS, Syst\u00e8mes d&rsquo;exploitation pris en charge, Pour plus d&rsquo;informations sur les syst\u00e8mes d&rsquo;exploitation pris en charge, consultez le site\u00a0<a tabindex=\"100\" href=\"https:\/\/www.hp.com\/go\/upd\" target=\"_self\" rel=\"noopener noreferrer nofollow\">www.hp.com\/go\/upd<\/a>\u00a0<\/span><\/td>\n<\/tr>\n<tr class=\"c-product-all-details-table__tr\" role=\"row\">\n<th class=\"c-product-all-details-table__th\" role=\"rowheader\">Gestion d&rsquo;introduction du papier, standard<\/th>\n<td class=\"c-product-all-details-table__td m-text-rte\" role=\"cell\">Bac universel 1 de 100 feuilles; bac d&rsquo;entr\u00e9e 2 de 250 feuilles<\/td>\n<\/tr>\n<tr class=\"c-product-all-details-table__tr\" role=\"row\">\n<th class=\"c-product-all-details-table__th\" role=\"rowheader\">Gestion de sortie du papier, standard<\/th>\n<td class=\"c-product-all-details-table__td m-text-rte\" role=\"cell\">Bac de sortie de 150 feuilles<\/td>\n<\/tr>\n<tr class=\"c-product-all-details-table__tr\" role=\"row\">\n<th class=\"c-product-all-details-table__th\" role=\"rowheader\">Gestion d&rsquo;introduction du papier, en option<\/th>\n<td class=\"c-product-all-details-table__td m-text-rte\" role=\"cell\">Troisi\u00e8me bac de 550 feuilles en option<\/td>\n<\/tr>\n<tr class=\"c-product-all-details-table__tr\" role=\"row\">\n<th class=\"c-product-all-details-table__th\" role=\"rowheader\">Gestion du support fini<\/th>\n<td class=\"c-product-all-details-table__td m-text-rte\" role=\"cell\">Alimentation feuille \u00e0 feuille<\/td>\n<\/tr>\n<tr class=\"c-product-all-details-table__tr\" role=\"row\">\n<th class=\"c-product-all-details-table__th\" role=\"rowheader\">Types de supports<\/th>\n<td class=\"c-product-all-details-table__td m-text-rte\" role=\"cell\">Papier (ordinaire, EcoFFICIENT, l\u00e9ger, \u00e9pais, bond, couleur, pr\u00e9imprim\u00e9, perfor\u00e9, recycl\u00e9, brouillon); Enveloppes; \u00c9tiquettes<\/td>\n<\/tr>\n<tr class=\"c-product-all-details-table__tr\" role=\"row\">\n<th class=\"c-product-all-details-table__th\" role=\"rowheader\">Formats de supports pris en charge<\/th>\n<td class=\"c-product-all-details-table__td m-text-rte\" role=\"cell\">Bac d&rsquo;alimentation 1, bac d&rsquo;alimentation 2 : A4; A5; A6; B5 (JIS); B6 (JIS); 16K (195 x 270 mm, 184 x 260 mm, 197 x 273 mm); 10 x 15 cm; Oficio (216 x 340 mm); Cartes postales (JIS simple, JIS double); Enveloppes (DL, C5, B5); Bac d&rsquo;alimentation 3 en option : A4; A5; A6; B5 (JIS); B6 (JIS); 16K (195 x 270 mm, 184 x 260 mm, 197 x 273 mm); 10 x 15 cm; Oficio (216 x 340 mm); Cartes postales (JIS simple, JIS double); Unit\u00e9 d&rsquo;impression recto-verso automatique : A4; B5; 16K (195 x 270 mm, 184 x 260 mm; 197 x 273 mm); Oficio (216 x 340 mm)<\/td>\n<\/tr>\n<tr class=\"c-product-all-details-table__tr\" role=\"row\">\n<th class=\"c-product-all-details-table__th\" role=\"rowheader\">Tailles de support, personnalis\u00e9es<\/th>\n<td class=\"c-product-all-details-table__td m-text-rte\" role=\"cell\">Bac\u00a01\u00a0: 76 x 127 \u00e0 216 x 356 mm\u00a0 ; Bac\u00a02, bac 3 en option\u00a0: 100\u00a0x\u00a0148 \u00e0 216\u00a0x\u00a0356\u00a0mm<\/td>\n<\/tr>\n<tr class=\"c-product-all-details-table__tr\" role=\"row\">\n<th class=\"c-product-all-details-table__th\" role=\"rowheader\">Consommation \u00e9lectrique<\/th>\n<td class=\"c-product-all-details-table__td m-text-rte\" role=\"cell\">495 watts (Impression active), 5,5 watts (Pr\u00eat), 0,5 watt (Veille), 0,5 watt (Arr\u00eat automatique\/wake on LAN, d\u00e9sactiv\u00e9 \u00e0 l&rsquo;exp\u00e9dition) 0,05 watt (Arr\u00eat automatique\/Marche manuelle), 0,05 watt (Arr\u00eat\u00a0<span class=\"m-text-nowrap\">manuel)<span class=\"c-footnote-container\">\u00a0<sup><span class=\"footnote__number\">5<\/span><\/sup><\/span><\/span><\/td>\n<\/tr>\n<tr class=\"c-product-all-details-table__tr\" role=\"row\">\n<th class=\"c-product-all-details-table__th\" role=\"rowheader\">Alimentation<\/th>\n<td class=\"c-product-all-details-table__td m-text-rte\" role=\"cell\">Tension d\u2019entr\u00e9e de 110 V : 110 \u00e0 127 VCA (+\/- 10 %), 50\/60 Hz (+\/- 2 Hz); Tension d\u2019entr\u00e9e de 220 V : 220 \u00e0 240 VCA (+\/- 10 %), 50\/60 Hz (+\/- 2 Hz) (pas de tension double, le produit varie selon le num\u00e9ro de r\u00e9f\u00e9rence avec l\u2019identifiant de code d\u2019option). Pas de tension double, le module d\u2019alimentation varie selon le num\u00e9ro de r\u00e9f\u00e9rence avec l\u2019identifiant de code d\u2019option.<\/td>\n<\/tr>\n<tr class=\"c-product-all-details-table__tr\" role=\"row\">\n<th class=\"c-product-all-details-table__th\" role=\"rowheader\">Plage d&rsquo;humidit\u00e9 de fonctionnement<\/th>\n<td class=\"c-product-all-details-table__td m-text-rte\" role=\"cell\">10 \u00e0 80 % d\u2019humidit\u00e9 relative<\/td>\n<\/tr>\n<tr class=\"c-product-all-details-table__tr\" role=\"row\">\n<th class=\"c-product-all-details-table__th\" role=\"rowheader\">Plage de taux d&rsquo;humidit\u00e9 en fonctionnement recommand\u00e9e<\/th>\n<td class=\"c-product-all-details-table__td m-text-rte\" role=\"cell\">30 \u00e0 70% d\u2019humidit\u00e9 relative<\/td>\n<\/tr>\n<tr class=\"c-product-all-details-table__tr\" role=\"row\">\n<th class=\"c-product-all-details-table__th\" role=\"rowheader\">Plage de temp\u00e9ratures en fonctionnement<\/th>\n<td class=\"c-product-all-details-table__td m-text-rte\" role=\"cell\">15 \u00e0 32,5\u00b0C<\/td>\n<\/tr>\n<tr class=\"c-product-all-details-table__tr\" role=\"row\">\n<th class=\"c-product-all-details-table__th\" role=\"rowheader\">Conforme Blue Angel<\/th>\n<td class=\"c-product-all-details-table__td m-text-rte\" role=\"cell\">Oui, le Blue Angel DE-UZ 219\u00a0: garanti seulement avec les consommables HP authentiques<\/td>\n<\/tr>\n<tr class=\"c-product-all-details-table__tr\" role=\"row\">\n<th class=\"c-product-all-details-table__th\" role=\"rowheader\">Num\u00e9ro de consommation d&rsquo;\u00e9lectricit\u00e9 typique<\/th>\n<td class=\"c-product-all-details-table__td m-text-rte\" role=\"cell\">Blue\u00a0Angel\u00a0: 1,10\u00a0kWh\/semaine; Energy Star 3.0\u00a0: 0,371\u00a0<span class=\"m-text-nowrap\">kWh\/semaine<span class=\"c-footnote-container\">\u00a0<sup><span class=\"footnote__number\">6<\/span><\/sup><\/span><\/span>\u00a0<span class=\"footnotes\">(Le TEC Blue Angel \u00e9quivaut au meilleur TEC. Les sp\u00e9cifications d&rsquo;alimentation \u00e9lectrique varient selon le pays\/la r\u00e9gion de vente de l&rsquo;imprimante. Respectez les tensions de fonctionnement. Une tension inappropri\u00e9e endommagerait l&rsquo;imprimante et annulerait la garantie du produit. Valeur Energy Star g\u00e9n\u00e9ralement bas\u00e9e sur la mesure d&rsquo;un p\u00e9riph\u00e9rique de 115V.)<\/span><\/td>\n<\/tr>\n<tr class=\"c-product-all-details-table__tr\" role=\"row\">\n<th class=\"c-product-all-details-table__th\" role=\"rowheader\">Technologie d&rsquo;\u00e9conomie d&rsquo;\u00e9nergie<\/th>\n<td class=\"c-product-all-details-table__td m-text-rte\" role=\"cell\">Technologie HP Auto-On \/ Auto-Off\u00a0 ; Technologie de fusion instantan\u00e9e HP<\/td>\n<\/tr>\n<tr class=\"c-product-all-details-table__tr\" role=\"row\">\n<th class=\"c-product-all-details-table__th\" role=\"rowheader\">Labels \u00e9cologiques<\/th>\n<td class=\"c-product-all-details-table__td m-text-rte\" role=\"cell\">Certifi\u00e9 ENERGY STAR\u00ae ; EPEAT\u00ae Silver ; CECP\u00a0<span class=\"m-text-nowrap\">;<span class=\"c-footnote-container\">\u00a0<sup><span class=\"footnote__number\">7<\/span><\/sup><\/span><\/span><\/td>\n<\/tr>\n<tr class=\"c-product-all-details-table__tr\" role=\"row\">\n<th class=\"c-product-all-details-table__th\" role=\"rowheader\">Certification Energy Star<\/th>\n<td class=\"c-product-all-details-table__td m-text-rte\" role=\"cell\">Oui<\/td>\n<\/tr>\n<tr class=\"c-product-all-details-table__tr\" role=\"row\">\n<th class=\"c-product-all-details-table__th\" role=\"rowheader\">S\u00e9curit\u00e9<\/th>\n<td class=\"c-product-all-details-table__td m-text-rte\" role=\"cell\">CEI 60950-1:2005+A1:2009+A2:2013\/EN 60950-1:2006+A11:2009+A1:2010+A12:2011+A2:2013; CEI 60825-1:2014\/EN 60825-1:2014 (Produit laser\/LED de classe 1); CEI 62479: 2010\/EN 62479:2010<\/td>\n<\/tr>\n<tr class=\"c-product-all-details-table__tr\" role=\"row\">\n<th class=\"c-product-all-details-table__th\" role=\"rowheader\">Gestion de la s\u00e9curit\u00e9<\/th>\n<td class=\"c-product-all-details-table__td m-text-rte\" role=\"cell\">Secure Boot, Secure Firmware Integrity, Runtime Code Integrity, EWS prot\u00e9g\u00e9 par mot de passe, navigation s\u00e9curis\u00e9e via SSL\/TLS 1.0, TLS 1.1, TLS 1.2; IPP via TLS; R\u00e9seau : activation\/d\u00e9sactivation des fonctionnalit\u00e9s et ports r\u00e9seau, d\u00e9sactivation des protocoles et services inutilis\u00e9s, SNMPv1, SNMPv2 et SNMPv3, modification du mot de passe de la communaut\u00e9; HP ePrint : HTTPS avec validation de certificats, authentification des acc\u00e8s de base HTTP, authentification SASL; Pare-feu et liste de contr\u00f4le d&rsquo;acc\u00e8s; Verrouillage du panneau de commande, configuration de certificats, impression par code UPD PIN, Syslog, microprogramme sign\u00e9, param\u00e8tres d&rsquo;administrateur, authentification 802.1x (EAP-TLS et PEAP); Stockage de donn\u00e9es crypt\u00e9; Effacement s\u00e9curis\u00e9 des donn\u00e9es; Mises \u00e0 jour automatiques du microprogramme; Secure Encrypted Print via le stockage de travaux en option, compatible avec HP JetAdvantage Security Manager propos\u00e9 en option<\/td>\n<\/tr>\n<tr class=\"c-product-all-details-table__tr\" role=\"row\">\n<th class=\"c-product-all-details-table__th\" role=\"rowheader\">Dimensions minimales (L x P x H)<\/th>\n<td class=\"c-product-all-details-table__td m-text-rte\" role=\"cell\">381 x 357 x 216\u00a0<span class=\"m-text-nowrap\">mm<span class=\"c-footnote-container\">\u00a0<sup><span class=\"footnote__number\">8<\/span><\/sup><\/span><\/span>\u00a0<span class=\"footnotes\">(Sans bacs et capots non d\u00e9ploy\u00e9s)<\/span><\/td>\n<\/tr>\n<tr class=\"c-product-all-details-table__tr\" role=\"row\">\n<th class=\"c-product-all-details-table__th\" role=\"rowheader\">Dimensions maximales (L x P x H)<\/th>\n<td class=\"c-product-all-details-table__td m-text-rte\" role=\"cell\">381 x 781 x 241\u00a0<span class=\"m-text-nowrap\">mm<span class=\"c-footnote-container\">\u00a0<sup><span class=\"footnote__number\">8<\/span><\/sup><\/span><\/span>\u00a0<span class=\"footnotes\">(Sans bacs et capots non d\u00e9ploy\u00e9s)<\/span><\/td>\n<\/tr>\n<tr class=\"c-product-all-details-table__tr\" role=\"row\">\n<th class=\"c-product-all-details-table__th\" role=\"rowheader\">Poids<\/th>\n<td class=\"c-product-all-details-table__td m-text-rte\" role=\"cell\">8,56 kg<\/td>\n<\/tr>\n<tr class=\"c-product-all-details-table__tr\" role=\"row\">\n<th class=\"c-product-all-details-table__th\" role=\"rowheader\">Contenu de l\u2019emballage<\/th>\n<td class=\"c-product-all-details-table__td m-text-rte\" role=\"cell\">HP LaserJet Pro M404dn; Toner HP 59A LaserJet noir pr\u00e9install\u00e9 (rendement : 3 000 pages); Guide de d\u00e9marrage; Brochure d&rsquo;assistance; Guide de garantie; Fiche r\u00e9glementaire; Cordon\u00a0<span class=\"m-text-nowrap\">d&rsquo;alimentation<span class=\"c-footnote-container\">\u00a0<sup><span class=\"footnote__number\">9<\/span><\/sup><\/span><\/span><\/td>\n<\/tr>\n<tr class=\"c-product-all-details-table__tr\" role=\"row\">\n<th class=\"c-product-all-details-table__th\" role=\"rowheader\">Cartouches\/Bouteille d\u2019encre, Nombre<\/th>\n<td class=\"c-product-all-details-table__td m-text-rte\" role=\"cell\">1 (noir)<\/td>\n<\/tr>\n<tr class=\"c-product-all-details-table__tr\" role=\"row\">\n<th class=\"c-product-all-details-table__th\" role=\"rowheader\">Cartouches de remplacement<\/th>\n<td class=\"c-product-all-details-table__td m-text-rte\" role=\"cell\">HP 59A Toner LaserJet noir (3 000 pages) CF259A; HP 59X Toner LaserJet noir (10 000 pages)\u00a0<span class=\"m-text-nowrap\">CF259X<\/span><\/td>\n<\/tr>\n<tr class=\"c-product-all-details-table__tr\" role=\"row\">\n<th class=\"c-product-all-details-table__th\" role=\"rowheader\">Garantie fabricant<\/th>\n<td class=\"c-product-all-details-table__td m-text-rte\" role=\"cell\"><span data-processed-by-js=\"true\">Garantie avec retour et r\u00e9paration \u00e0 l&rsquo;atelier d&rsquo;un an. La garantie et les options d&rsquo;assistance peuvent varier selon le produit le pays et les sp\u00e9cifications juridiques locales. Consultez votre vendeur agr\u00e9\u00e9 ou rendez-vous sur le site\u00a0<a tabindex=\"100\" href=\"http:\/\/www.hp.com\/support\" target=\"_self\" rel=\"noopener noreferrer nofollow\">http:\/\/www.hp.com\/support<\/a>\u00a0pour conna\u00eetre les options prim\u00e9es de garantie et d&rsquo;assistance HP dans votre r\u00e9gion. (code de garantie 4E; ID garantie A033)<\/span><\/td>\n<\/tr>\n<\/tbody>\n<\/table>\n","protected":false},"excerpt":{"rendered":"<p>Vitesse d&rsquo;impression noir: 38 pages par minute (norme ISO)<br \/>\nQualit\u00e9 d&rsquo;impression noire: 1200 x 1200 ppp<br \/>\nVolume de pages mensuel recommand\u00e9: 750 \u00e0 4 000<br \/>\nImpression recto\/verso: Automatique (par d\u00e9faut)<br \/>\nFonctionne avec: 1 cartouche de\u00a0toner\u00a0noir<br \/>\nConnectivit\u00e9: 1 port USB 2.0 haut d\u00e9bit, 1 port h\u00f4te USB \u00e0 l&rsquo;arri\u00e8re, R\u00e9seau Gigabit Ethernet 10\/100\/1000BASE-T, 802.3az (EEE )<strong>La s\u00e9rie HP LaserJet Pro 4003 remplace la s\u00e9rie HP LaserJet Pro M404.<\/strong><\/p>\n","protected":false},"featured_media":12184,"template":"","meta":[],"product_brand":[],"product_cat":[235],"product_tag":[],"class_list":{"0":"post-12173","1":"product","2":"type-product","3":"status-publish","4":"has-post-thumbnail","6":"product_cat-imprimantes-scanners","8":"first","9":"instock","10":"taxable","11":"shipping-taxable","12":"purchasable","13":"product-type-simple"},"_links":{"self":[{"href":"https:\/\/maisonmpi.com\/shop\/wp-json\/wp\/v2\/product\/12173","targetHints":{"allow":["GET"]}}],"collection":[{"href":"https:\/\/maisonmpi.com\/shop\/wp-json\/wp\/v2\/product"}],"about":[{"href":"https:\/\/maisonmpi.com\/shop\/wp-json\/wp\/v2\/types\/product"}],"version-history":[{"count":2,"href":"https:\/\/maisonmpi.com\/shop\/wp-json\/wp\/v2\/product\/12173\/revisions"}],"predecessor-version":[{"id":12186,"href":"https:\/\/maisonmpi.com\/shop\/wp-json\/wp\/v2\/product\/12173\/revisions\/12186"}],"wp:featuredmedia":[{"embeddable":true,"href":"https:\/\/maisonmpi.com\/shop\/wp-json\/wp\/v2\/media\/12184"}],"wp:attachment":[{"href":"https:\/\/maisonmpi.com\/shop\/wp-json\/wp\/v2\/media?parent=12173"}],"wp:term":[{"taxonomy":"product_brand","embeddable":true,"href":"https:\/\/maisonmpi.com\/shop\/wp-json\/wp\/v2\/product_brand?post=12173"},{"taxonomy":"product_cat","embeddable":true,"href":"https:\/\/maisonmpi.com\/shop\/wp-json\/wp\/v2\/product_cat?post=12173"},{"taxonomy":"product_tag","embeddable":true,"href":"https:\/\/maisonmpi.com\/shop\/wp-json\/wp\/v2\/product_tag?post=12173"}],"curies":[{"name":"wp","href":"https:\/\/api.w.org\/{rel}","templated":true}]}}