{"id":12204,"date":"2025-01-30T10:49:37","date_gmt":"2025-01-30T10:49:37","guid":{"rendered":"https:\/\/maisonmpi.com\/shop\/?post_type=product&#038;p=12204"},"modified":"2025-01-30T10:49:38","modified_gmt":"2025-01-30T10:49:38","slug":"imprimante-multifonction-laser-monochrome-canon-i-sensys-mf3010-5252b004ab","status":"publish","type":"product","link":"https:\/\/maisonmpi.com\/shop\/produit\/imprimante-multifonction-laser-monochrome-canon-i-sensys-mf3010-5252b004ab\/","title":{"rendered":"Imprimante Multifonction Laser Monochrome Canon i-SENSYS MF3010 (5252B004AB)"},"content":{"rendered":"<div class=\"product-feature canon-bg--white shared-styles__separator-tb-s\" dir=\"ltr\">\n<div class=\"container\">\n<div class=\"product-feature__wrapper\">\n<h2 class=\"product-feature__header canon-section-title--big canon-mb-m\">Caract\u00e9ristiques<\/h2>\n<ul class=\"product-feature__list product-feature__list--full-width canon-mb-xs\">\n<li class=\"product-feature__item\">\n<div class=\"product-feature__item-description\">\n<div class=\"product-feature__item-header canon-paragraph--heading\">Vitesse d&rsquo;impression<\/div>\n<p class=\"canon-paragraph--title-small\">Jusqu&rsquo;\u00e0 18\u00a0ppm (A4)<\/p>\n<\/div>\n<\/li>\n<li class=\"product-feature__item\">\n<div class=\"product-feature__item-description\">\n<div class=\"product-feature__item-header canon-paragraph--heading\">M\u00e9thode d&rsquo;impression<\/div>\n<p class=\"canon-paragraph--title-small\">Impression monochrome par syst\u00e8me \u00e0 faisceau laser<\/p>\n<\/div>\n<\/li>\n<li class=\"product-feature__item\">\n<div class=\"product-feature__item-description\">\n<div class=\"product-feature__item-header canon-paragraph--heading\">Qualit\u00e9 d&rsquo;impression<\/div>\n<p class=\"canon-paragraph--title-small\">Jusqu&rsquo;\u00e0 1200\u00a0\u00d7\u00a0600\u00a0ppp avec la fonction de lissage automatique de l&rsquo;image<\/p>\n<\/div>\n<\/li>\n<li class=\"product-feature__item\">\n<div class=\"product-feature__item-description\">\n<div class=\"product-feature__item-header canon-paragraph--heading\">Temps de sortie de la premi\u00e8re impression<\/div>\n<p class=\"canon-paragraph--title-small\">7,8\u00a0s<\/p>\n<\/div>\n<\/li>\n<li class=\"product-feature__item\">\n<div class=\"product-feature__item-description\">\n<div class=\"product-feature__item-header canon-paragraph--heading\">R\u00e9solution d&rsquo;impression<\/div>\n<p class=\"canon-paragraph--title-small\">600 x 400 ppp<\/p>\n<\/div>\n<\/li>\n<li class=\"product-feature__item\">\n<div class=\"product-feature__item-description\">\n<div class=\"product-feature__item-header canon-paragraph--heading\">Langages d&rsquo;impression<\/div>\n<p class=\"canon-paragraph--title-small\">UFRII-LT<\/p>\n<\/div>\n<\/li>\n<li class=\"product-feature__item\">\n<div class=\"product-feature__item-description\">\n<div class=\"product-feature__item-header canon-paragraph--heading\">Marges d&rsquo;impression<\/div>\n<p class=\"canon-paragraph--title-small\">5\u00a0mm haut, 6\u00a0mm bas\u00a0; 5\u00a0mm gauche et droite<\/p>\n<\/div>\n<\/li>\n<li class=\"product-feature__item\">\n<div class=\"product-feature__item-description\">\n<div class=\"product-feature__item-header canon-paragraph--heading\">Mode \u00e9conomie d&rsquo;encre<\/div>\n<p class=\"canon-paragraph--title-small\">Oui<\/p>\n<\/div>\n<\/li>\n<\/ul>\n<\/div>\n<\/div>\n<\/div>\n<section class=\"flex-global-style__old-template product-specification-detail\" dir=\"ltr\">\n<div class=\"container\">\n<div class=\"product-specification-detail__item-wrapper\">\n<h2 class=\"product-specification-detail__main-title canon-section-title--big canon-mb-xm\">Caract\u00e9ristiques d\u00e9taill\u00e9es<\/h2>\n<h3 class=\"product-specification-detail__sub-title canon-section-title--small canon-mb-s\">Sp\u00e9cifications d&rsquo;impression<\/h3>\n<ul class=\"product-specification-detail__list canon-mb-xm\">\n<li class=\"product-specification-detail__list-line\n canon-mb-xxs\">\n<div class=\"product-specification-detail__list-key\n\tcanon-paragraph--big\">Vitesse d&rsquo;impression<\/div>\n<div class=\"product-specification-detail__value-wrapper\">\n<div class=\"product-specification-detail__list-value\n canon-paragraph--big\">Jusqu&rsquo;\u00e0 18\u00a0ppm (A4)<\/div>\n<\/div>\n<\/li>\n<li class=\"product-specification-detail__list-line\n canon-mb-xxs\">\n<div class=\"product-specification-detail__list-key\n\tcanon-paragraph--big\">M\u00e9thode d&rsquo;impression<\/div>\n<div class=\"product-specification-detail__value-wrapper\">\n<div class=\"product-specification-detail__list-value\n canon-paragraph--big\">Impression monochrome par syst\u00e8me \u00e0 faisceau laser<\/div>\n<\/div>\n<\/li>\n<li class=\"product-specification-detail__list-line\n canon-mb-xxs\">\n<div class=\"product-specification-detail__list-key\n\tcanon-paragraph--big\">Qualit\u00e9 d&rsquo;impression<\/div>\n<div class=\"product-specification-detail__value-wrapper\">\n<div class=\"product-specification-detail__list-value\n canon-paragraph--big\">Jusqu&rsquo;\u00e0 1200\u00a0\u00d7\u00a0600\u00a0ppp avec la fonction de lissage automatique de l&rsquo;image<\/div>\n<\/div>\n<\/li>\n<li class=\"product-specification-detail__list-line\n canon-mb-xxs\">\n<div class=\"product-specification-detail__list-key\n\tcanon-paragraph--big\">R\u00e9solution d&rsquo;impression<\/div>\n<div class=\"product-specification-detail__value-wrapper\">\n<div class=\"product-specification-detail__list-value\n canon-paragraph--big\">600\u00a0\u00d7\u00a0400\u00a0ppp<\/div>\n<\/div>\n<\/li>\n<li class=\"product-specification-detail__list-line\n canon-mb-xxs\">\n<div class=\"product-specification-detail__list-key\n\tcanon-paragraph--big\">Temps de pr\u00e9chauffage<\/div>\n<div class=\"product-specification-detail__value-wrapper\">\n<div class=\"product-specification-detail__list-value\n canon-paragraph--big\">10\u00a0secondes environ depuis la mise sous tension<\/div>\n<\/div>\n<\/li>\n<li class=\"product-specification-detail__list-line\n canon-mb-xxs\">\n<div class=\"product-specification-detail__list-key\n\tcanon-paragraph--big\">Temps de sortie de la premi\u00e8re impression<\/div>\n<div class=\"product-specification-detail__value-wrapper\">\n<div class=\"product-specification-detail__list-value\n canon-paragraph--big\">7,8\u00a0s<\/div>\n<\/div>\n<\/li>\n<li class=\"product-specification-detail__list-line\n canon-mb-xxs\">\n<div class=\"product-specification-detail__list-key\n\tcanon-paragraph--big\">Langages d&rsquo;impression<\/div>\n<div class=\"product-specification-detail__value-wrapper\">\n<div class=\"product-specification-detail__list-value\n canon-paragraph--big\">UFRII-LT<\/div>\n<\/div>\n<\/li>\n<li class=\"product-specification-detail__list-line\n canon-mb-xxs\">\n<div class=\"product-specification-detail__list-key\n\tcanon-paragraph--big\">Marges d&rsquo;impression<\/div>\n<div class=\"product-specification-detail__value-wrapper\">\n<div class=\"product-specification-detail__list-value\n canon-paragraph--big\">5\u00a0mm haut, 6\u00a0mm bas\u00a0; 5\u00a0mm gauche et droite<\/div>\n<\/div>\n<\/li>\n<li class=\"product-specification-detail__list-line\n canon-mb-xxs\">\n<div class=\"product-specification-detail__list-key\n\tcanon-paragraph--big\">Mode d&rsquo;\u00e9conomie d&rsquo;encre<\/div>\n<div class=\"product-specification-detail__value-wrapper\">\n<div class=\"product-specification-detail__list-value\n canon-paragraph--big\">Oui<\/div>\n<\/div>\n<\/li>\n<\/ul>\n<h3 class=\"product-specification-detail__sub-title canon-section-title--small canon-mb-s\">Sp\u00e9cifications de copie<\/h3>\n<ul class=\"product-specification-detail__list canon-mb-xm\">\n<li class=\"product-specification-detail__list-line\n canon-mb-xxs\">\n<div class=\"product-specification-detail__list-key\n\tcanon-paragraph--big\">Vitesse de copie<\/div>\n<div class=\"product-specification-detail__value-wrapper\">\n<div class=\"product-specification-detail__list-value\n canon-paragraph--big\">Jusqu&rsquo;\u00e0 18\u00a0ppm (A4)<\/div>\n<\/div>\n<\/li>\n<li class=\"product-specification-detail__list-line\n canon-mb-xxs\">\n<div class=\"product-specification-detail__list-key\n\tcanon-paragraph--big\">Temps de sortie de la premi\u00e8re copie<\/div>\n<div class=\"product-specification-detail__value-wrapper\">\n<div class=\"product-specification-detail__list-value\n canon-paragraph--big\">Env. 12\u00a0secondes maximum<\/div>\n<\/div>\n<\/li>\n<li class=\"product-specification-detail__list-line\n canon-mb-xxs\">\n<div class=\"product-specification-detail__list-key\n\tcanon-paragraph--big\">R\u00e9solution de copie<\/div>\n<div class=\"product-specification-detail__value-wrapper\">\n<div class=\"product-specification-detail__list-value\n canon-paragraph--big\">Jusqu&rsquo;\u00e0 600\u00a0\u00d7\u00a0600\u00a0ppp<\/div>\n<\/div>\n<\/li>\n<li class=\"product-specification-detail__list-line\n canon-mb-xxs\">\n<div class=\"product-specification-detail__list-key\n\tcanon-paragraph--big\">Modes de copie<\/div>\n<div class=\"product-specification-detail__value-wrapper\">\n<div class=\"product-specification-detail__list-value\n canon-paragraph--big\">Texte, Texte\/Photo, Texte\/Photo+, Photo<\/div>\n<\/div>\n<\/li>\n<li class=\"product-specification-detail__list-line\n canon-mb-xxs\">\n<div class=\"product-specification-detail__list-key\n\tcanon-paragraph--big\">Copies multiples<\/div>\n<div class=\"product-specification-detail__value-wrapper\">\n<div class=\"product-specification-detail__list-value\n canon-paragraph--big\">Jusqu&rsquo;\u00e0 9\u00a0copies<\/div>\n<\/div>\n<\/li>\n<li class=\"product-specification-detail__list-line\n canon-mb-xxs\">\n<div class=\"product-specification-detail__list-key\n\tcanon-paragraph--big\">R\u00e9duction \/ Agrandissement<\/div>\n<div class=\"product-specification-detail__value-wrapper\">\n<div class=\"product-specification-detail__list-value\n canon-paragraph--big\">50 \u00e0 200\u00a0% par incr\u00e9ments de 10\u00a0%<\/div>\n<\/div>\n<\/li>\n<li class=\"product-specification-detail__list-line\n canon-mb-xxs\">\n<div class=\"product-specification-detail__list-key\n\tcanon-paragraph--big\">Autres caract\u00e9ristiques<\/div>\n<div class=\"product-specification-detail__value-wrapper\">\n<div class=\"product-specification-detail__list-value\n canon-paragraph--big\">2 en 1, copie de cartes d&rsquo;identit\u00e9<\/div>\n<\/div>\n<\/li>\n<\/ul>\n<h3 class=\"product-specification-detail__sub-title canon-section-title--small canon-mb-s\">Sp\u00e9cifications de num\u00e9risation<\/h3>\n<ul class=\"product-specification-detail__list canon-mb-xm\">\n<li class=\"product-specification-detail__list-line\n canon-mb-xxs\">\n<div class=\"product-specification-detail__list-key\n\tcanon-paragraph--big\">Type standard<\/div>\n<div class=\"product-specification-detail__value-wrapper\">\n<div class=\"product-specification-detail__list-value\n canon-paragraph--big\">Couleur<\/div>\n<\/div>\n<\/li>\n<li class=\"product-specification-detail__list-line\n canon-mb-xxs\">\n<div class=\"product-specification-detail__list-key\n\tcanon-paragraph--big\">R\u00e9solution de num\u00e9risation<\/div>\n<div class=\"product-specification-detail__value-wrapper\">\n<div class=\"product-specification-detail__list-value\n canon-paragraph--big\">Optique\u00a0: jusqu&rsquo;\u00e0 600\u00a0\u00d7\u00a0600\u00a0ppp<br \/>\nAm\u00e9lior\u00e9e\u00a0: jusqu&rsquo;\u00e0 9600\u00a0\u00d7\u00a09600\u00a0ppp<\/div>\n<\/div>\n<\/li>\n<li class=\"product-specification-detail__list-line\n canon-mb-xxs\">\n<div class=\"product-specification-detail__list-key\n\tcanon-paragraph--big\">Profondeur de num\u00e9risation de couleur<\/div>\n<div class=\"product-specification-detail__value-wrapper\">\n<div class=\"product-specification-detail__list-value\n canon-paragraph--big\">24\u00a0bits\/24\u00a0bits (entr\u00e9e\/sortie)<\/div>\n<\/div>\n<\/li>\n<li class=\"product-specification-detail__list-line\n canon-mb-xxs\">\n<div class=\"product-specification-detail__list-key\n\tcanon-paragraph--big\">Niveaux de gris<\/div>\n<div class=\"product-specification-detail__value-wrapper\">\n<div class=\"product-specification-detail__list-value\n canon-paragraph--big\">256\u00a0niveaux<\/div>\n<\/div>\n<\/li>\n<li class=\"product-specification-detail__list-line\n canon-mb-xxs\">\n<div class=\"product-specification-detail__list-key\n\tcanon-paragraph--big\">Compatibilit\u00e9<\/div>\n<div class=\"product-specification-detail__value-wrapper\">\n<div class=\"product-specification-detail__list-value\n canon-paragraph--big\">TWAIN, WIA<\/div>\n<\/div>\n<\/li>\n<li class=\"product-specification-detail__list-line\n canon-mb-xxs\">\n<div class=\"product-specification-detail__list-key\n\tcanon-paragraph--big\">Largeur maximale de la num\u00e9risation<\/div>\n<div class=\"product-specification-detail__value-wrapper\">\n<div class=\"product-specification-detail__list-value\n canon-paragraph--big\">216\u00a0mm<\/div>\n<\/div>\n<\/li>\n<\/ul>\n<h3 class=\"product-specification-detail__sub-title canon-section-title--small canon-mb-s\">Gestion des supports<\/h3>\n<ul class=\"product-specification-detail__list canon-mb-xm\">\n<li class=\"product-specification-detail__list-line\n canon-mb-xxs\">\n<div class=\"product-specification-detail__list-key\n\tcanon-paragraph--big\">Type de scanner<\/div>\n<div class=\"product-specification-detail__value-wrapper\">\n<div class=\"product-specification-detail__list-value\n canon-paragraph--big\">Num\u00e9risation \u00e0 plat<\/div>\n<\/div>\n<\/li>\n<li class=\"product-specification-detail__list-line\n canon-mb-xxs\">\n<div class=\"product-specification-detail__list-key\n\tcanon-paragraph--big\">Chargeur papier (standard)<\/div>\n<div class=\"product-specification-detail__value-wrapper\">\n<div class=\"product-specification-detail__list-value\n canon-paragraph--big\">Bac de 150\u00a0feuilles<\/div>\n<\/div>\n<\/li>\n<li class=\"product-specification-detail__list-line\n canon-mb-xxs\">\n<div class=\"product-specification-detail__list-key\n\tcanon-paragraph--big\">Sortie papier<\/div>\n<div class=\"product-specification-detail__value-wrapper\">\n<div class=\"product-specification-detail__list-value\n canon-paragraph--big\">100\u00a0feuilles<\/div>\n<\/div>\n<\/li>\n<li class=\"product-specification-detail__list-line\n canon-mb-xxs\">\n<div class=\"product-specification-detail__list-key\n\tcanon-paragraph--big\">Types de m\u00e9dia<\/div>\n<div class=\"product-specification-detail__value-wrapper\">\n<div class=\"product-specification-detail__list-value\n canon-paragraph--big\">Papier ordinaire, papier \u00e9pais, papier recycl\u00e9, transparent,<br \/>\n\u00e9tiquettes, enveloppes<\/div>\n<\/div>\n<\/li>\n<li class=\"product-specification-detail__list-line\n canon-mb-xxs\">\n<div class=\"product-specification-detail__list-key\n\tcanon-paragraph--big\">Formats de support<\/div>\n<div class=\"product-specification-detail__value-wrapper\">\n<div class=\"product-specification-detail__list-value\n canon-paragraph--big\">Bac\u00a0:<br \/>\nA4, B5, A5, Executive, enveloppes (COM10, Monarch, DL,<br \/>\nB5, C5), LTR, LGL, Statement, formats personnalis\u00e9s\u00a0: largeur 76\u00a0\u00d7<br \/>\n216\u00a0mm\u00a0;<br \/>\nlongueur 127\u00a0\u00d7\u00a0356\u00a0mm.<\/div>\n<\/div>\n<\/li>\n<li class=\"product-specification-detail__list-line\n canon-mb-xxs\">\n<div class=\"product-specification-detail__list-key\n\tcanon-paragraph--big\">Grammages de supports<\/div>\n<div class=\"product-specification-detail__value-wrapper\">\n<div class=\"product-specification-detail__list-value\n canon-paragraph--big\">Bac\u00a0: 60\u00a0\u00e0 163\u00a0g\/m\u00b2<\/div>\n<\/div>\n<\/li>\n<\/ul>\n<h3 class=\"product-specification-detail__sub-title canon-section-title--small canon-mb-s\">Interface et logiciels<\/h3>\n<ul class=\"product-specification-detail__list canon-mb-xm\">\n<li class=\"product-specification-detail__list-line\n canon-mb-xxs\">\n<div class=\"product-specification-detail__list-key\n\tcanon-paragraph--big\">Type d&rsquo;interface<\/div>\n<div class=\"product-specification-detail__value-wrapper\">\n<div class=\"product-specification-detail__list-value\n canon-paragraph--big\">USB\u00a02.0 Haute Vitesse<\/div>\n<\/div>\n<\/li>\n<li class=\"product-specification-detail__list-line\n canon-mb-xxs\">\n<div class=\"product-specification-detail__list-key\n\tcanon-paragraph--big\">Compatibilit\u00e9 avec syst\u00e8mes d&rsquo;exploitation<\/div>\n<div class=\"product-specification-detail__value-wrapper\">\n<div class=\"product-specification-detail__list-value\n canon-paragraph--big\">Windows\u00ae\u00a011\u00a0\/ Windows\u00ae\u00a010\u00a0\/ Windows\u00ae\u00a08.1\u00a0\/<br \/>\nServer\u00ae\u00a02022\u00a0\/ Server\u00ae\u00a02019\u00a0\/ Server\u00ae\u00a02016\u00a0\/<br \/>\nServer\u00ae\u00a02012\u00a0R2\u00a0\/ Server\u00ae\u00a02012\u00a0\/ Server\u00ae\u00a02008\u00a0R2\u00a0\/<br \/>\nServer\u00ae\u00a02008<br \/>\nMac OS X version 10.4.9 &#8211; 10.7.x 1 Linux 2<\/div>\n<\/div>\n<\/li>\n<li class=\"product-specification-detail__list-line\n canon-mb-xxs\">\n<div class=\"product-specification-detail__list-key\n\tcanon-paragraph--big\">Gestion du logiciel et de l&rsquo;imprimante<\/div>\n<div class=\"product-specification-detail__value-wrapper\">\n<div class=\"product-specification-detail__list-value\n canon-paragraph--big\">Presto! Page Manager, MF Toolbox<\/div>\n<\/div>\n<\/li>\n<\/ul>\n<h3 class=\"product-specification-detail__sub-title canon-section-title--small canon-mb-s\">Caract\u00e9ristiques g\u00e9n\u00e9rales<\/h3>\n<ul class=\"product-specification-detail__list canon-mb-xm\">\n<li class=\"product-specification-detail__list-line\n canon-mb-xxs\">\n<div class=\"product-specification-detail__list-key\n\tcanon-paragraph--big\">Volume d&rsquo;impression<\/div>\n<div class=\"product-specification-detail__value-wrapper\">\n<div class=\"product-specification-detail__list-value\n canon-paragraph--big\">8000\u00a0pages par mois maximum<\/div>\n<\/div>\n<\/li>\n<li class=\"product-specification-detail__list-line\n canon-mb-xxs\">\n<div class=\"product-specification-detail__list-key\n\tcanon-paragraph--big\">M\u00e9moire<\/div>\n<div class=\"product-specification-detail__value-wrapper\">\n<div class=\"product-specification-detail__list-value\n canon-paragraph--big\">64\u00a0Mo<\/div>\n<\/div>\n<\/li>\n<li class=\"product-specification-detail__list-line\n canon-mb-xxs\">\n<div class=\"product-specification-detail__list-key\n\tcanon-paragraph--big\">Panneau de configuration<\/div>\n<div class=\"product-specification-detail__value-wrapper\">\n<div class=\"product-specification-detail__list-value\n canon-paragraph--big\">DEL \u00e0 1\u00a0chiffre<\/div>\n<\/div>\n<\/li>\n<li class=\"product-specification-detail__list-line\n canon-mb-xxs\">\n<div class=\"product-specification-detail__list-key\n\tcanon-paragraph--big\">Dimensions avec bacs (L\u00a0\u00d7\u00a0P\u00a0\u00d7\u00a0H)<\/div>\n<div class=\"product-specification-detail__value-wrapper\">\n<div class=\"product-specification-detail__list-value\n canon-paragraph--big\">372\u00a0\u00d7\u00a0276\u00a0\u00d7\u00a0254\u00a0mm<\/div>\n<\/div>\n<\/li>\n<li class=\"product-specification-detail__list-line\n canon-mb-xxs\">\n<div class=\"product-specification-detail__list-key\n\tcanon-paragraph--big\">Espace requis pour l&rsquo;installation (L\u00a0\u00d7\u00a0P\u00a0\u00d7\u00a0H)<\/div>\n<div class=\"product-specification-detail__value-wrapper\">\n<div class=\"product-specification-detail__list-value\n canon-paragraph--big\">572\u00a0\u00d7\u00a0632\u00a0\u00d7\u00a0608\u00a0mm<\/div>\n<\/div>\n<\/li>\n<li class=\"product-specification-detail__list-line\n canon-mb-xxs\">\n<div class=\"product-specification-detail__list-key\n\tcanon-paragraph--big\">Grammage<\/div>\n<div class=\"product-specification-detail__value-wrapper\">\n<div class=\"product-specification-detail__list-value\n canon-paragraph--big\">8,2\u00a0kg<\/div>\n<\/div>\n<\/li>\n<li class=\"product-specification-detail__list-line\n canon-mb-xxs\">\n<div class=\"product-specification-detail__list-key\n\tcanon-paragraph--big\">Environnement d&rsquo;utilisation<\/div>\n<div class=\"product-specification-detail__value-wrapper\">\n<div class=\"product-specification-detail__list-value\n canon-paragraph--big\">Temp\u00e9rature\u00a0: 10\u00a0\u00e0\u00a030\u00a0\u00baC (50\u00a0\u00e0\u00a086\u00a0\u00baF)\u00a0; humidit\u00e9 relative\u00a0: 20\u00a0\u00e0<br \/>\n80\u00a0% (sans condensation)<\/div>\n<\/div>\n<\/li>\n<li class=\"product-specification-detail__list-line\n canon-mb-xxs\">\n<div class=\"product-specification-detail__list-key\n\tcanon-paragraph--big\">Alimentation<\/div>\n<div class=\"product-specification-detail__value-wrapper\">\n<div class=\"product-specification-detail__list-value\n canon-paragraph--big\">220-240\u00a0V (\u00b110\u00a0%), 50\/60\u00a0Hz (\u00b12\u00a0Hz)<\/div>\n<\/div>\n<\/li>\n<li class=\"product-specification-detail__list-line\n canon-mb-xxs\">\n<div class=\"product-specification-detail__list-key\n\tcanon-paragraph--big\">Consommation<\/div>\n<div class=\"product-specification-detail__value-wrapper\">\n<div class=\"product-specification-detail__list-value\n canon-paragraph--big\">Maximum\u00a0: environ 960\u00a0W<br \/>\nEn fonctionnement\u00a0: environ 450\u00a0W<br \/>\nMode veille\u00a0: environ 1,4\u00a0W<br \/>\nConsommation \u00e9lectrique typique\u00a0: 0,6\u00a0kWh<\/div>\n<\/div>\n<\/li>\n<li class=\"product-specification-detail__list-line\n canon-mb-xxs\">\n<div class=\"product-specification-detail__list-key\n\tcanon-paragraph--big\">Niveaux de bruit<\/div>\n<div class=\"product-specification-detail__value-wrapper\">\n<div class=\"product-specification-detail__list-value\n canon-paragraph--big\">Puissance sonore<br \/>\nEn fonctionnement\u00a0: 65,3\u00a0dB maximum<br \/>\nEn attente\u00a0: 43\u00a0dB maximum<br \/>\nPression sonore<br \/>\nEn fonctionnement\u00a0: 50,4\u00a0dB<br \/>\nEn veille\u00a0: inaudible<\/div>\n<\/div>\n<\/li>\n<\/ul>\n<h3 class=\"product-specification-detail__sub-title canon-section-title--small canon-mb-s\">Consommables<\/h3>\n<ul class=\"product-specification-detail__list canon-mb-xm\">\n<li class=\"product-specification-detail__list-line\n canon-mb-xxs\">\n<div class=\"product-specification-detail__list-key\n\tcanon-paragraph--big\">Cartouches<\/div>\n<div class=\"product-specification-detail__value-wrapper\">\n<div class=\"product-specification-detail__list-value\n canon-paragraph--big\">Cartouche\u00a0725 (1600\u00a0pages<sup><a class=\"product-specification-detail__link canon-link--blue\" href=\"https:\/\/www.canon.fr\/business\/products\/office-printers\/multifunction\/black-and-white\/i-sensys_mf3010\/specifications\/#footnote-1\" target=\"_blank\" rel=\"noopener\">1<\/a><\/sup>)<sup><a class=\"product-specification-detail__link canon-link--blue\" href=\"https:\/\/www.canon.fr\/business\/products\/office-printers\/multifunction\/black-and-white\/i-sensys_mf3010\/specifications\/#footnote-2\" target=\"_blank\" rel=\"noopener\">2<\/a><\/sup><\/div>\n<\/div>\n<\/li>\n<\/ul>\n<\/div>\n<\/div>\n<\/section>\n","protected":false},"excerpt":{"rendered":"<p>Impression, copie et scan<br \/>\nVitesse d&rsquo;impression noir: Jusqu&rsquo;\u00e0 18 ppm<br \/>\nQualit\u00e9 d&rsquo;impression noire: Jusqu&rsquo;\u00e0 600 \u00d7 400 DPI (ppp)<br \/>\nImpression recto\/verso: Manuelle<br \/>\nFonctionne avec: 1 Cartouche de\u00a0toner\u00a0(noire)<br \/>\nConnectivit\u00e9: 1 port USB 2.0<\/p>\n","protected":false},"featured_media":12211,"template":"","meta":[],"product_brand":[],"product_cat":[235],"product_tag":[],"class_list":{"0":"post-12204","1":"product","2":"type-product","3":"status-publish","4":"has-post-thumbnail","6":"product_cat-imprimantes-scanners","8":"first","9":"instock","10":"taxable","11":"shipping-taxable","12":"purchasable","13":"product-type-simple"},"_links":{"self":[{"href":"https:\/\/maisonmpi.com\/shop\/wp-json\/wp\/v2\/product\/12204","targetHints":{"allow":["GET"]}}],"collection":[{"href":"https:\/\/maisonmpi.com\/shop\/wp-json\/wp\/v2\/product"}],"about":[{"href":"https:\/\/maisonmpi.com\/shop\/wp-json\/wp\/v2\/types\/product"}],"version-history":[{"count":1,"href":"https:\/\/maisonmpi.com\/shop\/wp-json\/wp\/v2\/product\/12204\/revisions"}],"predecessor-version":[{"id":12213,"href":"https:\/\/maisonmpi.com\/shop\/wp-json\/wp\/v2\/product\/12204\/revisions\/12213"}],"wp:featuredmedia":[{"embeddable":true,"href":"https:\/\/maisonmpi.com\/shop\/wp-json\/wp\/v2\/media\/12211"}],"wp:attachment":[{"href":"https:\/\/maisonmpi.com\/shop\/wp-json\/wp\/v2\/media?parent=12204"}],"wp:term":[{"taxonomy":"product_brand","embeddable":true,"href":"https:\/\/maisonmpi.com\/shop\/wp-json\/wp\/v2\/product_brand?post=12204"},{"taxonomy":"product_cat","embeddable":true,"href":"https:\/\/maisonmpi.com\/shop\/wp-json\/wp\/v2\/product_cat?post=12204"},{"taxonomy":"product_tag","embeddable":true,"href":"https:\/\/maisonmpi.com\/shop\/wp-json\/wp\/v2\/product_tag?post=12204"}],"curies":[{"name":"wp","href":"https:\/\/api.w.org\/{rel}","templated":true}]}}