{"id":12214,"date":"2025-01-30T11:05:54","date_gmt":"2025-01-30T11:05:54","guid":{"rendered":"https:\/\/maisonmpi.com\/shop\/?post_type=product&#038;p=12214"},"modified":"2025-01-30T11:05:54","modified_gmt":"2025-01-30T11:05:54","slug":"hp-laserjet-pro-m130nw-imprimante-multifonction-laser-noir-blanc-22-ppm-600-x-1200-usb-wifi-ethernet","status":"publish","type":"product","link":"https:\/\/maisonmpi.com\/shop\/produit\/hp-laserjet-pro-m130nw-imprimante-multifonction-laser-noir-blanc-22-ppm-600-x-1200-usb-wifi-ethernet\/","title":{"rendered":"HP LaserJet Pro M130nw Imprimante Multifonction Laser Noir\/Blanc (22 ppm, 600 x 1200, USB, Wifi, Ethernet)"},"content":{"rendered":"<div class=\"ccs-cc-inline-section ccs-cc-inline-features\" data-elementid=\"inline-content-features[hp]\" data-context=\"{&quot;mobile&quot;:false}\" data-ccs-cc-inline-jumplink=\"Points cl\u00e9s\" data-display-mode=\"noheader\">\n<h2>Pr\u00e9sentation du produit<\/h2>\n<div class=\"ccs-cc-inline-features-block ccs-cc-inline-single-feature\">\n<div class=\"ccs-cc-inline-feature\" data-type=\"text\">\n<div class=\"ccs-cc-inline-feature-content ccs-cc-inline-feature-description\">Travaillez en toute simplicit\u00e9 avec l&rsquo;imprimante multifonction LaserJet la plus petite de HP\u2013 optimis\u00e9e par des toners Jet Intelligence. Imprimez des documents de qualit\u00e9 professionnelle \u00e0 partir d\u2019une large gamme de p\u00e9riph\u00e9riques portables,<sup><a id=\"ccs-f1inline-4ac546\" href=\"https:\/\/www.iris.ma\/7712-imprimante-wi-fi-multifonction-noir-hp-laserjet-pro-m130nw-g3q58a.html#ccs-ft1inline-4ac546\" target=\"_blank\" rel=\"noopener\">1<\/a><\/sup>\u00a0et num\u00e9risez, copiez tout en \u00e9conomisant de l\u2019\u00e9nergie gr\u00e2ce \u00e0 une imprimante multifonction sans fil con\u00e7ue pour une efficacit\u00e9 optimale.<\/div>\n<\/div>\n<\/div>\n<div class=\"ccs-cc-inline-features-block ccs-cc-inline-multicolumn\" data-count=\"2\" data-media=\"false\">\n<div class=\"ccs-cc-inline-feature\">\n<div class=\"ccs-cc-inline-feature-content ccs-cc-inline-feature-description\" data-order=\"0\">\n<h3>Con\u00e7u pour l\u2019efficacit\u00e9<\/h3>\n<p>Imprimez, num\u00e9risez et copiez gr\u00e2ce \u00e0 l&rsquo;imprimante multifonction LaserJet la plus petite de HP con\u00e7ue pour s\u2019adapter aux espaces r\u00e9duits.<\/p><\/div>\n<div class=\"ccs-cc-inline-feature-content ccs-cc-inline-feature-description\" data-order=\"1\">\n<h3>L\u2019impression mobile simplifi\u00e9e<\/h3>\n<p>Imprimez depuis votre iPhone<sup>\u00ae<\/sup>\u00a0et iPad<sup>\u00ae<\/sup>\u00a0avec AirPrint<sup>\u00ae<\/sup>, qui adapte automatiquement les t\u00e2ches d&rsquo;impression \u00e0 la taille de papier correcte.<sup><a id=\"ccs-f2inline-4ac546\" href=\"https:\/\/www.iris.ma\/7712-imprimante-wi-fi-multifonction-noir-hp-laserjet-pro-m130nw-g3q58a.html#ccs-ft2inline-4ac546\" target=\"_blank\" rel=\"noopener\">2<\/a><\/sup><\/div>\n<\/div>\n<\/div>\n<div class=\"ccs-cc-inline-features-block ccs-cc-inline-multicolumn\" data-count=\"2\" data-media=\"false\">\n<div class=\"ccs-cc-inline-feature\">\n<div class=\"ccs-cc-inline-feature-content ccs-cc-inline-feature-description\" data-order=\"0\">\n<h3>La qualit\u00e9 HP, page apr\u00e8s page<\/h3>\n<p>Produisez des textes nets, des noirs fonc\u00e9s et des graphiques pr\u00e9cis gr\u00e2ce \u00e0 la precision du toner noir.<\/p><\/div>\n<\/div>\n<\/div>\n<h2>Sp\u00e9cifications principales<\/h2>\n<div class=\"ccs-cc-inline-features-block ccs-cc-inline-multicolumn\" data-count=\"2\" data-media=\"true\">\n<div class=\"ccs-cc-inline-feature\">\n<div class=\"ccs-cc-inline-feature-content ccs-cc-inline-thumbnail\" data-order=\"0\"><a class=\"ccs-cc-inline-thumbnail-image ccs-cc-inline-thumbnail-media ccs-cc-inline-clickable\" title=\"Imprimez, num\u00e9risez, copiez avec un seul appareil compact agrandir l&#039;image\" href=\"https:\/\/cc.cs.1worldsync.com\/vcs\/hp\/inline-content\/_STD\/px\/px.gif\" data-media-type=\"image\" data-caption=\"Imprimez, num\u00e9risez, copiez avec un seul appareil compact\" target=\"_blank\" rel=\"noopener\"><img decoding=\"async\" src=\"https:\/\/cc.cs.1worldsync.com\/vcs\/hp\/inline-content\/_STD\/px\/px.gif\" alt=\"Imprimez, num\u00e9risez, copiez avec un seul appareil compact\" data-large=\"\" data-alt-text=\"S'il vous pla\u00eet patienter pendant le chargement du contenu...\" aria-label=\"Imprimez, num\u00e9risez, copiez avec un seul appareil compact\" \/><\/a><\/div>\n<div class=\"ccs-cc-inline-feature-content ccs-cc-inline-thumbnail\" data-order=\"1\"><a class=\"ccs-cc-inline-thumbnail-image ccs-cc-inline-thumbnail-media ccs-cc-inline-clickable\" title=\"Impression rapide de la premi\u00e8re page \u00e0 partir du mode pr\u00eat agrandir l&#039;image\" href=\"https:\/\/cdn.cs.1worldsync.com\/syndication\/feeds\/hp\/inline-content\/2Q\/A\/F\/C\/5\/A\/AFC5ABF73BAE26AC6164AD30AC6ED237170C233B_i_75_featurtn.png\" data-media-type=\"image\" data-caption=\"Impression rapide de la premi\u00e8re page \u00e0 partir du mode pr\u00eat\" target=\"_blank\" rel=\"noopener\"><img decoding=\"async\" src=\"https:\/\/cdn.cs.1worldsync.com\/syndication\/feeds\/hp\/inline-content\/2Q\/A\/F\/C\/5\/A\/AFC5ABF73BAE26AC6164AD30AC6ED237170C233B_i_75_featurtn.png\" alt=\"Impression rapide de la premi\u00e8re page \u00e0 partir du mode pr\u00eat\" data-large=\"\" data-alt-text=\"S'il vous pla\u00eet patienter pendant le chargement du contenu...\" aria-label=\"Impression rapide de la premi\u00e8re page \u00e0 partir du mode pr\u00eat\" \/><\/a><\/div>\n<div class=\"ccs-cc-inline-feature-content ccs-cc-inline-feature-description\" data-order=\"0\">\n<h3>Imprimez, num\u00e9risez, copiez avec un seul appareil compact<\/h3>\n<p>Une conception compacte pour placer l&rsquo;imprimante dans des endroits exigus<\/p><\/div>\n<div class=\"ccs-cc-inline-feature-content ccs-cc-inline-feature-description\" data-order=\"1\">\n<h3>Impression rapide de la premi\u00e8re page \u00e0 partir du mode pr\u00eat<\/h3>\n<\/div>\n<\/div>\n<\/div>\n<div class=\"ccs-cc-inline-features-block ccs-cc-inline-multicolumn\" data-count=\"2\" data-media=\"true\">\n<div class=\"ccs-cc-inline-feature\">\n<div class=\"ccs-cc-inline-feature-content ccs-cc-inline-thumbnail\" data-order=\"0\"><a class=\"ccs-cc-inline-thumbnail-image ccs-cc-inline-thumbnail-media ccs-cc-inline-clickable\" title=\"Technologie HP Auto-On\/Auto-Off agrandir l&#039;image\" href=\"https:\/\/cc.cs.1worldsync.com\/vcs\/hp\/inline-content\/_STD\/px\/px.gif\" data-media-type=\"image\" data-caption=\"Technologie HP Auto-On\/Auto-Off\" target=\"_blank\" rel=\"noopener\"><img decoding=\"async\" src=\"https:\/\/cc.cs.1worldsync.com\/vcs\/hp\/inline-content\/_STD\/px\/px.gif\" alt=\"Technologie HP Auto-On\/Auto-Off\" data-large=\"\" data-alt-text=\"S'il vous pla\u00eet patienter pendant le chargement du contenu...\" aria-label=\"Technologie HP Auto-On\/Auto-Off\" \/><\/a><\/div>\n<div class=\"ccs-cc-inline-feature-content ccs-cc-inline-thumbnail\" data-order=\"1\"><a class=\"ccs-cc-inline-thumbnail-image ccs-cc-inline-thumbnail-media ccs-cc-inline-clickable\" title=\"Impression Wi-Fi Direct\u00ae agrandir l&#039;image\" href=\"https:\/\/cc.cs.1worldsync.com\/vcs\/hp\/inline-content\/_STD\/px\/px.gif\" data-media-type=\"image\" data-caption=\"Impression Wi-Fi Direct\u00ae\" target=\"_blank\" rel=\"noopener\"><img decoding=\"async\" src=\"https:\/\/cc.cs.1worldsync.com\/vcs\/hp\/inline-content\/_STD\/px\/px.gif\" alt=\"Impression Wi-Fi Direct\u00ae\" data-large=\"\" data-alt-text=\"S'il vous pla\u00eet patienter pendant le chargement du contenu...\" aria-label=\"Impression Wi-Fi Direct\u00ae\" \/><\/a><\/div>\n<div class=\"ccs-cc-inline-feature-content ccs-cc-inline-feature-description\" data-order=\"0\">\n<h3>Technologie HP Auto-On\/Auto-Off<\/h3>\n<p>Economisez avec la technologie HP Auto-On\/Auto-Off.<\/p><\/div>\n<div class=\"ccs-cc-inline-feature-content ccs-cc-inline-feature-description\" data-order=\"1\">\n<h3>Impression Wi-Fi Direct<sup>\u00ae<\/sup><\/h3>\n<p>Imprimez sans fil depuis votre appareil mobile sans code Wi-Fi ni mot de passe.<\/p><\/div>\n<\/div>\n<\/div>\n<div class=\"ccs-cc-inline-features-block ccs-cc-inline-multicolumn\" data-count=\"2\" data-media=\"true\">\n<div class=\"ccs-cc-inline-feature\">\n<div class=\"ccs-cc-inline-feature-content ccs-cc-inline-thumbnail\" data-order=\"0\"><a class=\"ccs-cc-inline-thumbnail-image ccs-cc-inline-thumbnail-media ccs-cc-inline-clickable\" title=\"Toner noir de pr\u00e9cision agrandir l&#039;image\" href=\"https:\/\/cdn.cs.1worldsync.com\/syndication\/feeds\/hp\/inline-content\/2Q\/4\/9\/6\/8\/F\/4968F5DCEF6F37DD30875784F44D771441734A3E_i_75_featurtn.png\" data-media-type=\"image\" data-caption=\"Toner noir de pr\u00e9cision\" target=\"_blank\" rel=\"noopener\"><img decoding=\"async\" src=\"https:\/\/cdn.cs.1worldsync.com\/syndication\/feeds\/hp\/inline-content\/2Q\/4\/9\/6\/8\/F\/4968F5DCEF6F37DD30875784F44D771441734A3E_i_75_featurtn.png\" alt=\"Toner noir de pr\u00e9cision\" data-large=\"\" data-alt-text=\"S'il vous pla\u00eet patienter pendant le chargement du contenu...\" aria-label=\"Toner noir de pr\u00e9cision\" \/><\/a><\/div>\n<div class=\"ccs-cc-inline-feature-content ccs-cc-inline-feature-description\" data-order=\"0\">\n<h3>Toner noir de pr\u00e9cision<\/h3>\n<p>Les cartouches d&rsquo;encre et toners con\u00e7us par HP sont forts d&rsquo;un d\u00e9veloppement d\u00e9passant les 20 ans pour fournir la qualit\u00e9 d&rsquo;impression la plus \u00e9lev\u00e9e possible<\/p><\/div>\n<\/div>\n<\/div>\n<div class=\"ccs-cc-inline-features-block ccs-cc-inline-single-feature\">\n<div class=\"ccs-cc-inline-feature\" data-type=\"text\">\n<div class=\"ccs-cc-inline-feature-content ccs-cc-inline-feature-description\">\n<h3>Cartouches HP d&rsquo;origine<\/h3>\n<ul>\n<li>HP 17A toner LaserJet noir con\u00e7u par HP CF217A (1 600 pages)<\/li>\n<li>HP 19A tambour d&rsquo;imagerie LaserJet con\u00e7u par HP CF219A (12 000 pages)<\/li>\n<\/ul>\n<\/div>\n<\/div>\n<\/div>\n<h2>Contenu<\/h2>\n<div class=\"ccs-cc-inline-features-block ccs-cc-inline-multicolumn\" data-count=\"2\" data-media=\"false\">\n<div class=\"ccs-cc-inline-feature\">\n<div class=\"ccs-cc-inline-feature-content ccs-cc-inline-feature-description\" data-order=\"0\">\n<h3>Contenu de l&#8217;emballage<\/h3>\n<ul data-inline-hp-inbox=\"\">\n<li>Imprimante multifonctions HP LaserJet Pro M130nw<\/li>\n<li>Toner noir de d\u00e9marrage HP LaserJet (700 pages)<\/li>\n<li>Tambour d&rsquo;imagerie HP LaserJet (12 000 pages)<\/li>\n<li>Cordon d&rsquo;alimentation<\/li>\n<li>C\u00e2ble USB<\/li>\n<li>Guide de mise en route<\/li>\n<li>Poster d&rsquo;installation<\/li>\n<li>Brochure d&rsquo;assistance<\/li>\n<li>Documentation et logiciels de l&rsquo;imprimante sur CD-ROM<\/li>\n<\/ul>\n<\/div>\n<div class=\"ccs-cc-inline-feature-content ccs-cc-inline-feature-description\" data-order=\"1\">\n<h3>c\u00e2ble(s)<\/h3>\n<ul data-inline-hp-cables=\"\">\n<li>Oui, 1 USB<\/li>\n<li>1 port USB PC \u00e0 l&rsquo;imprimante<\/li>\n<\/ul>\n<\/div>\n<\/div>\n<\/div>\n<\/div>\n<div id=\"specification-4ac546\" class=\"ccs-cc-inline-section ccs-cc-inline-specifications\" data-elementid=\"inline-content-specifications[hp]\" data-context=\"{&quot;mobile&quot;:false}\" data-ccs-cc-inline-jumplink=\"Sp\u00e9cifications\" data-display-mode=\"expanded\">\n<h2 class=\"ccs-cc-inline-section-title\" data-ccs-jumplink-container=\"true\"><a class=\"ccs-cc-inline-acc-header\" title=\"Sp\u00e9cifications\" data-ccs-cc-inline-acc-id=\"specification-4ac546\" data-ccs-cc-inline-acc-state=\"expanded\" aria-expanded=\"true\" aria-label=\"Sp\u00e9cifications hides content\">\u00a0Sp\u00e9cifications<\/a><\/h2>\n<div class=\"ccs-cc-inline-acc-content\" data-ccs-cc-inline-acc-id=\"specification-4ac546\">\n<table>\n<tbody>\n<tr class=\"ccs-cc-inline-specs-row\">\n<th class=\"ccs-cc-inline-specification-attribute\" scope=\"row\">Vitesse d&rsquo;impression en noir (ISO, A4)<\/th>\n<td>Jusqu&rsquo;\u00e0 22 ppm<\/td>\n<\/tr>\n<tr class=\"ccs-cc-inline-specs-row\">\n<th class=\"ccs-cc-inline-specification-attribute\" scope=\"row\">D\u00e9lai d&rsquo;impression de la premi\u00e8re page noire (A4, pr\u00eat)<\/th>\n<td>En 7,3 secondes seulement<\/td>\n<\/tr>\n<tr class=\"ccs-cc-inline-specs-row\">\n<th class=\"ccs-cc-inline-specification-attribute\" scope=\"row\">Cycle d&rsquo;utilisation (mensuel, A4)<\/th>\n<td>Jusqu&rsquo;\u00e0 10\u00a0000 pages<\/td>\n<\/tr>\n<tr class=\"ccs-cc-inline-specs-row\">\n<th class=\"ccs-cc-inline-specification-attribute\" scope=\"row\">Volume de pages mensuel recommand\u00e9<\/th>\n<td>150 \u00e0 1500<\/td>\n<\/tr>\n<tr class=\"ccs-cc-inline-specs-row\">\n<th class=\"ccs-cc-inline-specification-attribute\" scope=\"row\">Technologie d&rsquo;impression<\/th>\n<td>Laser<\/td>\n<\/tr>\n<tr class=\"ccs-cc-inline-specs-row\">\n<th class=\"ccs-cc-inline-specification-attribute\" scope=\"row\">Qualit\u00e9 d&rsquo;impression noire (optimale)<\/th>\n<td>Jusqu\u2019\u00e0 600 x 600\u00a0ppp, HP FastRes 1200 (qualit\u00e9 1\u00a0200\u00a0ppp)<\/td>\n<\/tr>\n<tr class=\"ccs-cc-inline-specs-row\">\n<th class=\"ccs-cc-inline-specification-attribute\" scope=\"row\">Ecran<\/th>\n<td>LCD 2\u00a0lignes<\/td>\n<\/tr>\n<tr class=\"ccs-cc-inline-specs-row\">\n<th class=\"ccs-cc-inline-specification-attribute\" scope=\"row\">Fonction HP ePrint<\/th>\n<td>Oui<\/td>\n<\/tr>\n<tr class=\"ccs-cc-inline-specs-row\">\n<th class=\"ccs-cc-inline-specification-attribute\" scope=\"row\">Fonctionnalit\u00e9 d\u2019impression mobile<\/th>\n<td>Apple AirPrint<sup>\u2122<\/sup><br \/>\nHP ePrint<br \/>\nGoogle Cloud Print 2.0<br \/>\nCertification Mopria<br \/>\nWi-Fi Direct<sup>\u00ae<\/sup><\/td>\n<\/tr>\n<tr class=\"ccs-cc-inline-specs-row\">\n<th class=\"ccs-cc-inline-specification-attribute\" scope=\"row\">Fonctionnalit\u00e9s sans fil<\/th>\n<td>Standard (Wi-Fi 802.11b\/g\/n)<\/td>\n<\/tr>\n<tr class=\"ccs-cc-inline-specs-row\">\n<th class=\"ccs-cc-inline-specification-attribute\" scope=\"row\">Connectivit\u00e9, standard<\/th>\n<td>Port USB 2.0 haut d\u00e9bit (p\u00e9riph\u00e9rique)<br \/>\nPort r\u00e9seau Fast Ethernet 10\/100Base-TX int\u00e9gr\u00e9<br \/>\nSans fil<\/td>\n<\/tr>\n<tr class=\"ccs-cc-inline-specs-row\">\n<th class=\"ccs-cc-inline-specification-attribute\" scope=\"row\">Pr\u00eat pour le r\u00e9seau<\/th>\n<td>Standard (Ethernet int\u00e9gr\u00e9, Wi-Fi 802.11b\/g\/n)<\/td>\n<\/tr>\n<tr class=\"ccs-cc-inline-specs-row\">\n<th class=\"ccs-cc-inline-specification-attribute\" scope=\"row\">Syst\u00e8mes d&rsquo;exploitation support\u00e9s<\/th>\n<td>Windows<sup>\u00ae<\/sup>\u00a010, 8.1, 8, 7 : 32 bits\/64 bits, 2 Go d&rsquo;espace disponible sur le disque dur, lecteur de CD-ROM\/DVD ou connexion Internet, port USB, Internet Explorer<br \/>\nWindows Vista<sup>\u00ae<\/sup>\u00a0: 32 bits uniquement, 2 Go d&rsquo;espace disponible sur le disque dur, lecteur de CD-ROM\/DVD ou connexion Internet, port USB, Internet Explorer 8<br \/>\nApple<sup>\u00ae<\/sup>\u00a0OS X EI Capitan (v10.11), OS X Yosemite (v10.10), OS X Mavericks (v10.9), 1 Go d&rsquo;espace disponible sur le disque dur, Internet requis, Linux USB (pour en savoir plus, consultez le site http:\/\/hplipopensource.com\/hplip-web\/index.html)<\/td>\n<\/tr>\n<tr class=\"ccs-cc-inline-specs-row\">\n<th class=\"ccs-cc-inline-specification-attribute\" scope=\"row\">Compatibilit\u00e9 des cartes m\u00e9moire<\/th>\n<td>Non<\/td>\n<\/tr>\n<tr class=\"ccs-cc-inline-specs-row\">\n<th class=\"ccs-cc-inline-specification-attribute\" scope=\"row\">M\u00e9moire<\/th>\n<td>256 Mo<\/td>\n<\/tr>\n<tr class=\"ccs-cc-inline-specs-row\">\n<th class=\"ccs-cc-inline-specification-attribute\" scope=\"row\">Capacit\u00e9 m\u00e9moire maximale<\/th>\n<td>256 Mo<\/td>\n<\/tr>\n<tr class=\"ccs-cc-inline-specs-row\">\n<th class=\"ccs-cc-inline-specification-attribute\" scope=\"row\">M\u00e9moire interne<\/th>\n<td>Non<\/td>\n<\/tr>\n<tr class=\"ccs-cc-inline-specs-row\">\n<th class=\"ccs-cc-inline-specification-attribute\" scope=\"row\">Gestion d&rsquo;introduction du papier, standard<\/th>\n<td>Bac d&rsquo;alimentation de 150\u00a0feuilles<\/td>\n<\/tr>\n<tr class=\"ccs-cc-inline-specs-row\">\n<th class=\"ccs-cc-inline-specification-attribute\" scope=\"row\">Gestion de sortie du papier, standard<\/th>\n<td>Bac de r\u00e9ception (100 feuilles)<\/td>\n<\/tr>\n<tr class=\"ccs-cc-inline-specs-row\">\n<th class=\"ccs-cc-inline-specification-attribute\" scope=\"row\">Impression recto verso<\/th>\n<td>recto verso manuel<\/td>\n<\/tr>\n<tr class=\"ccs-cc-inline-specs-row\">\n<th class=\"ccs-cc-inline-specification-attribute\" scope=\"row\">Formats de supports pris en charge<\/th>\n<td>A4<br \/>\nA5<br \/>\nA6<br \/>\nB5 (JIS)<\/td>\n<\/tr>\n<tr class=\"ccs-cc-inline-specs-row\">\n<th class=\"ccs-cc-inline-specification-attribute\" scope=\"row\">Types de supports<\/th>\n<td>Papier (laser, ordinaire, photo, r\u00e9sistant, vellum), enveloppes, \u00e9tiquettes, papier cartonn\u00e9, cartes postales<\/td>\n<\/tr>\n<tr class=\"ccs-cc-inline-specs-row\">\n<th class=\"ccs-cc-inline-specification-attribute\" scope=\"row\">Type de scanner<\/th>\n<td>\u00c0 plat<\/td>\n<\/tr>\n<tr class=\"ccs-cc-inline-specs-row\">\n<th class=\"ccs-cc-inline-specification-attribute\" scope=\"row\">R\u00e9solution de num\u00e9risation, optique<\/th>\n<td>Jusqu&rsquo;\u00e0 600 ppp (couleur, \u00e0 plat)<br \/>\nJusqu&rsquo;\u00e0 1 200 ppp (monochrome, \u00e0 plat)<\/td>\n<\/tr>\n<tr class=\"ccs-cc-inline-specs-row\">\n<th class=\"ccs-cc-inline-specification-attribute\" scope=\"row\">Taille de num\u00e9risation, maximum<\/th>\n<td>215,9 x 297\u00a0mm<\/td>\n<\/tr>\n<tr class=\"ccs-cc-inline-specs-row\">\n<th class=\"ccs-cc-inline-specification-attribute\" scope=\"row\">Num\u00e9risation avec le chargeur automatique de documents recto-verso<\/th>\n<td>Non<\/td>\n<\/tr>\n<tr class=\"ccs-cc-inline-specs-row\">\n<th class=\"ccs-cc-inline-specification-attribute\" scope=\"row\">Capacit\u00e9 du bac d&rsquo;alimentation automatique<\/th>\n<td>Non<\/td>\n<\/tr>\n<tr class=\"ccs-cc-inline-specs-row\">\n<th class=\"ccs-cc-inline-specification-attribute\" scope=\"row\">Communication num\u00e9rique &#8211; Fonctionnalit\u00e9s standard<\/th>\n<td>Non<\/td>\n<\/tr>\n<tr class=\"ccs-cc-inline-specs-row\">\n<th class=\"ccs-cc-inline-specification-attribute\" scope=\"row\">Vitesse de copie (noir, qualit\u00e9 normale, A4)<\/th>\n<td>Jusqu&rsquo;\u00e0 22\u00a0cpm<\/td>\n<\/tr>\n<tr class=\"ccs-cc-inline-specs-row\">\n<th class=\"ccs-cc-inline-specification-attribute\" scope=\"row\">R\u00e9solution de la copie (texte noir)<\/th>\n<td>Jusqu&rsquo;\u00e0 600 x 600\u00a0ppp<\/td>\n<\/tr>\n<tr class=\"ccs-cc-inline-specs-row\">\n<th class=\"ccs-cc-inline-specification-attribute\" scope=\"row\">Param\u00e8tres de r\u00e9duction\/agrandissement de copies<\/th>\n<td>25 \u00e0 400\u00a0%<\/td>\n<\/tr>\n<tr class=\"ccs-cc-inline-specs-row\">\n<th class=\"ccs-cc-inline-specification-attribute\" scope=\"row\">Labels \u00e9cologiques<\/th>\n<td>Certifi\u00e9 ENERGY STAR<sup>\u00ae<\/sup><\/td>\n<\/tr>\n<tr class=\"ccs-cc-inline-specs-row\">\n<th class=\"ccs-cc-inline-specification-attribute\" scope=\"row\">Conforme Blue Angel<\/th>\n<td>Non<br \/>\nVeuillez vous reporter au document ECI (informations de comparaison des labels \u00e9cologiques)<\/td>\n<\/tr>\n<tr class=\"ccs-cc-inline-specs-row\">\n<th class=\"ccs-cc-inline-specification-attribute\" scope=\"row\">Sp\u00e9cifications relatives \u00e0 l\u2019impact sur le d\u00e9veloppement durable<\/th>\n<td>Sans mercure<\/td>\n<\/tr>\n<tr class=\"ccs-cc-inline-specs-row\">\n<th class=\"ccs-cc-inline-specification-attribute\" scope=\"row\">Plage de temp\u00e9ratures en fonctionnement<\/th>\n<td>15 \u00e0 32,5\u00b0C<\/td>\n<\/tr>\n<tr class=\"ccs-cc-inline-specs-row\">\n<th class=\"ccs-cc-inline-specification-attribute\" scope=\"row\">Plage de taux d&rsquo;humidit\u00e9 en fonctionnement recommand\u00e9e<\/th>\n<td>30 \u00e0 70% d\u2019humidit\u00e9 relative<\/td>\n<\/tr>\n<tr class=\"ccs-cc-inline-specs-row\">\n<th class=\"ccs-cc-inline-specification-attribute\" scope=\"row\">Certification Energy Star<\/th>\n<td>Oui<\/td>\n<\/tr>\n<tr class=\"ccs-cc-inline-specs-row\">\n<th class=\"ccs-cc-inline-specification-attribute\" scope=\"row\">Dimensions minimales (L x P x H)<\/th>\n<td>398 x 288 x 231,1\u00a0mm<\/td>\n<\/tr>\n<tr class=\"ccs-cc-inline-specs-row\">\n<th class=\"ccs-cc-inline-specification-attribute\" scope=\"row\">Dimensions maximales (L x P x H)<\/th>\n<td>398 x 482 x 387,9\u00a0mm<\/td>\n<\/tr>\n<tr class=\"ccs-cc-inline-specs-row\">\n<th class=\"ccs-cc-inline-specification-attribute\" scope=\"row\">Poids<\/th>\n<td>6,8 kg<\/td>\n<\/tr>\n<tr class=\"ccs-cc-inline-specs-row\">\n<th class=\"ccs-cc-inline-specification-attribute\" scope=\"row\">Garantie fabricant<\/th>\n<td>Garantie d&rsquo;un an avec \u00e9change de l&rsquo;unit\u00e9. Les options de garantie et d&rsquo;assistance varient selon le produit, le pays et les obligations juridiques locales. Consultez la page http:\/\/www.hp.com\/support pour conna\u00eetre les options service et assistance HP prim\u00e9es dans votre r\u00e9gion.<\/td>\n<\/tr>\n<\/tbody>\n<\/table>\n<\/div>\n<\/div>\n","protected":false},"excerpt":{"rendered":"<p>Impression, copie et scan<br \/>\nVitesse d&rsquo;impression noir: 22 pages par minute (norme ISO)<br \/>\nQualit\u00e9 d&rsquo;impression noire: Jusqu\u2019\u00e0 600 x 600 DPI (ppp)<br \/>\nVolume de pages mensuel recommand\u00e9: 150 \u00e0 1500 pages\/mois<br \/>\nImpression recto\/verso: Manuelle<br \/>\nFonctionne avec: 1 Cartouche de\u00a0toner\u00a0(noire)<br \/>\nConnectivit\u00e9: 1 port USB 2.0, Ethernet int\u00e9gr\u00e9, Wi-Fi 802.11b\/g\/n<\/p>\n","protected":false},"featured_media":12217,"template":"","meta":[],"product_brand":[],"product_cat":[235],"product_tag":[],"class_list":{"0":"post-12214","1":"product","2":"type-product","3":"status-publish","4":"has-post-thumbnail","6":"product_cat-imprimantes-scanners","8":"first","9":"instock","10":"taxable","11":"shipping-taxable","12":"purchasable","13":"product-type-simple"},"_links":{"self":[{"href":"https:\/\/maisonmpi.com\/shop\/wp-json\/wp\/v2\/product\/12214","targetHints":{"allow":["GET"]}}],"collection":[{"href":"https:\/\/maisonmpi.com\/shop\/wp-json\/wp\/v2\/product"}],"about":[{"href":"https:\/\/maisonmpi.com\/shop\/wp-json\/wp\/v2\/types\/product"}],"version-history":[{"count":1,"href":"https:\/\/maisonmpi.com\/shop\/wp-json\/wp\/v2\/product\/12214\/revisions"}],"predecessor-version":[{"id":12222,"href":"https:\/\/maisonmpi.com\/shop\/wp-json\/wp\/v2\/product\/12214\/revisions\/12222"}],"wp:featuredmedia":[{"embeddable":true,"href":"https:\/\/maisonmpi.com\/shop\/wp-json\/wp\/v2\/media\/12217"}],"wp:attachment":[{"href":"https:\/\/maisonmpi.com\/shop\/wp-json\/wp\/v2\/media?parent=12214"}],"wp:term":[{"taxonomy":"product_brand","embeddable":true,"href":"https:\/\/maisonmpi.com\/shop\/wp-json\/wp\/v2\/product_brand?post=12214"},{"taxonomy":"product_cat","embeddable":true,"href":"https:\/\/maisonmpi.com\/shop\/wp-json\/wp\/v2\/product_cat?post=12214"},{"taxonomy":"product_tag","embeddable":true,"href":"https:\/\/maisonmpi.com\/shop\/wp-json\/wp\/v2\/product_tag?post=12214"}],"curies":[{"name":"wp","href":"https:\/\/api.w.org\/{rel}","templated":true}]}}