{"id":12223,"date":"2025-01-30T14:27:57","date_gmt":"2025-01-30T14:27:57","guid":{"rendered":"https:\/\/maisonmpi.com\/shop\/?post_type=product&#038;p=12223"},"modified":"2025-01-30T14:27:57","modified_gmt":"2025-01-30T14:27:57","slug":"video-projecteur-epson-co-w01v11ha86040-3000-lumens-technologie-3lcd","status":"publish","type":"product","link":"https:\/\/maisonmpi.com\/shop\/produit\/video-projecteur-epson-co-w01v11ha86040-3000-lumens-technologie-3lcd\/","title":{"rendered":"Vid\u00e9o projecteur EPSON CO-W01(V11HA86040) \u2013 3000 Lumens, Technologie 3LCD"},"content":{"rendered":"<div class=\"product-manufacturer\"><\/div>\n<section class=\"product-features\">\n<h3 class=\"h6\">Fiche technique<\/h3>\n<dl class=\"data-sheet\">\n<dt class=\"name\">Technologie d&rsquo;affichage<\/dt>\n<dd class=\"value\">Technologie 3LCD, Obturateur RVB \u00e0 cristaux liquides<\/dd>\n<dt class=\"name\">Luminosit\u00e9<\/dt>\n<dd class=\"value\">3.000 lumen- 2.000 lumen (\u00e9conomie)<\/dd>\n<dt class=\"name\">R\u00e9solution<\/dt>\n<dd class=\"value\">WXGA (1280 x 800)<\/dd>\n<dt class=\"name\">Objectif de projection<\/dt>\n<dd class=\"value\">Optique<\/dd>\n<dt class=\"name\">Relation de projection<\/dt>\n<dd class=\"value\">1,27 &#8211; 1,71:1<\/dd>\n<dt class=\"name\">Taille de projection<\/dt>\n<dd class=\"value\">25 pouces &#8211; 378 pouces<\/dd>\n<dt class=\"name\">Offset<\/dt>\n<dd class=\"value\">7 : 1<\/dd>\n<dt class=\"name\">Distance de projection<\/dt>\n<dd class=\"value\">Distance de projection \u00ab\u00a0grand angle\u00a0\u00bb : 0,9 a &#8211; 10,4 a<br \/>\nDistance de projection \u00ab\u00a0t\u00e9l\u00e9objectif\u00a0\u00bb : 0,9 a &#8211; 10,4 a<br \/>\nDistance de projection Large\/T\u00e9l\u00e9: 1,64 a ( 60 pouce \u00e9cran<\/dd>\n<dt class=\"name\">Focale<\/dt>\n<dd class=\"value\">Manuel<\/dd>\n<dt class=\"name\">Zoom<\/dt>\n<dd class=\"value\">Digital, Factor: 1 &#8211; 1,35<\/dd>\n<dt class=\"name\">Couleurs affichables<\/dt>\n<dd class=\"value\">16,77 millions de couleurs<\/dd>\n<dt class=\"name\">La source de lumi\u00e8re<\/dt>\n<dd class=\"value\">UHE, 188 W, 6.000 h Long\u00e9vit\u00e9, 12.000 h Long\u00e9vit\u00e9 (en mode \u00e9conomique)<\/dd>\n<dt class=\"name\">Haut-parleur<\/dt>\n<dd class=\"value\">5 W\u00a0<sup><a href=\"https:\/\/www.iris.ma\/14599-epson-co-w01-videoprojecteur-wxga-v11ha86040.html\" target=\"_blank\" rel=\"noopener\">1<\/a><\/sup><\/dd>\n<dt class=\"name\">Connecteur(s)<\/dt>\n<dd class=\"value\">HDMI 1.4, USB 2.0-A, USB 2.0 Type B (Service uniquement)<\/dd>\n<dt class=\"name\">Niveau sonore<\/dt>\n<dd class=\"value\">Normal : 38 dB(A) &#8211; \u00c9conomie : 29 dB(A)<\/dd>\n<dt class=\"name\">Caract\u00e9ristiques<\/dt>\n<dd class=\"value\">A\/V mute, Haut-parleur int\u00e9gr\u00e9, Correction horizontale et verticale du trap\u00e8ze, MHL &#8211; interface audio\/vid\u00e9o, Quick Corner<\/dd>\n<dt class=\"name\">Consommation<\/dt>\n<dd class=\"value\">270 W, 214 W (\u00e9conomie), 0,5 W (en veille)<\/dd>\n<dt class=\"name\">Dimensions (l x p x h)<\/dt>\n<dd class=\"value\">295\u200e x 211 x 87 mm<\/dd>\n<dt class=\"name\">Poids<\/dt>\n<dd class=\"value\">2,4 kg<\/dd>\n<dt class=\"name\">S\u00e9curit\u00e9<\/dt>\n<dd class=\"value\">Verrou Kensington, Cadenas, Passage pour c\u00e2ble de s\u00e9curit\u00e9<\/dd>\n<dt class=\"name\">Contenu de la boite<\/dt>\n<dd class=\"value\">Appareil principal, C\u00e2ble \u00e9lectrique, Guide de d\u00e9marrage rapide, T\u00e9l\u00e9commande, y compris piles, Mode d\u2019emploi (CD), Warranty card<\/dd>\n<\/dl>\n<\/section>\n","protected":false},"excerpt":{"rendered":"<p>Fiche technique Technologie d&rsquo;affichage Technologie 3LCD, Obturateur RVB \u00e0 cristaux liquides Luminosit\u00e9 3.000 lumen- 2.000 lumen (\u00e9conomie) R\u00e9solution WXGA (1280<\/p>\n","protected":false},"featured_media":12225,"template":"","meta":[],"product_brand":[],"product_cat":[306],"product_tag":[],"class_list":{"0":"post-12223","1":"product","2":"type-product","3":"status-publish","4":"has-post-thumbnail","6":"product_cat-video-projecteur-visioconference","8":"first","9":"instock","10":"taxable","11":"shipping-taxable","12":"purchasable","13":"product-type-simple"},"_links":{"self":[{"href":"https:\/\/maisonmpi.com\/shop\/wp-json\/wp\/v2\/product\/12223","targetHints":{"allow":["GET"]}}],"collection":[{"href":"https:\/\/maisonmpi.com\/shop\/wp-json\/wp\/v2\/product"}],"about":[{"href":"https:\/\/maisonmpi.com\/shop\/wp-json\/wp\/v2\/types\/product"}],"version-history":[{"count":1,"href":"https:\/\/maisonmpi.com\/shop\/wp-json\/wp\/v2\/product\/12223\/revisions"}],"predecessor-version":[{"id":12238,"href":"https:\/\/maisonmpi.com\/shop\/wp-json\/wp\/v2\/product\/12223\/revisions\/12238"}],"wp:featuredmedia":[{"embeddable":true,"href":"https:\/\/maisonmpi.com\/shop\/wp-json\/wp\/v2\/media\/12225"}],"wp:attachment":[{"href":"https:\/\/maisonmpi.com\/shop\/wp-json\/wp\/v2\/media?parent=12223"}],"wp:term":[{"taxonomy":"product_brand","embeddable":true,"href":"https:\/\/maisonmpi.com\/shop\/wp-json\/wp\/v2\/product_brand?post=12223"},{"taxonomy":"product_cat","embeddable":true,"href":"https:\/\/maisonmpi.com\/shop\/wp-json\/wp\/v2\/product_cat?post=12223"},{"taxonomy":"product_tag","embeddable":true,"href":"https:\/\/maisonmpi.com\/shop\/wp-json\/wp\/v2\/product_tag?post=12223"}],"curies":[{"name":"wp","href":"https:\/\/api.w.org\/{rel}","templated":true}]}}