{"id":12237,"date":"2025-01-30T14:33:37","date_gmt":"2025-01-30T14:33:37","guid":{"rendered":"https:\/\/maisonmpi.com\/shop\/?post_type=product&#038;p=12237"},"modified":"2025-01-31T09:40:26","modified_gmt":"2025-01-31T09:40:26","slug":"imprimante-de-tickets-pos-epson-tm-t20x-051","status":"publish","type":"product","link":"https:\/\/maisonmpi.com\/shop\/produit\/imprimante-de-tickets-pos-epson-tm-t20x-051\/","title":{"rendered":"Imprimante de tickets POS Epson TM-T20X (051)"},"content":{"rendered":"<section class=\"product-hero product-hero-normal iris-maroc-section\">\n<div class=\"container\">\n<div class=\"columns s-sixteen eight column--text \">\n<div class=\"hero-summary\">\n<h1 class=\"iris-maroc-h1\"><span id=\"style-2oTmY\" class=\"style-2oTmY\"><span id=\"style-qKR3P\" class=\"style-qKR3P\">Epson TM-T20X (051): USB + S\u00e9rie, PS, Blanc, UE<\/span><\/span><\/h1>\n<h2 class=\"iris-maroc-h2\"><span id=\"style-JfOCo\" class=\"style-JfOCo\"><span id=\"style-28E6g\" class=\"style-28E6g\">imprimante re\u00e7us POS<\/span><\/span><\/h2>\n<p><span id=\"style-hk14G\" class=\"style-hk14G\"><span id=\"style-hXJjr\" class=\"style-hXJjr\">Cette imprimante thermique de r\u00e9ception PDV d&rsquo;entr\u00e9e de gamme fournit une solution de PDV rentable avec des vitesses d&rsquo;impression rapides et des fonctionnalit\u00e9s \u00e9conomiques.<\/span><\/span><\/p>\n<div class=\"clearfix\"><\/div>\n<\/div>\n<\/div>\n<div id=\"hero-tabs-main\" class=\"columns s-sixteen eight text-center\">\n<div class=\"hero-tab-change\"><\/div>\n<\/div>\n<\/div>\n<\/section>\n<p><main class=\"product-details\"><a class=\"iris-maroc-a\" name=\"details\"><\/a><\/main><\/p>\n<section class=\"iris-maroc-section\">\n<div class=\"container\">\n<div class=\"columns sixteen\">\n<div class=\"product-description\">\n<div class=\"container\">\n<div class=\"columns s-sixteen l-eight six\">\n<h1 class=\"iris-maroc-h1\"><span id=\"style-raffN\" class=\"style-raffN\"><span id=\"style-awQDr\" class=\"style-awQDr\">Epson TM-T20X (051): USB + S\u00e9rie, PS, Blanc, UE<\/span><\/span><\/h1>\n<\/div>\n<div class=\"columns s-sixteen eight offset-by-two\">\n<p class=\"headline\"><span id=\"style-atSov\" class=\"style-atSov\"><span id=\"style-B2ZFE\" class=\"style-B2ZFE\">La combinaison de ses vitesses d&rsquo;impression rapides, de sa grande fiabilit\u00e9 et de son fonctionnement \u00e9conomique font de cette imprimante un incontournable pour les petits magasins de d\u00e9tail et sp\u00e9cialis\u00e9s, les \u00e9tablissements d&rsquo;accueil et les \u00e9piceries.<\/span><\/span><\/p>\n<\/div>\n<\/div>\n<div class=\"container\">\n<div class=\"columns s-sixteen l-eight six\">\n<h3 class=\"iris-maroc-h3\"><span id=\"style-J6BSB\" class=\"style-J6BSB\"><span id=\"style-3x7Tr\" class=\"style-3x7Tr\">Abordable<\/span><\/span><\/h3>\n<p><span id=\"style-Pd8Lh\" class=\"style-Pd8Lh\"><span id=\"style-T95eN\" class=\"style-T95eN\">Cette imprimante de re\u00e7us d&rsquo;entr\u00e9e de gamme facile \u00e0 utiliser a une largeur d&rsquo;impression de 80 mm. La fonction de r\u00e9duction automatique du papier r\u00e9duit les marges sup\u00e9rieure et inf\u00e9rieure, la largeur d&rsquo;alimentation de la ligne et la hauteur du code-barres, permettant une impression flexible des re\u00e7us. Il surveille et contr\u00f4le la quantit\u00e9 de papier utilis\u00e9e. Les co\u00fbts de papier sont minimis\u00e9s en imprimant le logo sup\u00e9rieur du prochain re\u00e7u avant la coupe, de sorte que la marge sup\u00e9rieure est encore r\u00e9duite de 12 mm.<\/span><\/span><\/p>\n<\/div>\n<div class=\"columns s-sixteen eight offset-by-two\">\n<h3 class=\"iris-maroc-h3\"><span id=\"style-mp4nh\" class=\"style-mp4nh\"><span id=\"style-TX9bn\" class=\"style-TX9bn\">Fiable<\/span><\/span><\/h3>\n<p><span id=\"style-2nWRH\" class=\"style-2nWRH\"><span id=\"style-iFRko\" class=\"style-iFRko\">Fiable Avec un temps moyen entre les d\u00e9faillances (MTBF) de 360 000 heures et une dur\u00e9e de vie de 15 millions de lignes, vous pouvez compter sur le TM-T20X dans les environnements d&rsquo;impression \u00e0 volume \u00e9lev\u00e9.<\/span><\/span><\/p>\n<\/div>\n<\/div>\n<div class=\"container\">\n<div class=\"columns s-sixteen l-eight six\">\n<h3 class=\"iris-maroc-h3\"><span id=\"style-Ym1QZ\" class=\"style-Ym1QZ\"><span id=\"style-SvmoN\" class=\"style-SvmoN\">Flexible<\/span><\/span><\/h3>\n<p><span id=\"style-yrS5U\" class=\"style-yrS5U\"><span id=\"style-tSY8s\" class=\"style-tSY8s\">Le TM-T20X est livr\u00e9 avec des interfaces USB s\u00e9rie et Ethernet int\u00e9gr\u00e9es. USB + Serial et ethernet font du mod\u00e8le un investissement \u00e0 long terme.<\/span><\/span><\/p>\n<\/div>\n<div class=\"columns s-sixteen eight offset-by-two\">\n<h3 class=\"iris-maroc-h3\"><span id=\"style-dGjsT\" class=\"style-dGjsT\"><span id=\"style-OeXa3\" class=\"style-OeXa3\">Rapide<\/span><\/span><\/h3>\n<p><span id=\"style-ZEwrL\" class=\"style-ZEwrL\"><span id=\"style-lxjdN\" class=\"style-lxjdN\">Rapide Sa vitesse d&rsquo;impression de 200mm\/sec peut vous faire gagner du temps; id\u00e9al pour quand vous avez besoin de battre les files d&rsquo;attente rapidement. Prix concurrentiel et faibles co\u00fbts de fonctionnement peuvent vous faire \u00e9conomiser de l&rsquo;argent;<\/span><\/span><\/p>\n<\/div>\n<\/div>\n<\/div>\n<\/div>\n<\/div>\n<\/section>\n<section class=\"iris-maroc-section\">\n<div class=\"container\">\n<div class=\"columns sixteen\">\n<div class=\"key-features\">\n<div class=\"columns s-sixteen eight\">\n<h2 class=\"iris-maroc-h2\"><span id=\"style-srHva\" class=\"style-srHva\"><span id=\"style-vBYF7\" class=\"style-vBYF7\">Principales Caract\u00e9ristiques<\/span><\/span><\/h2>\n<ul>\n<li><span id=\"style-Z5zOg\" class=\"style-Z5zOg\"><span id=\"style-2M5yY\" class=\"style-2M5yY\">\u00c9conomique: Fonction automatique de r\u00e9duction de papier<\/span><\/span><\/li>\n<li><span id=\"style-pQPUh\" class=\"style-pQPUh\"><span id=\"style-C4smH\" class=\"style-C4smH\">Fiable: Dur\u00e9e de vie du m\u00e9canisme de 15 millions de lignes<\/span><\/span><\/li>\n<li><span id=\"style-isSa5\" class=\"style-isSa5\"><span id=\"style-bftRv\" class=\"style-bftRv\">Vitesse d&rsquo;impression rapide: Vitesse d&rsquo;impression de 200mm\/sec<\/span><\/span><\/li>\n<li><span id=\"style-TBGXP\" class=\"style-TBGXP\"><span id=\"style-A3DPA\" class=\"style-A3DPA\">Connectivit\u00e9 flexible: USB + Serial et ethernet<\/span><\/span><\/li>\n<li><span id=\"style-OhJIl\" class=\"style-OhJIl\"><span id=\"style-WCbbv\" class=\"style-WCbbv\">Tranquillit\u00e9 d&rsquo;esprit: Epson est le premier fabricant europ\u00e9en d&rsquo;imprimantes POS<\/span>\u00a0<\/span><sup><span id=\"style-nKiCr\" class=\"style-nKiCr\"><span id=\"style-GcvFU\" class=\"style-GcvFU\">1<\/span><\/span><\/sup><\/li>\n<\/ul>\n<\/div>\n<\/div>\n<\/div>\n<\/div>\n<\/section>\n<section class=\"iris-maroc-section\">\n<div class=\"container\">\n<div class=\"columns sixteen\"><\/div>\n<\/div>\n<\/section>\n<p>&nbsp;<\/p>\n<div class=\"collapsible-wrap\">\n<div class=\"container\">\n<div class=\"columns sixteen\">\n<section class=\"collapsible-section iris-maroc-section\"><a class=\"iris-maroc-a\" name=\"specifications\"><\/a><\/p>\n<h2 class=\"iris-maroc-h2\"><span id=\"style-vlhZs\" class=\"style-vlhZs\"><span id=\"style-RxN4r\" class=\"style-RxN4r\">Sp\u00e9cifications Techniques<\/span><\/span><\/h2>\n<p><span id=\"style-nFbyo\" class=\"style-nFbyo\"><span id=\"style-SmGgY\" class=\"style-SmGgY\">Les caract\u00e9ristiques et sp\u00e9cifications du produit sont sujettes \u00e0 modification sans pr\u00e9avis.<\/span><\/span><\/p>\n<div class=\"container collapse\">\n<div class=\"columns eight\">\n<div class=\"sku\"><span id=\"style-8AFB9\" class=\"style-8AFB9\"><span id=\"style-Qvjeo\" class=\"style-Qvjeo\">UGS: C31CH26051<\/span><\/span><\/div>\n<\/div>\n<\/div>\n<ul class=\"collapsible-list\">\n<li class=\"is-open\">\n<h3 class=\"iris-maroc-h3\"><span id=\"style-NiT1l\" class=\"style-NiT1l\"><span id=\"style-WbTFC\" class=\"style-WbTFC\">Interfaces<\/span><\/span><\/h3>\n<div id=\"style-IUlln\" class=\"inner-content style-IUlln\">\n<div class=\"spec-table\">\n<div class=\"table-row\">\n<div class=\"table-head\">\n<h5 class=\"iris-maroc-h5\"><span id=\"style-2jgjl\" class=\"style-2jgjl\"><span id=\"style-zQrMV\" class=\"style-zQrMV\">Interfaces<\/span><\/span><\/h5>\n<\/div>\n<div class=\"table-cell\"><span id=\"style-wTnaX\" class=\"style-wTnaX\"><span id=\"style-bTfJH\" class=\"style-bTfJH\">RS-232, USB 2.0, Ouverture du tiroir<\/span><\/span><\/div>\n<\/div>\n<\/div>\n<\/div>\n<\/li>\n<li class=\"is-open\">\n<h3 class=\"iris-maroc-h3\"><span id=\"style-3jxf3\" class=\"style-3jxf3\"><span id=\"style-f51Vv\" class=\"style-f51Vv\">G\u00e9n\u00e9ral<\/span><\/span><\/h3>\n<div id=\"style-6emr3\" class=\"inner-content style-6emr3\">\n<div class=\"spec-table\">\n<div class=\"table-row\">\n<div class=\"table-head\">\n<h5 class=\"iris-maroc-h5\"><span id=\"style-HgsnU\" class=\"style-HgsnU\"><span id=\"style-Pn9qp\" class=\"style-Pn9qp\">Dimensions du produit<\/span><\/span><\/h5>\n<\/div>\n<div class=\"table-cell\"><span id=\"style-qnNKd\" class=\"style-qnNKd\"><span id=\"style-sR8WJ\" class=\"style-sR8WJ\">140 x 199 x 146 mm (Largeur x Profondeur x Hauteur)<\/span><\/span><\/div>\n<\/div>\n<div class=\"table-row\">\n<div class=\"table-head\">\n<h5 class=\"iris-maroc-h5\"><span id=\"style-VZAgn\" class=\"style-VZAgn\"><span id=\"style-BAbNB\" class=\"style-BAbNB\">Poids du produit<\/span><\/span><\/h5>\n<\/div>\n<div class=\"table-cell\"><span id=\"style-7TljG\" class=\"style-7TljG\"><span id=\"style-GclJ7\" class=\"style-GclJ7\">1,7 kg<\/span><\/span><\/div>\n<\/div>\n<div class=\"table-row\">\n<div class=\"table-head\">\n<h5 class=\"iris-maroc-h5\"><span id=\"style-3lV1G\" class=\"style-3lV1G\"><span id=\"style-mF66q\" class=\"style-mF66q\">Couleur<\/span><\/span><\/h5>\n<\/div>\n<div class=\"table-cell\"><span id=\"style-5Yv4A\" class=\"style-5Yv4A\"><span id=\"style-T2ph7\" class=\"style-T2ph7\">Epson Gris Fonc\u00e9<\/span><\/span><\/div>\n<\/div>\n<div class=\"table-row\">\n<div class=\"table-head\">\n<h5 class=\"iris-maroc-h5\"><span id=\"style-ZmXxm\" class=\"style-ZmXxm\"><span id=\"style-sXABk\" class=\"style-sXABk\">Niveau de Bruit<\/span><\/span><\/h5>\n<\/div>\n<div class=\"table-cell\"><span id=\"style-WGECW\" class=\"style-WGECW\"><span id=\"style-N6wL8\" class=\"style-N6wL8\">Fonctionnement: 55 dB (A)<\/span><\/span><\/div>\n<\/div>\n<div class=\"table-row\">\n<div class=\"table-head\">\n<h5 class=\"iris-maroc-h5\"><span id=\"style-2BonO\" class=\"style-2BonO\"><span id=\"style-LSvj2\" class=\"style-LSvj2\">Soutenue Humidit\u00e9<\/span><\/span><\/h5>\n<\/div>\n<div class=\"table-cell\"><span id=\"style-N5ZNs\" class=\"style-N5ZNs\"><span id=\"style-nVrM5\" class=\"style-nVrM5\">Fonctionnement 10% &#8211; 90%, Stockage 10% &#8211; 90%<\/span><\/span><\/div>\n<\/div>\n<div class=\"table-row\">\n<div class=\"table-head\">\n<h5 class=\"iris-maroc-h5\"><span id=\"style-dH1t6\" class=\"style-dH1t6\"><span id=\"style-BxOTo\" class=\"style-BxOTo\">Temp\u00e9rature Support\u00e9e<\/span><\/span><\/h5>\n<\/div>\n<div class=\"table-cell\"><span id=\"style-cwwZs\" class=\"style-cwwZs\"><span id=\"style-fxCTP\" class=\"style-fxCTP\">Op\u00e9ration 5\u00b0 C &#8211; 45\u00b0 C, Stockage &#8211; 10\u00b0 C &#8211; 50\u00b0 C<\/span><\/span><\/div>\n<\/div>\n<\/div>\n<\/div>\n<\/li>\n<li class=\"is-open\">\n<h3 class=\"iris-maroc-h3\"><span id=\"style-YlcD6\" class=\"style-YlcD6\"><span id=\"style-ckRsj\" class=\"style-ckRsj\">Ce qui est dans la bo\u00eete<\/span><\/span><\/h3>\n<div id=\"style-lNm6L\" class=\"inner-content style-lNm6L\">\n<div class=\"spec-table\">\n<div class=\"table-row\">\n<div class=\"table-head\">\n<h5 class=\"iris-maroc-h5\"><span id=\"style-FMVLg\" class=\"style-FMVLg\"><span id=\"style-pcl2y\" class=\"style-pcl2y\">Ce qui est dans la bo\u00eete<\/span><\/span><\/h5>\n<\/div>\n<div class=\"table-cell\"><span id=\"style-mhAfE\" class=\"style-mhAfE\"><span id=\"style-gHZ2B\" class=\"style-gHZ2B\">Feuille d&rsquo;information, Unit\u00e9 principale, C\u00e2ble d&rsquo;alimentation, Rouleau de papier, Guide d&rsquo;installation, C\u00e2ble USB, Guide de l&rsquo;utilisateur, Document de garantie<\/span><\/span><\/div>\n<\/div>\n<\/div>\n<\/div>\n<\/li>\n<\/ul>\n<\/section>\n<\/div>\n<\/div>\n<\/div>\n","protected":false},"excerpt":{"rendered":"<p>Optez pour cette imprimante de tickets POS\u00a0Epson\u00a0TM-T20X (051) pour des impressions rapides et \u00e9conomiques. Avec une largeur d&rsquo;impression de 80 mm, elle offre des re\u00e7us clairs et professionnels. La fonction de r\u00e9duction automatique du papier r\u00e9duit les marges sup\u00e9rieures et inf\u00e9rieures, permettant une impression flexible. Sa fiabilit\u00e9 est assur\u00e9e avec une dur\u00e9e de vie de m\u00e9canisme de 15 millions de lignes. Les interfaces USB + s\u00e9rie et Ethernet offrent une connectivit\u00e9 flexible. Gagnez du temps avec une vitesse d&rsquo;impression de 200 mm\/s. Faites confiance au premier fabricant europ\u00e9en d&rsquo;imprimantes POS, Epson.<\/p>\n","protected":false},"featured_media":12241,"template":"","meta":[],"product_brand":[],"product_cat":[235],"product_tag":[],"class_list":{"0":"post-12237","1":"product","2":"type-product","3":"status-publish","4":"has-post-thumbnail","6":"product_cat-imprimantes-scanners","8":"first","9":"instock","10":"sale","11":"taxable","12":"shipping-taxable","13":"purchasable","14":"product-type-simple"},"_links":{"self":[{"href":"https:\/\/maisonmpi.com\/shop\/wp-json\/wp\/v2\/product\/12237","targetHints":{"allow":["GET"]}}],"collection":[{"href":"https:\/\/maisonmpi.com\/shop\/wp-json\/wp\/v2\/product"}],"about":[{"href":"https:\/\/maisonmpi.com\/shop\/wp-json\/wp\/v2\/types\/product"}],"version-history":[{"count":3,"href":"https:\/\/maisonmpi.com\/shop\/wp-json\/wp\/v2\/product\/12237\/revisions"}],"predecessor-version":[{"id":12245,"href":"https:\/\/maisonmpi.com\/shop\/wp-json\/wp\/v2\/product\/12237\/revisions\/12245"}],"wp:featuredmedia":[{"embeddable":true,"href":"https:\/\/maisonmpi.com\/shop\/wp-json\/wp\/v2\/media\/12241"}],"wp:attachment":[{"href":"https:\/\/maisonmpi.com\/shop\/wp-json\/wp\/v2\/media?parent=12237"}],"wp:term":[{"taxonomy":"product_brand","embeddable":true,"href":"https:\/\/maisonmpi.com\/shop\/wp-json\/wp\/v2\/product_brand?post=12237"},{"taxonomy":"product_cat","embeddable":true,"href":"https:\/\/maisonmpi.com\/shop\/wp-json\/wp\/v2\/product_cat?post=12237"},{"taxonomy":"product_tag","embeddable":true,"href":"https:\/\/maisonmpi.com\/shop\/wp-json\/wp\/v2\/product_tag?post=12237"}],"curies":[{"name":"wp","href":"https:\/\/api.w.org\/{rel}","templated":true}]}}