{"id":12278,"date":"2025-02-03T14:04:51","date_gmt":"2025-02-03T14:04:51","guid":{"rendered":"https:\/\/maisonmpi.com\/shop\/?post_type=product&#038;p=12278"},"modified":"2025-02-03T14:09:46","modified_gmt":"2025-02-03T14:09:46","slug":"epson-co-fh02-videoprojecteur-full-hd-1080p-v11ha85040","status":"publish","type":"product","link":"https:\/\/maisonmpi.com\/shop\/produit\/epson-co-fh02-videoprojecteur-full-hd-1080p-v11ha85040\/","title":{"rendered":"EPSON CO-FH02 Vid\u00e9oprojecteur Full HD 1080p (V11HA85040)"},"content":{"rendered":"<h3 class=\"h6\">Fiche technique<\/h3>\n<dl class=\"data-sheet\">\n<dt class=\"name\">Technologie d&rsquo;affichage<\/dt>\n<dd class=\"value\">Technologie 3LCD, Obturateur RVB \u00e0 cristaux liquides<\/dd>\n<dt class=\"name\">Luminosit\u00e9<\/dt>\n<dd class=\"value\">3.000 lumen-\u00a0<sup><a href=\"https:\/\/www.iris.ma\/15850-epson-co-fh02-videoprojecteur-full-hd-1080p-v11ha85040.html\" target=\"_blank\" rel=\"noopener\">1<\/a><\/sup>\u00a02.000 lumen (\u00e9conomie) In accordance with ISO 21118:2020<\/dd>\n<dt class=\"name\">R\u00e9solution<\/dt>\n<dd class=\"value\">Full HD (1920 x 1080)<\/dd>\n<dt class=\"name\">Relation de projection<\/dt>\n<dd class=\"value\">1,19 &#8211; 1,61:1<\/dd>\n<dt class=\"name\">Taille de projection<\/dt>\n<dd class=\"value\">26 pouces &#8211; 391 pouces<\/dd>\n<dt class=\"name\">La source de lumi\u00e8re<\/dt>\n<dd class=\"value\">UHE, 188 W, 6.000 h Long\u00e9vit\u00e9, 12.000 h Long\u00e9vit\u00e9 (en mode \u00e9conomique)<\/dd>\n<dt class=\"name\">Haut-parleur<\/dt>\n<dd class=\"value\">5 W<\/dd>\n<dt class=\"name\">Connecteur(s)<\/dt>\n<dd class=\"value\">USB 2.0-A, USB 2.0, USB auto-aliment\u00e9, Entr\u00e9e HDMI, LAN IEEE 802.11a\/b\/g\/n\/ac sans fil, Android TV<\/dd>\n<dt class=\"name\">Poids<\/dt>\n<dd class=\"value\">2,6 kg<\/dd>\n<\/dl>\n","protected":false},"excerpt":{"rendered":"<p>R\u00e9solution: Full HD (1920 x 1080)<br \/>\nLuminosit\u00e9: 3.000 lumen- 2.000 lumen (\u00e9conomie) In accordance with ISO 21118:2020<br \/>\nUHE, 188 W, 6.000 h Long\u00e9vit\u00e9, 12.000 h Long\u00e9vit\u00e9 (en mode \u00e9conomique)<br \/>\nRapport de projection: 1,19 &#8211; 1,61:1<br \/>\nTaille de l&rsquo;image: 26 pouces &#8211; 391 pouces<br \/>\nSyst\u00e8me de projection: Technologie 3LCD, Obturateur RVB \u00e0 cristaux liquides<br \/>\nHaut-parleur: 5 W<br \/>\nPoids: 2,6 kg<br \/>\nConnexions: USB 2.0-A, USB 2.0, USB auto-aliment\u00e9, Entr\u00e9e HDMI, LAN IEEE 802.11a\/b\/g\/n\/ac sans fil, Android TV<\/p>\n","protected":false},"featured_media":12292,"template":"","meta":[],"product_brand":[],"product_cat":[306],"product_tag":[],"class_list":{"0":"post-12278","1":"product","2":"type-product","3":"status-publish","4":"has-post-thumbnail","6":"product_cat-video-projecteur-visioconference","8":"first","9":"instock","10":"taxable","11":"shipping-taxable","12":"purchasable","13":"product-type-simple"},"_links":{"self":[{"href":"https:\/\/maisonmpi.com\/shop\/wp-json\/wp\/v2\/product\/12278","targetHints":{"allow":["GET"]}}],"collection":[{"href":"https:\/\/maisonmpi.com\/shop\/wp-json\/wp\/v2\/product"}],"about":[{"href":"https:\/\/maisonmpi.com\/shop\/wp-json\/wp\/v2\/types\/product"}],"version-history":[{"count":1,"href":"https:\/\/maisonmpi.com\/shop\/wp-json\/wp\/v2\/product\/12278\/revisions"}],"predecessor-version":[{"id":12291,"href":"https:\/\/maisonmpi.com\/shop\/wp-json\/wp\/v2\/product\/12278\/revisions\/12291"}],"wp:featuredmedia":[{"embeddable":true,"href":"https:\/\/maisonmpi.com\/shop\/wp-json\/wp\/v2\/media\/12292"}],"wp:attachment":[{"href":"https:\/\/maisonmpi.com\/shop\/wp-json\/wp\/v2\/media?parent=12278"}],"wp:term":[{"taxonomy":"product_brand","embeddable":true,"href":"https:\/\/maisonmpi.com\/shop\/wp-json\/wp\/v2\/product_brand?post=12278"},{"taxonomy":"product_cat","embeddable":true,"href":"https:\/\/maisonmpi.com\/shop\/wp-json\/wp\/v2\/product_cat?post=12278"},{"taxonomy":"product_tag","embeddable":true,"href":"https:\/\/maisonmpi.com\/shop\/wp-json\/wp\/v2\/product_tag?post=12278"}],"curies":[{"name":"wp","href":"https:\/\/api.w.org\/{rel}","templated":true}]}}