{"id":12328,"date":"2025-02-03T15:37:17","date_gmt":"2025-02-03T15:37:17","guid":{"rendered":"https:\/\/maisonmpi.com\/shop\/?post_type=product&#038;p=12328"},"modified":"2025-02-03T15:54:27","modified_gmt":"2025-02-03T15:54:27","slug":"hp-pavilion-i7-1255u-8go-512go-tactile-14-14-dv2000-4z019av-7z8a6ea","status":"publish","type":"product","link":"https:\/\/maisonmpi.com\/shop\/produit\/hp-pavilion-i7-1255u-8go-512go-tactile-14-14-dv2000-4z019av-7z8a6ea\/","title":{"rendered":"HP Pavilion i7-1255U 8Go\/512Go tactile 14&Prime; 14-dv2000 (4Z019AV) (7Z8A6EA)"},"content":{"rendered":"<p>Processeur Intel Core i7-1255u de 12e g\u00e9n\u00e9ration (12 Mo<br \/>\nde cache) de 1.7 Ghz Turbo Boost jusqu\u2019\u00e0 4.7 GHz (10<br \/>\nCores \u2013 12 Threads)<br \/>\nRAM install\u00e9e: 08 GB DDR4-3200 MHz nbre slot : 2<br \/>\nTaille du disque dur : 512 Go PCIe\u00ae NVMe\u2122 M.2 SSD<br \/>\nvid\u00e9o : Intel graphique iris Xe<br \/>\n\uf0b7 Ecran tactile multipoint de 14 pouces (35,6 cm)<br \/>\n\uf0b7 Full HD (1920 x 1080)<br \/>\n\uf0b7 &#8211; Connectivit\u00e9 sans fil : Intel 802.11ac (1&#215;1) et Bluetooth\u00ae 4.0<br \/>\nCombo<br \/>\n\uf0b7 Interface r\u00e9seau : LAN Ethernet 10\/100 BASE-T int\u00e9gr\u00e9<br \/>\n\uf0b7 Ports externes : 1 HDMI; 1 combo casque \/ microphone; 2 USB<br \/>\n2.0; 1 USB 3.0; 1 RJ-45<br \/>\n\uf0b7 Dimensions minimales : 37.8 x 25.21 x 2.25 cm<br \/>\n\uf0b7<br \/>\nPoids du produit : 1.74 Kg.<br \/>\n\uf0b7 Adaptateur secteur 90W AC Type de batterie : 3 cellules, 43 Wh<br \/>\nLi-ion Autonomie jusqu\u2019\u00e0 8 heures<br \/>\n\uf0b7 Webcam : Webcam HP TrueVision HD (face \u00e0 l&rsquo;avant) avec<br \/>\nmicrophone num\u00e9rique int\u00e9gr\u00e9<br \/>\n\uf0b7 Caract\u00e9ristiques audio :B&amp;O PLAY \u2122 avec 2 haut-parleurs<br \/>\n\uf0b7 Syst\u00e8me d&rsquo;exploitation : FREE DOS<\/p>\n","protected":false},"excerpt":{"rendered":"<p>Processeur Intel Core i7-1255u de 12e g\u00e9n\u00e9ration (12 Mo<br \/>\nde cache) de 1.7 Ghz Turbo Boost jusqu\u2019\u00e0 4.7 GHz (10<br \/>\nCores \u2013 12 Threads)<br \/>\nRAM install\u00e9e: 08 GB DDR4-3200 MHz nbre slot : 2<br \/>\nTaille du disque dur : 512 Go PCIe\u00ae NVMe\u2122 M.2 SSD<br \/>\nvid\u00e9o : Intel graphique iris Xe<\/p>\n","protected":false},"featured_media":12332,"template":"","meta":[],"product_brand":[],"product_cat":[299],"product_tag":[],"class_list":{"0":"post-12328","1":"product","2":"type-product","3":"status-publish","4":"has-post-thumbnail","6":"product_cat-ordinateurs-portables","8":"first","9":"instock","10":"taxable","11":"shipping-taxable","12":"purchasable","13":"product-type-simple"},"_links":{"self":[{"href":"https:\/\/maisonmpi.com\/shop\/wp-json\/wp\/v2\/product\/12328","targetHints":{"allow":["GET"]}}],"collection":[{"href":"https:\/\/maisonmpi.com\/shop\/wp-json\/wp\/v2\/product"}],"about":[{"href":"https:\/\/maisonmpi.com\/shop\/wp-json\/wp\/v2\/types\/product"}],"version-history":[{"count":1,"href":"https:\/\/maisonmpi.com\/shop\/wp-json\/wp\/v2\/product\/12328\/revisions"}],"predecessor-version":[{"id":12333,"href":"https:\/\/maisonmpi.com\/shop\/wp-json\/wp\/v2\/product\/12328\/revisions\/12333"}],"wp:featuredmedia":[{"embeddable":true,"href":"https:\/\/maisonmpi.com\/shop\/wp-json\/wp\/v2\/media\/12332"}],"wp:attachment":[{"href":"https:\/\/maisonmpi.com\/shop\/wp-json\/wp\/v2\/media?parent=12328"}],"wp:term":[{"taxonomy":"product_brand","embeddable":true,"href":"https:\/\/maisonmpi.com\/shop\/wp-json\/wp\/v2\/product_brand?post=12328"},{"taxonomy":"product_cat","embeddable":true,"href":"https:\/\/maisonmpi.com\/shop\/wp-json\/wp\/v2\/product_cat?post=12328"},{"taxonomy":"product_tag","embeddable":true,"href":"https:\/\/maisonmpi.com\/shop\/wp-json\/wp\/v2\/product_tag?post=12328"}],"curies":[{"name":"wp","href":"https:\/\/api.w.org\/{rel}","templated":true}]}}