{"id":12411,"date":"2025-02-10T14:23:24","date_gmt":"2025-02-10T14:23:24","guid":{"rendered":"https:\/\/maisonmpi.com\/shop\/?post_type=product&#038;p=12411"},"modified":"2025-12-04T07:03:43","modified_gmt":"2025-12-04T07:03:43","slug":"imprimante-multifonction-jet-dencre-canon-pixma-mg2540s-0727c007ba","status":"publish","type":"product","link":"https:\/\/maisonmpi.com\/shop\/produit\/imprimante-multifonction-jet-dencre-canon-pixma-mg2540s-0727c007ba\/","title":{"rendered":"Imprimante multifonction Jet d\u2019encre Canon PIXMA MG2540S (0727C007BA)"},"content":{"rendered":"<h3 class=\"h6\">Fiche technique<\/h3>\n<dl class=\"data-sheet\">\n<dt class=\"name\">Fonctions<\/dt>\n<dd class=\"value\">Impression, copie et scan<\/dd>\n<dt class=\"name\">Technologie d&rsquo;impression<\/dt>\n<dd class=\"value\">Jet d&rsquo;encre\u00a0<sup><a href=\"https:\/\/www.iris.ma\/8724-imprimante-couleur-multifonction-jet-d-encre-3en1-canon-pixma-mg2540s-0727c007ba.html\" target=\"_blank\" rel=\"noopener\">1<\/a><\/sup><\/dd>\n<dt class=\"name\">Consommables fournis avec l&rsquo;imprimante<\/dt>\n<dd class=\"value\">PG-545 (noir) CL-546 (couleur)<\/dd>\n<dt class=\"name\">Cartouches d&rsquo;impression<\/dt>\n<dd class=\"value\">2 Cartouches (1 noir, 1 couleur : cyan, magenta, jaune)<\/dd>\n<dt class=\"name\">Vitesse d&rsquo;impression noir<\/dt>\n<dd class=\"value\">8 images\/min en norme ISO<\/dd>\n<dt class=\"name\">Vitesse d&rsquo;impression couleur<\/dt>\n<dd class=\"value\">4 images\/min en norme ISO<\/dd>\n<dt class=\"name\">Qualit\u00e9 d&rsquo;impression noire<\/dt>\n<dd class=\"value\">Jusqu&rsquo;\u00e0 4800 \u00d7 600 DPI (ppp)<\/dd>\n<dt class=\"name\">Qualit\u00e9 d&rsquo;impression couleur<\/dt>\n<dd class=\"value\">Jusqu&rsquo;\u00e0 4800 \u00d7 600 DPI (ppp)<\/dd>\n<dt class=\"name\">\u00c9cran<\/dt>\n<dd class=\"value\">Sans<\/dd>\n<dt class=\"name\">Connectivit\u00e9<\/dt>\n<dd class=\"value\">1 port USB 2.0<\/dd>\n<dt class=\"name\">Impression recto\/verso<\/dt>\n<dd class=\"value\">Manuelle<\/dd>\n<dt class=\"name\">Capacit\u00e9 bac papier<\/dt>\n<dd class=\"value\">Jusqu&rsquo;\u00e0 60 feuilles<\/dd>\n<dt class=\"name\">Formats de supports pris en charge<\/dt>\n<dd class=\"value\">A4, A5, B5, Letter, Legal<\/dd>\n<dt class=\"name\">Types de support pris en charge<\/dt>\n<dd class=\"value\">Papier ordinaireEnveloppesPapier photo glac\u00e9 Plus II (PP-201)Papier Photo Brillant \u00ab Usage Quotidien \u00bb (GP-501)<\/dd>\n<dt class=\"name\">Dimensions (l x p x h)<\/dt>\n<dd class=\"value\">426x145x306 mm<\/dd>\n<dt class=\"name\">Poids net<\/dt>\n<dd class=\"value\">3,5 kg<\/dd>\n<dt class=\"name\">Cartouches compatibles<\/dt>\n<dd class=\"value\">PG-545 (noir), CL-546 (couleur), PG-545XL (noir), CL-546XL (couleur)<\/dd>\n<dt class=\"name\">Syst\u00e8mes d&rsquo;exploitation compatibles<\/dt>\n<dd class=\"value\">Windows 10 Windows 8.1 (including Windows 8.1 Update), Windows 8 Windows 7, Windows 7 SP1 Windows Vista SP2 Windows XP SP3 (32 bit only)<\/dd>\n<dt class=\"name\">Contenu de la bo\u00eete<\/dt>\n<dd class=\"value\">Imprimante jet d&rsquo;encre couleur 3-en-1 PIXMA MG2550S, CD-ROM d\u2019installation (pour Windows uniquement ; les pilotes Mac sont disponibles sur notre site), Cordon d&rsquo;alimentation, Cartouches FINE, Manuels et autres documents<\/dd>\n<dt class=\"name\">C\u00e2ble fourni<\/dt>\n<dd class=\"value\">Non, acheter s\u00e9par\u00e9ment.<\/dd>\n<dt class=\"name\">Photocopieur<\/dt>\n<dd class=\"value\">Vitesse de copie:sFCOT : env. 31 secondes \/ SESAT : env. 1,6 ipmCopie multiple: 21 exemplaires (max.)Fonctions de copie: Copie de documents (papier ordinaire)<\/dd>\n<dt class=\"name\">Scanner<\/dt>\n<dd class=\"value\">TAILLE DE DOCUMENT MAXIMUM: 216 \u00d7 297 mm<br \/>\nVITESSE DE NUM\u00c9RISATION: Env. 14 s<br \/>\nR\u00c9SOLUTION (OPTIQUE) DU SCANNER: 600 \u00d7 1200 ppp<br \/>\nTYPE DE SCANNER: Scanner de photos et documents \u00e0 plat avec capteur CIS<\/dd>\n<dt class=\"name\">Logiciels inclus<\/dt>\n<dd class=\"value\">MP Driver incluant l&rsquo;utilitaire de num\u00e9risation Scanning Utility<br \/>\nMy Image Garden avec Full HD Movie Print<br \/>\nEasy-WebPrint EX (\u00e0 t\u00e9l\u00e9charger)<br \/>\nQuick Menu<\/dd>\n<dt class=\"name\">Poids du support recommand\u00e9<\/dt>\n<dd class=\"value\">Papier ordinaire : 64 \u00e0 105 g\/m\u00b2 Papier photo Canon : jusqu&rsquo;\u00e0 275 g\/m\u00b2<\/dd>\n<\/dl>\n","protected":false},"excerpt":{"rendered":"<p>Impression, copie et scan<br \/>\nVitesse d&rsquo;impression noir: 8 images\/min en norme ISO<br \/>\nVitesse d&rsquo;impression couleur: 4 images\/min en norme ISO<br \/>\nQualit\u00e9 d&rsquo;impression noire: Jusqu&rsquo;\u00e0 4800 \u00d7 600 DPI (ppp)<br \/>\nQualit\u00e9 d&rsquo;impression couleur: Jusqu&rsquo;\u00e0 4800 \u00d7 600 DPI (ppp)<br \/>\nImpression recto\/verso: Manuelle<br \/>\nFonctionne avec: 2\u00a0Cartouches\u00a0(1 noir, 1 couleur : cyan, magenta, jaune)<br \/>\nConnectivit\u00e9: 1 port USB 2.0<br \/>\nEncres fournies avec l&rsquo;imprimante: PG-545 (noir) CL-546 (couleur)<\/p>\n","protected":false},"featured_media":12415,"template":"","meta":[],"product_brand":[],"product_cat":[235],"product_tag":[],"class_list":{"0":"post-12411","1":"product","2":"type-product","3":"status-publish","4":"has-post-thumbnail","6":"product_cat-imprimantes-scanners","8":"first","9":"instock","10":"sale","11":"taxable","12":"shipping-taxable","13":"purchasable","14":"product-type-simple"},"_links":{"self":[{"href":"https:\/\/maisonmpi.com\/shop\/wp-json\/wp\/v2\/product\/12411","targetHints":{"allow":["GET"]}}],"collection":[{"href":"https:\/\/maisonmpi.com\/shop\/wp-json\/wp\/v2\/product"}],"about":[{"href":"https:\/\/maisonmpi.com\/shop\/wp-json\/wp\/v2\/types\/product"}],"version-history":[{"count":1,"href":"https:\/\/maisonmpi.com\/shop\/wp-json\/wp\/v2\/product\/12411\/revisions"}],"predecessor-version":[{"id":12416,"href":"https:\/\/maisonmpi.com\/shop\/wp-json\/wp\/v2\/product\/12411\/revisions\/12416"}],"wp:featuredmedia":[{"embeddable":true,"href":"https:\/\/maisonmpi.com\/shop\/wp-json\/wp\/v2\/media\/12415"}],"wp:attachment":[{"href":"https:\/\/maisonmpi.com\/shop\/wp-json\/wp\/v2\/media?parent=12411"}],"wp:term":[{"taxonomy":"product_brand","embeddable":true,"href":"https:\/\/maisonmpi.com\/shop\/wp-json\/wp\/v2\/product_brand?post=12411"},{"taxonomy":"product_cat","embeddable":true,"href":"https:\/\/maisonmpi.com\/shop\/wp-json\/wp\/v2\/product_cat?post=12411"},{"taxonomy":"product_tag","embeddable":true,"href":"https:\/\/maisonmpi.com\/shop\/wp-json\/wp\/v2\/product_tag?post=12411"}],"curies":[{"name":"wp","href":"https:\/\/api.w.org\/{rel}","templated":true}]}}