{"id":12458,"date":"2025-02-10T15:20:39","date_gmt":"2025-02-10T15:20:39","guid":{"rendered":"https:\/\/maisonmpi.com\/shop\/?post_type=product&#038;p=12458"},"modified":"2025-03-01T00:16:03","modified_gmt":"2025-03-01T00:16:03","slug":"canon-pixma-g2420-imprimante-multifonction-a-reservoirs-rechargeables-4465c009aa","status":"publish","type":"product","link":"https:\/\/maisonmpi.com\/shop\/produit\/canon-pixma-g2420-imprimante-multifonction-a-reservoirs-rechargeables-4465c009aa\/","title":{"rendered":"Canon PIXMA G2420 Imprimante multifonction \u00e0 r\u00e9servoirs rechargeables (4465C009AA)"},"content":{"rendered":"<h3 class=\"h6\">Fiche technique<\/h3>\n<dl class=\"data-sheet\">\n<dt class=\"name\">Fonctions<\/dt>\n<dd class=\"value\">Impression, copie et scan<\/dd>\n<dt class=\"name\">Technologie d&rsquo;impression<\/dt>\n<dd class=\"value\">Jet d\u200e\u200e&rsquo;\u200e\u200eencre<\/dd>\n<dt class=\"name\">Cartouches d&rsquo;impression<\/dt>\n<dd class=\"value\">4 r\u00e9servoirs d&rsquo;encre (noir, cyan, magenta, jaune)<\/dd>\n<dt class=\"name\">Vitesse d&rsquo;impression noir<\/dt>\n<dd class=\"value\">9,1 images\/min en norme ISO<\/dd>\n<dt class=\"name\">Vitesse d&rsquo;impression couleur<\/dt>\n<dd class=\"value\">6 images\/min en norme ISO<\/dd>\n<dt class=\"name\">Qualit\u00e9 d&rsquo;impression noire<\/dt>\n<dd class=\"value\">Jusqu&rsquo;\u00e0 4800 \u00d7 1200 DPI (ppp)<\/dd>\n<dt class=\"name\">Qualit\u00e9 d&rsquo;impression couleur<\/dt>\n<dd class=\"value\">Jusqu&rsquo;\u00e0 4800 x 1200 DPI (ppp)<\/dd>\n<dt class=\"name\">\u00c9cran<\/dt>\n<dd class=\"value\">LCD \u00e0 2 lignes<\/dd>\n<dt class=\"name\">Connectivit\u00e9<\/dt>\n<dd class=\"value\">1 Hi-Speed USB<\/dd>\n<dt class=\"name\">Impression recto\/verso<\/dt>\n<dd class=\"value\">Manuelle<\/dd>\n<dt class=\"name\">Capacit\u00e9 bac papier<\/dt>\n<dd class=\"value\">Bac arri\u00e8re : max. 100 feuilles (papier ordinaire)<\/dd>\n<dt class=\"name\">Formats de supports pris en charge<\/dt>\n<dd class=\"value\">A4, LTR, 4&Prime; x 6&Prime;, 5&Prime; x 7&Prime;, 7&Prime; x 10&Prime;, 8&Prime; x 10&Prime;, Square (89 mm x 89 mm), Square(127 mm x 127 mm), Card Size(91 mm x 55 mm)<\/dd>\n<dt class=\"name\">Types de support pris en charge<\/dt>\n<dd class=\"value\">Papier ordinaire Papier photo Pro Lustre (LU-101), Papier photo glac\u00e9 Plus II (PP-201) Papier photo mat (MP-101), Papier photo brillant \u00ab Utilisation quotidienne \u00bb (GP-501) Papier haute r\u00e9solution (HR-101N), Enveloppe, Papier photo plus semi-brillant (SG-201), Papier cartonn\u00e9 (fabriqu\u00e9 par Neenah Paper et INKPRESS) Carte de v\u0153ux (fabriqu\u00e9e par Avery et RedRiverPaper) Canon \u00c9tiquette Rouge Sup\u00e9rieure (WOP111) Papier couleur de bureau Canon Oce (SAT213) Papier photo recollable (RP-101) Papier photo magn\u00e9tique (MG-101) Repassage en tissu fonc\u00e9 sur transferts (DF-101), Repassage pour tissu l\u00e9ger sur transferts (LF-101), Papier mat double face (MP-101D)<\/dd>\n<dt class=\"name\">Dimensions (l x p x h)<\/dt>\n<dd class=\"value\">445 x 330 x 167 mm<\/dd>\n<dt class=\"name\">Poids net<\/dt>\n<dd class=\"value\">6.4 kg\u00a0<sup><a href=\"https:\/\/www.iris.ma\/12390-imprimante-multifonction-a-reservoirs-rechargeables-canon-pixma-g2420-4465c009aa.html\" target=\"_blank\" rel=\"noopener\">1<\/a><\/sup><\/dd>\n<dt class=\"name\">Cartouches compatibles<\/dt>\n<dd class=\"value\">GI-41\u00a0GI-41\u00a0GI-41\u00a0GI-41<\/dd>\n<dt class=\"name\">C\u00e2ble fourni<\/dt>\n<dd class=\"value\">Non, acheter s\u00e9par\u00e9ment.<\/dd>\n<dt class=\"name\">Photocopieur<\/dt>\n<dd class=\"value\">Vitesse de copie: sFCOT : env. 28 secondes &#8211; SESAT : env. 2,6 ipm<br \/>\nCopie multiple: 99 exemplaires (max.)<br \/>\nFonctions de copie: Copie de documents, copie de photos, copie sans bordure, copie 2 sur 1 et 4 sur 1, copie avec effacement de cadre, copie d&rsquo;identit\u00e9<br \/>\nCopier le zoom: 25 &#8211; 400 % (par incr\u00e9ments de 1 %) &#8211; Ajuster \u00e0 la page &#8211; A5 \u00e0 A4, B5 \u00e0 A4, A4 \u00e0 A5 et A4 \u00e0 B5<\/dd>\n<dt class=\"name\">Scanner<\/dt>\n<dd class=\"value\">Type de scanner: Scanner de photos et de documents \u00e0 plat CIS<br \/>\nR\u00e9solution du scanner (optique): 600 x 1 200 dpi<br \/>\nVitesse de balayage des lignes: Couleur : 3,5 ms\/ligne (300 dpi) &#8211; \u00c9chelle de gris : 1,5 ms\/ligne (300 dpi)<br \/>\nProfondeur de num\u00e9risation (Entr\u00e9e\/Sortie): Couleur : RVB chacun 16 bits\/8 bits &#8211; Niveaux de gris : 16 bits \/ 8 bits<br \/>\nTaille maximale des documents: A4\/LTR (216 x 297 mm)<\/dd>\n<dt class=\"name\">Logiciels inclus<\/dt>\n<dd class=\"value\">Le pilote d&rsquo;imprimante Outil Assistant d&rsquo;imprimante IJ \u00c9diteur Easy-PhotoPrint (t\u00e9l\u00e9charger)<\/dd>\n<\/dl>\n","protected":false},"excerpt":{"rendered":"<p>Impression, copie et scan<br \/>\nLivr\u00e9e avec 5 bouteilles d&rsquo;encre\u00a0\u00e0 haut rendement (2 noires et 1 cyan, magenta et jaune)<br \/>\nVitesse d&rsquo;impression noir: 9,1 images\/min en norme ISO<br \/>\nVitesse d&rsquo;impression couleur: 6 images\/min en norme ISO<br \/>\nQualit\u00e9 d&rsquo;impression noire: Jusqu&rsquo;\u00e0 4800 \u00d7 1200 DPI (ppp)<br \/>\nQualit\u00e9 d&rsquo;impression couleur: Jusqu&rsquo;\u00e0 4800 x 1200 DPI (ppp)<br \/>\nImpression recto\/verso: Manuelle<br \/>\nFonctionne avec: 4 r\u00e9servoirs d&rsquo;encre (noir, cyan, magenta, jaune)<br \/>\nConnectivit\u00e9: 1 Hi-Speed USB<\/p>\n","protected":false},"featured_media":12464,"template":"","meta":[],"product_brand":[],"product_cat":[235],"product_tag":[],"class_list":{"0":"post-12458","1":"product","2":"type-product","3":"status-publish","4":"has-post-thumbnail","6":"product_cat-imprimantes-scanners","8":"first","9":"instock","10":"taxable","11":"shipping-taxable","12":"purchasable","13":"product-type-simple"},"_links":{"self":[{"href":"https:\/\/maisonmpi.com\/shop\/wp-json\/wp\/v2\/product\/12458","targetHints":{"allow":["GET"]}}],"collection":[{"href":"https:\/\/maisonmpi.com\/shop\/wp-json\/wp\/v2\/product"}],"about":[{"href":"https:\/\/maisonmpi.com\/shop\/wp-json\/wp\/v2\/types\/product"}],"version-history":[{"count":1,"href":"https:\/\/maisonmpi.com\/shop\/wp-json\/wp\/v2\/product\/12458\/revisions"}],"predecessor-version":[{"id":12467,"href":"https:\/\/maisonmpi.com\/shop\/wp-json\/wp\/v2\/product\/12458\/revisions\/12467"}],"wp:featuredmedia":[{"embeddable":true,"href":"https:\/\/maisonmpi.com\/shop\/wp-json\/wp\/v2\/media\/12464"}],"wp:attachment":[{"href":"https:\/\/maisonmpi.com\/shop\/wp-json\/wp\/v2\/media?parent=12458"}],"wp:term":[{"taxonomy":"product_brand","embeddable":true,"href":"https:\/\/maisonmpi.com\/shop\/wp-json\/wp\/v2\/product_brand?post=12458"},{"taxonomy":"product_cat","embeddable":true,"href":"https:\/\/maisonmpi.com\/shop\/wp-json\/wp\/v2\/product_cat?post=12458"},{"taxonomy":"product_tag","embeddable":true,"href":"https:\/\/maisonmpi.com\/shop\/wp-json\/wp\/v2\/product_tag?post=12458"}],"curies":[{"name":"wp","href":"https:\/\/api.w.org\/{rel}","templated":true}]}}