{"id":12514,"date":"2025-02-15T13:47:37","date_gmt":"2025-02-15T13:47:37","guid":{"rendered":"https:\/\/maisonmpi.com\/shop\/?post_type=product&#038;p=12514"},"modified":"2025-02-15T14:18:00","modified_gmt":"2025-02-15T14:18:00","slug":"hp-pavilion-81p16ea","status":"publish","type":"product","link":"https:\/\/maisonmpi.com\/shop\/produit\/hp-pavilion-81p16ea\/","title":{"rendered":"HP Pavilion i5-1235U 8Go\/512Go 15.6 Pouce Tactile (4U8D7AV) (81P16EA)"},"content":{"rendered":"<p>Processeur Intel Core i7-1255u de 12e g\u00e9n\u00e9ration (12 Mo de<br \/>\ncache) de 1.7 Ghz Turbo Boost jusqu\u2019\u00e0 4.7 GHz (10 Cores \u2013 12<br \/>\nThreads)<br \/>\nRAM install\u00e9e: 08 GB DDR4-3200 MHz<br \/>\nTaille du disque dur : 512 Go PCIe\u00ae NVMe\u2122 M.2 SSD<br \/>\nvid\u00e9o : Intel graphique iris Xe<br \/>\n\uf0b7 Ecran TACTILE 15.6 diagonal HD SVA WLEDbacklit (1366&#215;768)<br \/>\n\uf0b7 Connectivit\u00e9 sans fil : Intel 802.11ac (1&#215;1) et Bluetooth\u00ae 4.0 Combo<br \/>\n\uf0b7 Interface r\u00e9seau : LAN Ethernet 10\/100 BASE-T int\u00e9gr\u00e9<br \/>\n\uf0b7 Ports externes : 1 HDMI; 1 combo casque \/ microphone; 2 USB<br \/>\n2.0; 1 USB 3.0; 1 RJ-45<br \/>\n\uf0b7 Dimensions minimales : 37.8 x 25.21 x 2.25 cm<br \/>\n\uf0b7 Poids du produit : 1.74 Kg.<br \/>\n\uf0b7 Type d&rsquo;alimentation : Adaptateur secteur 90W AC<br \/>\n\uf0b7 Type de batterie : 3 cellules, 43 Wh Li-ion nbre slot : 2<br \/>\n\uf0b7 Webcam : Webcam HP TrueVision HD (face \u00e0 l&rsquo;avant) avec<br \/>\nmicrophone num\u00e9rique int\u00e9gr\u00e9<br \/>\n\uf0b7 Caract\u00e9ristiques audio :B&amp;O PLAY \u2122 avec 2 haut-parleurs<br \/>\n\uf0b7 Syst\u00e8me d&rsquo;exploitation : FREE DOS<\/p>\n<p>&nbsp;<\/p>\n<p>&nbsp;<\/p>\n<p>HP Pavilion, i5-1235U, 8Go RAM, 512Go SSD, \u00e9cran tactile, 15.6 pouces, 15-eg2000, 4U8D7AV, 81P16EA, ordinateur portable, PC portable, tactile, Windows 11, Intel Core i5, mince, l\u00e9ger, performant, polyvalent, travail, \u00e9tude, divertissement, multim\u00e9dia, bureautique, portable HP, Pavilion 15, i5, 12e g\u00e9n\u00e9ration, SSD, Full HD, IPS, clavier r\u00e9tro\u00e9clair\u00e9, webcam HD, Wi-Fi 6, Bluetooth 5.2, USB-C, HDMI, argent, naturel, \u00e9l\u00e9gant, abordable, pas cher, promotion, offre sp\u00e9ciale, meilleur prix, achat en ligne, livraison rapide, garantie, neuf, occasion, reconditionn\u00e9, avis clients, test, comparatif, sp\u00e9cifications, caract\u00e9ristiques, dimensions, poids, autonomie, batterie, charge rapide, accessoires, pilotes, support technique, SAV, pi\u00e8ces d\u00e9tach\u00e9es, r\u00e9paration, Lom\u00e9, Togo<\/p>\n","protected":false},"excerpt":{"rendered":"<p>Processeur Intel Core i7-1255u de 12e g\u00e9n\u00e9ration (12 Mo de<br \/>\ncache) de 1.7 Ghz Turbo Boost jusqu\u2019\u00e0 4.7 GHz (10 Cores \u2013 12<br \/>\nThreads)<br \/>\nRAM install\u00e9e: 08 GB DDR4-3200 MHz<br \/>\nTaille du disque dur : 512 Go PCIe\u00ae NVMe\u2122 M.2 SSD<br \/>\nvid\u00e9o : Intel graphique iris Xe<\/p>\n","protected":false},"featured_media":12517,"template":"","meta":[],"product_brand":[],"product_cat":[299],"product_tag":[435,415,414,416,412,417,411,448,469,453,445,466,459,467,442,431,463,468,439,461,464,429,413,447,428,437,455,444,409,434,410,422,438,424,454,475,452,423,430,446,456,457,451,418,449,433,419,425,473,470,465,426,432,450,458,474,472,462,436,471,420,460,476,427,443,440,441,421],"class_list":{"0":"post-12514","1":"product","2":"type-product","3":"status-publish","4":"has-post-thumbnail","6":"product_cat-ordinateurs-portables","7":"product_tag-12e-generation","8":"product_tag-15-eg2000","9":"product_tag-15-6-pouces","10":"product_tag-4u8d7av","11":"product_tag-512go-ssd","12":"product_tag-81p16ea","13":"product_tag-8go-ram","14":"product_tag-abordable","15":"product_tag-accessoires","16":"product_tag-achat-en-ligne","17":"product_tag-argent","18":"product_tag-autonomie","19":"product_tag-avis-clients","20":"product_tag-batterie","21":"product_tag-bluetooth-5-2","22":"product_tag-bureautique","23":"product_tag-caracteristiques","24":"product_tag-charge-rapide","25":"product_tag-clavier-retroeclaire","26":"product_tag-comparatif","27":"product_tag-dimensions","28":"product_tag-divertissement","29":"product_tag-ecran-tactile","30":"product_tag-elegant","31":"product_tag-etude","32":"product_tag-full-hd","33":"product_tag-garantie","34":"product_tag-hdmi","35":"product_tag-hp-pavilion","36":"product_tag-i5","37":"product_tag-i5-1235u","38":"product_tag-intel-core-i5","39":"product_tag-ips","40":"product_tag-leger","41":"product_tag-livraison-rapide","42":"product_tag-lome","43":"product_tag-meilleur-prix","44":"product_tag-mince","45":"product_tag-multimedia","46":"product_tag-naturel","47":"product_tag-neuf","48":"product_tag-occasion","49":"product_tag-offre-speciale","50":"product_tag-ordinateur-portable","51":"product_tag-pas-cher","52":"product_tag-pavilion-15","53":"product_tag-pc-portable","54":"product_tag-performant","55":"product_tag-pieces-detachees","56":"product_tag-pilotes","57":"product_tag-poids","58":"product_tag-polyvalent","59":"product_tag-portable-hp","60":"product_tag-promotion","61":"product_tag-reconditionne","62":"product_tag-reparation","63":"product_tag-sav","64":"product_tag-specifications","65":"product_tag-ssd","66":"product_tag-support-technique","67":"product_tag-tactile","68":"product_tag-test","69":"product_tag-togo","70":"product_tag-travail","71":"product_tag-usb-c","72":"product_tag-webcam-hd","73":"product_tag-wi-fi-6","74":"product_tag-windows-11","76":"first","77":"instock","78":"taxable","79":"shipping-taxable","80":"purchasable","81":"product-type-simple"},"_links":{"self":[{"href":"https:\/\/maisonmpi.com\/shop\/wp-json\/wp\/v2\/product\/12514","targetHints":{"allow":["GET"]}}],"collection":[{"href":"https:\/\/maisonmpi.com\/shop\/wp-json\/wp\/v2\/product"}],"about":[{"href":"https:\/\/maisonmpi.com\/shop\/wp-json\/wp\/v2\/types\/product"}],"version-history":[{"count":1,"href":"https:\/\/maisonmpi.com\/shop\/wp-json\/wp\/v2\/product\/12514\/revisions"}],"predecessor-version":[{"id":12518,"href":"https:\/\/maisonmpi.com\/shop\/wp-json\/wp\/v2\/product\/12514\/revisions\/12518"}],"wp:featuredmedia":[{"embeddable":true,"href":"https:\/\/maisonmpi.com\/shop\/wp-json\/wp\/v2\/media\/12517"}],"wp:attachment":[{"href":"https:\/\/maisonmpi.com\/shop\/wp-json\/wp\/v2\/media?parent=12514"}],"wp:term":[{"taxonomy":"product_brand","embeddable":true,"href":"https:\/\/maisonmpi.com\/shop\/wp-json\/wp\/v2\/product_brand?post=12514"},{"taxonomy":"product_cat","embeddable":true,"href":"https:\/\/maisonmpi.com\/shop\/wp-json\/wp\/v2\/product_cat?post=12514"},{"taxonomy":"product_tag","embeddable":true,"href":"https:\/\/maisonmpi.com\/shop\/wp-json\/wp\/v2\/product_tag?post=12514"}],"curies":[{"name":"wp","href":"https:\/\/api.w.org\/{rel}","templated":true}]}}