{"id":12562,"date":"2025-04-02T12:28:08","date_gmt":"2025-04-02T12:28:08","guid":{"rendered":"https:\/\/maisonmpi.com\/shop\/?post_type=product&#038;p=12562"},"modified":"2025-04-02T12:28:10","modified_gmt":"2025-04-02T12:28:10","slug":"canon-inkjet-mfp-mg2541-mea-2-p-0727c067aa-wa","status":"publish","type":"product","link":"https:\/\/maisonmpi.com\/shop\/produit\/canon-inkjet-mfp-mg2541-mea-2-p-0727c067aa-wa\/","title":{"rendered":"CANON INKJET MFP MG2541 MEA 2-P 0727C067AA-WA"},"content":{"rendered":"<p>L\u2019imprimante tout-en-un id\u00e9ale pour l\u2019impression, la num\u00e9risation et la copie. Qu\u2019il s\u2019agisse de documents contenant beaucoup de texte ou de photos de famille, le moteur d\u2019impression compact Canon PIXMA MG2541S est con\u00e7u pour offrir qualit\u00e9 et facilit\u00e9 d\u2019utilisation. (Mod\u00e8le de remplacement MG2540s)<\/p>\n<p>FONCTIONS : Imprimer, Num\u00e9riser, Copier<\/p>\n<p>R\u00c9SOLUTION D\u2019IMPRESSION : Jusqu\u2019\u00e0 4800 x 600 dpi<\/p>\n<p>VITESSE D\u2019IMPRESSION MONO : Environ 8 ipm<\/p>\n<p>VITESSE D\u2019IMPRESSION COULEUR : Environ 4 ipm<\/p>\n<p>CARTOUCHES D\u2019ENCRE COMPATIBLES :\u00a0<a href=\"https:\/\/www.takealot.com\/canon-cartridge-pg-445-black\/PLID34187120\" target=\"_blank\" rel=\"noopener noreferrer\">PG-445 (noir)<\/a>\u00a0et\u00a0<a href=\"https:\/\/www.takealot.com\/canon-ink-cartridge-cl-446-colour-ink-cartridges\/PLID34187118\" target=\"_blank\" rel=\"noopener noreferrer\">CL-446 (couleur)<\/a>\u00a0(rendement +-180 pages sur la base d\u2019une couverture<\/p>\n<p>de 5 %) ENCRE XL EN OPTION :\u00a0<a href=\"https:\/\/www.takealot.com\/canon-pg-445xl-black-ink-cartridge\/PLID32828931\" target=\"_blank\" rel=\"noopener noreferrer\">PG-445XL (noir)<\/a>\u00a0et\u00a0<a href=\"https:\/\/www.takealot.com\/canon-446xl-high-yield-tri-colour-ink-cartridge\/PLID32828929\" target=\"_blank\" rel=\"noopener noreferrer\">CL-446XL (couleur)<\/a>\u00a0(rendement +-400 en noir, +-300 en couleur, bas\u00e9 sur une couverture de 5 %)<\/p>\n<p>\u00c9galement disponible\u00a0<a href=\"https:\/\/www.takealot.com\/canon-pg-445-cl-446-ink-cartridges-multipack\/PLID34187121\" target=\"_blank\" rel=\"noopener noreferrer\">Cartouche d\u2019encre PG-445 et CL-446 Multipack<\/a><\/p>\n<p>PAS DE CONNEXION SANS FIL, CONNEXION VIA UN C\u00c2BLE D\u2019IMPRESSION USB UNIQUEMENT (C\u00c2BLE NON INCLUS)<\/p>\n<p>Le tout-en-un id\u00e9al pour la maison, qui vous permet d\u2019imprimer, de num\u00e9riser et de copier des documents et des photos \u00e0 grande vitesse sans compromettre la qualit\u00e9. Simple \u00e0 utiliser, le Canon PIXMA MG2541S est un appareil \u00e9l\u00e9gant, compact et adapt\u00e9 au bureau, dot\u00e9 de fonctionnalit\u00e9s puissantes pour tous les utilisateurs \u00e0 domicile.<\/p>\n<p>La Canon PIXMA MG2541S offre un rapport qualit\u00e9-prix incroyable : une imprimante domestique abordable qui produit des documents et des photos de qualit\u00e9 sup\u00e9rieure. La technologie FINE Cartridge permet d\u2019obtenir des noirs profonds, des couleurs vives et un niveau de d\u00e9tail \u00e9poustouflant.<\/p>\n<p>En utilisant les cartouches d\u2019encre haute capacit\u00e9 Canon XL en option, vous pouvez \u00e9conomiser sur le co\u00fbt par page par rapport \u00e0 leurs \u00e9quivalents standard. Obtenez plus de pages par cartouche et allongez l\u2019intervalle entre les remplacements de cartouches. la Canon PIXMA MG2541S ne co\u00fbtera pas cher \u00e0 son fonctionnement.<\/p>\n<p>Organisez et imprimez facilement vos photos gr\u00e2ce aux fonctions de reconnaissance faciale de l\u2019application My Image Garden, tandis que CREATIVE PARK PREMIUM ouvre un monde de possibilit\u00e9s cr\u00e9atives avec sa s\u00e9lection de designs d\u2019artistes professionnels, tous disponibles pour que vous puissiez les utiliser comme cartes postales, calendriers, cartes d\u2019anniversaire et bien plus encore.<\/p>\n<p>Consommez moins d\u2019\u00e9nergie gr\u00e2ce \u00e0 la mise sous tension\/hors tension automatique. Appuyez sur Imprimer sur votre ordinateur portable et regardez l\u2019imprimante sortir imm\u00e9diatement de son mode d\u2019\u00e9conomie d\u2019\u00e9nergie, pr\u00eate \u00e0 imprimer sans m\u00eame l\u2019allumer.<\/p>\n","protected":false},"excerpt":{"rendered":"<p>L\u2019imprimante tout-en-un id\u00e9ale pour l\u2019impression, la num\u00e9risation et la copie. Qu\u2019il s\u2019agisse de documents contenant beaucoup de texte ou de photos de famille, le moteur d\u2019impression compact Canon PIXMA MG2541S est con\u00e7u pour offrir qualit\u00e9 et facilit\u00e9 d\u2019utilisation. (Mod\u00e8le de remplacement MG2540s)<\/p>\n<p>FONCTIONS : Imprimer, Num\u00e9riser, Copier<\/p>\n<p>R\u00c9SOLUTION D\u2019IMPRESSION : Jusqu\u2019\u00e0 4800 x 600 dpi<\/p>\n<p>VITESSE D\u2019IMPRESSION MONO : Environ 8 ipm<\/p>\n<p>VITESSE D\u2019IMPRESSION COULEUR : Environ 4 ipm<\/p>\n","protected":false},"featured_media":12563,"template":"","meta":[],"product_brand":[],"product_cat":[235],"product_tag":[],"class_list":{"0":"post-12562","1":"product","2":"type-product","3":"status-publish","4":"has-post-thumbnail","6":"product_cat-imprimantes-scanners","8":"first","9":"instock","10":"taxable","11":"shipping-taxable","12":"purchasable","13":"product-type-simple"},"_links":{"self":[{"href":"https:\/\/maisonmpi.com\/shop\/wp-json\/wp\/v2\/product\/12562","targetHints":{"allow":["GET"]}}],"collection":[{"href":"https:\/\/maisonmpi.com\/shop\/wp-json\/wp\/v2\/product"}],"about":[{"href":"https:\/\/maisonmpi.com\/shop\/wp-json\/wp\/v2\/types\/product"}],"version-history":[{"count":1,"href":"https:\/\/maisonmpi.com\/shop\/wp-json\/wp\/v2\/product\/12562\/revisions"}],"predecessor-version":[{"id":12564,"href":"https:\/\/maisonmpi.com\/shop\/wp-json\/wp\/v2\/product\/12562\/revisions\/12564"}],"wp:featuredmedia":[{"embeddable":true,"href":"https:\/\/maisonmpi.com\/shop\/wp-json\/wp\/v2\/media\/12563"}],"wp:attachment":[{"href":"https:\/\/maisonmpi.com\/shop\/wp-json\/wp\/v2\/media?parent=12562"}],"wp:term":[{"taxonomy":"product_brand","embeddable":true,"href":"https:\/\/maisonmpi.com\/shop\/wp-json\/wp\/v2\/product_brand?post=12562"},{"taxonomy":"product_cat","embeddable":true,"href":"https:\/\/maisonmpi.com\/shop\/wp-json\/wp\/v2\/product_cat?post=12562"},{"taxonomy":"product_tag","embeddable":true,"href":"https:\/\/maisonmpi.com\/shop\/wp-json\/wp\/v2\/product_tag?post=12562"}],"curies":[{"name":"wp","href":"https:\/\/api.w.org\/{rel}","templated":true}]}}