{"id":12571,"date":"2025-04-18T11:48:59","date_gmt":"2025-04-18T11:48:59","guid":{"rendered":"https:\/\/maisonmpi.com\/shop\/?post_type=product&#038;p=12571"},"modified":"2025-04-22T10:19:47","modified_gmt":"2025-04-22T10:19:47","slug":"imprimante-multifonction-hp-color-laserjet-pro-4303dw-5hh65a","status":"publish","type":"product","link":"https:\/\/maisonmpi.com\/shop\/produit\/imprimante-multifonction-hp-color-laserjet-pro-4303dw-5hh65a\/","title":{"rendered":"Imprimante multifonction HP Color LaserJet Pro 4303dw (5HH65A)"},"content":{"rendered":"<div class=\"electro-description clearfix\">\n<p>Vitesse d\u2019impression en noir (ISO, A4) Jusqu\u2019\u00e0 33 ppm<br \/>\nVitesse d\u2019impression couleur (ISO) Jusqu\u2019\u00e0 33 ppm<br \/>\nD\u00e9lai d\u2019impression de la premi\u00e8re page noire (A4, pr\u00eat) Vitesse : 9,5 s<br \/>\nD\u00e9lai d\u2019impression de la premi\u00e8re page couleur (A4, pr\u00eat) Vitesse : 10,5 s<br \/>\nCycle d\u2019utilisation (mensuel, A4) Jusqu\u2019\u00e0 50 000 pages<br \/>\nVolume de pages mensuel recommand\u00e9 750 \u00e0 4 000<br \/>\nTechnologie d\u2019impression Laser<br \/>\nQualit\u00e9 d\u2019impression noire (optimale) Jusqu\u2019\u00e0 600 x 600 ppp, r\u00e9solution optimis\u00e9e jusqu\u2019\u00e0 38 400 x 600 ppp<br \/>\nQualit\u00e9 d\u2019impression couleur (optimale) Jusqu\u2019\u00e0 600 x 600 ppp<br \/>\nEcran 4.3\u201d diagonal WLED-backlit anti-glare (480X272)<\/p>\n<p><strong>Fonctionnalit\u00e9 d\u2019impression mobile Application HP Smart<\/strong><br \/>\n<em>\u00a0\u00a0\u00a0 \u00a0\u00a0\u00a0 \u00a0\u00a0\u00a0 \u00a0\u00a0 \u00a0 Apple AirPrint\u2122<\/em><br \/>\n<em>\u00a0\u00a0\u00a0\u00a0 \u00a0\u00a0\u00a0 \u00a0\u00a0\u00a0 \u00a0\u00a0\u00a0 Certifi\u00e9 Mopria\u2122<\/em><br \/>\n<em>\u00a0\u00a0\u00a0 \u00a0\u00a0\u00a0 \u00a0\u00a0\u00a0 \u00a0\u00a0 \u00a0 Impression Wi-Fi\u00ae Direct<\/em><br \/>\n<em>\u00a0\u00a0\u00a0 \u00a0\u00a0\u00a0 \u00a0\u00a0\u00a0 \u00a0\u00a0 \u00a0 Application HP Smart et autres applications mobiles<\/em><\/p>\n<p><strong>Fonctionnalit\u00e9s sans fil Oui, Wi-Fi double bande int\u00e9gr\u00e9 (Wi-Fi 5)<\/strong><br \/>\n<em>\u00a0\u00a0\u00a0 \u00a0\u00a0\u00a0 \u00a0\u00a0\u00a0 \u00a0\u00a0 \u00a0 Authentification via WEP, WPA\/WPA2\/WPA3, WPA Enterprise<\/em><br \/>\n<em>\u00a0\u00a0\u00a0 \u00a0\u00a0\u00a0 \u00a0\u00a0\u00a0 \u00a0\u00a0 \u00a0 Chiffrement via AES ou TKIP<\/em><br \/>\n<em>\u00a0\u00a0\u00a0 \u00a0\u00a0\u00a0 \u00a0\u00a0\u00a0 \u00a0\u00a0 \u00a0 WPS<\/em><br \/>\n<em>\u00a0\u00a0\u00a0 \u00a0\u00a0\u00a0 \u00a0\u00a0\u00a0 \u00a0\u00a0 \u00a0 Wi-Fi Direct<\/em><\/p>\n<p><strong>Connectivit\u00e9, standard 1 port USB 2.0 haut d\u00e9bit (p\u00e9riph\u00e9rique)<\/strong><br \/>\n<em>\u00a0\u00a0\u00a0 \u00a0\u00a0\u00a0 \u00a0\u00a0\u00a0 \u00a0\u00a0 \u00a0 1 port USB 2.0 haut d\u00e9bit (h\u00f4te)<\/em><br \/>\n<em>\u00a0\u00a0\u00a0 \u00a0\u00a0\u00a0 \u00a0\u00a0\u00a0 \u00a0\u00a0 \u00a0 1 port USB \u00e0 l\u2019avant<\/em><br \/>\n<em>\u00a0\u00a0\u00a0 \u00a0\u00a0\u00a0 \u00a0\u00a0\u00a0 \u00a0\u00a0 \u00a0 1 Wi-Fi 802.11b\/g\/n<\/em><br \/>\n<em>\u00a0\u00a0\u00a0 \u00a0\u00a0\u00a0 \u00a0\u00a0\u00a0 \u00a0\u00a0 \u00a0 1 port Bluetooth Low Energy<\/em><br \/>\n<em>\u00a0\u00a0\u00a0 \u00a0\u00a0\u00a0 \u00a0\u00a0\u00a0 \u00a0\u00a0 \u00a0 1 port r\u00e9seau Gigabit Ethernet 10\/100\/1000 Base-TX<\/em><\/p>\n<p><strong>Syst\u00e8mes d\u2019exploitation support\u00e9s Windows 11<\/strong><br \/>\n<em>\u00a0Windows 10, Syst\u00e8me d\u2019exploitation Windows Client, Android, iOS, Syst\u00e8mes d\u2019exploitation mobiles, macOS 10.15 Catalina, macOS 11 Big Sur, macOS 12 Monterey, macOS 13 Ventura, Linux, Citrix, Chrome OS<\/em><\/p>\n<p>M\u00e9moire:\u00a0 512 Mo de m\u00e9moire flash NAND, 512 Mo de m\u00e9moire DRAM<br \/>\nCapacit\u00e9 m\u00e9moire maximale: 512 Mo de m\u00e9moire flash NAND, 512 Mo de m\u00e9moire DRAM<br \/>\nGestion d\u2019introduction du papier, standard Bac multifonction de 50 feuilles, bac d\u2019alimentation de 250 feuilles, chargeur automatique de document (ADF) de 50 feuilles<br \/>\nGestion d\u2019introduction du papier, en option Bac de 550 feuilles en option<br \/>\nGestion de sortie du papier, standard Bac de sortie de 150 feuilles<br \/>\nImpression recto verso Automatique<br \/>\nGestion du support fini Alimentation feuille \u00e0 feuille<br \/>\nTypes de supports Papier (bond, brochure, couleur, glac\u00e9, \u00e0 en-t\u00eate, photo, ordinaire, pr\u00e9imprim\u00e9, perfor\u00e9, recycl\u00e9, rugueux), cartes postales, \u00e9tiquettes, enveloppes<br \/>\nType de scanner A plat, chargeur automatique de documents<br \/>\nR\u00e9solution de num\u00e9risation, optique Jusqu\u2019\u00e0 1200 ppp<br \/>\nTaille de num\u00e9risation, maximum 216 x 297 mm<br \/>\nTaille de num\u00e9risation (chargeur auto) maximale 216 x 356 mm<br \/>\nNum\u00e9risation avec le chargeur automatique de documents recto-verso Non<br \/>\nCapacit\u00e9 du bac d\u2019alimentation automatique Standard, 50 feuilles d\u00e9roul\u00e9es<br \/>\nCommunication num\u00e9rique \u2013 Fonctionnalit\u00e9s standard Num\u00e9risation vers SharePoint<br \/>\nNum\u00e9risation vers OneDrive<br \/>\nVitesse de copie (noir, qualit\u00e9 normale, A4) Jusqu\u2019\u00e0 33 cpm<br \/>\nVitesse de copie (couleur, qualit\u00e9 normale, A4) Jusqu\u2019\u00e0 33 cpm<br \/>\nR\u00e9solution de la copie (texte noir) Jusqu\u2019\u00e0 600 x 600 ppp<br \/>\nR\u00e9solution de la copie (texte en couleur et graphiques) Jusqu\u2019\u00e0 600 x 600 ppp<br \/>\nParam\u00e8tres de r\u00e9duction\/agrandisse\u00a0ment de copies 25 \u00e0 400 %<\/p>\n<\/div>\n","protected":false},"excerpt":{"rendered":"<h1>HP Color LaserJet Pro 4303dw \u2013 Imprimante Multifonction Laser Couleur \u2013 Impression, copie, num\u00e9risation, Wifi, Recto Verso Automatique, 33 ppm<\/h1>\n<div class=\"wsppc_div_block woocommerce_after_product_title\"><\/div>\n","protected":false},"featured_media":12572,"template":"","meta":[],"product_brand":[],"product_cat":[235],"product_tag":[],"class_list":{"0":"post-12571","1":"product","2":"type-product","3":"status-publish","4":"has-post-thumbnail","6":"product_cat-imprimantes-scanners","8":"first","9":"instock","10":"taxable","11":"shipping-taxable","12":"purchasable","13":"product-type-simple"},"_links":{"self":[{"href":"https:\/\/maisonmpi.com\/shop\/wp-json\/wp\/v2\/product\/12571","targetHints":{"allow":["GET"]}}],"collection":[{"href":"https:\/\/maisonmpi.com\/shop\/wp-json\/wp\/v2\/product"}],"about":[{"href":"https:\/\/maisonmpi.com\/shop\/wp-json\/wp\/v2\/types\/product"}],"version-history":[{"count":3,"href":"https:\/\/maisonmpi.com\/shop\/wp-json\/wp\/v2\/product\/12571\/revisions"}],"predecessor-version":[{"id":12575,"href":"https:\/\/maisonmpi.com\/shop\/wp-json\/wp\/v2\/product\/12571\/revisions\/12575"}],"wp:featuredmedia":[{"embeddable":true,"href":"https:\/\/maisonmpi.com\/shop\/wp-json\/wp\/v2\/media\/12572"}],"wp:attachment":[{"href":"https:\/\/maisonmpi.com\/shop\/wp-json\/wp\/v2\/media?parent=12571"}],"wp:term":[{"taxonomy":"product_brand","embeddable":true,"href":"https:\/\/maisonmpi.com\/shop\/wp-json\/wp\/v2\/product_brand?post=12571"},{"taxonomy":"product_cat","embeddable":true,"href":"https:\/\/maisonmpi.com\/shop\/wp-json\/wp\/v2\/product_cat?post=12571"},{"taxonomy":"product_tag","embeddable":true,"href":"https:\/\/maisonmpi.com\/shop\/wp-json\/wp\/v2\/product_tag?post=12571"}],"curies":[{"name":"wp","href":"https:\/\/api.w.org\/{rel}","templated":true}]}}