{"id":12583,"date":"2025-04-18T15:02:02","date_gmt":"2025-04-18T15:02:02","guid":{"rendered":"https:\/\/maisonmpi.com\/shop\/?post_type=product&#038;p=12583"},"modified":"2025-04-22T10:15:49","modified_gmt":"2025-04-22T10:15:49","slug":"imprimante-portable-hp-officejet-202-n4k99c","status":"publish","type":"product","link":"https:\/\/maisonmpi.com\/shop\/produit\/imprimante-portable-hp-officejet-202-n4k99c\/","title":{"rendered":"Imprimante portable HP OfficeJet 202 (N4K99C)"},"content":{"rendered":"<table class=\"c-product-all-details-table__table\" role=\"table\">\n<caption class=\"c-product-all-details-table__caption\">Imprimante portable HP OfficeJet 202 (N4K99C) Toutes les caract\u00e9ristiques techniques<\/caption>\n<tbody>\n<tr class=\"c-product-all-details-table__tr\" role=\"row\">\n<th class=\"c-product-all-details-table__th\" role=\"rowheader\">Fonctions<\/th>\n<td class=\"c-product-all-details-table__td m-text-rte\" role=\"cell\">Imprimer<\/td>\n<\/tr>\n<tr class=\"c-product-all-details-table__tr\" role=\"row\">\n<th class=\"c-product-all-details-table__th\" role=\"rowheader\">Vitesse d&rsquo;impression noir (ISO)<\/th>\n<td class=\"c-product-all-details-table__td m-text-rte\" role=\"cell\">Sur secteur : jusqu&rsquo;\u00e0 10\u00a0ppm; Avec la batterie : jusqu&rsquo;\u00e0 9\u00a0<span class=\"m-text-nowrap\">ppm<span class=\"c-footnote-container\">\u00a0<sup><span class=\"footnote__number\">1<\/span><\/sup><\/span><\/span><\/td>\n<\/tr>\n<tr class=\"c-product-all-details-table__tr\" role=\"row\">\n<th class=\"c-product-all-details-table__th\" role=\"rowheader\">Vitesse d&rsquo;impression noire (brouillon, A4)<\/th>\n<td class=\"c-product-all-details-table__td m-text-rte\" role=\"cell\">Sur secteur : jusqu&rsquo;\u00e0 20\u00a0ppm; Avec la batterie : jusqu&rsquo;\u00e0 18\u00a0<span class=\"m-text-nowrap\">ppm<span class=\"c-footnote-container\">\u00a0<sup><span class=\"footnote__number\">1<\/span><\/sup><\/span><\/span><\/td>\n<\/tr>\n<tr class=\"c-product-all-details-table__tr\" role=\"row\">\n<th class=\"c-product-all-details-table__th\" role=\"rowheader\">Vitesse d&rsquo;impression en noir (ISO, A4)<\/th>\n<td class=\"c-product-all-details-table__td m-text-rte\" role=\"cell\">Sur secteur : jusqu&rsquo;\u00e0 10\u00a0ppm; Avec la batterie : jusqu&rsquo;\u00e0 9\u00a0<span class=\"m-text-nowrap\">ppm<span class=\"c-footnote-container\">\u00a0<sup><span class=\"footnote__number\">1<\/span><\/sup><\/span><\/span><\/td>\n<\/tr>\n<tr class=\"c-product-all-details-table__tr\" role=\"row\">\n<th class=\"c-product-all-details-table__th\" role=\"rowheader\">Vitesse d&rsquo;impression noire (optimale, A4)<\/th>\n<td class=\"c-product-all-details-table__td m-text-rte\" role=\"cell\">Sur secteur : jusqu&rsquo;\u00e0 4\u00a0ppm; Avec la batterie : jusqu&rsquo;\u00e0 3\u00a0<span class=\"m-text-nowrap\">ppm<span class=\"c-footnote-container\">\u00a0<sup><span class=\"footnote__number\">1<\/span><\/sup><\/span><\/span><\/td>\n<\/tr>\n<tr class=\"c-product-all-details-table__tr\" role=\"row\">\n<th class=\"c-product-all-details-table__th\" role=\"rowheader\">Vitesse d&rsquo;impression couleur (ISO)<\/th>\n<td class=\"c-product-all-details-table__td m-text-rte\" role=\"cell\">Sur secteur : jusqu&rsquo;\u00e0 7\u00a0ppm; Avec la batterie : jusqu&rsquo;\u00e0 6\u00a0<span class=\"m-text-nowrap\">ppm<span class=\"c-footnote-container\">\u00a0<sup><span class=\"footnote__number\">1<\/span><\/sup><\/span><\/span><\/td>\n<\/tr>\n<tr class=\"c-product-all-details-table__tr\" role=\"row\">\n<th class=\"c-product-all-details-table__th\" role=\"rowheader\">Vitesse d&rsquo;impression couleur (brouillon, A4)<\/th>\n<td class=\"c-product-all-details-table__td m-text-rte\" role=\"cell\">Sur secteur : jusqu&rsquo;\u00e0 19\u00a0ppm; Avec la batterie : jusqu&rsquo;\u00e0 17\u00a0<span class=\"m-text-nowrap\">ppm<span class=\"c-footnote-container\">\u00a0<sup><span class=\"footnote__number\">1<\/span><\/sup><\/span><\/span><\/td>\n<\/tr>\n<tr class=\"c-product-all-details-table__tr\" role=\"row\">\n<th class=\"c-product-all-details-table__th\" role=\"rowheader\">Vitesse d\u2019impression couleur (ISO)<\/th>\n<td class=\"c-product-all-details-table__td m-text-rte\" role=\"cell\">Sur secteur : jusqu&rsquo;\u00e0 7\u00a0ppm; Avec la batterie : jusqu&rsquo;\u00e0 6\u00a0<span class=\"m-text-nowrap\">ppm<span class=\"c-footnote-container\">\u00a0<sup><span class=\"footnote__number\">1<\/span><\/sup><\/span><\/span><\/td>\n<\/tr>\n<tr class=\"c-product-all-details-table__tr\" role=\"row\">\n<th class=\"c-product-all-details-table__th\" role=\"rowheader\">Vitesse d&rsquo;impression couleur (brouillon, photo 10&#215;15)<\/th>\n<td class=\"c-product-all-details-table__td m-text-rte\" role=\"cell\">Photo en mode normal : 34 secondes, vitesse pour brouillon photo non\u00a0<span class=\"m-text-nowrap\">sp\u00e9cifi\u00e9e<span class=\"c-footnote-container\">\u00a0<sup><span class=\"footnote__number\">1<\/span><\/sup><\/span><\/span><\/td>\n<\/tr>\n<tr class=\"c-product-all-details-table__tr\" role=\"row\">\n<th class=\"c-product-all-details-table__th\" role=\"rowheader\">D\u00e9lai d&rsquo;impression de la premi\u00e8re page noire (lettre, pr\u00eat)<\/th>\n<td class=\"c-product-all-details-table__td m-text-rte\" role=\"cell\">Sur secteur : en 12 secondes seulement; Avec la batterie : en 12 secondes\u00a0<span class=\"m-text-nowrap\">seulement<span class=\"c-footnote-container\">\u00a0<sup><span class=\"footnote__number\">2<\/span><\/sup><\/span><\/span><\/td>\n<\/tr>\n<tr class=\"c-product-all-details-table__tr\" role=\"row\">\n<th class=\"c-product-all-details-table__th\" role=\"rowheader\">D\u00e9lai d&rsquo;impression de la premi\u00e8re page noire (A4, pr\u00eat)<\/th>\n<td class=\"c-product-all-details-table__td m-text-rte\" role=\"cell\">Sur secteur : en 12 secondes seulement; Avec la batterie : en 12 secondes\u00a0<span class=\"m-text-nowrap\">seulement<span class=\"c-footnote-container\">\u00a0<sup><span class=\"footnote__number\">2<\/span><\/sup><\/span><\/span><\/td>\n<\/tr>\n<tr class=\"c-product-all-details-table__tr\" role=\"row\">\n<th class=\"c-product-all-details-table__th\" role=\"rowheader\">D\u00e9lai d&rsquo;impression de la premi\u00e8re page couleur (lettre, pr\u00eat)<\/th>\n<td class=\"c-product-all-details-table__td m-text-rte\" role=\"cell\">Sur secteur : en 14 secondes seulement; Sur batterie : en 15 secondes\u00a0<span class=\"m-text-nowrap\">seulement<span class=\"c-footnote-container\">\u00a0<sup><span class=\"footnote__number\">2<\/span><\/sup><\/span><\/span><\/td>\n<\/tr>\n<tr class=\"c-product-all-details-table__tr\" role=\"row\">\n<th class=\"c-product-all-details-table__th\" role=\"rowheader\">D\u00e9lai d&rsquo;impression de la premi\u00e8re page couleur (A4, pr\u00eat)<\/th>\n<td class=\"c-product-all-details-table__td m-text-rte\" role=\"cell\">Sur secteur : en 14 secondes seulement; Sur batterie : en 15 secondes\u00a0<span class=\"m-text-nowrap\">seulement<span class=\"c-footnote-container\">\u00a0<sup><span class=\"footnote__number\">2<\/span><\/sup><\/span><\/span><\/td>\n<\/tr>\n<tr class=\"c-product-all-details-table__tr\" role=\"row\">\n<th class=\"c-product-all-details-table__th\" role=\"rowheader\">Impression recto verso<\/th>\n<td class=\"c-product-all-details-table__td m-text-rte\" role=\"cell\">Manuel (avec prise en charge des pilotes)<\/td>\n<\/tr>\n<tr class=\"c-product-all-details-table__tr\" role=\"row\">\n<th class=\"c-product-all-details-table__th\" role=\"rowheader\">Cycle d&rsquo;utilisation (mensuel, lettre)<\/th>\n<td class=\"c-product-all-details-table__td m-text-rte\" role=\"cell\">Jusqu&rsquo;\u00e0 500\u00a0<span class=\"m-text-nowrap\">pages<span class=\"c-footnote-container\">\u00a0<sup><span class=\"footnote__number\">3<\/span><\/sup><\/span><\/span>\u00a0<span class=\"footnotes\">(Duty cycle is the maximum number of pages that can be printed in a month, but this page volume is not recommended on an ongoing basis.)<\/span><\/td>\n<\/tr>\n<tr class=\"c-product-all-details-table__tr\" role=\"row\">\n<th class=\"c-product-all-details-table__th\" role=\"rowheader\">Cycle d&rsquo;utilisation (mensuel, A4)<\/th>\n<td class=\"c-product-all-details-table__td m-text-rte\" role=\"cell\">Jusqu&rsquo;\u00e0 500\u00a0<span class=\"m-text-nowrap\">pages<span class=\"c-footnote-container\">\u00a0<sup><span class=\"footnote__number\">3<\/span><\/sup><\/span><\/span>\u00a0<span class=\"footnotes\">(Duty cycle is the maximum number of pages that can be printed in a month, but this page volume is not recommended on an ongoing basis.)<\/span><\/td>\n<\/tr>\n<tr class=\"c-product-all-details-table__tr\" role=\"row\">\n<th class=\"c-product-all-details-table__th\" role=\"rowheader\">Volume de pages mensuel recommand\u00e9<\/th>\n<td class=\"c-product-all-details-table__td m-text-rte\" role=\"cell\">100 \u00e0 300<\/td>\n<\/tr>\n<tr class=\"c-product-all-details-table__tr\" role=\"row\">\n<th class=\"c-product-all-details-table__th\" role=\"rowheader\">Qualit\u00e9 d&rsquo;impression noire (optimale)<\/th>\n<td class=\"c-product-all-details-table__td m-text-rte\" role=\"cell\">Jusqu&rsquo;\u00e0 1 200 x 1 200 ppp rendus pour une impression depuis un ordinateur<\/td>\n<\/tr>\n<tr class=\"c-product-all-details-table__tr\" role=\"row\">\n<th class=\"c-product-all-details-table__th\" role=\"rowheader\">Qualit\u00e9 d&rsquo;impression couleur (optimale)<\/th>\n<td class=\"c-product-all-details-table__td m-text-rte\" role=\"cell\">Jusqu&rsquo;\u00e0 4\u00a0800 x 1\u00a0200\u00a0ppp optimis\u00e9s couleur (si impression depuis un ordinateur et entr\u00e9e 1\u00a0200\u00a0ppp)<\/td>\n<\/tr>\n<tr class=\"c-product-all-details-table__tr\" role=\"row\">\n<th class=\"c-product-all-details-table__th\" role=\"rowheader\">Langages d&rsquo;impression<\/th>\n<td class=\"c-product-all-details-table__td m-text-rte\" role=\"cell\">Interface graphique HP PCL 3<\/td>\n<\/tr>\n<tr class=\"c-product-all-details-table__tr\" role=\"row\">\n<th class=\"c-product-all-details-table__th\" role=\"rowheader\">Technologie d&rsquo;impression<\/th>\n<td class=\"c-product-all-details-table__td m-text-rte\" role=\"cell\">Jet d\u2019encre thermique HP<\/td>\n<\/tr>\n<tr class=\"c-product-all-details-table__tr\" role=\"row\">\n<th class=\"c-product-all-details-table__th\" role=\"rowheader\">Connectivit\u00e9, standard<\/th>\n<td class=\"c-product-all-details-table__td m-text-rte\" role=\"cell\">1 port USB 2.0, port Wi-Fi<\/td>\n<\/tr>\n<tr class=\"c-product-all-details-table__tr\" role=\"row\">\n<th class=\"c-product-all-details-table__th\" role=\"rowheader\">Fonctionnalit\u00e9 d\u2019impression mobile<\/th>\n<td class=\"c-product-all-details-table__td m-text-rte\" role=\"cell\">Syst\u00e8me d\u2019exploitation Chrome ; Impression Wi-Fi\u00ae\u00a0<span class=\"m-text-nowrap\">Direct<span class=\"c-footnote-container\">\u00a0<sup><span class=\"footnote__number\">4<\/span><\/sup><\/span><\/span><\/td>\n<\/tr>\n<tr class=\"c-product-all-details-table__tr\" role=\"row\">\n<th class=\"c-product-all-details-table__th\" role=\"rowheader\">Fonctionnalit\u00e9s r\u00e9seau<\/th>\n<td class=\"c-product-all-details-table__td m-text-rte\" role=\"cell\">Oui, via sans-fil int\u00e9gr\u00e9<\/td>\n<\/tr>\n<tr class=\"c-product-all-details-table__tr\" role=\"row\">\n<th class=\"c-product-all-details-table__th\" role=\"rowheader\">Fonctionnalit\u00e9s sans fil<\/th>\n<td class=\"c-product-all-details-table__td m-text-rte\" role=\"cell\">Oui, via sans-fil int\u00e9gr\u00e9<\/td>\n<\/tr>\n<tr class=\"c-product-all-details-table__tr\" role=\"row\">\n<th class=\"c-product-all-details-table__th\" role=\"rowheader\">Configuration syst\u00e8me minimale requise pour Macintosh<\/th>\n<td class=\"c-product-all-details-table__td m-text-rte\" role=\"cell\">Apple\u00ae OS Catalina (v10.15), OS X El Capitan (v10.11), OS X Yosemite (v10.10), OS X Mavericks (v10.9); 1 Go d\u2019espace disponible; Internet requis; USB<\/td>\n<\/tr>\n<tr class=\"c-product-all-details-table__tr\" role=\"row\">\n<th class=\"c-product-all-details-table__th\" role=\"rowheader\">Configuration minimale du syst\u00e8me<\/th>\n<td class=\"c-product-all-details-table__td m-text-rte\" role=\"cell\">Windows 10, 8.1, 8, 7, Windows Vista : (32 bits uniquement), Windows XP SP3; AppleOS X\u00a0Yosemite (v10.10), OS X\u00a0Mavericks (v10.9), OS X\u00a0Mountain Lion (v10.8); Linux<\/td>\n<\/tr>\n<tr class=\"c-product-all-details-table__tr\" role=\"row\">\n<th class=\"c-product-all-details-table__th\" role=\"rowheader\">Ecran<\/th>\n<td class=\"c-product-all-details-table__td m-text-rte\" role=\"cell\">\u00c9cran graphique monochrome (MGD) de 5,08 cm (2 pouces) haute r\u00e9solution<\/td>\n<\/tr>\n<tr class=\"c-product-all-details-table__tr\" role=\"row\">\n<th class=\"c-product-all-details-table__th\" role=\"rowheader\">Vitesse du processeur<\/th>\n<td class=\"c-product-all-details-table__td m-text-rte\" role=\"cell\">525\u00a0MHz<\/td>\n<\/tr>\n<tr class=\"c-product-all-details-table__tr\" role=\"row\">\n<th class=\"c-product-all-details-table__th\" role=\"rowheader\">Capacit\u00e9 m\u00e9moire maximale<\/th>\n<td class=\"c-product-all-details-table__td m-text-rte\" role=\"cell\">128 Mo<\/p>\n<p>&nbsp;<\/td>\n<\/tr>\n<tr class=\"c-product-all-details-table__tr\" role=\"row\">\n<th class=\"c-product-all-details-table__th\" role=\"rowheader\">M\u00e9moire<\/th>\n<td class=\"c-product-all-details-table__td m-text-rte\" role=\"cell\">Barrette DDR3 de 128\u00a0Mo<\/td>\n<\/tr>\n<tr class=\"c-product-all-details-table__tr\" role=\"row\">\n<th class=\"c-product-all-details-table__th\" role=\"rowheader\">Compatibilit\u00e9 des cartes m\u00e9moire<\/th>\n<td class=\"c-product-all-details-table__td m-text-rte\" role=\"cell\">Aucune<\/td>\n<\/tr>\n<tr class=\"c-product-all-details-table__tr\" role=\"row\">\n<th class=\"c-product-all-details-table__th\" role=\"rowheader\">Syst\u00e8mes d&rsquo;exploitation support\u00e9s<\/th>\n<td class=\"c-product-all-details-table__td m-text-rte\" role=\"cell\"><span data-processed-by-js=\"true\">Windows 10, 8.1, 8, 7 : 32 ou 64\u00a0bits, 2\u00a0Go d\u2019espace disponible sur le disque dur, lecteur de CD-ROM\/DVD ou connexion Internet, port USB, Internet Explorer. Windows Vista : (32 bits uniquement), 2 Go d\u2019espace disponible sur le disque dur, lecteur de CD-ROM\/DVD ou connexion Internet, port USB, Internet Explorer 8, Windows XP SP3 ou sup\u00e9rieur (32 bits uniquement) : tout processeur Intel Pentium II, Celeron ou 233 Mhz compatible, 850 Mo d\u2019espace disque disponible, lecteur de CD-ROM\/DVD ou connexion Internet, port USB, Internet Explorer 8, Apple OS X Yosemite (v10.10) OS X Mavericks (v10.9), OS X\u00a0Mountain Lion (v10.8); 1 Go d\u2019espace disponible sur le disque dur; Internet requis; USB. Linux : pour en savoir plus, consultez le site\u00a0<a href=\"http:\/\/hplipopensource.com\/hplip-web\/index.html\" target=\"_blank\" rel=\"noopener noreferrer nofollow\">http:\/\/hplipopensource.com\/hplip-web\/index.html<\/a>; Syst\u00e8me d\u2019exploitation Chrome\u00a0<\/span><\/td>\n<\/tr>\n<tr class=\"c-product-all-details-table__tr\" role=\"row\">\n<th class=\"c-product-all-details-table__th\" role=\"rowheader\">Gestion d&rsquo;introduction du papier, standard<\/th>\n<td class=\"c-product-all-details-table__td m-text-rte\" role=\"cell\">Jusqu&rsquo;\u00e0 50<\/td>\n<\/tr>\n<tr class=\"c-product-all-details-table__tr\" role=\"row\">\n<th class=\"c-product-all-details-table__th\" role=\"rowheader\">Types de supports<\/th>\n<td class=\"c-product-all-details-table__td m-text-rte\" role=\"cell\">Papier ordinaire, papiers photo HP, papier mat pour brochure HP ou papier professionnel HP, papier mat pour pr\u00e9sentation HP, papier brillant pour brochure HP ou papier professionnel HP, autres papiers photo jet d&rsquo;encre, autres papiers mats jet d&rsquo;encre, autres papiers brillants jet d&rsquo;encre, papier ordinaire, l\u00e9ger\/recycl\u00e9<\/td>\n<\/tr>\n<tr class=\"c-product-all-details-table__tr\" role=\"row\">\n<th class=\"c-product-all-details-table__th\" role=\"rowheader\">Formats de supports pris en charge<\/th>\n<td class=\"c-product-all-details-table__td m-text-rte\" role=\"cell\">A4, A5, A6, B5 (ISO), B5 (JIS); enveloppes (A2, C5, C6, DL); photos (10 x 15 cm)<\/td>\n<\/tr>\n<tr class=\"c-product-all-details-table__tr\" role=\"row\">\n<th class=\"c-product-all-details-table__th\" role=\"rowheader\">Tailles de support, personnalis\u00e9es<\/th>\n<td class=\"c-product-all-details-table__td m-text-rte\" role=\"cell\">76,2 x 216 \u00e0 101 x 355,6 mm<\/td>\n<\/tr>\n<tr class=\"c-product-all-details-table__tr\" role=\"row\">\n<th class=\"c-product-all-details-table__th\" role=\"rowheader\">Impression sans bordure<\/th>\n<td class=\"c-product-all-details-table__td m-text-rte\" role=\"cell\">Oui (jusqu&rsquo;\u00e0 127\u00a0x\u00a0177\u00a0mm)<\/td>\n<\/tr>\n<tr class=\"c-product-all-details-table__tr\" role=\"row\">\n<th class=\"c-product-all-details-table__th\" role=\"rowheader\">Poids du support, recommand\u00e9<\/th>\n<td class=\"c-product-all-details-table__td m-text-rte\" role=\"cell\">75 g\/m\u00b2<\/td>\n<\/tr>\n<tr class=\"c-product-all-details-table__tr\" role=\"row\">\n<th class=\"c-product-all-details-table__th\" role=\"rowheader\">Consommation \u00e9lectrique<\/th>\n<td class=\"c-product-all-details-table__td m-text-rte\" role=\"cell\">15\u00a0W (actif), 0,17\u00a0W (arr\u00eat manuel), 3,9\u00a0W (en attente), 1,14\u00a0W\u00a0<span class=\"m-text-nowrap\">(veille).<span class=\"c-footnote-container\">\u00a0<sup><span class=\"footnote__number\">5<\/span><\/sup><\/span><\/span><\/td>\n<\/tr>\n<tr class=\"c-product-all-details-table__tr\" role=\"row\">\n<th class=\"c-product-all-details-table__th\" role=\"rowheader\">Alimentation<\/th>\n<td class=\"c-product-all-details-table__td m-text-rte\" role=\"cell\">Tension d&rsquo;entr\u00e9e : 200 \u00e0 240 V CA, 50 \u00e0 60 Hz<\/td>\n<\/tr>\n<tr class=\"c-product-all-details-table__tr\" role=\"row\">\n<th class=\"c-product-all-details-table__th\" role=\"rowheader\">Plage d&rsquo;humidit\u00e9 de fonctionnement<\/th>\n<td class=\"c-product-all-details-table__td m-text-rte\" role=\"cell\">15 \u00e0 90% d\u2019humidit\u00e9 relative<\/td>\n<\/tr>\n<tr class=\"c-product-all-details-table__tr\" role=\"row\">\n<th class=\"c-product-all-details-table__th\" role=\"rowheader\">Plage de taux d&rsquo;humidit\u00e9 en fonctionnement recommand\u00e9e<\/th>\n<td class=\"c-product-all-details-table__td m-text-rte\" role=\"cell\">20 \u00e0 80 % d\u2019humidit\u00e9 relative<\/td>\n<\/tr>\n<tr class=\"c-product-all-details-table__tr\" role=\"row\">\n<th class=\"c-product-all-details-table__th\" role=\"rowheader\">Plage d&rsquo;humidit\u00e9 \u00e0 l\u2019arr\u00eat<\/th>\n<td class=\"c-product-all-details-table__td m-text-rte\" role=\"cell\">5 \u00e0 90 % d\u2019humidit\u00e9 relative<\/td>\n<\/tr>\n<tr class=\"c-product-all-details-table__tr\" role=\"row\">\n<th class=\"c-product-all-details-table__th\" role=\"rowheader\">Plage de temp\u00e9ratures en fonctionnement<\/th>\n<td class=\"c-product-all-details-table__td m-text-rte\" role=\"cell\">5 \u00e0 40\u00b0C<\/td>\n<\/tr>\n<tr class=\"c-product-all-details-table__tr\" role=\"row\">\n<th class=\"c-product-all-details-table__th\" role=\"rowheader\">Conforme Blue Angel<\/th>\n<td class=\"c-product-all-details-table__td m-text-rte\" role=\"cell\">Non; Veuillez vous reporter au document ECI (informations de comparaison des labels \u00e9cologiques)<\/td>\n<\/tr>\n<tr class=\"c-product-all-details-table__tr\" role=\"row\">\n<th class=\"c-product-all-details-table__th\" role=\"rowheader\">Technologie d&rsquo;\u00e9conomie d&rsquo;\u00e9nergie<\/th>\n<td class=\"c-product-all-details-table__td m-text-rte\" role=\"cell\">Technologie HP\u00a0Auto-Off<\/td>\n<\/tr>\n<tr class=\"c-product-all-details-table__tr\" role=\"row\">\n<th class=\"c-product-all-details-table__th\" role=\"rowheader\">Labels \u00e9cologiques<\/th>\n<td class=\"c-product-all-details-table__td m-text-rte\" role=\"cell\">Certifi\u00e9 ENERGY STAR\u00ae<\/td>\n<\/tr>\n<tr class=\"c-product-all-details-table__tr\" role=\"row\">\n<th class=\"c-product-all-details-table__th\" role=\"rowheader\">Certification Energy Star<\/th>\n<td class=\"c-product-all-details-table__td m-text-rte\" role=\"cell\">Oui<\/td>\n<\/tr>\n<tr class=\"c-product-all-details-table__tr\" role=\"row\">\n<th class=\"c-product-all-details-table__th\" role=\"rowheader\">Dimensions minimales (L x P x H)<\/th>\n<td class=\"c-product-all-details-table__td m-text-rte\" role=\"cell\">364 x 186 x 69\u00a0<span class=\"m-text-nowrap\">mm<span class=\"c-footnote-container\">\u00a0<sup><span class=\"footnote__number\">6<\/span><\/sup><\/span><\/span><\/td>\n<\/tr>\n<tr class=\"c-product-all-details-table__tr\" role=\"row\">\n<th class=\"c-product-all-details-table__th\" role=\"rowheader\">Dimensions maximales (L x P x H)<\/th>\n<td class=\"c-product-all-details-table__td m-text-rte\" role=\"cell\">304 x 260 x 214 mm (avec bac d&rsquo;entr\u00e9e\u00a0<span class=\"m-text-nowrap\">ouvert)<span class=\"c-footnote-container\">\u00a0<sup><span class=\"footnote__number\">6<\/span><\/sup><\/span><\/span><\/td>\n<\/tr>\n<tr class=\"c-product-all-details-table__tr\" role=\"row\">\n<th class=\"c-product-all-details-table__th\" role=\"rowheader\">Poids<\/th>\n<td class=\"c-product-all-details-table__td m-text-rte\" role=\"cell\">2,1 kg (2,2 kg avec\u00a0<span class=\"m-text-nowrap\">batterie)<span class=\"c-footnote-container\">\u00a0<sup><span class=\"footnote__number\">7<\/span><\/sup><\/span><\/span><\/td>\n<\/tr>\n<tr class=\"c-product-all-details-table__tr\" role=\"row\">\n<th class=\"c-product-all-details-table__th\" role=\"rowheader\">Contenu de l\u2019emballage<\/th>\n<td class=\"c-product-all-details-table__td m-text-rte\" role=\"cell\"><span data-processed-by-js=\"true\">Imprimante portable HP OfficeJet 202; HP 651 Cartouche d&rsquo;encre de d\u00e9marrage Advantage, noir (env. 240 pages); HP 651 Cartouche d&rsquo;encre de d\u00e9marrage Advantage, trois couleurs (env. 150 pages); Brochure sur les r\u00e9glementations; Affiche d&rsquo;installation; Cordon d&rsquo;alimentation; Pour en savoir plus au sujet du remplissage et du rendement, consultez le site\u00a0<a href=\"http:\/\/www.hp.com\/go\/learnaboutsupplies\" target=\"_self\" rel=\"noopener noreferrer nofollow\">http:\/\/www.hp.com\/go\/learnaboutsupplies<\/a><\/span><\/td>\n<\/tr>\n<tr class=\"c-product-all-details-table__tr\" role=\"row\">\n<th class=\"c-product-all-details-table__th\" role=\"rowheader\">Cartouches\/Bouteille d\u2019encre, Nombre<\/th>\n<td class=\"c-product-all-details-table__td m-text-rte\" role=\"cell\">2 : 1 noir, 1 couleur (cyan, magenta, jaune)<\/td>\n<\/tr>\n<tr class=\"c-product-all-details-table__tr\" role=\"row\">\n<th class=\"c-product-all-details-table__th\" role=\"rowheader\">Cartouches de remplacement<\/th>\n<td class=\"c-product-all-details-table__td m-text-rte\" role=\"cell\">HP 651 cartouche Ink Advantage noire authentique (environ 600 pages); HP 651 cartouche Ink Advantage trois couleurs authentique (environ 300 pages)<\/td>\n<\/tr>\n<tr class=\"c-product-all-details-table__tr\" role=\"row\">\n<th class=\"c-product-all-details-table__th\" role=\"rowheader\">Garantie fabricant<\/th>\n<td class=\"c-product-all-details-table__td m-text-rte\" role=\"cell\">Garantie commerciale d&rsquo;un an sur le mat\u00e9riel; Assistance t\u00e9l\u00e9phonique en ligne 24h\/24, 7j\/7<\/td>\n<\/tr>\n<\/tbody>\n<\/table>\n","protected":false},"excerpt":{"rendered":"<p>Cette imprimante rapide et silencieuse offre plus de pages par cartouche et dispose d&rsquo;une batterie offrant une grande autonomie.<br \/>\nVitesse d&rsquo;impression noir: Jusqu&rsquo;\u00e0 20 ppm<\/p>\n","protected":false},"featured_media":12584,"template":"","meta":[],"product_brand":[],"product_cat":[235],"product_tag":[],"class_list":{"0":"post-12583","1":"product","2":"type-product","3":"status-publish","4":"has-post-thumbnail","6":"product_cat-imprimantes-scanners","8":"first","9":"instock","10":"taxable","11":"shipping-taxable","12":"purchasable","13":"product-type-simple"},"_links":{"self":[{"href":"https:\/\/maisonmpi.com\/shop\/wp-json\/wp\/v2\/product\/12583","targetHints":{"allow":["GET"]}}],"collection":[{"href":"https:\/\/maisonmpi.com\/shop\/wp-json\/wp\/v2\/product"}],"about":[{"href":"https:\/\/maisonmpi.com\/shop\/wp-json\/wp\/v2\/types\/product"}],"version-history":[{"count":1,"href":"https:\/\/maisonmpi.com\/shop\/wp-json\/wp\/v2\/product\/12583\/revisions"}],"predecessor-version":[{"id":12586,"href":"https:\/\/maisonmpi.com\/shop\/wp-json\/wp\/v2\/product\/12583\/revisions\/12586"}],"wp:featuredmedia":[{"embeddable":true,"href":"https:\/\/maisonmpi.com\/shop\/wp-json\/wp\/v2\/media\/12584"}],"wp:attachment":[{"href":"https:\/\/maisonmpi.com\/shop\/wp-json\/wp\/v2\/media?parent=12583"}],"wp:term":[{"taxonomy":"product_brand","embeddable":true,"href":"https:\/\/maisonmpi.com\/shop\/wp-json\/wp\/v2\/product_brand?post=12583"},{"taxonomy":"product_cat","embeddable":true,"href":"https:\/\/maisonmpi.com\/shop\/wp-json\/wp\/v2\/product_cat?post=12583"},{"taxonomy":"product_tag","embeddable":true,"href":"https:\/\/maisonmpi.com\/shop\/wp-json\/wp\/v2\/product_tag?post=12583"}],"curies":[{"name":"wp","href":"https:\/\/api.w.org\/{rel}","templated":true}]}}