{"id":12635,"date":"2025-04-22T11:33:52","date_gmt":"2025-04-22T11:33:52","guid":{"rendered":"https:\/\/maisonmpi.com\/shop\/?post_type=product&#038;p=12635"},"modified":"2025-04-22T11:33:53","modified_gmt":"2025-04-22T11:33:53","slug":"imprimante-multifonction-laser-monochrome-hp-laserjet-m141w-7md74a_b190","status":"publish","type":"product","link":"https:\/\/maisonmpi.com\/shop\/produit\/imprimante-multifonction-laser-monochrome-hp-laserjet-m141w-7md74a_b190\/","title":{"rendered":"Imprimante Multifonction Laser Monochrome HP LaserJet M141w (7MD74A_B190)"},"content":{"rendered":"<dl class=\"data-sheet\">\n<dt class=\"name\">Fonctions<\/dt>\n<dd class=\"value\">Impression, copie, num\u00e9risation<\/dd>\n<dt class=\"name\">Technologie d&rsquo;impression<\/dt>\n<dd class=\"value\">Laser<\/dd>\n<dt class=\"name\">Cartouches d&rsquo;impression<\/dt>\n<dd class=\"value\">1 (noir)<\/dd>\n<dt class=\"name\">Vitesse d&rsquo;impression noir<\/dt>\n<dd class=\"value\">20 pages par minute (norme ISO)<\/dd>\n<dt class=\"name\">Qualit\u00e9 d&rsquo;impression noire<\/dt>\n<dd class=\"value\">Jusqu&rsquo;\u00e0 600 x 600\u00a0ppp<\/dd>\n<dt class=\"name\">\u00c9cran<\/dt>\n<dd class=\"value\">ICON LCD; LED<\/dd>\n<dt class=\"name\">Cycle d&rsquo;utilisation<\/dt>\n<dd class=\"value\">Jusqu&rsquo;\u00e0 8 000 pages (Le Taux d&rsquo;utilisation mensuel correspond au nombre maximum de pages d&rsquo;impressions d&rsquo;images mensuelles. Cette valeur permet de comparer la solidit\u00e9 des produits par rapport aux autres p\u00e9riph\u00e9riques HP LaserJet ou HP Color LaserJet tout en assurant un d\u00e9ploiement appropri\u00e9 des imprimantes et des imprimantes multifonction afin de r\u00e9pondre aux attentes des individus ou des groupes connect\u00e9s.)<\/dd>\n<dt class=\"name\">Volume de pages mensuel recommand\u00e9<\/dt>\n<dd class=\"value\">100 \u00e0 1000<\/dd>\n<dt class=\"name\">Connectivit\u00e9<\/dt>\n<dd class=\"value\">Wi-Fi avec bluetooth; 1 port USB haut d\u00e9bit (compatible USB 2.0)<\/dd>\n<dt class=\"name\">Impression recto\/verso<\/dt>\n<dd class=\"value\">Non<\/dd>\n<dt class=\"name\">Capacit\u00e9 bac papier<\/dt>\n<dd class=\"value\">Jusqu&rsquo;\u00e0 150 feuilles<\/dd>\n<dt class=\"name\">Formats de supports pris en charge<\/dt>\n<dd class=\"value\">A4; A5; A6; enveloppes (C5, DL); personnalis\u00e9<\/dd>\n<dt class=\"name\">Types de support pris en charge<\/dt>\n<dd class=\"value\">Papier ordinaire, enveloppes, cartes postales, \u00e9tiquettes<\/dd>\n<dt class=\"name\">Dimensions (l x p x h)<\/dt>\n<dd class=\"value\">Dimensions maximales (L x P x H): 360 x 427 x 347 mm<br \/>\nDimensions minimales (L x P x H): 360 x 264 x 197 mm<\/dd>\n<dt class=\"name\">Poids net<\/dt>\n<dd class=\"value\">Poids: 5,39 kg<br \/>\nPoids du carton\/paquet: 6,9 kg<\/dd>\n<dt class=\"name\">M\u00e9moire install\u00e9e<\/dt>\n<dd class=\"value\">64 Mo<\/dd>\n<dt class=\"name\">Cartouches compatibles<\/dt>\n<dd class=\"value\">Toner LaserJet noir HP 150A (~975), W1500A Toner LaserJet noir HP 150A (~975), W1500A ([4] Valeur de rendement d\u00e9clar\u00e9e conform\u00e9ment \u00e0 la norme ISO\/CEI 19752 et en impression continue. Les capacit\u00e9s de production r\u00e9elles varient sensiblement en fonction de la nature des images imprim\u00e9es et d\u2019autres facteurs. Pour en savoir plus, consultez le site http:\/\/www.hp.com\/go\/learnaboutsupplies.)<\/dd>\n<dt class=\"name\">Contenu de la bo\u00eete<\/dt>\n<dd class=\"value\">Imprimante multifonction M141w HP LaserJet; Cordon secteur; Toner HP LaserJet noir (rendement : 500 pages); Affiche d\u2019installation; Guide de r\u00e9f\u00e9rence; Guide de garantie; Prospectus<\/dd>\n<dt class=\"name\">C\u00e2ble fourni<\/dt>\n<dd class=\"value\">Non, acheter un c\u00e2ble USB s\u00e9par\u00e9ment<\/dd>\n<dt class=\"name\">Photocopieur<\/dt>\n<dd class=\"value\">Param\u00e8tres du photocopieur: Nombre de copies; Plus clair\/plus fonc\u00e9; Optimiser; Papier<\/dd>\n<dt class=\"name\">Scanner<\/dt>\n<dd class=\"value\">Type de scanner: \u00c0 plat<br \/>\nFonctions de num\u00e9risation avanc\u00e9es: Non<\/dd>\n<dt class=\"name\">Logiciels inclus<\/dt>\n<dd class=\"value\">Pas de\u00a0<sup><a href=\"https:\/\/www.iris.ma\/13511-imprimante-multifonction-laser-monochrome-hp-laserjet-m141w-7md74a.html\" target=\"_blank\" rel=\"noopener\">1<\/a><\/sup>\u00a0CD fourni. Logiciel \u00e0 t\u00e9l\u00e9charger \u00e0 partir de hp.com ou 123.hp.com<\/dd>\n<dt class=\"name\">Poids du support recommand\u00e9<\/dt>\n<dd class=\"value\">65 \u00e0 120 g\/m\u00b2<\/dd>\n<\/dl>\n","protected":false},"excerpt":{"rendered":"<p>Impression, copie, num\u00e9risation<br \/>\nVitesse d&rsquo;impression noir: 20 pages par minute (norme ISO)<br \/>\nQualit\u00e9 d&rsquo;impression noire: Jusqu&rsquo;\u00e0 600 x 600\u00a0ppp<br \/>\nVolume de pages mensuel recommand\u00e9: 100 \u00e0 1000<br \/>\nImpression recto\/verso: Non<br \/>\nFonctionne avec: 1 (noir)<br \/>\nConnectivit\u00e9: Wi-Fi avec bluetooth; 1 port USB haut d\u00e9bit (compatible USB 2.0)<\/p>\n","protected":false},"featured_media":12637,"template":"","meta":[],"product_brand":[],"product_cat":[235],"product_tag":[],"class_list":{"0":"post-12635","1":"product","2":"type-product","3":"status-publish","4":"has-post-thumbnail","6":"product_cat-imprimantes-scanners","8":"first","9":"instock","10":"taxable","11":"shipping-taxable","12":"purchasable","13":"product-type-simple"},"_links":{"self":[{"href":"https:\/\/maisonmpi.com\/shop\/wp-json\/wp\/v2\/product\/12635","targetHints":{"allow":["GET"]}}],"collection":[{"href":"https:\/\/maisonmpi.com\/shop\/wp-json\/wp\/v2\/product"}],"about":[{"href":"https:\/\/maisonmpi.com\/shop\/wp-json\/wp\/v2\/types\/product"}],"version-history":[{"count":1,"href":"https:\/\/maisonmpi.com\/shop\/wp-json\/wp\/v2\/product\/12635\/revisions"}],"predecessor-version":[{"id":12638,"href":"https:\/\/maisonmpi.com\/shop\/wp-json\/wp\/v2\/product\/12635\/revisions\/12638"}],"wp:featuredmedia":[{"embeddable":true,"href":"https:\/\/maisonmpi.com\/shop\/wp-json\/wp\/v2\/media\/12637"}],"wp:attachment":[{"href":"https:\/\/maisonmpi.com\/shop\/wp-json\/wp\/v2\/media?parent=12635"}],"wp:term":[{"taxonomy":"product_brand","embeddable":true,"href":"https:\/\/maisonmpi.com\/shop\/wp-json\/wp\/v2\/product_brand?post=12635"},{"taxonomy":"product_cat","embeddable":true,"href":"https:\/\/maisonmpi.com\/shop\/wp-json\/wp\/v2\/product_cat?post=12635"},{"taxonomy":"product_tag","embeddable":true,"href":"https:\/\/maisonmpi.com\/shop\/wp-json\/wp\/v2\/product_tag?post=12635"}],"curies":[{"name":"wp","href":"https:\/\/api.w.org\/{rel}","templated":true}]}}