{"id":12650,"date":"2025-04-23T11:31:57","date_gmt":"2025-04-23T11:31:57","guid":{"rendered":"https:\/\/maisonmpi.com\/shop\/?post_type=product&#038;p=12650"},"modified":"2025-04-23T11:39:04","modified_gmt":"2025-04-23T11:39:04","slug":"imprimante-multifonction-canon-pixma-g2410-2313c009ab-wa","status":"publish","type":"product","link":"https:\/\/maisonmpi.com\/shop\/produit\/imprimante-multifonction-canon-pixma-g2410-2313c009ab-wa\/","title":{"rendered":"Imprimante Multifonction CANON PIXMA G2410 (2313C009AB-WA)"},"content":{"rendered":"<table id=\"product-attribute-specs-table\" class=\"data table additional-attributes\">\n<tbody>\n<tr>\n<th class=\"col label\" scope=\"row\">Technologie d impression<\/th>\n<td class=\"col data\" data-th=\"Technologie d impression\">Jet d&rsquo;encre Couleur<\/td>\n<\/tr>\n<tr>\n<th class=\"col label\" scope=\"row\">fonctions<\/th>\n<td class=\"col data\" data-th=\"fonctions\">Multifonction<\/td>\n<\/tr>\n<tr>\n<th class=\"col label\" scope=\"row\">Sans Fil<\/th>\n<td class=\"col data\" data-th=\"Sans Fil\">Non<\/td>\n<\/tr>\n<tr>\n<th class=\"col label\" scope=\"row\">Impression<\/th>\n<td class=\"col data\" data-th=\"Impression\">Couleur<\/td>\n<\/tr>\n<tr>\n<th class=\"col label\" scope=\"row\">Fonctionnalit\u00e9s<\/th>\n<td class=\"col data\" data-th=\"Fonctionnalit\u00e9s\">Impression, Copie, Num\u00e9risation<\/td>\n<\/tr>\n<tr>\n<th class=\"col label\" scope=\"row\">Connecteurs<\/th>\n<td class=\"col data\" data-th=\"Connecteurs\">USB Haute-vitesse (Port B)<\/td>\n<\/tr>\n<tr>\n<th class=\"col label\" scope=\"row\">Vitesse d impression Noir<\/th>\n<td class=\"col data\" data-th=\"Vitesse d impression Noir\">Environ 8,8 ipm<\/td>\n<\/tr>\n<tr>\n<th class=\"col label\" scope=\"row\">Vitesse d impression Couleur<\/th>\n<td class=\"col data\" data-th=\"Vitesse d impression Couleur\">Environ 5 ipm<\/td>\n<\/tr>\n<tr>\n<th class=\"col label\" scope=\"row\">Vitesse d impression photo<\/th>\n<td class=\"col data\" data-th=\"Vitesse d impression photo\">10 \u00d7 15 cm sans marge : environ 60 secondes<\/td>\n<\/tr>\n<tr>\n<th class=\"col label\" scope=\"row\">Vitesse de num\u00e9risation<\/th>\n<td class=\"col data\" data-th=\"Vitesse de num\u00e9risation\">Environ 19 s<\/td>\n<\/tr>\n<tr>\n<th class=\"col label\" scope=\"row\">Vitesse de Copie Couleur<\/th>\n<td class=\"col data\" data-th=\"Vitesse de Copie Couleur\">environ 32 s<\/td>\n<\/tr>\n<tr>\n<th class=\"col label\" scope=\"row\">R\u00e9solution d impression<\/th>\n<td class=\"col data\" data-th=\"R\u00e9solution d impression\">Jusqu&rsquo;\u00e0 4800 \u00d7 1200 ppp<\/td>\n<\/tr>\n<tr>\n<th class=\"col label\" scope=\"row\">Type de Scanner<\/th>\n<td class=\"col data\" data-th=\"Type de Scanner\">Scanner de photos et de documents \u00e0 plat CIS<\/td>\n<\/tr>\n<tr>\n<th class=\"col label\" scope=\"row\">Connectivite<\/th>\n<td class=\"col data\" data-th=\"Connectivite\">USB<\/td>\n<\/tr>\n<tr>\n<th class=\"col label\" scope=\"row\">formats<\/th>\n<td class=\"col data\" data-th=\"formats\">A4<\/td>\n<\/tr>\n<tr>\n<th class=\"col label\" scope=\"row\">Entr\u00e9e papier bac standard<\/th>\n<td class=\"col data\" data-th=\"Entr\u00e9e papier bac standard\">100 feuilles<\/td>\n<\/tr>\n<tr>\n<th class=\"col label\" scope=\"row\">Ecran<\/th>\n<td class=\"col data\" data-th=\"Ecran\">LCD<\/td>\n<\/tr>\n<tr>\n<th class=\"col label\" scope=\"row\">Type ecran<\/th>\n<td class=\"col data\" data-th=\"Type ecran\">LCD (mono segment 1,2 pouces)<\/td>\n<\/tr>\n<tr>\n<th class=\"col label\" scope=\"row\">Grammage<\/th>\n<td class=\"col data\" data-th=\"Grammage\">64 g\/m\u00b2 &#8211; 105 g\/m\u00b2 (Papier Ordinaire), jusqu&rsquo;\u00e0 275 g\/m\u00b2 (Papier Photo)<\/td>\n<\/tr>\n<tr>\n<th class=\"col label\" scope=\"row\">Poids<\/th>\n<td class=\"col data\" data-th=\"Poids\">Environ 6,3 kg<\/td>\n<\/tr>\n<tr>\n<th class=\"col label\" scope=\"row\">Couleur<\/th>\n<td class=\"col data\" data-th=\"Couleur\">Noir<\/td>\n<\/tr>\n<tr>\n<th class=\"col label\" scope=\"row\">Dimensions<\/th>\n<td class=\"col data\" data-th=\"Dimensions\">445 \u00d7 330 \u00d7 163 mm<\/td>\n<\/tr>\n<\/tbody>\n<\/table>\n","protected":false},"excerpt":{"rendered":"<p>Imprimante Jet D&rsquo;encre CANON PIXMA G2410 &#8211; Imprimante \u00e0 r\u00e9servoir int\u00e9gr\u00e9<strong>\u00a0<\/strong>&#8211; Fonctions:\u00a0<strong>Impression, copie et num\u00e9risation\u00a0<\/strong>&#8211; Technologie d&rsquo;impression:\u00a0<strong>Jet d&rsquo;encre Couleur\u00a0<\/strong>&#8211; Vitesse d&rsquo;impression:\u00a0<strong>Environ 8,8 ipm en noir, environ 5 ipm en couleur\u00a0<\/strong>&#8211; R\u00e9solution d&rsquo;impression:\u00a0<strong>4800x1200dpi\u00a0<\/strong><strong>&#8211;\u00a0<\/strong>R\u00e9solution (optique) du scanner:\u00a0<strong>600 x 1200 ppp\u00a0<\/strong>&#8211;<strong>\u00a0<\/strong>Format:\u00a0<strong>A4\u00a0<\/strong>&#8211; Capacit\u00e9 papier maximum en entr\u00e9e(Bac arri\u00e8re):\u00a0<strong>max. 100 feuilles (papier ordinaire)<\/strong><\/p>\n","protected":false},"featured_media":12651,"template":"","meta":[],"product_brand":[],"product_cat":[235],"product_tag":[],"class_list":{"0":"post-12650","1":"product","2":"type-product","3":"status-publish","4":"has-post-thumbnail","6":"product_cat-imprimantes-scanners","8":"first","9":"instock","10":"taxable","11":"shipping-taxable","12":"purchasable","13":"product-type-simple"},"_links":{"self":[{"href":"https:\/\/maisonmpi.com\/shop\/wp-json\/wp\/v2\/product\/12650","targetHints":{"allow":["GET"]}}],"collection":[{"href":"https:\/\/maisonmpi.com\/shop\/wp-json\/wp\/v2\/product"}],"about":[{"href":"https:\/\/maisonmpi.com\/shop\/wp-json\/wp\/v2\/types\/product"}],"version-history":[{"count":1,"href":"https:\/\/maisonmpi.com\/shop\/wp-json\/wp\/v2\/product\/12650\/revisions"}],"predecessor-version":[{"id":12653,"href":"https:\/\/maisonmpi.com\/shop\/wp-json\/wp\/v2\/product\/12650\/revisions\/12653"}],"wp:featuredmedia":[{"embeddable":true,"href":"https:\/\/maisonmpi.com\/shop\/wp-json\/wp\/v2\/media\/12651"}],"wp:attachment":[{"href":"https:\/\/maisonmpi.com\/shop\/wp-json\/wp\/v2\/media?parent=12650"}],"wp:term":[{"taxonomy":"product_brand","embeddable":true,"href":"https:\/\/maisonmpi.com\/shop\/wp-json\/wp\/v2\/product_brand?post=12650"},{"taxonomy":"product_cat","embeddable":true,"href":"https:\/\/maisonmpi.com\/shop\/wp-json\/wp\/v2\/product_cat?post=12650"},{"taxonomy":"product_tag","embeddable":true,"href":"https:\/\/maisonmpi.com\/shop\/wp-json\/wp\/v2\/product_tag?post=12650"}],"curies":[{"name":"wp","href":"https:\/\/api.w.org\/{rel}","templated":true}]}}