{"id":12654,"date":"2025-04-23T14:31:52","date_gmt":"2025-04-23T14:31:52","guid":{"rendered":"https:\/\/maisonmpi.com\/shop\/?post_type=product&#038;p=12654"},"modified":"2025-04-23T14:31:54","modified_gmt":"2025-04-23T14:31:54","slug":"canon-pixma-g3410-imprimante-multifonction-a-reservoirs-rechargeables-2315c009ab-wa","status":"publish","type":"product","link":"https:\/\/maisonmpi.com\/shop\/produit\/canon-pixma-g3410-imprimante-multifonction-a-reservoirs-rechargeables-2315c009ab-wa\/","title":{"rendered":"Canon PIXMA G3410 Imprimante multifonction \u00e0 r\u00e9servoirs rechargeables (2315C009AB-WA)"},"content":{"rendered":"<dl class=\"data-sheet\">\n<dt class=\"name\">Fonctions<\/dt>\n<dd class=\"value\">Impression, copie et scan<\/dd>\n<dt class=\"name\">Technologie d&rsquo;impression<\/dt>\n<dd class=\"value\">Jet d&rsquo;encre<\/dd>\n<dt class=\"name\">Consommables fournis avec l&rsquo;imprimante<\/dt>\n<dd class=\"value\">Livr\u00e9e avec encre noire jusqu&rsquo;\u00e0 6000 pages et 7000 pages en couleur (1 bouteille d&rsquo;encre noire de 135ml; 3 Bouteilles d\u2019encre couleurs individuelles de 70ml)<\/dd>\n<dt class=\"name\">Cartouches d&rsquo;impression<\/dt>\n<dd class=\"value\">4 r\u00e9servoirs (noir, cyan, magenta, jaune)<\/dd>\n<dt class=\"name\">Vitesse d&rsquo;impression noir<\/dt>\n<dd class=\"value\">16,4 pages\/min (8,8 images\/min) en norme ISO<\/dd>\n<dt class=\"name\">Vitesse d&rsquo;impression couleur<\/dt>\n<dd class=\"value\">12,8 pages\/min (5 images\/min) en norme ISO<\/dd>\n<dt class=\"name\">Qualit\u00e9 d&rsquo;impression noire<\/dt>\n<dd class=\"value\">Jusqu&rsquo;\u00e0 4800 \u00d7 1200 DPI (ppp)<\/dd>\n<dt class=\"name\">Qualit\u00e9 d&rsquo;impression couleur<\/dt>\n<dd class=\"value\">Jusqu&rsquo;\u00e0 4800 \u00d7 1200 DPI (ppp)<\/dd>\n<dt class=\"name\">\u00c9cran<\/dt>\n<dd class=\"value\">LCD (1.2 inch segment mono)<\/dd>\n<dt class=\"name\">Connectivit\u00e9<\/dt>\n<dd class=\"value\">Hi-Speed USB (B Port), Wi-Fi<\/dd>\n<dt class=\"name\">Impression recto\/verso<\/dt>\n<dd class=\"value\">Manuelle<\/dd>\n<dt class=\"name\">Capacit\u00e9 bac papier<\/dt>\n<dd class=\"value\">Bac arri\u00e8re\u00a0<sup><a href=\"https:\/\/www.iris.ma\/9612-imprimante-jet-d-encre-canon-pixma-g3410-2315c009aa.html?srsltid=AfmBOoo3KUqmCO5aEGaJX7ujmd-JdzpKFGBG2r9vOtAWVP8AJAT6w1kd\" target=\"_blank\" rel=\"noopener\">1<\/a><\/sup>\u00a0: max. 100 feuilles (papier ordinaire)<\/dd>\n<dt class=\"name\">Formats de supports pris en charge<\/dt>\n<dd class=\"value\">A4, A5, B5, 10x15cm, 13x18cm, 20x25cm, Envelopes (DL, COM10), Letter, Legal<\/dd>\n<dt class=\"name\">Types de support pris en charge<\/dt>\n<dd class=\"value\">Plain Paper High Resolution Paper (HR-101N) Photo Paper Plus Glossy II (PP-201) Photo Paper Pro Luster (LU-101) Photo Paper Plus Semi-gloss (SG-201) Glossy Photo Paper \u00ab\u00a0Everyday Use\u00a0\u00bb (GP-501) Matte Photo Paper (MP-101) Envelope<\/dd>\n<dt class=\"name\">Dimensions (l x p x h)<\/dt>\n<dd class=\"value\">445 x 330 x 163 mm<\/dd>\n<dt class=\"name\">Poids net<\/dt>\n<dd class=\"value\">6.3kg<\/dd>\n<dt class=\"name\">Cartouches compatibles<\/dt>\n<dd class=\"value\">GI-490 BK Noir, GI-490C Cyan, GI-490M Magenta, GI-490Y Jaune<\/dd>\n<dt class=\"name\">Contenu de la bo\u00eete<\/dt>\n<dd class=\"value\">Imprimante tout-en-un \u2013 PIXMA G3410, 4 bouteilles d&rsquo;encre \u00e0 haut rendement, Cordon d&rsquo;alimentation, CD-ROM d&rsquo;installation, Manuels et autres documents<\/dd>\n<dt class=\"name\">C\u00e2ble fourni<\/dt>\n<dd class=\"value\">Non, acheter s\u00e9par\u00e9ment.<\/dd>\n<dt class=\"name\">Photocopieur<\/dt>\n<dd class=\"value\">Vitesse de copie: sFCOT : env. 24 sec &#8211; SESAT : env. 3,5 ipm<br \/>\nCopie multiple: 20 exemplaires (max.)<br \/>\nFonctions de copie: Copie de documents (papier ordinaire)<br \/>\nCopier le zoom: Ajuster \u00e0 la page<\/dd>\n<dt class=\"name\">Scanner<\/dt>\n<dd class=\"value\">Scanner Type CIS flatbed photo and document scanner Scan Speed Approx. approx. 19 sec Scanner Resolution (Optical) 600 x 1200 dpi Scanning Depth (Input \/ Output) Colour: 48 bit \/ 24 bit Greyscale: 16 bit \/ 8 bit Maximum Document Size 216 x 297 mm<\/dd>\n<dt class=\"name\">Logiciels inclus<\/dt>\n<dd class=\"value\">Le pilote d&rsquo;imprimante Outil Assistant d&rsquo;imprimante IJ \u00c9diteur Easy-PhotoPrint (t\u00e9l\u00e9charger)<\/dd>\n<dt class=\"name\">Poids du support recommand\u00e9<\/dt>\n<dd class=\"value\">Plain paper: 64 &#8211; 105 g\/m\u00b2; Canon photo paper: up to 275 g\/m\u00b2<\/dd>\n<\/dl>\n","protected":false},"excerpt":{"rendered":"<p>Impression, copie et scan<br \/>\nLivr\u00e9e avec\u00a0encre\u00a0noire jusqu&rsquo;\u00e0 6000 pages et 7000 pages en couleur (1 bouteille d&rsquo;encre noire de 135ml; 3 Bouteilles d\u2019encre couleurs individuelles de 70ml)<br \/>\nVitesse d&rsquo;impression noir: 16,4 pages\/min (8,8 images\/min) en norme ISO<br \/>\nVitesse d&rsquo;impression couleur: 12,8 pages\/min (5 images\/min) en norme ISO<br \/>\nQualit\u00e9 d&rsquo;impression noire: Jusqu&rsquo;\u00e0 4800 \u00d7 1200 DPI (ppp)<br \/>\nQualit\u00e9 d&rsquo;impression couleur: Jusqu&rsquo;\u00e0 4800 \u00d7 1200 DPI (ppp)<br \/>\nImpression recto\/verso: Manuelle<br \/>\nFonctionne avec: 4 r\u00e9servoirs (noir, cyan, magenta, jaune)<br \/>\nConnectivit\u00e9: Hi-Speed USB (B Port), Wi-Fi<\/p>\n","protected":false},"featured_media":12655,"template":"","meta":[],"product_brand":[],"product_cat":[235],"product_tag":[],"class_list":{"0":"post-12654","1":"product","2":"type-product","3":"status-publish","4":"has-post-thumbnail","6":"product_cat-imprimantes-scanners","8":"first","9":"instock","10":"taxable","11":"shipping-taxable","12":"purchasable","13":"product-type-simple"},"_links":{"self":[{"href":"https:\/\/maisonmpi.com\/shop\/wp-json\/wp\/v2\/product\/12654","targetHints":{"allow":["GET"]}}],"collection":[{"href":"https:\/\/maisonmpi.com\/shop\/wp-json\/wp\/v2\/product"}],"about":[{"href":"https:\/\/maisonmpi.com\/shop\/wp-json\/wp\/v2\/types\/product"}],"version-history":[{"count":1,"href":"https:\/\/maisonmpi.com\/shop\/wp-json\/wp\/v2\/product\/12654\/revisions"}],"predecessor-version":[{"id":12657,"href":"https:\/\/maisonmpi.com\/shop\/wp-json\/wp\/v2\/product\/12654\/revisions\/12657"}],"wp:featuredmedia":[{"embeddable":true,"href":"https:\/\/maisonmpi.com\/shop\/wp-json\/wp\/v2\/media\/12655"}],"wp:attachment":[{"href":"https:\/\/maisonmpi.com\/shop\/wp-json\/wp\/v2\/media?parent=12654"}],"wp:term":[{"taxonomy":"product_brand","embeddable":true,"href":"https:\/\/maisonmpi.com\/shop\/wp-json\/wp\/v2\/product_brand?post=12654"},{"taxonomy":"product_cat","embeddable":true,"href":"https:\/\/maisonmpi.com\/shop\/wp-json\/wp\/v2\/product_cat?post=12654"},{"taxonomy":"product_tag","embeddable":true,"href":"https:\/\/maisonmpi.com\/shop\/wp-json\/wp\/v2\/product_tag?post=12654"}],"curies":[{"name":"wp","href":"https:\/\/api.w.org\/{rel}","templated":true}]}}