{"id":12668,"date":"2025-05-08T08:43:54","date_gmt":"2025-05-08T08:43:54","guid":{"rendered":"https:\/\/maisonmpi.com\/shop\/?post_type=product&#038;p=12668"},"modified":"2025-05-08T09:09:39","modified_gmt":"2025-05-08T09:09:39","slug":"imprimante-epson-dot-matrix-printer-lx-350","status":"publish","type":"product","link":"https:\/\/maisonmpi.com\/shop\/produit\/imprimante-epson-dot-matrix-printer-lx-350\/","title":{"rendered":"Imprimante EPSON DOT MATRIX PRINTER LX 350"},"content":{"rendered":"<div class=\"text-row\" data-classificationid=\"Print Other\">\n<h4><strong>Impression\u00a0:<\/strong><\/h4>\n<hr \/>\n<p><strong>Technologie d&rsquo;impression\u00a0:<\/strong>Impression matricielle \u00e0 impact 9\u00a0aiguilles, chariot \u00e9troit<strong>Sens d&rsquo;impression\u00a0:<\/strong>Mode\u00a0texte\u00a0: impression bidirectionnelle<br \/>\nMode graphique\u00a0: impression unidirectionnelle (bidirectionnelle \u00e0 l\u2019aide d\u2019un logiciel)<strong>Vitesse de copie ISO\u00a0:<\/strong><\/p>\n<ul>\n<li>Brouillon rapide\u00a0: 347 cps (10 cpp); 357 cps (12 cpp), 390 cps (15\u00a0cpp)\n<ul>\n<li>Brouillon\u00a0: 260 cps (10 cpp); 312 cps (12 cpp), 223 cps (15\u00a0cpp)\n<ul>\n<li>Qualit\u00e9 quasi-courrier\u00a0: 65 cps (10 cpp); 78 cps (12 cpp), 55 cps (15\u00a0cpp)<\/li>\n<\/ul>\n<\/li>\n<\/ul>\n<\/li>\n<\/ul>\n<\/div>\n<div class=\"text-row\" data-classificationid=\"Characters &amp; Lines\">\n<h4><strong>Caract\u00e8res et lignes\u00a0:<\/strong><\/h4>\n<hr \/>\n<p><strong>Jeux de caract\u00e8res\u00a0:<\/strong><\/p>\n<ul>\n<li style=\"list-style-type: none\">\n<ul>\n<li>Version standard\u00a0: 13 tables de caract\u00e8res<\/li>\n<li>15\u00a0jeux de caract\u00e8res internationaux\n<ul>\n<li>Version\u00a0NLSP (<i>National Language Support Programme<\/i>)\u00a0: 43 tables de caract\u00e8res<\/li>\n<\/ul>\n<\/li>\n<\/ul>\n<\/li>\n<\/ul>\n<p><strong>Polices natives en mode point\u00a0:<\/strong><\/p>\n<ul>\n<li style=\"list-style-type: none\">\n<ul>\n<li style=\"list-style-type: none\">\n<ul>\n<li style=\"list-style-type: none\">\n<ul>\n<li>Epson Draft 10, 12, 15 cpp proportionelle<\/li>\n<li>Epson Roman 10, 12, 15 cpp proportionnelle<\/li>\n<li>Epson Sans Serif\u00a0: 10, 12, 15 cpp proportionnelle<\/li>\n<li>Epson OCR-B 10 cpp<\/li>\n<\/ul>\n<\/li>\n<\/ul>\n<\/li>\n<\/ul>\n<\/li>\n<\/ul>\n<p><strong>Polices de codes-barres\u00a0:<\/strong><\/p>\n<ul>\n<li style=\"list-style-type: none\">\n<ul>EAN-13, EAN-8, code 2 parmi 5 entrelac\u00e9, UPC-A, UPC-E, code 39, code 128, POSTNET<\/ul>\n<\/li>\n<\/ul>\n<\/div>\n<div class=\"text-row\" data-classificationid=\"General\">\n<h4><strong>G\u00e9n\u00e9ral\u00a0:<\/strong><\/h4>\n<hr \/>\n<p><strong>Syst\u00e8mes d&rsquo;exploitation\u00a0:<\/strong>OS Microsoft\u00ae Windows\u00ae 2000 \/ XP \/ Win 7 &#8211; 8 Microsoft\u00ae Windows Vista\u00ae EPSON Status Monitor 3 Microsoft\u00ae Windows\u00ae 2000 \/ XP \/ Win 7 &#8211; 8 Microsoft\u00ae Windows Vista\u00ae EPSON Printer Setting Microsoft\u00ae Windows\u00ae 2000 \/ XP \/ Win 7 &#8211; 8 Microsoft\u00ae Windows Vista\u00ae<strong>Niveau sonore\u00a0:<\/strong>53\u00a0dB<strong>Dimensions\u00a0:<\/strong>36,2\u00a0x 27,5\u00a0x 15,4\u00a0cm (14,25\u00a0x 10,83\u00a0x 6,06\u00a0po) (l\u00a0x\u00a0P\u00a0x\u00a0H)<strong>Poids\u00a0:<\/strong>4,1\u00a0kg (9,04 lb)<\/p>\n<\/div>\n","protected":false},"excerpt":{"rendered":"<p>La nouvelle LX-350 int\u00e9grant la technologie \u00e0 9 aiguilles rapide et durable d\u2019Epson peut imprimer jusqu\u2019\u00e0 347 caract\u00e8res par seconde, ce qui en fait le choix id\u00e9al pour les applications de guichet et d\u2019arri\u00e8re-guichet qui exigent du papier continu ou des formulaires \u00e0 exemplaires multiples. Maintenant plus fiable que jamais, l\u2019imprimante LX-350 affiche un temps moyen de bon fonctionnement entre pannes de 10 000 heures. D\u2019utilisation tr\u00e8s peu co\u00fbteuse, l\u2019Epson LX-350 permet des \u00e9conomies gr\u00e2ce \u00e0 son NOUVEAU ruban au rendement \u00e9lev\u00e9 de 4\u00a0millions de caract\u00e8res (ruban compatible avec les mod\u00e8les LX-300+II et LX300+) ainsi qu\u2019\u00e0 sa faible consommation de courant. L\u2019Epson LX-350 est homologu\u00e9e ENERGY STAR pour son excellente efficacit\u00e9 \u00e9nerg\u00e9tique.<\/p>\n","protected":false},"featured_media":12669,"template":"","meta":[],"product_brand":[],"product_cat":[235],"product_tag":[],"class_list":{"0":"post-12668","1":"product","2":"type-product","3":"status-publish","4":"has-post-thumbnail","6":"product_cat-imprimantes-scanners","8":"first","9":"instock","10":"taxable","11":"shipping-taxable","12":"purchasable","13":"product-type-simple"},"_links":{"self":[{"href":"https:\/\/maisonmpi.com\/shop\/wp-json\/wp\/v2\/product\/12668","targetHints":{"allow":["GET"]}}],"collection":[{"href":"https:\/\/maisonmpi.com\/shop\/wp-json\/wp\/v2\/product"}],"about":[{"href":"https:\/\/maisonmpi.com\/shop\/wp-json\/wp\/v2\/types\/product"}],"version-history":[{"count":3,"href":"https:\/\/maisonmpi.com\/shop\/wp-json\/wp\/v2\/product\/12668\/revisions"}],"predecessor-version":[{"id":12676,"href":"https:\/\/maisonmpi.com\/shop\/wp-json\/wp\/v2\/product\/12668\/revisions\/12676"}],"wp:featuredmedia":[{"embeddable":true,"href":"https:\/\/maisonmpi.com\/shop\/wp-json\/wp\/v2\/media\/12669"}],"wp:attachment":[{"href":"https:\/\/maisonmpi.com\/shop\/wp-json\/wp\/v2\/media?parent=12668"}],"wp:term":[{"taxonomy":"product_brand","embeddable":true,"href":"https:\/\/maisonmpi.com\/shop\/wp-json\/wp\/v2\/product_brand?post=12668"},{"taxonomy":"product_cat","embeddable":true,"href":"https:\/\/maisonmpi.com\/shop\/wp-json\/wp\/v2\/product_cat?post=12668"},{"taxonomy":"product_tag","embeddable":true,"href":"https:\/\/maisonmpi.com\/shop\/wp-json\/wp\/v2\/product_tag?post=12668"}],"curies":[{"name":"wp","href":"https:\/\/api.w.org\/{rel}","templated":true}]}}