{"id":12672,"date":"2025-05-08T09:09:08","date_gmt":"2025-05-08T09:09:08","guid":{"rendered":"https:\/\/maisonmpi.com\/shop\/?post_type=product&#038;p=12672"},"modified":"2025-05-08T09:09:09","modified_gmt":"2025-05-08T09:09:09","slug":"imprimante-laser-canon-i-sensys-lbp6030b-monochrome-a4-8468b006aa","status":"publish","type":"product","link":"https:\/\/maisonmpi.com\/shop\/produit\/imprimante-laser-canon-i-sensys-lbp6030b-monochrome-a4-8468b006aa\/","title":{"rendered":"Imprimante laser Canon i-SENSYS LBP6030B \u2013 Monochrome A4 (8468B006AA)"},"content":{"rendered":"<div id=\"characteristics-groups\" class=\"c-productSection__characteristics\">\n<div><\/div>\n<div>\n<table class=\"c-table c-table--data\">\n<caption class=\"u-sr-only\">Support d&rsquo;impression<\/caption>\n<thead>\n<tr>\n<th colspan=\"2\">Support d&rsquo;impression<\/th>\n<\/tr>\n<\/thead>\n<tbody>\n<tr>\n<th scope=\"row\">Entr\u00e9es de m\u00e9dia<\/th>\n<td>\n<div>1 x automatique &#8211; 150 feuilles &#8211; Legal (216 x 356 mm) poids : 60 g\/m\u00b2 &#8211; 163 g\/m\u00b2<\/div>\n<\/td>\n<\/tr>\n<\/tbody>\n<\/table>\n<\/div>\n<div>\n<table class=\"c-table c-table--data\">\n<caption class=\"u-sr-only\">Sortie imprimante<\/caption>\n<thead>\n<tr>\n<th colspan=\"2\">Sortie imprimante<\/th>\n<\/tr>\n<\/thead>\n<tbody>\n<tr>\n<th scope=\"row\">Vitesse d&rsquo;impression<\/th>\n<td>\n<div>Jusqu&rsquo;\u00e0 18 ppm &#8211; noir &amp; blanc &#8211; A4 (210 x 297 mm)<\/div>\n<\/td>\n<\/tr>\n<\/tbody>\n<\/table>\n<\/div>\n<div>\n<table class=\"c-table c-table--data\">\n<caption class=\"u-sr-only\">Interface requise<\/caption>\n<thead>\n<tr>\n<th colspan=\"2\">Interface requise<\/th>\n<\/tr>\n<\/thead>\n<tbody>\n<tr>\n<th scope=\"row\">Connexions<\/th>\n<td>\n<div>1 x USB 2.0 &#8211; USB 4 broches type B<\/div>\n<\/td>\n<\/tr>\n<\/tbody>\n<\/table>\n<\/div>\n<div>\n<table class=\"c-table c-table--data\">\n<caption class=\"u-sr-only\">Consommables inclus<\/caption>\n<thead>\n<tr>\n<th colspan=\"2\">Consommables inclus<\/th>\n<\/tr>\n<\/thead>\n<tbody>\n<tr>\n<th scope=\"row\">Consommables inclus<\/th>\n<td>\n<div>1 x cartouche toner (noir) &#8211; jusqu&rsquo;\u00e0 700 pages<\/div>\n<\/td>\n<\/tr>\n<\/tbody>\n<\/table>\n<\/div>\n<div>\n<table class=\"c-table c-table--data\">\n<caption class=\"u-sr-only\">RAM<\/caption>\n<thead>\n<tr>\n<th colspan=\"2\">RAM<\/th>\n<\/tr>\n<\/thead>\n<tbody>\n<tr>\n<th scope=\"row\">Taille install\u00e9e<\/th>\n<td>\n<div>32 Mbyte<\/div>\n<\/td>\n<\/tr>\n<\/tbody>\n<\/table>\n<\/div>\n<div>\n<table class=\"c-table c-table--data\">\n<caption class=\"u-sr-only\">Imprimante<\/caption>\n<thead>\n<tr>\n<th colspan=\"2\">Imprimante<\/th>\n<\/tr>\n<\/thead>\n<tbody>\n<tr>\n<th scope=\"row\">Type<\/th>\n<td>\n<div>Imprimante personnelle<\/div>\n<\/td>\n<\/tr>\n<tr>\n<th scope=\"row\">Largeur de papier max<\/th>\n<td>\n<div>215.9 mm<\/div>\n<\/td>\n<\/tr>\n<tr>\n<th scope=\"row\">Longueur de papier maxi<\/th>\n<td>\n<div>355.6 mm<\/div>\n<\/td>\n<\/tr>\n<tr>\n<th scope=\"row\">Formats standard reconnus<\/th>\n<td>\n<div>ANSI A (Letter) (216 x 279 mm), Legal (216 x 356 mm), Executive (184 x 267 mm), A4 (210 x 297 mm), A5 (148 x 210 mm), B5 (176 x 250 mm), 76.2 x 188 mm<\/div>\n<\/td>\n<\/tr>\n<tr>\n<th scope=\"row\">Formats d&rsquo;enveloppes<\/th>\n<td>\n<div>International DL (110 x 220 mm), Com-10 (105 x 241 mm), International C5 (162 x 229 mm), Monarch (98.4 x 190.5 mm)<\/div>\n<\/td>\n<\/tr>\n<tr>\n<th scope=\"row\">Type de supports<\/th>\n<td>\n<div>Enveloppes, Transparents, \u00c9tiquettes, Papier uni, Papier \u00e0 fort grammage<\/div>\n<\/td>\n<\/tr>\n<tr>\n<th scope=\"row\">Langage(s) d&rsquo;impression<\/th>\n<td>\n<div>Canon Ultra Fast Rendering (UFRII LT)<\/div>\n<\/td>\n<\/tr>\n<tr>\n<th scope=\"row\">Technologie de connectivit\u00e9<\/th>\n<td>\n<div>Filaire<\/div>\n<\/td>\n<\/tr>\n<tr>\n<th scope=\"row\">Capacit\u00e9 totale<\/th>\n<td>\n<div>150<\/div>\n<\/td>\n<\/tr>\n<tr>\n<th scope=\"row\">Technique d&rsquo;am\u00e9lioration de l&rsquo;image<\/th>\n<td>\n<div>Raffinement d&rsquo;image automatique<\/div>\n<\/td>\n<\/tr>\n<tr>\n<th scope=\"row\">Poids minimum du support<\/th>\n<td>\n<div>60 g\/m\u00b2<\/div>\n<\/td>\n<\/tr>\n<tr>\n<th scope=\"row\">Poids maximum du support<\/th>\n<td>\n<div>163 g\/m\u00b2<\/div>\n<\/td>\n<\/tr>\n<tr>\n<th scope=\"row\">Capacit\u00e9 des bacs de sortie<\/th>\n<td>\n<div>100<\/div>\n<\/td>\n<\/tr>\n<tr>\n<th scope=\"row\">Gestion des supports<\/th>\n<td>\n<div>Bac universel 150 feuilles<\/div>\n<\/td>\n<\/tr>\n<tr>\n<th scope=\"row\">Taille horizontale maximale du document<\/th>\n<td>\n<div>76.2 mm<\/div>\n<\/td>\n<\/tr>\n<tr>\n<th scope=\"row\">Taille verticale minimale du document<\/th>\n<td>\n<div>188 mm<\/div>\n<\/td>\n<\/tr>\n<\/tbody>\n<\/table>\n<\/div>\n<div>\n<table class=\"c-table c-table--data\">\n<caption class=\"u-sr-only\">Article de bureau<\/caption>\n<thead>\n<tr>\n<th colspan=\"2\">Article de bureau<\/th>\n<\/tr>\n<\/thead>\n<tbody>\n<tr>\n<th scope=\"row\">Plage du taux d&rsquo;utilisation manuel (classe d&rsquo;imprimante)<\/th>\n<td>\n<div>1 500-10 000 pages<\/div>\n<\/td>\n<\/tr>\n<tr>\n<th scope=\"row\">Type<\/th>\n<td>\n<div>Imprimante<\/div>\n<\/td>\n<\/tr>\n<tr>\n<th scope=\"row\">Type de sortie d&rsquo;impression<\/th>\n<td>\n<div>Monochrome<\/div>\n<\/td>\n<\/tr>\n<tr>\n<th scope=\"row\">Technologie d&rsquo;impression<\/th>\n<td>\n<div>Laser<\/div>\n<\/td>\n<\/tr>\n<tr>\n<th scope=\"row\">Cycle d&rsquo;utilisation mensuel (maxi)<\/th>\n<td>\n<div>5000<\/div>\n<\/td>\n<\/tr>\n<tr>\n<th scope=\"row\">Fonctions<\/th>\n<td>\n<div>Imprimante<\/div>\n<\/td>\n<\/tr>\n<\/tbody>\n<\/table>\n<\/div>\n<div>\n<table class=\"c-table c-table--data\">\n<caption class=\"u-sr-only\">Scanner<\/caption>\n<thead>\n<tr>\n<th colspan=\"2\">Scanner<\/th>\n<\/tr>\n<\/thead>\n<tbody>\n<tr>\n<th scope=\"row\">Type<\/th>\n<td>\n<div>Aucun(e)<\/div>\n<\/td>\n<\/tr>\n<\/tbody>\n<\/table>\n<\/div>\n<div>\n<table class=\"c-table c-table--data\">\n<caption class=\"u-sr-only\">P\u00e9riph\u00e9rique d&rsquo;alimentation<\/caption>\n<thead>\n<tr>\n<th colspan=\"2\">P\u00e9riph\u00e9rique d&rsquo;alimentation<\/th>\n<\/tr>\n<\/thead>\n<tbody>\n<tr>\n<th scope=\"row\">Type<\/th>\n<td>\n<div>Alimentation \u00e9lectrique<\/div>\n<\/td>\n<\/tr>\n<tr>\n<th scope=\"row\">Format<\/th>\n<td>\n<div>Interne<\/div>\n<\/td>\n<\/tr>\n<tr>\n<th scope=\"row\">Consommation en fonctionnement<\/th>\n<td>\n<div>870 W<\/div>\n<\/td>\n<\/tr>\n<tr>\n<th scope=\"row\">Fr\u00e9quence requise<\/th>\n<td>\n<div>50\/60 Hz<\/div>\n<\/td>\n<\/tr>\n<tr>\n<th scope=\"row\">Tension nominale<\/th>\n<td>\n<div>CA 230V<\/div>\n<\/td>\n<\/tr>\n<tr>\n<th scope=\"row\">Consommation \u00e9lectrique en veille<\/th>\n<td>\n<div>1.8 W<\/div>\n<\/td>\n<\/tr>\n<tr>\n<th scope=\"row\">Consommation en sommeil<\/th>\n<td>\n<div>0.8 W<\/div>\n<\/td>\n<\/tr>\n<\/tbody>\n<\/table>\n<\/div>\n<div>\n<table class=\"c-table c-table--data\">\n<caption class=\"u-sr-only\">Logiciels<\/caption>\n<thead>\n<tr>\n<th colspan=\"2\">Logiciels<\/th>\n<\/tr>\n<\/thead>\n<tbody>\n<tr>\n<th scope=\"row\">Type<\/th>\n<td>\n<div>Pilotes de p\u00e9riph\u00e9rique et utilitaires<\/div>\n<\/td>\n<\/tr>\n<\/tbody>\n<\/table>\n<\/div>\n<div>\n<table class=\"c-table c-table--data\">\n<caption class=\"u-sr-only\">Configuration requise<\/caption>\n<thead>\n<tr>\n<th colspan=\"2\">Configuration requise<\/th>\n<\/tr>\n<\/thead>\n<tbody>\n<tr>\n<th scope=\"row\">Syst\u00e8me d&rsquo;exploitation requis<\/th>\n<td>\n<div>Linux, Apple MacOS X 10.6, Microsoft Windows 7 (32\/64 bits), Microsoft Windows Server 2003 (32\/64-bits), Microsoft Windows Server 2008 (32\/64-bits), Microsoft Windows Server 2008 R2 x64 Edition, Microsoft Windows Server 2012 (32\/64 bits), Microsoft Windows Server 2012 R2 x64 Edition, Microsoft Windows Vista (32\/64 bits), Microsoft Windows XP (32\/64 bits), Windows 8 (32\/64 bits), Windows 8.1 (32 \/64 bits)<\/div>\n<\/td>\n<\/tr>\n<\/tbody>\n<\/table>\n<\/div>\n<div>\n<table class=\"c-table c-table--data\">\n<caption class=\"u-sr-only\">Dimensions et poids<\/caption>\n<thead>\n<tr>\n<th colspan=\"2\">Dimensions et poids<\/th>\n<\/tr>\n<\/thead>\n<tbody>\n<tr>\n<th scope=\"row\">Largeur<\/th>\n<td>\n<div>36.4 cm<\/div>\n<\/td>\n<\/tr>\n<tr>\n<th scope=\"row\">Profondeur<\/th>\n<td>\n<div>24.9 cm<\/div>\n<\/td>\n<\/tr>\n<tr>\n<th scope=\"row\">Hauteur<\/th>\n<td>\n<div>19.9 cm<\/div>\n<\/td>\n<\/tr>\n<tr>\n<th scope=\"row\">Poids du produit<\/th>\n<td>\n<div>5 kg<\/div>\n<\/td>\n<\/tr>\n<\/tbody>\n<\/table>\n<\/div>\n<div>\n<table class=\"c-table c-table--data\">\n<caption class=\"u-sr-only\">Caract\u00e9ristiques d\u2019environnement<\/caption>\n<thead>\n<tr>\n<th colspan=\"2\">Caract\u00e9ristiques d\u2019environnement<\/th>\n<\/tr>\n<\/thead>\n<tbody>\n<tr>\n<th scope=\"row\">Temp\u00e9rature minimale de fonctionnement<\/th>\n<td>\n<div>10 \u00b0C<\/div>\n<\/td>\n<\/tr>\n<tr>\n<th scope=\"row\">Temp\u00e9rature maximale de fonctionnement<\/th>\n<td>\n<div>30 \u00b0C<\/div>\n<\/td>\n<\/tr>\n<tr>\n<th scope=\"row\">Taux d&rsquo;humidit\u00e9 en fonctionnement<\/th>\n<td>\n<div>20 &#8211; 80 % (sans condensation)<\/div>\n<\/td>\n<\/tr>\n<tr>\n<th scope=\"row\">Emission sonore (active)<\/th>\n<td>\n<div>49.2 dB<\/div>\n<\/td>\n<\/tr>\n<\/tbody>\n<\/table>\n<\/div>\n<div>\n<table class=\"c-table c-table--data\">\n<caption class=\"u-sr-only\">En-t\u00eate<\/caption>\n<thead>\n<tr>\n<th colspan=\"2\">En-t\u00eate<\/th>\n<\/tr>\n<\/thead>\n<tbody>\n<tr>\n<th scope=\"row\">Compatibilit\u00e9<\/th>\n<td>\n<div>Mac, PC<\/div>\n<\/td>\n<\/tr>\n<\/tbody>\n<\/table>\n<\/div>\n<div>\n<table class=\"c-table c-table--data\">\n<caption class=\"u-sr-only\">Connectivit\u00e9<\/caption>\n<thead>\n<tr>\n<th colspan=\"2\">Connectivit\u00e9<\/th>\n<\/tr>\n<\/thead>\n<tbody>\n<tr>\n<th scope=\"row\">Interface<\/th>\n<td>\n<div>USB 2.0<\/div>\n<\/td>\n<\/tr>\n<\/tbody>\n<\/table>\n<\/div>\n<div>\n<table class=\"c-table c-table--data\">\n<caption class=\"u-sr-only\">Utilisation des documents et des supports<\/caption>\n<thead>\n<tr>\n<th colspan=\"2\">Utilisation des documents et des supports<\/th>\n<\/tr>\n<\/thead>\n<tbody>\n<tr>\n<th scope=\"row\">Classe de taille de support<\/th>\n<td>\n<div>A4\/Legal<\/div>\n<\/td>\n<\/tr>\n<tr>\n<th scope=\"row\">Taille max. du support<\/th>\n<td>\n<div>Legal (216 x 356 mm), A4 (210 x 297 mm)<\/div>\n<\/td>\n<\/tr>\n<tr>\n<th scope=\"row\">Classe de type de support<\/th>\n<td>\n<div>Autre, Enveloppes, Film \/ transparents, Papier uni<\/div>\n<\/td>\n<\/tr>\n<\/tbody>\n<\/table>\n<\/div>\n<div>\n<table class=\"c-table c-table--data\">\n<caption class=\"u-sr-only\">Impression<\/caption>\n<thead>\n<tr>\n<th colspan=\"2\">Impression<\/th>\n<\/tr>\n<\/thead>\n<tbody>\n<tr>\n<th scope=\"row\">R\u00e9solution maximale noir et blanc<\/th>\n<td>\n<div>2400 x 600 ppp<\/div>\n<\/td>\n<\/tr>\n<tr>\n<th scope=\"row\">Vitesse maximale d&rsquo;impression N\/B (ppm)<\/th>\n<td>\n<div>18<\/div>\n<\/td>\n<\/tr>\n<\/tbody>\n<\/table>\n<\/div>\n<div>\n<table class=\"c-table c-table--data\">\n<caption class=\"u-sr-only\">Syst\u00e8me d&rsquo;impression<\/caption>\n<thead>\n<tr>\n<th colspan=\"2\">Syst\u00e8me d&rsquo;impression<\/th>\n<\/tr>\n<\/thead>\n<tbody>\n<tr>\n<th scope=\"row\">Dur\u00e9e de sortie de la premi\u00e8re impression, Noir et blanc<\/th>\n<td>\n<div>7.8 s<\/div>\n<\/td>\n<\/tr>\n<\/tbody>\n<\/table>\n<\/div>\n<div>\n<table class=\"c-table c-table--data\">\n<caption class=\"u-sr-only\">Normes environnementales<\/caption>\n<thead>\n<tr>\n<th colspan=\"2\">Normes environnementales<\/th>\n<\/tr>\n<\/thead>\n<tbody>\n<tr>\n<th scope=\"row\">Labellisation ENERGY STAR<\/th>\n<td>\n<div>Oui<\/div>\n<\/td>\n<\/tr>\n<\/tbody>\n<\/table>\n<\/div>\n<div>\n<table class=\"c-table c-table--data\">\n<caption class=\"u-sr-only\">Informations commerciales<\/caption>\n<thead>\n<tr>\n<th colspan=\"2\">Informations commerciales<\/th>\n<\/tr>\n<\/thead>\n<tbody>\n<tr>\n<th scope=\"row\">Code Barre ma\u00eetre<\/th>\n<td>\n<div>4960999996615<\/div>\n<\/td>\n<\/tr>\n<\/tbody>\n<\/table>\n<\/div>\n<div>\n<table class=\"c-table c-table--data\">\n<caption class=\"u-sr-only\">Fabricant\/fournisseur<\/caption>\n<thead>\n<tr>\n<th colspan=\"2\">Fabricant\/fournisseur<\/th>\n<\/tr>\n<\/thead>\n<tbody>\n<tr>\n<th scope=\"row\">R\u00e9f\u00e9rence<\/th>\n<td>\n<div>8468B006<\/div>\n<\/td>\n<\/tr>\n<tr>\n<th scope=\"row\">Fabricant\/Fournisseur<\/th>\n<td>\n<div>CANON<\/div>\n<\/td>\n<\/tr>\n<\/tbody>\n<\/table>\n<\/div>\n<\/div>\n","protected":false},"excerpt":{"rendered":"<p>Canon i-SENSYS LBP6030B est une imprimante laser monochrome abordable et peu encombrante con\u00e7ue pour les particuliers ou les petits bureaux. Silencieuse, fiable et tr\u00e8s \u00e9conome en \u00e9nergie, elle assure des impressions rapides de qualit\u00e9 sup\u00e9rieure.<\/p>\n<ul>\n<li>Imprimante laser monochrome peu encombrante<\/li>\n<li>Rapidit\u00e9, productivit\u00e9 et performances<\/li>\n<li>Qualit\u00e9 laser exceptionnelle<\/li>\n<li>Faible consommation d&rsquo;\u00e9nergie<\/li>\n<li>Fonctionnement silencieux<\/li>\n<li>Cartouche Tout-en-Un<\/li>\n<\/ul>\n","protected":false},"featured_media":12673,"template":"","meta":[],"product_brand":[],"product_cat":[235],"product_tag":[],"class_list":{"0":"post-12672","1":"product","2":"type-product","3":"status-publish","4":"has-post-thumbnail","6":"product_cat-imprimantes-scanners","8":"first","9":"instock","10":"taxable","11":"shipping-taxable","12":"purchasable","13":"product-type-simple"},"_links":{"self":[{"href":"https:\/\/maisonmpi.com\/shop\/wp-json\/wp\/v2\/product\/12672","targetHints":{"allow":["GET"]}}],"collection":[{"href":"https:\/\/maisonmpi.com\/shop\/wp-json\/wp\/v2\/product"}],"about":[{"href":"https:\/\/maisonmpi.com\/shop\/wp-json\/wp\/v2\/types\/product"}],"version-history":[{"count":1,"href":"https:\/\/maisonmpi.com\/shop\/wp-json\/wp\/v2\/product\/12672\/revisions"}],"predecessor-version":[{"id":12675,"href":"https:\/\/maisonmpi.com\/shop\/wp-json\/wp\/v2\/product\/12672\/revisions\/12675"}],"wp:featuredmedia":[{"embeddable":true,"href":"https:\/\/maisonmpi.com\/shop\/wp-json\/wp\/v2\/media\/12673"}],"wp:attachment":[{"href":"https:\/\/maisonmpi.com\/shop\/wp-json\/wp\/v2\/media?parent=12672"}],"wp:term":[{"taxonomy":"product_brand","embeddable":true,"href":"https:\/\/maisonmpi.com\/shop\/wp-json\/wp\/v2\/product_brand?post=12672"},{"taxonomy":"product_cat","embeddable":true,"href":"https:\/\/maisonmpi.com\/shop\/wp-json\/wp\/v2\/product_cat?post=12672"},{"taxonomy":"product_tag","embeddable":true,"href":"https:\/\/maisonmpi.com\/shop\/wp-json\/wp\/v2\/product_tag?post=12672"}],"curies":[{"name":"wp","href":"https:\/\/api.w.org\/{rel}","templated":true}]}}