{"id":12686,"date":"2025-05-08T09:41:46","date_gmt":"2025-05-08T09:41:46","guid":{"rendered":"https:\/\/maisonmpi.com\/shop\/?post_type=product&#038;p=12686"},"modified":"2025-05-08T09:41:46","modified_gmt":"2025-05-08T09:41:46","slug":"ecran-incurve-dell-ultrasharp-34-thunderbolt-hub-u3425we","status":"publish","type":"product","link":"https:\/\/maisonmpi.com\/shop\/produit\/ecran-incurve-dell-ultrasharp-34-thunderbolt-hub-u3425we\/","title":{"rendered":"\u00c9cran incurv\u00e9 Dell UltraSharp 34 Thunderbolt\u2122 Hub &#8211; U3425WE"},"content":{"rendered":"<div class=\"spec__item\">\n<div class=\"spec__item__title\">Taille d\u2019affichage diagonale<\/div>\n<p>34,14&Prime;<\/p><\/div>\n<div class=\"spec__item\">\n<div class=\"spec__item__title\">Zone d\u2019affichage pr\u00e9d\u00e9finie (horizontal\u00a0x\u00a0vertical)<\/div>\n<p>799,80\u00a0x\u00a0334,80\u00a0mm<br \/>\n31,49&Prime;\u00a0x\u00a013,18&Prime;<br \/>\n267\u00a0773,04\u00a0mm<sup>2<\/sup>\u00a0(415,04\u00a0pouces<sup>2<\/sup>)<\/div>\n<div class=\"spec__item\">\n<div class=\"spec__item__title\">Type d\u2019\u00e9cran<\/div>\n<p>Technologie IPS Black<\/p><\/div>\n<div class=\"spec__item\">\n<div class=\"spec__item__title\">Rev\u00eatement de l\u2019\u00e9cran<\/div>\n<p>Anti\u00e9blouissement, duret\u00e9\u00a03H<\/p><\/div>\n<div class=\"spec__item\">\n<div class=\"spec__item__title\">R\u00e9solution pr\u00e9d\u00e9finie maximale<\/div>\n<p>3\u00a0440\u00a0x\u00a01\u00a0440 \u00e0 120\u00a0Hz<\/p><\/div>\n<div class=\"spec__item\">\n<div class=\"spec__item__title\">Angle de vue<\/div>\n<p>178<sup>\u00b0<\/sup>\u00a0vertical\/178<sup>\u00b0<\/sup>\u00a0horizontal<\/div>\n<div class=\"spec__item\">\n<div class=\"spec__item__title\">Espacement des pixels<\/div>\n<p>0,2325\u00a0mm\u00a0x\u00a00,2325\u00a0mm<\/p><\/div>\n<div class=\"spec__item\">\n<div class=\"spec__item__title\">Pixels par pouce (PPI)<\/div>\n<p>110<\/p><\/div>\n<div class=\"spec__item\">\n<div class=\"spec__item__title\">Taux de contraste<\/div>\n<p>2\u00a0000:1 (standard)<\/p><\/div>\n<div class=\"spec__item\">\n<div class=\"spec__item__title\">Courbure<\/div>\n<p>1900R<\/p><\/div>\n<div class=\"spec__item\">\n<div class=\"spec__item__title\">Format d\u2019image<\/div>\n<p>21:9<\/p><\/div>\n<div class=\"spec__item\">\n<div class=\"spec__item__title\">Technologie de r\u00e9tro\u00e9clairage<\/div>\n<p>Syst\u00e8me d\u2019\u00e9clairage p\u00e9riph\u00e9rique \u00e0 LED<\/p><\/div>\n<div class=\"spec__item\">\n<div class=\"spec__item__title\">Luminosit\u00e9<\/div>\n<p>300\u00a0cd\/m<sup>2<\/sup>\u00a0(standard)<\/div>\n<div class=\"spec__item\">\n<div class=\"spec__item__title\">Temps de r\u00e9ponse<\/div>\n<p>8\u00a0ms (mode normal)<br \/>\n5\u00a0ms (rapide)<\/p><\/div>\n<div class=\"spec__item\">\n<div class=\"spec__item__title\">HDR<\/div>\n<p>Non<\/p><\/div>\n<div class=\"spec__item\">\n<div class=\"spec__item__title\">Capteur de lumi\u00e8re ambiante<\/div>\n<p>Oui, r\u00e9glage automatique de la luminosit\u00e9 et de la temp\u00e9rature des couleurs<\/p><\/div>\n<div class=\"spec__item\">\n<div class=\"spec__item__title\">Connectivit\u00e9<\/div>\n<ul>\n<li>1\u00a0port HDMI (HDCP\u00a01.4 et\u00a02.2) (r\u00e9solution maximale prise en charge\u00a0: WQHD 3\u00a0440\u00a0x\u00a01\u00a0440 TMDS \u00e0 100\u00a0Hz conform\u00e9ment aux sp\u00e9cifications de la norme HDMI\u00a02.1)<\/li>\n<li>1\u00a0port DP\u00a01.4 (HDCP\u00a01.4 et\u00a02.2) (r\u00e9solution maximale prise en charge\u00a0: WQHD 3\u00a0440\u00a0x\u00a01\u00a0440 \u00e0 120\u00a0Hz)<\/li>\n<li>1\u00a0port\u00a0Thunderbolt\u2122\u00a04 descendant (15\u00a0W) pour le cha\u00eenage en s\u00e9rie (vid\u00e9o\u00a0+\u00a0donn\u00e9es)<\/li>\n<li>1\u00a0port Thunderbolt\u2122\u00a04 montant (vid\u00e9o\u00a0+\u00a0donn\u00e9es). Mode alternatif avec DisplayPort\u00a01.4, Power Delivery jusqu\u2019\u00e0 90\u00a0W<\/li>\n<li>1\u00a0port USB-C montant (donn\u00e9es uniquement) (USB haut d\u00e9bit 10\u00a0Gbit\/s, USB\u00a03.2 Gen\u00a02)<\/li>\n<li>4 ports USB-A descendants (USB haut d\u00e9bit 10\u00a0Gbit\/s, USB\u00a03.2 Gen\u00a02)<\/li>\n<li>1\u00a0port de sortie audio<\/li>\n<li>1\u00a0RJ45 Port Ethernet, 2.5GbE<\/li>\n<p>Acc\u00e8s rapide\u00a0:<\/p>\n<li>1\u00a0port USB-A descendant (USB haut d\u00e9bit 10\u00a0Gbit\/s, USB\u00a03.2 Gen\u00a02) avec fonctionnalit\u00e9 de charge\u00a0BC1.2<\/li>\n<li>2\u00a0ports USB-C descendants (USB haut d\u00e9bit 10\u00a0Gbit\/s, USB\u00a03.2 Gen\u00a02) avec fonctionnalit\u00e9 de charge (15\u00a0W)<\/li>\n<\/ul>\n<\/div>\n<div class=\"spec__item\">\n<div class=\"spec__item__title\">R\u00e9glage<\/div>\n<p>Hauteur, inclinaison, rotation<\/p><\/div>\n<div class=\"spec__item\">\n<div class=\"spec__item__title\">Hauteur r\u00e9glable<\/div>\n<p>150\u00a0mm<\/p><\/div>\n<div class=\"spec__item\">\n<div class=\"spec__item__title\">Inclinaison<\/div>\n<p>-5<sup>\u00b0<\/sup>\/+21<sup>\u00b0<\/sup><\/div>\n<div class=\"spec__item\">\n<div class=\"spec__item__title\">Rotation<\/div>\n<p>-30<sup>\u00b0<\/sup>\/+30<sup>\u00b0<\/sup><\/div>\n<div class=\"spec__item\">\n<div class=\"spec__item__title\">PbP\/PiP<\/div>\n<p>Oui<\/p><\/div>\n<div class=\"spec__item\">\n<div class=\"spec__item__title\">Clavier, \u00e9cran et souris (KVM)<\/div>\n<p>Oui<\/p><\/div>\n<div class=\"spec__item\">\n<div class=\"spec__item__title\">Disponibilit\u00e9 du cha\u00eenage en s\u00e9rie<\/div>\n<p>Oui<\/p><\/div>\n<div class=\"spec__item\">\n<div class=\"spec__item__title\">Sortie audio<\/div>\n<p>1\u00a0sortie audio<\/p><\/div>\n<div class=\"spec__item\">\n<div class=\"spec__item__title\">Haut-parleur int\u00e9gr\u00e9<\/div>\n<p>2\u00a0x\u00a05\u00a0W<\/p><\/div>\n<div class=\"spec__item\">\n<div class=\"spec__item__title\">Compatibilit\u00e9 avec le logiciel Dell Display Manager<\/div>\n<p>Oui, EasyArrange, autres fonctionnalit\u00e9s cl\u00e9s<\/p><\/div>\n<div class=\"spec__item\">\n<div class=\"spec__item__title\">Gamme de couleurs<\/div>\n<p>DCI-P3\u00a0: 98\u00a0%, Display P3\u00a0: 98\u00a0%, sRVB\u00a0: 100\u00a0%, BT.709\u00a0: 100\u00a0%, DCI-P3, Display P3, sRVB et BT.709\u00a0: Delta E&lt; 2 (average)<\/p><\/div>\n<div class=\"spec__item\">\n<div class=\"spec__item__title\">Prise en charge des couleurs<\/div>\n<p>1,07\u00a0milliard de couleurs (8\u00a0bits\u00a0+\u00a0A-FRC)<\/p><\/div>\n<div class=\"spec__item\">\n<div class=\"spec__item__title\">S\u00e9curit\u00e9<\/div>\n<p>Logement antivol de s\u00e9curit\u00e9 (verrouillage de c\u00e2ble vendu s\u00e9par\u00e9ment)<br \/>\nLogement antivol sur le socle (verrouillage entre le socle et l\u2019\u00e9cran \u00e0 l\u2019aide d\u2019une vis)<\/p><\/div>\n<div class=\"spec__item\">\n<div class=\"spec__item__title\">Conformit\u00e9 aux normes<\/div>\n<p>\u00c9cran certifi\u00e9 ENERGY STAR<br \/>\nCertification EPEAT, le cas \u00e9ch\u00e9ant. Cette certification varie d\u2019un pays \u00e0 l\u2019autre. Consultez le site www.epeat.net pour conna\u00eetre le statut de certification par pays<br \/>\nConforme \u00e0 la directive RoHS<br \/>\nCertifications TCO Certified et TCO Certified Edge<br \/>\n\u00c9cran exempt de BFR\/PVC (\u00e0 l\u2019exception des c\u00e2bles externes)<br \/>\nVerre sans arsenic et sans mercure pour l\u2019\u00e9cran uniquement<\/p><\/div>\n<div class=\"spec__item\">\n<div class=\"spec__item__title\">Interface de montage d\u2019\u00e9cran plat<\/div>\n<p>Orifices pour montage VESA (100\u00a0x\u00a0100\u00a0mm derri\u00e8re le capot VESA fix\u00e9)<\/p><\/div>\n<div class=\"spec__item\">\n<div class=\"spec__item__title\">Plage de temp\u00e9ratures<\/div>\n<p>En fonctionnement\u00a0: de 0\u00a0<sup>\u00b0<\/sup>C \u00e0 40\u00a0<sup>\u00b0<\/sup>C (de 32\u00a0<sup>\u00b0<\/sup>F \u00e0 104\u00a0<sup>\u00b0<\/sup>F)<br \/>\nHors fonctionnement\u00a0: de -20\u00a0<sup>\u00b0<\/sup>C \u00e0 60\u00a0<sup>\u00b0<\/sup>C (de -4\u00a0<sup>\u00b0<\/sup>F \u00e0 140\u00a0<sup>\u00b0<\/sup>F) &#8211; Stockage et exp\u00e9dition<\/div>\n","protected":false},"excerpt":{"rendered":"<p>E<strong>cran d&rsquo;ordinateur de grande taille avec une r\u00e9solution \u00e9lev\u00e9e et une qualit\u00e9 d&rsquo;image nette<\/strong>. Avec sa taille de 34 pouces, il offre une exp\u00e9rience visuelle immersive pour les t\u00e2ches professionnelles ou le divertissement.<\/p>\n","protected":false},"featured_media":12687,"template":"","meta":[],"product_brand":[],"product_cat":[230],"product_tag":[],"class_list":{"0":"post-12686","1":"product","2":"type-product","3":"status-publish","4":"has-post-thumbnail","6":"product_cat-moniteurs-televiseurs","8":"first","9":"instock","10":"taxable","11":"shipping-taxable","12":"purchasable","13":"product-type-simple"},"_links":{"self":[{"href":"https:\/\/maisonmpi.com\/shop\/wp-json\/wp\/v2\/product\/12686","targetHints":{"allow":["GET"]}}],"collection":[{"href":"https:\/\/maisonmpi.com\/shop\/wp-json\/wp\/v2\/product"}],"about":[{"href":"https:\/\/maisonmpi.com\/shop\/wp-json\/wp\/v2\/types\/product"}],"version-history":[{"count":1,"href":"https:\/\/maisonmpi.com\/shop\/wp-json\/wp\/v2\/product\/12686\/revisions"}],"predecessor-version":[{"id":12690,"href":"https:\/\/maisonmpi.com\/shop\/wp-json\/wp\/v2\/product\/12686\/revisions\/12690"}],"wp:featuredmedia":[{"embeddable":true,"href":"https:\/\/maisonmpi.com\/shop\/wp-json\/wp\/v2\/media\/12687"}],"wp:attachment":[{"href":"https:\/\/maisonmpi.com\/shop\/wp-json\/wp\/v2\/media?parent=12686"}],"wp:term":[{"taxonomy":"product_brand","embeddable":true,"href":"https:\/\/maisonmpi.com\/shop\/wp-json\/wp\/v2\/product_brand?post=12686"},{"taxonomy":"product_cat","embeddable":true,"href":"https:\/\/maisonmpi.com\/shop\/wp-json\/wp\/v2\/product_cat?post=12686"},{"taxonomy":"product_tag","embeddable":true,"href":"https:\/\/maisonmpi.com\/shop\/wp-json\/wp\/v2\/product_tag?post=12686"}],"curies":[{"name":"wp","href":"https:\/\/api.w.org\/{rel}","templated":true}]}}