{"id":12694,"date":"2025-05-08T10:15:34","date_gmt":"2025-05-08T10:15:34","guid":{"rendered":"https:\/\/maisonmpi.com\/shop\/?post_type=product&#038;p=12694"},"modified":"2025-05-08T10:31:15","modified_gmt":"2025-05-08T10:31:15","slug":"serveur-hpe-proliant-dl380-gen10-p50751-b21-dl380-g10","status":"publish","type":"product","link":"https:\/\/maisonmpi.com\/shop\/produit\/serveur-hpe-proliant-dl380-gen10-p50751-b21-dl380-g10\/","title":{"rendered":"Serveur HPE ProLiant DL380 Gen10 ( P50751-B21 DL380 G10)"},"content":{"rendered":"<p class=\"subhead\">Type de processeur<\/p>\n<ul>\n<li>Intel<\/li>\n<\/ul>\n<p class=\"subhead\">Famille de processeurs<\/p>\n<ul>\n<li>Intel\u00ae Xeon\u00ae \u00e9volutif s\u00e9ries 8100\/8200 Intel\u00ae Xeon\u00ae \u00e9volutif s\u00e9ries 6100\/6200 Intel\u00ae Xeon\u00ae \u00e9volutif s\u00e9ries 5100\/5200 Intel\u00ae Xeon\u00ae \u00e9volutif s\u00e9ries 4100\/4200 Intel\u00ae Xeon\u00ae \u00e9volutif s\u00e9ries 3100\/3200<\/li>\n<\/ul>\n<p class=\"subhead\">Noyau processeur disponible<\/p>\n<ul>\n<li>4 \u00e0 28 c\u0153urs, selon le mod\u00e8le<\/li>\n<\/ul>\n<p class=\"subhead\">M\u00e9moire cache du processeur<\/p>\n<ul>\n<li>8,25 \u00e0 38,50\u00a0Mo L3, selon le mod\u00e8le du processeur<\/li>\n<\/ul>\n<p class=\"subhead\">Nom du processeur<\/p>\n<ul>\n<li>Intel<\/li>\n<\/ul>\n<p class=\"subhead\">Nombre de processeurs<\/p>\n<ul>\n<li>1 ou 2<\/li>\n<\/ul>\n<p class=\"subhead\">Vitesse du processeur<\/p>\n<ul>\n<li>3,9\u00a0GHz maximum selon le processeur<\/li>\n<\/ul>\n<p class=\"subhead\">M\u00e9moire, maximale<\/p>\n<ul>\n<li>3,0 To avec 128 Go de m\u00e9moire DDR4, selon le mod\u00e8le de processeur<\/li>\n<li>6,0 To avec kit de m\u00e9moire persistante HPE 512 Go 2666, selon le mod\u00e8le de processeur<\/li>\n<\/ul>\n<p class=\"subhead\">Logements pour la m\u00e9moire<\/p>\n<ul>\n<li>24 logements DIMM<\/li>\n<\/ul>\n<p class=\"subhead\">Type de m\u00e9moire<\/p>\n<ul>\n<li>HPE DDR4 Smart Memory avec m\u00e9moire persistante Intel\u00ae Optane\u2122 s\u00e9rie 100 en option pour HPE, selon le mod\u00e8le de processeur s\u00e9lectionn\u00e9. M\u00e9moire persistante Intel Optane pour HPE prise en charge uniquement sur certains processeurs S\u00e9rie Intel Scalable de 2e g\u00e9n\u00e9ration, y compris : les processeurs des s\u00e9ries 82xx, 62xxR, 62xx, 52xxR, 52xx et les processeurs 4215R et 4215.<\/li>\n<\/ul>\n<p class=\"subhead\">Lecteur pris en charge<\/p>\n<ul>\n<li>8 ou 12 disques SAS\/SATA\/SSD \u00e0 grand facteur de forme, 8, 10, 16, 18 ou 24\u00a0disques SAS\/SATA\/SSD \u00e0 petit facteur de forme, 2\u00a0SATA SSD M.2 standard sur riser primaire, selon la configuration<\/li>\n<li>6\u00a0disques arri\u00e8re \u00e0 petit facteur de forme en option ou 3\u00a0disques arri\u00e8re \u00e0 grand facteur de forme en option et 2\u00a0disques \u00e0 petit facteur de forme ou 2\u00a0doubles disques UFF en option<\/li>\n<li>20\u00a0disques NVMe \u00e0 petit facteur de forme en option<\/li>\n<li>la prise en charge des disques NVMe via Express Bay limitera la capacit\u00e9 de stockage maximale des disques<\/li>\n<\/ul>\n<p class=\"subhead\">Type de NVDIMM<\/p>\n<ul>\n<li>HPE NVDIMM-N *Disponible uniquement sur les processeurs \u00e9volutifs Intel\u00ae Xeon\u00ae de 1\u00e8re g\u00e9n\u00e9ration<\/li>\n<\/ul>\n<p class=\"subhead\">Position NVDIMM<\/p>\n<ul>\n<li>Rang\u00e9e simple<\/li>\n<\/ul>\n<p class=\"subhead\">Capacit\u00e9 NVDIMM<\/p>\n<ul>\n<li>16 Go<\/li>\n<\/ul>\n<p class=\"subhead\">S\u00e9curit\u00e9 physique<\/p>\n<ul>\n<li>Kit cadran de verrouillage en option, kit de d\u00e9tection d\u2019intrusion et HPE TPM 2,0<\/li>\n<\/ul>\n<p class=\"subhead\">Gestion de l&rsquo;infrastructure<\/p>\n<ul>\n<li>HPE iLO standard avec provisionnement intelligent (int\u00e9gr\u00e9), HPE OneView Standard (n\u00e9cessite le t\u00e9l\u00e9chargement) (standard), HPE iLO Advanced et HPE OneView Advanced (en option<\/li>\n<li>licences requises)<\/li>\n<\/ul>\n<p class=\"subhead\">Logements d&rsquo;extension<\/p>\n<ul>\n<li>8, voir les caract\u00e9ristiques techniques pour plus de d\u00e9tails (QuickSpecs)<\/li>\n<\/ul>\n<p class=\"subhead\">Contr\u00f4leur r\u00e9seau<\/p>\n<ul>\n<li>Adaptateur Ethernet HPE 1\u00a0Go 331i 4\u00a0ports par contr\u00f4leur et\/ou HPE FlexibleLOM en option, en fonction du mod\u00e8le<\/li>\n<\/ul>\n<p class=\"subhead\">Contr\u00f4leur de stockage<\/p>\n<ul>\n<li>1 HPE Smart Array S100i et\/ou 1 HPE Smart Array -P408ia et\/ou 1 HPE Smart Array P816i-a et\/ou 1 HPE Smart Array E208i-a, en fonction du mod\u00e8le<\/li>\n<\/ul>\n<p class=\"subhead\">Fonctionnalit\u00e9s du ventilateur syst\u00e8me<\/p>\n<ul>\n<li>Enfichable \u00e0 chaud en version standard.<\/li>\n<\/ul>\n<p class=\"subhead\">Format<\/p>\n<ul>\n<li>Rack 2U<\/li>\n<\/ul>\n<p class=\"subhead\">Dimensions du produit (mesure m\u00e9trique)<\/p>\n<p>44,55 x 73,03 x 8,74 cm<\/p>\n<p class=\"subhead\">Poids<\/p>\n<p>14,76 kg<\/p>\n","protected":false},"excerpt":{"rendered":"<h1 class=\"titre_produit\"><span class=\"caracteristique_produit\">Serveur &#8211; Montable sur rack : 2U, 2 voies, 1 x Xeon Silver 4210R \/ 2.4 GHz, RAM 32 Go, SAS, hot-swap 2.5&Prime; baie(s)<\/span><\/h1>\n","protected":false},"featured_media":12697,"template":"","meta":[],"product_brand":[],"product_cat":[304],"product_tag":[],"class_list":{"0":"post-12694","1":"product","2":"type-product","3":"status-publish","4":"has-post-thumbnail","6":"product_cat-serveurs","8":"first","9":"instock","10":"taxable","11":"shipping-taxable","12":"purchasable","13":"product-type-simple"},"_links":{"self":[{"href":"https:\/\/maisonmpi.com\/shop\/wp-json\/wp\/v2\/product\/12694","targetHints":{"allow":["GET"]}}],"collection":[{"href":"https:\/\/maisonmpi.com\/shop\/wp-json\/wp\/v2\/product"}],"about":[{"href":"https:\/\/maisonmpi.com\/shop\/wp-json\/wp\/v2\/types\/product"}],"version-history":[{"count":1,"href":"https:\/\/maisonmpi.com\/shop\/wp-json\/wp\/v2\/product\/12694\/revisions"}],"predecessor-version":[{"id":12698,"href":"https:\/\/maisonmpi.com\/shop\/wp-json\/wp\/v2\/product\/12694\/revisions\/12698"}],"wp:featuredmedia":[{"embeddable":true,"href":"https:\/\/maisonmpi.com\/shop\/wp-json\/wp\/v2\/media\/12697"}],"wp:attachment":[{"href":"https:\/\/maisonmpi.com\/shop\/wp-json\/wp\/v2\/media?parent=12694"}],"wp:term":[{"taxonomy":"product_brand","embeddable":true,"href":"https:\/\/maisonmpi.com\/shop\/wp-json\/wp\/v2\/product_brand?post=12694"},{"taxonomy":"product_cat","embeddable":true,"href":"https:\/\/maisonmpi.com\/shop\/wp-json\/wp\/v2\/product_cat?post=12694"},{"taxonomy":"product_tag","embeddable":true,"href":"https:\/\/maisonmpi.com\/shop\/wp-json\/wp\/v2\/product_tag?post=12694"}],"curies":[{"name":"wp","href":"https:\/\/api.w.org\/{rel}","templated":true}]}}