{"id":12699,"date":"2025-05-08T10:36:26","date_gmt":"2025-05-08T10:36:26","guid":{"rendered":"https:\/\/maisonmpi.com\/shop\/?post_type=product&#038;p=12699"},"modified":"2025-05-08T10:36:27","modified_gmt":"2025-05-08T10:36:27","slug":"copieur-canon-imagerunner-advance-dx-c3930i-5962c005aa","status":"publish","type":"product","link":"https:\/\/maisonmpi.com\/shop\/produit\/copieur-canon-imagerunner-advance-dx-c3930i-5962c005aa\/","title":{"rendered":"Copieur CANON ImageRUNNER ADVANCE DX C3930i ( 5962c005aa)"},"content":{"rendered":"<p>Multifonction laser couleur A3<br \/>\nImpression, copie, num\u00e9risation, envoi, stockage et t\u00e9l\u00e9copie optionnelle<br \/>\nProcesseur Dual Core 1,8 GHz<br \/>\n\u00c9cran tactile LCD couleur WSVGA TFT 10,1 pouces<br \/>\nM\u00e9moire Standard : 3,5 Go de RAM et disque SSD de 256Go, Ethernet, USB, Wi-Fi en option<br \/>\nStandard : 1200 feuilles<br \/>\nBac multifonctions de 100 feuilles \u2013 2 cassettes papier de 550 feuilles (A4, 80 g\/m\u00b2) chacune et un plateau d\u2019alimentation de 100 feuilles<br \/>\nMaximum : 2300 feuilles (avec unit\u00e9 d\u2019alimentation de la cassette AW1)<br \/>\nVitesse d\u2019impression recto : jusqu\u2019\u00e0 30 ppm (A4, A5, A5R, A6R), jusqu\u2019\u00e0 15 ppm (A3), jusqu\u2019\u00e0 20 ppm (A4R)<br \/>\nOptions de finition : Assemblage, groupage, d\u00e9calage, agrafage, piq\u00fbre \u00e0 cheval, perforation, agrafage \u00e9co, agrafage \u00e0 la demande<br \/>\nR\u00e9solution d\u2019impression (ppp)1200 x 600,1200 x 1200 (demi-vitesse)<br \/>\nLangages de description de pages Standard : UFR II, PCL6, Adobe\u00ae PostScript\u00ae3TM<br \/>\nImpression directe Types de fichiers pris en charge : PDF, EPS, TIFF\/JPEG et XPS<br \/>\nImpression mobile\/Cloud : AirPrint, Mopria, Universal Print de Microsoft, application Canon PRINT Business et uniFLOW Online (en option)<br \/>\nImpression s\u00e9curis\u00e9e<\/p>\n","protected":false},"excerpt":{"rendered":"<p><strong>Type de machine\u00a0<\/strong>: Imprimante multifonction laser couleur A3<br \/>\n<strong>Fonctions<\/strong>\u00a0: Imprimer, Copier, Num\u00e9riser, Envoyer, Stocker et en option \u2013 Fax<br \/>\n<strong>Chargeur automatique de documents<\/strong>\u00a0: Oui<br \/>\n<strong>Vitesse d\u2019impression<\/strong>\u00a0: DX C3930i (30ppm)<br \/>\n<strong>R\u00e9solution d\u2019impression maximale<\/strong>\u00a0: 1200 x 1200dpi (demi-vitesse)<br \/>\n<strong>Formats de papier standard<\/strong>\u00a0: SRA3, A3, A4, A5, A6<br \/>\n<strong>Format de papier personnalis\u00e9<\/strong>\u00a0: 98,4 x 139,7 mm \u00e0 320,0 x 457,2 mm<br \/>\n<strong>Capacit\u00e9 maximale de papier<\/strong>\u00a0: 2 300 feuilles<\/p>\n","protected":false},"featured_media":12700,"template":"","meta":[],"product_brand":[],"product_cat":[298],"product_tag":[],"class_list":{"0":"post-12699","1":"product","2":"type-product","3":"status-publish","4":"has-post-thumbnail","6":"product_cat-copieurs","8":"first","9":"instock","10":"taxable","11":"shipping-taxable","12":"purchasable","13":"product-type-simple"},"_links":{"self":[{"href":"https:\/\/maisonmpi.com\/shop\/wp-json\/wp\/v2\/product\/12699","targetHints":{"allow":["GET"]}}],"collection":[{"href":"https:\/\/maisonmpi.com\/shop\/wp-json\/wp\/v2\/product"}],"about":[{"href":"https:\/\/maisonmpi.com\/shop\/wp-json\/wp\/v2\/types\/product"}],"version-history":[{"count":1,"href":"https:\/\/maisonmpi.com\/shop\/wp-json\/wp\/v2\/product\/12699\/revisions"}],"predecessor-version":[{"id":12701,"href":"https:\/\/maisonmpi.com\/shop\/wp-json\/wp\/v2\/product\/12699\/revisions\/12701"}],"wp:featuredmedia":[{"embeddable":true,"href":"https:\/\/maisonmpi.com\/shop\/wp-json\/wp\/v2\/media\/12700"}],"wp:attachment":[{"href":"https:\/\/maisonmpi.com\/shop\/wp-json\/wp\/v2\/media?parent=12699"}],"wp:term":[{"taxonomy":"product_brand","embeddable":true,"href":"https:\/\/maisonmpi.com\/shop\/wp-json\/wp\/v2\/product_brand?post=12699"},{"taxonomy":"product_cat","embeddable":true,"href":"https:\/\/maisonmpi.com\/shop\/wp-json\/wp\/v2\/product_cat?post=12699"},{"taxonomy":"product_tag","embeddable":true,"href":"https:\/\/maisonmpi.com\/shop\/wp-json\/wp\/v2\/product_tag?post=12699"}],"curies":[{"name":"wp","href":"https:\/\/api.w.org\/{rel}","templated":true}]}}