{"id":12702,"date":"2025-05-08T10:47:13","date_gmt":"2025-05-08T10:47:13","guid":{"rendered":"https:\/\/maisonmpi.com\/shop\/?post_type=product&#038;p=12702"},"modified":"2025-05-08T10:47:15","modified_gmt":"2025-05-08T10:47:15","slug":"chargeur-de-documents-canon-dadf-ba1-3813c001aa","status":"publish","type":"product","link":"https:\/\/maisonmpi.com\/shop\/produit\/chargeur-de-documents-canon-dadf-ba1-3813c001aa\/","title":{"rendered":"Chargeur de documents CANON DADF-BA1 (3813C001AA)"},"content":{"rendered":"<ul class=\"product-features\">\n<li>Capacit\u00e9 de 50 feuilles<\/li>\n<li>Compatibilit\u00e9 : Imprimantes Canon<\/li>\n<li>Facilite la num\u00e9risation et la copie en vrac<\/li>\n<li>Id\u00e9al pour les grandes entreprises<\/li>\n<\/ul>\n<div class=\"marketing-text\">\n<p>Le Canon DADF-BA1 est con\u00e7u pour vous offrir une productivit\u00e9 maximale, permettant de traiter facilement des gros volumes de documents. Cet accessoire est un atout majeur pour les entreprises qui souhaitent automatiser leurs t\u00e2ches administratives r\u00e9p\u00e9titives.<\/p>\n<p>Gr\u00e2ce \u00e0 sa compatibilit\u00e9 avec les imprimantes Canon, ce chargeur de documents garantit une performance de haute qualit\u00e9. Vous pouvez ainsi gagner du temps et am\u00e9liorer votre flux de travail.<\/p>\n<p>Robuste et fiable, le Canon DADF-BA1 est un choix optimal pour simplifier vos t\u00e2ches d&rsquo;impression au quotidien.<\/p>\n<\/div>\n<div class=\"product-specifications\">\n<h3>Caract\u00e9ristiques techniques<\/h3>\n<ul>\n<li>R\u00e9f\u00e9rence : 3813C001AA<\/li>\n<li>Capacit\u00e9 : 50 feuilles<\/li>\n<li>Compatibilit\u00e9 : Imprimantes Canon<\/li>\n<li>Utilisation : Num\u00e9risation et copie en vrac<\/li>\n<\/ul>\n<\/div>\n","protected":false},"excerpt":{"rendered":"<p>Num\u00e9risez ou copiez ais\u00e9ment vos documents en vrac gr\u00e2ce \u00e0 cet accessoire d&rsquo;<a href=\"https:\/\/www.iris.ma\/197-imprimante\">imprimante<\/a>. Con\u00e7u pour les imprimantes Canon, il peut contenir jusqu&rsquo;\u00e0 50 feuilles de papier. Id\u00e9al pour les entreprises traitant de gros volumes de documents au quotidien, ce chargeur vous fera gagner en efficacit\u00e9 et en productivit\u00e9. Simplifiez vos t\u00e2ches administratives avec ce compagnon fiable.<\/p>\n","protected":false},"featured_media":12703,"template":"","meta":[],"product_brand":[],"product_cat":[235],"product_tag":[],"class_list":{"0":"post-12702","1":"product","2":"type-product","3":"status-publish","4":"has-post-thumbnail","6":"product_cat-imprimantes-scanners","8":"first","9":"instock","10":"taxable","11":"shipping-taxable","12":"purchasable","13":"product-type-simple"},"_links":{"self":[{"href":"https:\/\/maisonmpi.com\/shop\/wp-json\/wp\/v2\/product\/12702","targetHints":{"allow":["GET"]}}],"collection":[{"href":"https:\/\/maisonmpi.com\/shop\/wp-json\/wp\/v2\/product"}],"about":[{"href":"https:\/\/maisonmpi.com\/shop\/wp-json\/wp\/v2\/types\/product"}],"version-history":[{"count":1,"href":"https:\/\/maisonmpi.com\/shop\/wp-json\/wp\/v2\/product\/12702\/revisions"}],"predecessor-version":[{"id":12704,"href":"https:\/\/maisonmpi.com\/shop\/wp-json\/wp\/v2\/product\/12702\/revisions\/12704"}],"wp:featuredmedia":[{"embeddable":true,"href":"https:\/\/maisonmpi.com\/shop\/wp-json\/wp\/v2\/media\/12703"}],"wp:attachment":[{"href":"https:\/\/maisonmpi.com\/shop\/wp-json\/wp\/v2\/media?parent=12702"}],"wp:term":[{"taxonomy":"product_brand","embeddable":true,"href":"https:\/\/maisonmpi.com\/shop\/wp-json\/wp\/v2\/product_brand?post=12702"},{"taxonomy":"product_cat","embeddable":true,"href":"https:\/\/maisonmpi.com\/shop\/wp-json\/wp\/v2\/product_cat?post=12702"},{"taxonomy":"product_tag","embeddable":true,"href":"https:\/\/maisonmpi.com\/shop\/wp-json\/wp\/v2\/product_tag?post=12702"}],"curies":[{"name":"wp","href":"https:\/\/api.w.org\/{rel}","templated":true}]}}