{"id":12736,"date":"2025-05-14T17:18:09","date_gmt":"2025-05-14T17:18:09","guid":{"rendered":"https:\/\/maisonmpi.com\/shop\/?post_type=product&#038;p=12736"},"modified":"2025-05-14T17:18:10","modified_gmt":"2025-05-14T17:18:10","slug":"cartouche-de-toner-canon-067-magenta-5100c002a","status":"publish","type":"product","link":"https:\/\/maisonmpi.com\/shop\/produit\/cartouche-de-toner-canon-067-magenta-5100c002a\/","title":{"rendered":"Cartouche de toner CANON 067 magenta (5100C002A)"},"content":{"rendered":"<ul>\n<li><strong>Code EAN<\/strong>\u00a0: 4549292187601<\/li>\n<li><strong>Couleur<\/strong>\u00a0: Magenta<\/li>\n<li><strong>Capacit\u00e9 d&rsquo;impression<\/strong>\u00a0: Environ 2 350 pages selon la norme ISO\/IEC 19798<\/li>\n<li><strong>Compatibilit\u00e9<\/strong>\u00a0:\n<ul>\n<li>Canon i-SENSYS LBP631Cw, Canon i-SENSYS LBP633Cdw, Canon i-SENSYS MF651Cw, Canon i-SENSYS MF655Cdw, Canon i-SENSYS MF657Cdw<\/li>\n<\/ul>\n<\/li>\n<\/ul>\n","protected":false},"excerpt":{"rendered":"<p>Une cartouche pleine donne un rendement d&rsquo;environ 1250\u00a0pages (ISO\/IEC 19798), offrant la long\u00e9vit\u00e9 n\u00e9cessaire pour r\u00e9pondre \u00e0 toutes vos demandes d&rsquo;impression.<\/p>\n","protected":false},"featured_media":12737,"template":"","meta":[],"product_brand":[],"product_cat":[301],"product_tag":[],"class_list":{"0":"post-12736","1":"product","2":"type-product","3":"status-publish","4":"has-post-thumbnail","6":"product_cat-toners-cartouches","8":"first","9":"instock","10":"taxable","11":"shipping-taxable","12":"purchasable","13":"product-type-simple"},"_links":{"self":[{"href":"https:\/\/maisonmpi.com\/shop\/wp-json\/wp\/v2\/product\/12736","targetHints":{"allow":["GET"]}}],"collection":[{"href":"https:\/\/maisonmpi.com\/shop\/wp-json\/wp\/v2\/product"}],"about":[{"href":"https:\/\/maisonmpi.com\/shop\/wp-json\/wp\/v2\/types\/product"}],"version-history":[{"count":2,"href":"https:\/\/maisonmpi.com\/shop\/wp-json\/wp\/v2\/product\/12736\/revisions"}],"predecessor-version":[{"id":12739,"href":"https:\/\/maisonmpi.com\/shop\/wp-json\/wp\/v2\/product\/12736\/revisions\/12739"}],"wp:featuredmedia":[{"embeddable":true,"href":"https:\/\/maisonmpi.com\/shop\/wp-json\/wp\/v2\/media\/12737"}],"wp:attachment":[{"href":"https:\/\/maisonmpi.com\/shop\/wp-json\/wp\/v2\/media?parent=12736"}],"wp:term":[{"taxonomy":"product_brand","embeddable":true,"href":"https:\/\/maisonmpi.com\/shop\/wp-json\/wp\/v2\/product_brand?post=12736"},{"taxonomy":"product_cat","embeddable":true,"href":"https:\/\/maisonmpi.com\/shop\/wp-json\/wp\/v2\/product_cat?post=12736"},{"taxonomy":"product_tag","embeddable":true,"href":"https:\/\/maisonmpi.com\/shop\/wp-json\/wp\/v2\/product_tag?post=12736"}],"curies":[{"name":"wp","href":"https:\/\/api.w.org\/{rel}","templated":true}]}}