{"id":12740,"date":"2025-05-15T07:54:20","date_gmt":"2025-05-15T07:54:20","guid":{"rendered":"https:\/\/maisonmpi.com\/shop\/?post_type=product&#038;p=12740"},"modified":"2025-05-15T07:54:21","modified_gmt":"2025-05-15T07:54:21","slug":"cartouche-canon-cartridge-067-cyan-5101c002","status":"publish","type":"product","link":"https:\/\/maisonmpi.com\/shop\/produit\/cartouche-canon-cartridge-067-cyan-5101c002\/","title":{"rendered":"Cartouche Canon Cartridge 067 Cyan (5101C002)"},"content":{"rendered":"<table class=\"a-normal a-spacing-micro\">\n<tbody>\n<tr class=\"a-spacing-small po-brand\">\n<td class=\"a-span3\"><span class=\"a-size-base a-text-bold\">Marque<\/span><\/td>\n<td class=\"a-span9\"><span class=\"a-size-base po-break-word\">Canon<\/span><\/td>\n<\/tr>\n<tr class=\"a-spacing-small po-color\">\n<td class=\"a-span3\"><span class=\"a-size-base a-text-bold\">Couleur<\/span><\/td>\n<td class=\"a-span9\"><span class=\"a-size-base po-break-word\">Cyan<\/span><\/td>\n<\/tr>\n<tr class=\"a-spacing-small po-item_weight\">\n<td class=\"a-span3\"><span class=\"a-size-base a-text-bold\">Poids de l&rsquo;article<\/span><\/td>\n<td class=\"a-span9\"><span class=\"a-size-base po-break-word\">740 Grammes<\/span><\/td>\n<\/tr>\n<tr class=\"a-spacing-small po-included_components\">\n<td class=\"a-span3\"><span class=\"a-size-base a-text-bold\">Composants inclus<\/span><\/td>\n<td class=\"a-span9\"><span class=\"a-size-base po-break-word\">Cartouche d&rsquo;encre<\/span><\/td>\n<\/tr>\n<tr class=\"a-spacing-small po-compatible_devices\">\n<td class=\"a-span3\"><span class=\"a-size-base a-text-bold\">Appareils compatibles<\/span><\/td>\n<td class=\"a-span9\"><span class=\"a-size-base po-break-word\">i-SENSYS LBP633Cdw LBP631Cw MF657Cdw MF655Cdw MF651Cw<\/span><\/td>\n<\/tr>\n<tr class=\"a-spacing-small po-compatibility_options\">\n<td class=\"a-span3\"><span class=\"a-size-base a-text-bold\">Options de compatibilit\u00e9<\/span><\/td>\n<td class=\"a-span9\"><span class=\"a-size-base po-break-word\">MF655Cdw, LBP631Cw, MF651Cw, i-SENSYS LBP633Cdw, MF657Cdw<\/span><\/td>\n<\/tr>\n<tr class=\"a-spacing-small po-page_yield\">\n<td class=\"a-span3\"><span class=\"a-size-base a-text-bold\">Rendement de la page<\/span><\/td>\n<td class=\"a-span9\"><span class=\"a-size-base po-break-word\">1250<\/span><\/td>\n<\/tr>\n<tr class=\"a-spacing-small po-printer_model_compatibility\">\n<td class=\"a-span3\"><span class=\"a-size-base a-text-bold\">Compatibilit\u00e9 des mod\u00e8les d\u2019imprimantes<\/span><\/td>\n<td class=\"a-span9\"><span class=\"a-size-base po-break-word\">Canon i-SENSYS LBP633Cdw<\/span><\/td>\n<\/tr>\n<tr class=\"a-spacing-small po-manufacturer\">\n<td class=\"a-span3\"><span class=\"a-size-base a-text-bold\">Fabricant<\/span><\/td>\n<td class=\"a-span9\"><span class=\"a-size-base po-break-word\">Canon<\/span><\/td>\n<\/tr>\n<tr class=\"a-spacing-small po-gtin\">\n<td class=\"a-span3\"><span class=\"a-size-base a-text-bold\">Code article international<\/span><\/td>\n<td class=\"a-span9\"><span class=\"a-size-base po-break-word\">04549292187533<\/span><\/td>\n<\/tr>\n<\/tbody>\n<\/table>\n<table id=\"productDetails_techSpec_section_1\" class=\"a-keyvalue prodDetTable\">\n<tbody>\n<tr>\n<th class=\"a-color-secondary a-size-base prodDetSectionEntry\">Dimensions du produit (L x l x h)<\/th>\n<td class=\"a-size-base prodDetAttrValue\">\u200e2,54 x 2,54 x 2,54 cm; 740 grammes<\/td>\n<\/tr>\n<\/tbody>\n<\/table>\n","protected":false},"excerpt":{"rendered":"<p class=\"chakra-text css-17uygmj\">Une cartouche pleine donne un rendement d&rsquo;environ 1250 pages (ISO\/IEC 19798), offrant la long\u00e9vit\u00e9 n\u00e9cessaire pour r\u00e9pondre \u00e0 toutes vos demandes d&rsquo;impression.<\/p>\n","protected":false},"featured_media":12741,"template":"","meta":[],"product_brand":[],"product_cat":[301],"product_tag":[],"class_list":{"0":"post-12740","1":"product","2":"type-product","3":"status-publish","4":"has-post-thumbnail","6":"product_cat-toners-cartouches","8":"first","9":"instock","10":"taxable","11":"shipping-taxable","12":"purchasable","13":"product-type-simple"},"_links":{"self":[{"href":"https:\/\/maisonmpi.com\/shop\/wp-json\/wp\/v2\/product\/12740","targetHints":{"allow":["GET"]}}],"collection":[{"href":"https:\/\/maisonmpi.com\/shop\/wp-json\/wp\/v2\/product"}],"about":[{"href":"https:\/\/maisonmpi.com\/shop\/wp-json\/wp\/v2\/types\/product"}],"version-history":[{"count":1,"href":"https:\/\/maisonmpi.com\/shop\/wp-json\/wp\/v2\/product\/12740\/revisions"}],"predecessor-version":[{"id":12742,"href":"https:\/\/maisonmpi.com\/shop\/wp-json\/wp\/v2\/product\/12740\/revisions\/12742"}],"wp:featuredmedia":[{"embeddable":true,"href":"https:\/\/maisonmpi.com\/shop\/wp-json\/wp\/v2\/media\/12741"}],"wp:attachment":[{"href":"https:\/\/maisonmpi.com\/shop\/wp-json\/wp\/v2\/media?parent=12740"}],"wp:term":[{"taxonomy":"product_brand","embeddable":true,"href":"https:\/\/maisonmpi.com\/shop\/wp-json\/wp\/v2\/product_brand?post=12740"},{"taxonomy":"product_cat","embeddable":true,"href":"https:\/\/maisonmpi.com\/shop\/wp-json\/wp\/v2\/product_cat?post=12740"},{"taxonomy":"product_tag","embeddable":true,"href":"https:\/\/maisonmpi.com\/shop\/wp-json\/wp\/v2\/product_tag?post=12740"}],"curies":[{"name":"wp","href":"https:\/\/api.w.org\/{rel}","templated":true}]}}