{"id":12782,"date":"2025-06-19T08:09:17","date_gmt":"2025-06-19T08:09:17","guid":{"rendered":"https:\/\/maisonmpi.com\/shop\/?post_type=product&#038;p=12782"},"modified":"2025-06-19T08:09:19","modified_gmt":"2025-06-19T08:09:19","slug":"camera-hik-vision-antivandale-4mp-2-8mm-ds-2cd1143g2-liu","status":"publish","type":"product","link":"https:\/\/maisonmpi.com\/shop\/produit\/camera-hik-vision-antivandale-4mp-2-8mm-ds-2cd1143g2-liu\/","title":{"rendered":"CAMERA HIK VISION  ANTIVANDALE 4MP 2.8MM (DS-2CD1143G2 LIU)"},"content":{"rendered":"<p>Elle b\u00e9n\u00e9ficie de la\u00a0vision nocturne\u00a0jusqu&rsquo;\u00e0 environ 30 m\u00e8tres avec technologie EXIR.<\/p>\n<p>Cam\u00e9ra de surveillance\u00a0IP67, ce qui signifie qu&rsquo;elle est \u00e9tanche et anti poussi\u00e8re. Elle est \u00e9galement antivandale, norme IK10.<\/p>\n<h3><strong>Les points forts de la cam\u00e9ra Hikvision DS-2CD1143G2-I(2.8mm)<\/strong><\/h3>\n<ul>\n<li>Capteur haute r\u00e9solution 4MP (2560 \u00d7 1440 pixels)<\/li>\n<li>Codecs vid\u00e9o optimis\u00e9s : H265 et H265+<\/li>\n<li>Large angle de vision de 99\u00b0 &#8211; Lentille 2.8 mm<\/li>\n<li>Intelligence artificielle Motion Detection 2.0<\/li>\n<li>Vision nocturne jusqu&rsquo;\u00e0 30 m\u00e8tres technologie EXIR 2.0<\/li>\n<li>Visualisation \u00e0 distance sur smartphone ou tablette avec application\u00a0Hik-Connect<\/li>\n<li>Fonctions d&rsquo;am\u00e9lioration de l&rsquo;image\n<ul>\n<li>WDR 120dB (gestion des contre-jours)<\/li>\n<li>BLC (am\u00e9lioration des images en basse luminosit\u00e9)<\/li>\n<li>HLC (compensation de surbrillance pour \u00e9viter l&rsquo;aveuglement de la cam\u00e9ra)<\/li>\n<li>ROI (augmentation de la qualit\u00e9 sur des zones pr\u00e9cises)<\/li>\n<li>3D DNR (diminution des bruits d&rsquo;image et r\u00e9duction des erreurs lors des m\u00e9langes des couleurs)<\/li>\n<\/ul>\n<\/li>\n<li>Antivandale : indice de protection IK10<\/li>\n<li>\u00c9tanche : indice de protection IP67<\/li>\n<li>Emplacement carte MicroSD : aucun &#8211; il faut un\u00a0NVR\u00a0pour l&rsquo;enregistrement<\/li>\n<li>Garantie 3 ans<\/li>\n<\/ul>\n<p>Compatible Windows et Mac<\/p>\n<p>Navigateurs : IE10+ (visualisation), Chrome 57+ et Firefox 52+ (service local)<\/p>\n<p>Logiciels\u00a0Hikvision\u00a0: HikCentral, iVMS 4200, iVMS Lite, Hik-Connect<\/p>\n","protected":false},"excerpt":{"rendered":"<h1 class=\"product-name\">Cam\u00e9ra de s\u00e9curit\u00e9 antivandale Hikvision DS-2CD1143G2-I 4MP H265+ Motion Detection 2.0 vision de nuit 30 m\u00e8tres EXIR 2.0<\/h1>\n","protected":false},"featured_media":12785,"template":"","meta":[],"product_brand":[],"product_cat":[344],"product_tag":[],"class_list":{"0":"post-12782","1":"product","2":"type-product","3":"status-publish","4":"has-post-thumbnail","6":"product_cat-appareils-photo-cameras","8":"first","9":"instock","10":"taxable","11":"shipping-taxable","12":"purchasable","13":"product-type-simple"},"_links":{"self":[{"href":"https:\/\/maisonmpi.com\/shop\/wp-json\/wp\/v2\/product\/12782","targetHints":{"allow":["GET"]}}],"collection":[{"href":"https:\/\/maisonmpi.com\/shop\/wp-json\/wp\/v2\/product"}],"about":[{"href":"https:\/\/maisonmpi.com\/shop\/wp-json\/wp\/v2\/types\/product"}],"version-history":[{"count":2,"href":"https:\/\/maisonmpi.com\/shop\/wp-json\/wp\/v2\/product\/12782\/revisions"}],"predecessor-version":[{"id":12787,"href":"https:\/\/maisonmpi.com\/shop\/wp-json\/wp\/v2\/product\/12782\/revisions\/12787"}],"wp:featuredmedia":[{"embeddable":true,"href":"https:\/\/maisonmpi.com\/shop\/wp-json\/wp\/v2\/media\/12785"}],"wp:attachment":[{"href":"https:\/\/maisonmpi.com\/shop\/wp-json\/wp\/v2\/media?parent=12782"}],"wp:term":[{"taxonomy":"product_brand","embeddable":true,"href":"https:\/\/maisonmpi.com\/shop\/wp-json\/wp\/v2\/product_brand?post=12782"},{"taxonomy":"product_cat","embeddable":true,"href":"https:\/\/maisonmpi.com\/shop\/wp-json\/wp\/v2\/product_cat?post=12782"},{"taxonomy":"product_tag","embeddable":true,"href":"https:\/\/maisonmpi.com\/shop\/wp-json\/wp\/v2\/product_tag?post=12782"}],"curies":[{"name":"wp","href":"https:\/\/api.w.org\/{rel}","templated":true}]}}