{"id":12788,"date":"2025-06-19T08:25:31","date_gmt":"2025-06-19T08:25:31","guid":{"rendered":"https:\/\/maisonmpi.com\/shop\/?post_type=product&#038;p=12788"},"modified":"2025-06-19T08:25:33","modified_gmt":"2025-06-19T08:25:33","slug":"enregistreur-hik-vision-nvr-4-canaux-ds-7604nxi-k1_4p","status":"publish","type":"product","link":"https:\/\/maisonmpi.com\/shop\/produit\/enregistreur-hik-vision-nvr-4-canaux-ds-7604nxi-k1_4p\/","title":{"rendered":"ENREGISTREUR HIK VISION NVR  4 CANAUX (DS-7604NXI K1_4P )"},"content":{"rendered":"<h2><span class=\"red-text\">NVR PoE 4K et AcuSense pour g\u00e9rer jusqu&rsquo;\u00e0 4 cam\u00e9ras de surveillance<br \/>\n<\/span><\/h2>\n<p>Cet\u00a0enregistreur vid\u00e9o\u00a0r\u00e9seau de derni\u00e8re g\u00e9n\u00e9ration embarque la technologie avanc\u00e9e d&rsquo;intelligence artificielle AcuSense, exploitant l&rsquo;intelligence artificielle pour am\u00e9liorer significativement l&rsquo;efficacit\u00e9 des notifications d&rsquo;alerte au moyen de l&rsquo;apprentissage profond.<\/p>\n<p>Avec la technologie AcuSense, cet enregistreur est dot\u00e9 de la capacit\u00e9 de distinguer entre les \u00eatres humains et les v\u00e9hicules parmi une multitude d&rsquo;\u00e9l\u00e9ments dans une image, devenant ainsi beaucoup plus pr\u00e9cis dans ses d\u00e9tections.<\/p>\n<h3>Les points forts du NVR DS-7604NXI-K1\/4P<\/h3>\n<ul>\n<li>4 ports RJ45 PoE<\/li>\n<li>R\u00e9solution d\u2019enregistrement jusqu&rsquo;\u00e0 12 M\u00e9gapixels (4K)<\/li>\n<li>Tous les canaux prennent en charge la d\u00e9tection de mouvement 2.0<\/li>\n<li>Analyse vid\u00e9o sur 1 canal pour la reconnaissance des personnes et des v\u00e9hicules afin de r\u00e9duire les fausses\u00a0alarmes<\/li>\n<li>Reconnaissance faciale sur 1 canal pour le flux vid\u00e9o, ou reconnaissance faciale sur 2 canaux pour l&rsquo;image du visage<\/li>\n<li>Recherche intelligente de la zone s\u00e9lectionn\u00e9e dans la vid\u00e9o et lecture intelligente pour am\u00e9liorer l&rsquo;efficacit\u00e9 de la lecture<\/li>\n<li>1 interface HDMI et 1 interface VGA<\/li>\n<li>Prise en charge du codec H265+<\/li>\n<li>Param\u00e9trage via interface Web ou directement sur le\u00a0NVR\u00a0avec un \u00e9cran associ\u00e9<\/li>\n<li>Capacit\u00e9 1\u00a0disque dur\u00a0jusqu&rsquo;\u00e0 10 To (Ubitech recommande les\u00a0disques durs\u00a0Western Digital\u00a0gamme\u00a0Purple\u00a0d\u00e9di\u00e9s \u00e0 la\u00a0vid\u00e9osurveillance)<\/li>\n<li>Visualisation des enregistrements \u00e0 distance via PC, tablette ou Smartphone. (Application Android, iPad et iPhone gratuite)<\/li>\n<li>Prise en charge de l&rsquo;acc\u00e8s Web sans plug-in<\/li>\n<li>40 Mbps de bande passante entrante et 80 Mbps de bande passante sortante<\/li>\n<li>Sauvegarde externe des enregistrements vid\u00e9o sur support USB<\/li>\n<li>Gestion \u00e0 distance simplifi\u00e9e<\/li>\n<\/ul>\n<p>La technologie\u00a0<strong>AcuSense\u00a0<\/strong>int\u00e9gr\u00e9e dans ce NVR est capable d&rsquo;identifier un humain ou un v\u00e9hicule parmi un tr\u00e8s grand nombre d&rsquo;objets dans une sc\u00e8ne. Cela permet de diminuer tr\u00e8s fortement les fausses alertes.<\/p>\n<p>Ce NVR AcuSense est \u00e9galement capable de g\u00e9rer des cam\u00e9ras qui ne sont pas AcuSense afin de leur faire b\u00e9n\u00e9ficier de cette fonction. Il peut prendre en charge jusqu&rsquo;\u00e0 4 cam\u00e9ras non AcuSense. Ces cam\u00e9ras b\u00e9n\u00e9ficieront alors des fonctions d&rsquo;alerte avanc\u00e9es avec technologie AcuSense (capacit\u00e9 globale de 4MP pour les 4 cam\u00e9ras).<\/p>\n<p>Ce NVR g\u00e8re les codec H265, H265+, H264, H264+ et MPEG4<\/p>\n<p>NVR adapt\u00e9 pour les professionnels et les particuliers \u00e0 la recherche d&rsquo;une solution performante.<\/p>\n<p>Une souris incluse<\/p>\n<p><em><strong>Moniteur et disque dur en option<\/strong><\/em><\/p>\n","protected":false},"excerpt":{"rendered":"<h1 class=\"product-name\">NVR PoE 4K AcuSense Hikvision DS-7604NXI-K1\/4P 4 ports PoE 50W<\/h1>\n","protected":false},"featured_media":12790,"template":"","meta":[],"product_brand":[],"product_cat":[344],"product_tag":[],"class_list":{"0":"post-12788","1":"product","2":"type-product","3":"status-publish","4":"has-post-thumbnail","6":"product_cat-appareils-photo-cameras","8":"first","9":"instock","10":"taxable","11":"shipping-taxable","12":"purchasable","13":"product-type-simple"},"_links":{"self":[{"href":"https:\/\/maisonmpi.com\/shop\/wp-json\/wp\/v2\/product\/12788","targetHints":{"allow":["GET"]}}],"collection":[{"href":"https:\/\/maisonmpi.com\/shop\/wp-json\/wp\/v2\/product"}],"about":[{"href":"https:\/\/maisonmpi.com\/shop\/wp-json\/wp\/v2\/types\/product"}],"version-history":[{"count":1,"href":"https:\/\/maisonmpi.com\/shop\/wp-json\/wp\/v2\/product\/12788\/revisions"}],"predecessor-version":[{"id":12791,"href":"https:\/\/maisonmpi.com\/shop\/wp-json\/wp\/v2\/product\/12788\/revisions\/12791"}],"wp:featuredmedia":[{"embeddable":true,"href":"https:\/\/maisonmpi.com\/shop\/wp-json\/wp\/v2\/media\/12790"}],"wp:attachment":[{"href":"https:\/\/maisonmpi.com\/shop\/wp-json\/wp\/v2\/media?parent=12788"}],"wp:term":[{"taxonomy":"product_brand","embeddable":true,"href":"https:\/\/maisonmpi.com\/shop\/wp-json\/wp\/v2\/product_brand?post=12788"},{"taxonomy":"product_cat","embeddable":true,"href":"https:\/\/maisonmpi.com\/shop\/wp-json\/wp\/v2\/product_cat?post=12788"},{"taxonomy":"product_tag","embeddable":true,"href":"https:\/\/maisonmpi.com\/shop\/wp-json\/wp\/v2\/product_tag?post=12788"}],"curies":[{"name":"wp","href":"https:\/\/api.w.org\/{rel}","templated":true}]}}