{"id":12798,"date":"2025-06-19T09:07:25","date_gmt":"2025-06-19T09:07:25","guid":{"rendered":"https:\/\/maisonmpi.com\/shop\/?post_type=product&#038;p=12798"},"modified":"2025-06-19T09:07:25","modified_gmt":"2025-06-19T09:07:25","slug":"hik-vision-kit-de-surveillance-8-cameras-ds-j142i_ds-7208hghi-k1s44cam","status":"publish","type":"product","link":"https:\/\/maisonmpi.com\/shop\/produit\/hik-vision-kit-de-surveillance-8-cameras-ds-j142i_ds-7208hghi-k1s44cam\/","title":{"rendered":"HIK VISION KIT DE  SURVEILLANCE 8 CAMERAS (DS-J142I_DS 7208HGHI K1(S)+4+4CAM  )"},"content":{"rendered":"<table class=\"specs\" border=\"0\" cellspacing=\"0\" cellpadding=\"0\">\n<tbody>\n<tr class=\"table-data\" align=\"left\" valign=\"middle\">\n<td width=\"30%\" height=\"22\"><strong>Marque<\/strong><\/td>\n<td width=\"70%\" height=\"22\">HIKVISION<\/td>\n<\/tr>\n<tr class=\"table-data\" align=\"left\" valign=\"middle\">\n<td width=\"30%\" height=\"22\"><strong>Gamme<\/strong><\/td>\n<td width=\"70%\" height=\"22\">Value<\/td>\n<\/tr>\n<tr class=\"table-data\" align=\"left\" valign=\"middle\">\n<td width=\"30%\" height=\"22\"><strong>Format<\/strong><\/td>\n<td width=\"70%\" height=\"22\">HDTVI \/ HDCVI \/ AHD \/ CVBS \/ IP<\/td>\n<\/tr>\n<tr class=\"table-data\" align=\"left\" valign=\"middle\">\n<td width=\"30%\" height=\"22\"><strong>Entr\u00e9es vid\u00e9o VGA<\/strong><\/td>\n<td width=\"70%\" height=\"22\">8 Voies BNC (HDTVI \/ HDCVI \/ AHD \/ CVBS)<\/td>\n<\/tr>\n<tr class=\"table-data\" align=\"left\" valign=\"middle\">\n<td width=\"30%\" height=\"22\"><strong>Configuration hybride<\/strong><\/td>\n<td width=\"70%\" height=\"22\">2 IP canaux suppl\u00e9mentaires: Jusqu&rsquo;\u00e0 10 canaux IP (5 Mpx), en rempla\u00e7ant tous les canaux BNC<\/td>\n<\/tr>\n<tr class=\"table-data\" align=\"left\" valign=\"middle\">\n<td width=\"30%\" height=\"22\"><strong>Largeur de bande disponible<\/strong><\/td>\n<td width=\"70%\" height=\"22\">64 Mbps<\/td>\n<\/tr>\n<tr class=\"table-data\" align=\"left\" valign=\"middle\">\n<td width=\"30%\" height=\"22\"><strong>Sorties vid\u00e9o<\/strong><\/td>\n<td width=\"70%\" height=\"22\">1 HDMI Full HD et 1 VGA, simultan\u00e9s ;<\/td>\n<\/tr>\n<tr class=\"table-data\" align=\"left\" valign=\"middle\">\n<td width=\"30%\" height=\"22\"><strong>R\u00e9solution d&rsquo;affichage<\/strong><\/td>\n<td width=\"70%\" height=\"22\">HDMI: 1920&#215;1080, 1280&#215;1024, 1280&#215;720 \/ 60 Hz<br \/>\nVGA: 1920&#215;1080, 1280&#215;1024, 1280&#215;720 \/ 60 Hz<\/td>\n<\/tr>\n<tr class=\"table-data\" align=\"left\" valign=\"middle\">\n<td width=\"30%\" height=\"22\"><strong>Entr\u00e9es audio<\/strong><\/td>\n<td width=\"70%\" height=\"22\">1 Canal RCA<\/td>\n<\/tr>\n<tr class=\"table-data\" align=\"left\" valign=\"middle\">\n<td width=\"30%\" height=\"22\"><strong>Sorties audio<\/strong><\/td>\n<td width=\"70%\" height=\"22\">1 Canal RCA<\/td>\n<\/tr>\n<tr class=\"table-data\" align=\"left\" valign=\"middle\">\n<td width=\"30%\" height=\"22\"><strong>Audio Bidirectionnel<\/strong><\/td>\n<td width=\"70%\" height=\"22\">R\u00e9utilise l&rsquo;entr\u00e9e audio<\/td>\n<\/tr>\n<tr class=\"table-data\" align=\"left\" valign=\"middle\">\n<td width=\"30%\" height=\"22\"><strong>Audio Bit Rate<\/strong><\/td>\n<td width=\"70%\" height=\"22\">64 Kbps<\/td>\n<\/tr>\n<tr class=\"table-data\" align=\"left\" valign=\"middle\">\n<td width=\"30%\" height=\"22\"><strong>Compression audio<\/strong><\/td>\n<td width=\"70%\" height=\"22\">G.711u<\/td>\n<\/tr>\n<tr class=\"table-data\" align=\"left\" valign=\"middle\">\n<td width=\"30%\" height=\"22\"><strong>Compression video<\/strong><\/td>\n<td width=\"70%\" height=\"22\">Canaux analogiques: H.265 Pro+ \/ H.265 Pro \/ H.265 \/ H.264+ \/ H.264<br \/>\nCanaux IP: H.265+ \/ H.265 \/ H.264+ \/ H.264<\/td>\n<\/tr>\n<tr class=\"table-data\" align=\"left\" valign=\"middle\">\n<td width=\"30%\" height=\"22\"><strong>R\u00e9solution d&rsquo;enregistrement<\/strong><\/td>\n<td width=\"70%\" height=\"22\">1080p Lite\/ 720p\/ 720p Lite\/ WD1\/ 4CIF\/ VGA\/ CIF<\/td>\n<\/tr>\n<tr class=\"table-data\" align=\"left\" valign=\"middle\">\n<td width=\"30%\" height=\"22\"><strong>R\u00e9solution d&rsquo;entr\u00e9e<\/strong><\/td>\n<td width=\"70%\" height=\"22\">HDTVI: 1080p (25~30 fps), 720p (25~30 fps)<br \/>\nHDCVI: 1080p (25~30 fps), 720p (25~30 fps)<br \/>\nAHD: 1080p (25~30 fps), 720p (25~30 fps)<br \/>\nCVBS: PAL\/NTSC<\/td>\n<\/tr>\n<tr class=\"table-data\" align=\"left\" valign=\"middle\">\n<td width=\"30%\" height=\"22\"><strong>Codification Main Stream<\/strong><\/td>\n<td width=\"70%\" height=\"22\">Pour le flux de 1080p:<br \/>\n1080p Lite\/720p Lite\/WD1\/4CIF\/VGA\/CIF (15 fps)<br \/>\nPour le flux de 720p:<br \/>\n720p\/WD1\/4CIF\/VGA\/CIF (15 fps)<br \/>\nPour le flux SD:<br \/>\nWD1\/4CIF\/VGA\/CIF (25 fps (P), 30 fps (N))<\/td>\n<\/tr>\n<tr class=\"table-data\" align=\"left\" valign=\"middle\">\n<td width=\"30%\" height=\"22\"><strong>Codification Extra Stream<\/strong><\/td>\n<td width=\"70%\" height=\"22\">Pour le flux de 1080p et 720p:<br \/>\nCIF\/QVGA (15 fps)<br \/>\nPour le flux SD:<br \/>\nCIF\/QVGA (25 fps (P), 30 fps (N))<\/td>\n<\/tr>\n<tr class=\"table-data\" align=\"left\" valign=\"middle\">\n<td width=\"30%\" height=\"22\"><strong>Vid\u00e9o Bit Rate<\/strong><\/td>\n<td width=\"70%\" height=\"22\">32 Kbps \u00e0 4 Mbps<\/td>\n<\/tr>\n<tr class=\"table-data\" align=\"left\" valign=\"middle\">\n<td width=\"30%\" height=\"22\"><strong>Multi-fonctions simultan\u00e9es<\/strong><\/td>\n<td width=\"70%\" height=\"22\">Pentaplex: Direct, Enregistrement, Reproduction, Backup et Acc\u00e8s \u00e0 distance<\/td>\n<\/tr>\n<tr class=\"table-data\" align=\"left\" valign=\"middle\">\n<td width=\"30%\" height=\"22\"><strong>Alarmes<\/strong><\/td>\n<td width=\"70%\" height=\"22\">Non disponible<\/td>\n<\/tr>\n<tr class=\"table-data\" align=\"left\" valign=\"middle\">\n<td width=\"30%\" height=\"22\"><strong>D\u00e9tection de mouvement<\/strong><\/td>\n<td width=\"70%\" height=\"22\">D\u00e9tection de mouvement 2.0 avec classification d&rsquo;humains et de v\u00e9hicules appliqu\u00e9e \u00e0 la d\u00e9tection de mouvement.<br \/>\nDisponible sur toutes les cha\u00eenes analogiques.<\/td>\n<\/tr>\n<tr class=\"table-data\" align=\"left\" valign=\"middle\">\n<td width=\"30%\" height=\"22\"><strong>M\u00e9thode d&rsquo;enregistrement<\/strong><\/td>\n<td width=\"70%\" height=\"22\">Manuel, programm\u00e9, D\u00e9tection de mouvement<\/td>\n<\/tr>\n<tr class=\"table-data\" align=\"left\" valign=\"middle\">\n<td width=\"30%\" height=\"22\"><strong>Backup<\/strong><\/td>\n<td width=\"70%\" height=\"22\">USB (M\u00e9moire, HDD, CD-RW, DVR-RW) \/ R\u00e9seau<\/td>\n<\/tr>\n<tr class=\"table-data\" align=\"left\" valign=\"middle\">\n<td width=\"30%\" height=\"22\"><strong>Stockage interne<\/strong><\/td>\n<td width=\"70%\" height=\"22\">1 HDD SATA 3.5&Prime; de jusqu&rsquo;\u00e0 4 TB (non inclus)<\/td>\n<\/tr>\n<tr class=\"table-data\" align=\"left\" valign=\"middle\">\n<td width=\"30%\" height=\"22\"><strong>Communication<\/strong><\/td>\n<td width=\"70%\" height=\"22\">2 x USB 2.0 (arri\u00e8re) \/ 1 x RJ45 (Ethernet)<\/td>\n<\/tr>\n<tr class=\"table-data\" align=\"left\" valign=\"middle\">\n<td width=\"30%\" height=\"22\"><strong>Connexions \u00e0 distance<\/strong><\/td>\n<td width=\"70%\" height=\"22\">64<\/td>\n<\/tr>\n<tr class=\"table-data\" align=\"left\" valign=\"middle\">\n<td width=\"30%\" height=\"22\"><strong>Acc\u00e8s distant<\/strong><\/td>\n<td width=\"70%\" height=\"22\">Navigateur Web, application Smartphone Hik-Connect, logiciel PC iVMS-4200 et Hik-Central<\/td>\n<\/tr>\n<tr class=\"table-data\" align=\"left\" valign=\"middle\">\n<td width=\"30%\" height=\"22\"><strong>Alimentation<\/strong><\/td>\n<td width=\"70%\" height=\"22\">DC 12 V, 1.5 A, \u2264 17 W (pas de disque dur)<\/td>\n<\/tr>\n<tr class=\"table-data\" align=\"left\" valign=\"middle\">\n<td width=\"30%\" height=\"22\"><strong>Temp\u00e9rature de fonctionnement<\/strong><\/td>\n<td width=\"70%\" height=\"22\">-10\u00b0 ~ +55\u00b0 C<\/td>\n<\/tr>\n<tr class=\"table-data\" align=\"left\" valign=\"middle\">\n<td width=\"30%\" height=\"22\"><strong>Dimensions \/ Poids<\/strong><\/td>\n<td width=\"70%\" height=\"22\">45 (H) mm x 260 (L) mm x 222 (Fo) mm \/ \u2264 1 Kg (sans HDD)<\/td>\n<\/tr>\n<\/tbody>\n<\/table>\n","protected":false},"excerpt":{"rendered":"<ul>\n<li>Hikvision DVR 5n1<\/li>\n<li>8 CH HDTVI \/ HDCVI \/ AHD \/ CVBS<\/li>\n<li>Jusqu&rsquo;\u00e0 10 canaux IP<\/li>\n<li>R\u00e9solution d&rsquo;entr\u00e9e maximale 1080p Lite<\/li>\n<li>D\u00e9tection de mouvement 2.0 sur tous les canaux<\/li>\n<li>Prend en charge 1 disque dur jusqu&rsquo;\u00e0 4 TB | Audio<\/li>\n<\/ul>\n","protected":false},"featured_media":12799,"template":"","meta":[],"product_brand":[],"product_cat":[344],"product_tag":[],"class_list":{"0":"post-12798","1":"product","2":"type-product","3":"status-publish","4":"has-post-thumbnail","6":"product_cat-appareils-photo-cameras","8":"first","9":"instock","10":"taxable","11":"shipping-taxable","12":"purchasable","13":"product-type-simple"},"_links":{"self":[{"href":"https:\/\/maisonmpi.com\/shop\/wp-json\/wp\/v2\/product\/12798","targetHints":{"allow":["GET"]}}],"collection":[{"href":"https:\/\/maisonmpi.com\/shop\/wp-json\/wp\/v2\/product"}],"about":[{"href":"https:\/\/maisonmpi.com\/shop\/wp-json\/wp\/v2\/types\/product"}],"version-history":[{"count":1,"href":"https:\/\/maisonmpi.com\/shop\/wp-json\/wp\/v2\/product\/12798\/revisions"}],"predecessor-version":[{"id":12800,"href":"https:\/\/maisonmpi.com\/shop\/wp-json\/wp\/v2\/product\/12798\/revisions\/12800"}],"wp:featuredmedia":[{"embeddable":true,"href":"https:\/\/maisonmpi.com\/shop\/wp-json\/wp\/v2\/media\/12799"}],"wp:attachment":[{"href":"https:\/\/maisonmpi.com\/shop\/wp-json\/wp\/v2\/media?parent=12798"}],"wp:term":[{"taxonomy":"product_brand","embeddable":true,"href":"https:\/\/maisonmpi.com\/shop\/wp-json\/wp\/v2\/product_brand?post=12798"},{"taxonomy":"product_cat","embeddable":true,"href":"https:\/\/maisonmpi.com\/shop\/wp-json\/wp\/v2\/product_cat?post=12798"},{"taxonomy":"product_tag","embeddable":true,"href":"https:\/\/maisonmpi.com\/shop\/wp-json\/wp\/v2\/product_tag?post=12798"}],"curies":[{"name":"wp","href":"https:\/\/api.w.org\/{rel}","templated":true}]}}